{"id":17999,"date":"2026-03-23T02:28:33","date_gmt":"2026-03-23T01:28:33","guid":{"rendered":"https:\/\/mahous.com\/?page_id=17999"},"modified":"2026-03-23T02:28:33","modified_gmt":"2026-03-23T01:28:33","slug":"a-marka-es-a-generikus-gyogyszerek-kozotti-kulonbseg-megertese","status":"publish","type":"page","link":"https:\/\/mahous.com\/index.php\/a-marka-es-a-generikus-gyogyszerek-kozotti-kulonbseg-megertese\/","title":{"rendered":"A m\u00e1rka \u00e9s a generikus gy\u00f3gyszerek k\u00f6z\u00f6tti k\u00fcl\u00f6nbs\u00e9g meg\u00e9rt\u00e9se"},"content":{"rendered":"","protected":false},"excerpt":{"rendered":"","protected":false},"author":1,"featured_media":0,"parent":0,"menu_order":0,"comment_status":"closed","ping_status":"closed","template":"","meta":{"footnotes":""},"class_list":["post-17999","page","type-page","status-publish","hentry"],"_links":{"self":[{"href":"https:\/\/mahous.com\/index.php\/wp-json\/wp\/v2\/pages\/17999","targetHints":{"allow":["GET"]}}],"collection":[{"href":"https:\/\/mahous.com\/index.php\/wp-json\/wp\/v2\/pages"}],"about":[{"href":"https:\/\/mahous.com\/index.php\/wp-json\/wp\/v2\/types\/page"}],"author":[{"embeddable":true,"href":"https:\/\/mahous.com\/index.php\/wp-json\/wp\/v2\/users\/1"}],"replies":[{"embeddable":true,"href":"https:\/\/mahous.com\/index.php\/wp-json\/wp\/v2\/comments?post=17999"}],"version-history":[{"count":1,"href":"https:\/\/mahous.com\/index.php\/wp-json\/wp\/v2\/pages\/17999\/revisions"}],"predecessor-version":[{"id":18000,"href":"https:\/\/mahous.com\/index.php\/wp-json\/wp\/v2\/pages\/17999\/revisions\/18000"}],"wp:attachment":[{"href":"https:\/\/mahous.com\/index.php\/wp-json\/wp\/v2\/media?parent=17999"}],"curies":[{"name":"wp","href":"https:\/\/api.w.org\/{rel}","templated":true}]}}