{"id":19001,"date":"2026-03-23T16:49:26","date_gmt":"2026-03-23T15:49:26","guid":{"rendered":"https:\/\/mahous.com\/?page_id=19001"},"modified":"2026-03-23T16:49:26","modified_gmt":"2026-03-23T15:49:26","slug":"zmiany-stylu-zycia-w-celu-zwiekszenia-potencji","status":"publish","type":"page","link":"https:\/\/mahous.com\/index.php\/zmiany-stylu-zycia-w-celu-zwiekszenia-potencji\/","title":{"rendered":"Zmiany stylu \u017cycia w celu zwi\u0119kszenia potencji"},"content":{"rendered":"<h1>Wskaz\u00f3wki jak poprawi\u0107 potencj\u0119 bez lek\u00f3w \u2014 ze szczeg\u00f3lnym uwzgl\u0119dnieniem stosowania Diflucan Generic<\/h1>\n<p>Zwi\u0119kszenie potencji mo\u017cna osi\u0105gn\u0105\u0107 poprzez po\u0142\u0105czenie zmian w stylu \u017cycia, naturalnych suplement\u00f3w i ostro\u017cnego stosowania leku Diflucan Generic, unikaj\u0105c polegania na samych lekach.<\/p>\n<h2>Zrozumienie potencji i jej wyzwa\u0144<\/h2>\n<p>Potencja w kontek\u015bcie zdrowia seksualnego odnosi si\u0119 do zdolno\u015bci danej osoby do osi\u0105gni\u0119cia i utrzymania erekcji wystarczaj\u0105cej do zadowalaj\u0105cego odbycia stosunku p\u0142ciowego. Jest wa\u017cnym aspektem og\u00f3lnego dobrego samopoczucia i wp\u0142ywa zar\u00f3wno na zdrowie fizyczne, jak i emocjonalne. Problemy z potencj\u0105 mog\u0105 wynika\u0107 z r\u00f3\u017cnych czynnik\u00f3w, w tym wieku, stylu \u017cycia, problem\u00f3w psychologicznych i podstawowych schorze\u0144.<\/p>\n<p>Wielu m\u0119\u017cczyzn na pewnym etapie \u017cycia do\u015bwiadcza problem\u00f3w z potencj\u0105, kt\u00f3re mog\u0105 by\u0107 tymczasowe lub trwa\u0142e. Czynniki takie jak stres, l\u0119k i depresja mog\u0105 znacz\u0105co wp\u0142ywa\u0107 na sprawno\u015b\u0107 seksualn\u0105. Co wi\u0119cej, wybory dotycz\u0105ce stylu \u017cycia, takie jak palenie, nadmierne spo\u017cycie alkoholu i siedz\u0105cy tryb \u017cycia, mog\u0105 zaostrzy\u0107 te problemy. Zrozumienie wieloaspektowego charakteru problem\u00f3w z potencj\u0105 jest kluczowe dla skutecznego ich rozwi\u0105zania.<\/p>\n<h2>Przegl\u0105d leku generycznego Diflucan i jego zastosowa\u0144<\/h2>\n<p>Diflucan Generic, znany r\u00f3wnie\u017c jako flukonazol, to lek przeciwgrzybiczy stosowany g\u0142\u00f3wnie w leczeniu zaka\u017ce\u0144 wywo\u0142anych przez grzyby i dro\u017cd\u017caki. Cho\u0107 nie jest ona bezpo\u015brednio zwi\u0105zana z leczeniem problem\u00f3w z potencj\u0105, jej rola w utrzymaniu og\u00f3lnego stanu zdrowia mo\u017ce po\u015brednio wp\u0142ywa\u0107 na funkcje seksualne. Likwiduj\u0105c infekcje grzybicze, kt\u00f3re mog\u0105 powodowa\u0107 dyskomfort lub powa\u017cniejsze komplikacje zdrowotne, Diflucan Generic pomaga utrzyma\u0107 zdrowszy organizm, co jest niezb\u0119dne dla optymalnego zdrowia seksualnego.<\/p>\n<p>Chocia\u017c flukonazol nie jest zwykle przepisywany na problemy z potencj\u0105, jego zastosowanie w leczeniu infekcji mo\u017ce z\u0142agodzi\u0107 pewne objawy, kt\u00f3re po\u015brednio wp\u0142ywaj\u0105 na sprawno\u015b\u0107 seksualn\u0105. Wa\u017cne jest, aby osoby rozwa\u017caj\u0105ce ten lek rozumia\u0142y jego podstawow\u0105 funkcj\u0119 i konsultowa\u0142y si\u0119 z pracownikami s\u0142u\u017cby zdrowia w sprawie jego potencjalnych korzy\u015bci i ogranicze\u0144.<\/p>\n<h2>Zmiany stylu \u017cycia w celu zwi\u0119kszenia potencji<\/h2>\n<p>Wdro\u017cenie zmian w stylu \u017cycia jest podstawowym krokiem w naturalnym zwi\u0119kszaniu potencji. Regularna aktywno\u015b\u0107 fizyczna poprawia kr\u0105\u017cenie krwi, co jest kluczowe dla utrzymania erekcji. Wykonywanie takich czynno\u015bci, jak spacery, p\u0142ywanie lub jazda na rowerze mo\u017ce mie\u0107 znacz\u0105cy pozytywny wp\u0142yw na zdrowie seksualne.<\/p>\n<p>Ponadto kluczowymi krokami jest ograniczenie spo\u017cycia alkoholu i rzucenie palenia. Wiadomo, \u017ce zar\u00f3wno alkohol, jak i nikotyna zaburzaj\u0105 przep\u0142yw krwi i obni\u017caj\u0105 poziom testosteronu, kt\u00f3ry jest niezb\u0119dny dla potencji. Co wi\u0119cej, utrzymywanie prawid\u0142owej wagi poprzez zbilansowan\u0105 diet\u0119 i \u0107wiczenia fizyczne pomaga zapobiega\u0107 takim schorzeniom, jak cukrzyca i choroby uk\u0142adu kr\u0105\u017cenia, o kt\u00f3rych wiadomo, \u017ce wp\u0142ywaj\u0105 na zdrowie seksualne.<\/p>\n<h2>Rola diety w poprawie potencji<\/h2>\n<p>Dieta odgrywa znacz\u0105c\u0105 rol\u0119 w zdrowiu seksualnym i potencji. Spo\u017cywanie diety bogatej w owoce, warzywa, produkty pe\u0142noziarniste i chude bia\u0142ka wspiera og\u00f3lne samopoczucie i mo\u017ce poprawi\u0107 erekcj\u0119. Pokarmy bogate w przeciwutleniacze, takie jak jagody i warzywa li\u015bciaste, pomagaj\u0105 zmniejszy\u0107 stan zapalny i poprawi\u0107 przep\u0142yw krwi.<\/p>\n<p>W\u0142\u0105czenie pokarm\u00f3w bogatych w kwasy t\u0142uszczowe omega-3, takich jak \u0142oso\u015b i orzechy w\u0142oskie, mo\u017ce r\u00f3wnie\u017c zwi\u0119kszy\u0107 potencj\u0119, promuj\u0105c zdrowie serca. Ponadto wiadomo, \u017ce pokarmy zwi\u0119kszaj\u0105ce poziom tlenku azotu, takie jak buraki i czosnek, poprawiaj\u0105 kr\u0105\u017cenie krwi, dodatkowo wspomagaj\u0105c sprawno\u015b\u0107 seksualn\u0105.<\/p>\n<h2>\u0106wiczenia i ich wp\u0142yw na potencj\u0119<\/h2>\n<p>Regularne \u0107wiczenia s\u0105 podstaw\u0105 zdrowego stylu \u017cycia i maj\u0105 bezpo\u015bredni wp\u0142yw na potencj\u0119. Aktywno\u015b\u0107 fizyczna poprawia zdrowie uk\u0142adu kr\u0105\u017cenia, co ma kluczowe znaczenie dla utrzymania skutecznego przep\u0142ywu krwi do wszystkich cz\u0119\u015bci cia\u0142a, w tym do okolic narz\u0105d\u00f3w p\u0142ciowych. To ulepszone kr\u0105\u017cenie wspiera lepsz\u0105 erekcj\u0119.<\/p>\n<p>\u0106wiczenia si\u0142owe, takie jak <a href=\"https:\/\/lek-w-domu.pl\/\">https:\/\/lek-w-domu.pl\/<\/a> podnoszenie ci\u0119\u017car\u00f3w, mog\u0105 podnie\u015b\u0107 poziom testosteronu, kt\u00f3ry odgrywa kluczow\u0105 rol\u0119 w zdrowiu seksualnym. Dodatkowo \u0107wiczenia skupiaj\u0105ce si\u0119 na mi\u0119\u015bniach dna miednicy, takie jak \u0107wiczenia Kegla, mog\u0105 wzmocni\u0107 mi\u0119\u015bnie zaanga\u017cowane w erekcj\u0119, pomagaj\u0105c poprawi\u0107 potencj\u0119.<\/p>\n<h2>Techniki zarz\u0105dzania stresem dla lepszej potencji<\/h2>\n<p>Stres jest cz\u0119st\u0105 przyczyn\u0105 problem\u00f3w z potencj\u0105. Powoduje uwalnianie hormon\u00f3w, takich jak adrenalina i kortyzol, kt\u00f3re mog\u0105 zw\u0119\u017ca\u0107 naczynia krwiono\u015bne i zmniejsza\u0107 dop\u0142yw krwi do penisa. Nauka skutecznego radzenia sobie ze stresem jest niezb\u0119dna do utrzymania zdrowia seksualnego.<\/p>\n<p>Praktyki uwa\u017cno\u015bci, takie jak medytacja, joga i \u0107wiczenia g\u0142\u0119bokiego oddychania, mog\u0105 pom\u00f3c zmniejszy\u0107 poziom stresu i poprawi\u0107 og\u00f3lne zdrowie psychiczne. Dodatkowo anga\u017cowanie si\u0119 w hobby i zaj\u0119cia przynosz\u0105ce rado\u015b\u0107 i relaks mo\u017ce znacz\u0105co zmniejszy\u0107 stres i jego negatywny wp\u0142yw na potencj\u0119.<\/p>\n<h2>Naturalne suplementy i zio\u0142a na potencj\u0119<\/h2>\n<p>Tradycyjnie w celu zwi\u0119kszenia potencji stosowano kilka naturalnych suplement\u00f3w i zi\u00f3\u0142. \u017be\u0144-sze\u0144, szczeg\u00f3lnie korea\u0144ski czerwony \u017ce\u0144-sze\u0144, znany jest ze swoich zdolno\u015bci poprawiaj\u0105cych erekcj\u0119. Uwa\u017ca si\u0119, \u017ce promuje produkcj\u0119 tlenku azotu, kt\u00f3ry poprawia przep\u0142yw krwi.<\/p>\n<p>Inne suplementy, takie jak L-arginina i korze\u0144 maca, okaza\u0142y si\u0119 obiecuj\u0105ce w poprawie sprawno\u015bci seksualnej. Jednak wa\u017cne jest, aby zachowa\u0107 ostro\u017cno\u015b\u0107 podczas stosowania tych suplement\u00f3w i skonsultowa\u0107 si\u0119 z lekarzem, aby unikn\u0105\u0107 potencjalnych interakcji i skutk\u00f3w ubocznych.<\/p>\n<h2>Zwi\u0105zek mi\u0119dzy snem a potencj\u0105<\/h2>\n<p>Odpowiedni sen jest niezb\u0119dny do utrzymania optymalnego zdrowia, w tym zdrowia seksualnego. Brak snu mo\u017ce prowadzi\u0107 do obni\u017cenia poziomu testosteronu, zm\u0119czenia i zwi\u0119kszonego stresu, co mo\u017ce negatywnie wp\u0142yn\u0105\u0107 na potencj\u0119. Ustalenie regularnego harmonogramu snu i zapewnienie wystarczaj\u0105cego odpoczynku mo\u017ce pom\u00f3c poprawi\u0107 sprawno\u015b\u0107 seksualn\u0105.<\/p>\n<p>Wysokiej jako\u015bci sen wspiera naturalne rytmy dobowe organizmu, kt\u00f3re reguluj\u0105 produkcj\u0119 hormon\u00f3w, w tym tych odpowiedzialnych za funkcje seksualne. Dlatego nadanie priorytetu w\u0142a\u015bciwej higienie snu mo\u017ce by\u0107 skuteczn\u0105 strategi\u0105 zwi\u0119kszania potencji.<\/p>\n<h2>Czynniki psychologiczne wp\u0142ywaj\u0105ce na potencj\u0119<\/h2>\n<p>Czynniki psychologiczne, takie jak l\u0119k, depresja i niska samoocena, mog\u0105 znacz\u0105co wp\u0142ywa\u0107 na potencj\u0119. Schorzenia psychiczne mog\u0105 zak\u0142\u00f3ca\u0107 po\u017c\u0105danie i sprawno\u015b\u0107 seksualn\u0105, tworz\u0105c cykl stresu i niepokoju wok\u00f3\u0142 aktywno\u015bci seksualnej.<\/p>\n<p>Poradnictwo lub terapia mog\u0105 by\u0107 korzystne dla os\u00f3b do\u015bwiadczaj\u0105cych psychologicznych barier w sprawno\u015bci seksualnej. Wykazano, \u017ce w szczeg\u00f3lno\u015bci terapia poznawczo-behawioralna pomaga pacjentom upora\u0107 si\u0119 z negatywnymi wzorcami my\u015blowymi i poprawi\u0107 zdrowie seksualne.<\/p>\n<h2>Diflucan Generic: mechanizm i korzy\u015bci<\/h2>\n<p>Diflucan Generic dzia\u0142a poprzez hamowanie wzrostu grzyb\u00f3w, dzi\u0119ki czemu jest skuteczny w leczeniu infekcji grzybiczych. Jego zalety obejmuj\u0105 utrzymanie og\u00f3lnego stanu zdrowia poprzez zapobieganie powik\u0142aniom zwi\u0105zanym z nieleczonymi infekcjami. Promuj\u0105c zdrowszy organizm, mo\u017ce po\u015brednio przyczyni\u0107 si\u0119 do poprawy potencji.<\/p>\n<p>Chocia\u017c nie jest to bezpo\u015brednie leczenie dysfunkcji seksualnych, stosowanie Diflucan Generic mo\u017ce z\u0142agodzi\u0107 objawy infekcji, kt\u00f3re mog\u0105 utrudnia\u0107 zdrowie seksualne. Zrozumienie jego mechanizmu pomaga u\u017cytkownikom doceni\u0107 jego rol\u0119 w kompleksowym podej\u015bciu do dobrego samopoczucia.<\/p>\n<h2>Potencjalne skutki uboczne leku generycznego Diflucan<\/h2>\n<p>Jak ka\u017cdy lek, Diflucan Generic mo\u017ce powodowa\u0107 dzia\u0142ania niepo\u017c\u0105dane. Cz\u0119ste dzia\u0142ania niepo\u017c\u0105dane obejmuj\u0105 b\u00f3le g\u0142owy, nudno\u015bci, b\u00f3l brzucha i zawroty g\u0142owy. W rzadkich przypadkach mog\u0105 wyst\u0105pi\u0107 powa\u017cniejsze dzia\u0142ania niepo\u017c\u0105dane, takie jak uszkodzenie w\u0105troby i ci\u0119\u017ckie reakcje alergiczne.<\/p>\n<p>Wa\u017cne jest, aby poszczeg\u00f3lne osoby by\u0142y \u015bwiadome potencjalnych skutk\u00f3w ubocznych i w przypadku wyst\u0105pienia jakichkolwiek dzia\u0142a\u0144 niepo\u017c\u0105danych skonsultowa\u0142y si\u0119 z pracownikiem s\u0142u\u017cby zdrowia. Monitorowanie i zarz\u0105dzanie dzia\u0142aniami niepo\u017c\u0105danymi ma kluczowe znaczenie dla zapewnienia bezpiecznego stosowania tego leku.<\/p>\n<h2>\u0141\u0105czenie leku generycznego Diflucan ze zmianami stylu \u017cycia<\/h2>\n<p>W przypadku os\u00f3b stosuj\u0105cych Diflucan Generic po\u0142\u0105czenie go ze zmianami stylu \u017cycia mo\u017ce zwi\u0119kszy\u0107 korzy\u015bci. Holistyczne podej\u015bcie, kt\u00f3re obejmuje zdrow\u0105 diet\u0119, regularne \u0107wiczenia, radzenie sobie ze stresem i odpowiedni\u0105 ilo\u015b\u0107 snu, wspiera og\u00f3lny stan zdrowia i mo\u017ce poprawi\u0107 potencj\u0119.<\/p>\n<p>Uwzgl\u0119dniaj\u0105c zar\u00f3wno czynniki medyczne, jak i styl \u017cycia, poszczeg\u00f3lne osoby mog\u0105 uzyska\u0107 efekt synergiczny, kt\u00f3ry optymalizuje ich zdrowie seksualne. Ta kompleksowa strategia umo\u017cliwia jednostkom przej\u0119cie kontroli nad swoim zdrowiem i popraw\u0119 jako\u015bci \u017cycia.<\/p>\n<h2>Kiedy skonsultowa\u0107 si\u0119 z pracownikiem s\u0142u\u017cby zdrowia<\/h2>\n<p>Chocia\u017c wiele problem\u00f3w z potencj\u0105 mo\u017cna rozwi\u0105za\u0107 poprzez zmian\u0119 stylu \u017cycia i naturalne \u015brodki, czasami konieczna jest konsultacja z pracownikiem s\u0142u\u017cby zdrowia. Trwa\u0142e lub powa\u017cne zaburzenia erekcji mog\u0105 wskazywa\u0107 na podstawowe schorzenia wymagaj\u0105ce interwencji medycznej.<\/p>\n<p>Pracownicy s\u0142u\u017cby zdrowia mog\u0105 zaoferowa\u0107 cenne informacje i zaleci\u0107 odpowiednie metody leczenia w oparciu o indywidualne potrzeby. Zasi\u0119gni\u0119cie profesjonalnej porady gwarantuje szybkie i skuteczne rozwi\u0105zanie wszelkich powa\u017cnych problem\u00f3w zdrowotnych.<\/p>\n<h2>Historie sukcesu: do\u015bwiadczenia z \u017cycia wzi\u0119te<\/h2>\n<p>Wiele os\u00f3b z sukcesem poprawi\u0142o swoj\u0105 potencj\u0119 poprzez w\u0142\u0105czenie Diflucan Generic wraz ze zmian\u0105 stylu \u017cycia. Do\u015bwiadczenia z \u017cycia codziennego podkre\u015blaj\u0105 skuteczno\u015b\u0107 holistycznego podej\u015bcia w pokonywaniu wyzwa\u0144 zwi\u0105zanych ze zdrowiem seksualnym.<\/p>\n<p>Te historie sukcesu stanowi\u0105 inspiracj\u0119 i motywacj\u0119 dla innych os\u00f3b borykaj\u0105cych si\u0119 z podobnymi problemami. Pokazuj\u0105 potencja\u0142 pozytywnych zmian, je\u015bli jednostki aktywnie dbaj\u0105 o swoje zdrowie i anga\u017cuj\u0105 si\u0119 w wprowadzanie niezb\u0119dnych zmian.<\/p>\n<h2>Przysz\u0142e trendy w strategiach poprawy potencji<\/h2>\n<p>Dziedzina zdrowia seksualnego stale si\u0119 rozwija, a ci\u0105g\u0142e badania skupiaj\u0105 si\u0119 na opracowaniu nowych strategii poprawy potencji. Pojawiaj\u0105ce si\u0119 trendy obejmuj\u0105 podej\u015bcie do medycyny spersonalizowanej, kt\u00f3re dostosowuje leczenie do indywidualnych profili genetycznych, oraz post\u0119p technologiczny oferuj\u0105cy nowe mo\u017cliwo\u015bci terapeutyczne.<\/p>\n<p>W miar\u0119 wzrostu zrozumienia z\u0142o\u017conych czynnik\u00f3w wp\u0142ywaj\u0105cych na potencj\u0119 przysz\u0142e strategie b\u0119d\u0105 prawdopodobnie obejmowa\u0107 po\u0142\u0105czenie interwencji medycznych, psychologicznych i zwi\u0105zanych ze stylem \u017cycia. Innowacje te obiecuj\u0105 bardziej skuteczne i zr\u00f3wnowa\u017cone rozwi\u0105zania problem\u00f3w zwi\u0105zanych z potencj\u0105.<\/p>\n","protected":false},"excerpt":{"rendered":"<p>Wskaz\u00f3wki jak poprawi\u0107 potencj\u0119 bez lek\u00f3w \u2014 ze szczeg\u00f3lnym uwzgl\u0119dnieniem stosowania Diflucan Generic Zwi\u0119kszenie potencji mo\u017cna osi\u0105gn\u0105\u0107 poprzez po\u0142\u0105czenie zmian w stylu \u017cycia, naturalnych suplement\u00f3w i ostro\u017cnego stosowania leku Diflucan Generic, unikaj\u0105c polegania na samych lekach. Zrozumienie potencji i jej wyzwa\u0144 Potencja w kontek\u015bcie zdrowia seksualnego odnosi si\u0119 do zdolno\u015bci danej osoby do osi\u0105gni\u0119cia i [&hellip;]<\/p>\n","protected":false},"author":1,"featured_media":0,"parent":0,"menu_order":0,"comment_status":"closed","ping_status":"closed","template":"","meta":{"footnotes":""},"class_list":["post-19001","page","type-page","status-publish","hentry"],"_links":{"self":[{"href":"https:\/\/mahous.com\/index.php\/wp-json\/wp\/v2\/pages\/19001","targetHints":{"allow":["GET"]}}],"collection":[{"href":"https:\/\/mahous.com\/index.php\/wp-json\/wp\/v2\/pages"}],"about":[{"href":"https:\/\/mahous.com\/index.php\/wp-json\/wp\/v2\/types\/page"}],"author":[{"embeddable":true,"href":"https:\/\/mahous.com\/index.php\/wp-json\/wp\/v2\/users\/1"}],"replies":[{"embeddable":true,"href":"https:\/\/mahous.com\/index.php\/wp-json\/wp\/v2\/comments?post=19001"}],"version-history":[{"count":1,"href":"https:\/\/mahous.com\/index.php\/wp-json\/wp\/v2\/pages\/19001\/revisions"}],"predecessor-version":[{"id":19002,"href":"https:\/\/mahous.com\/index.php\/wp-json\/wp\/v2\/pages\/19001\/revisions\/19002"}],"wp:attachment":[{"href":"https:\/\/mahous.com\/index.php\/wp-json\/wp\/v2\/media?parent=19001"}],"curies":[{"name":"wp","href":"https:\/\/api.w.org\/{rel}","templated":true}]}}