{"id":19136,"date":"2026-03-23T18:05:56","date_gmt":"2026-03-23T17:05:56","guid":{"rendered":"https:\/\/mahous.com\/?page_id=19136"},"modified":"2026-03-23T18:05:56","modified_gmt":"2026-03-23T17:05:56","slug":"zavazne-vedlajsie-ucinky-a-varovne-signaly","status":"publish","type":"page","link":"https:\/\/mahous.com\/index.php\/zavazne-vedlajsie-ucinky-a-varovne-signaly\/","title":{"rendered":"Z\u00e1va\u017en\u00e9 ved\u013eaj\u0161ie \u00fa\u010dinky a varovn\u00e9 sign\u00e1ly"},"content":{"rendered":"<h1>Bezpe\u010dnos\u0165 a ved\u013eaj\u0161ie \u00fa\u010dinky Cialis Generic<\/h1>\n<p>Cialis Generic je popul\u00e1rny liek pou\u017e\u00edvan\u00fd na lie\u010dbu erektilnej dysfunkcie, ale je d\u00f4le\u017eit\u00e9 pochopi\u0165 jeho bezpe\u010dnostn\u00fd profil a potenci\u00e1lne ved\u013eaj\u0161ie \u00fa\u010dinky.<\/p>\n<h2>Pochopenie Cialis Generic: Preh\u013ead<\/h2>\n<p>Cialis Generic, chemicky zn\u00e1my ako tadalafil, je liek prim\u00e1rne pou\u017e\u00edvan\u00fd na lie\u010dbu erektilnej dysfunkcie (ED) a ben\u00edgnej hyperpl\u00e1zie prostaty (BPH). Patr\u00ed do triedy liekov zn\u00e1mych ako inhib\u00edtory fosfodiester\u00e1zy typu 5 (PDE5), ktor\u00e9 p\u00f4sobia tak, \u017ee zvy\u0161uj\u00fa prietok krvi do ur\u010dit\u00fdch oblast\u00ed tela. Uvo\u013enen\u00edm hladk\u00fdch svalov v krvn\u00fdch cievach u\u013eah\u010duje Cialis Generic proces erekcie v reakcii na sexu\u00e1lnu stimul\u00e1ciu.<\/p>\n<p>Cialis, p\u00f4vodne zaveden\u00fd ako zna\u010dkov\u00fd liek, si r\u00fdchlo z\u00edskal popularitu v\u010faka dlh\u0161iemu trvaniu \u00fa\u010dinku v porovnan\u00ed s in\u00fdmi liekmi na ED. Generick\u00e1 verzia pon\u00faka rovnak\u00fd profil \u00fa\u010dinnosti a bezpe\u010dnosti ako zna\u010dka, ale za dostupnej\u0161iu cenu. Pochopenie toho, ako Cialis Generic funguje, pom\u00e1ha pou\u017e\u00edvate\u013eom prij\u00edma\u0165 informovan\u00e9 rozhodnutia t\u00fdkaj\u00face sa jeho pou\u017e\u00edvania.<\/p>\n<h2>\u010cast\u00e9 ved\u013eaj\u0161ie \u00fa\u010dinky Cialis Generic<\/h2>\n<p>Zatia\u013e \u010do Cialis Generic je vo v\u0161eobecnosti dobre zn\u00e1\u0161an\u00fd, u niektor\u00fdch pou\u017e\u00edvate\u013eov sa m\u00f4\u017eu vyskytn\u00fa\u0165 mierne ved\u013eaj\u0161ie \u00fa\u010dinky. Naj\u010dastej\u0161ie hl\u00e1sen\u00e9 ved\u013eaj\u0161ie \u00fa\u010dinky zah\u0155\u0148aj\u00fa bolesti hlavy, poruchy tr\u00e1venia, bolesti chrbta, bolesti svalov, s\u010dervenanie ko\u017ee a upchat\u00fd nos. Tieto pr\u00edznaky s\u00fa zvy\u010dajne do\u010dasn\u00e9 a maj\u00fa tendenciu ust\u00fapi\u0165 samy, ke\u010f sa telo prisp\u00f4sob\u00ed lieku.<\/p>\n<p>Pou\u017e\u00edvatelia by si mali by\u0165 vedom\u00ed toho, \u017ee frekvencia a intenzita t\u00fdchto ved\u013eaj\u0161\u00edch \u00fa\u010dinkov sa m\u00f4\u017ee l\u00ed\u0161i\u0165 od osoby k osobe. Faktory ako d\u00e1vkovanie, individu\u00e1lny zdravotn\u00fd stav a s\u00fabe\u017en\u00e9 u\u017e\u00edvanie in\u00fdch liekov m\u00f4\u017eu ovplyvni\u0165 pravdepodobnos\u0165 v\u00fdskytu ved\u013eaj\u0161\u00edch \u00fa\u010dinkov. Odpor\u00fa\u010da sa sledova\u0165 ak\u00e9ko\u013evek zmeny a v pr\u00edpade ob\u00e1v sa poradi\u0165 s poskytovate\u013eom zdravotnej starostlivosti.<\/p>\n<h2>Z\u00e1va\u017en\u00e9 ved\u013eaj\u0161ie \u00fa\u010dinky a varovn\u00e9 sign\u00e1ly<\/h2>\n<p>Aj ke\u010f je to zriedkav\u00e9, Cialis Generic m\u00f4\u017ee vies\u0165 k z\u00e1va\u017en\u00fdm ved\u013eaj\u0161\u00edm \u00fa\u010dinkom, ktor\u00e9 si vy\u017eaduj\u00fa okam\u017eit\u00fa lek\u00e1rsku pomoc. Patr\u00ed medzi ne n\u00e1hla strata zraku, porucha sluchu alebo erekcia trvaj\u00faca viac ako \u0161tyri hodiny \u2013 stav zn\u00e1my ako priapizmus, ktor\u00fd m\u00f4\u017ee sp\u00f4sobi\u0165 trval\u00e9 po\u0161kodenie, ak sa nelie\u010di.<\/p>\n<p>Medzi \u010fal\u0161ie varovn\u00e9 pr\u00edznaky patr\u00ed boles\u0165 na hrudn\u00edku, nepravideln\u00fd srdcov\u00fd tep, siln\u00e9 z\u00e1vraty a mdloby. Tieto pr\u00edznaky m\u00f4\u017eu nazna\u010dova\u0165 v\u00e1\u017ene kardiovaskul\u00e1rne probl\u00e9my a vy\u017eaduj\u00fa si okam\u017eit\u00fa starostlivos\u0165. Pacienti maj\u00fa by\u0165 ostra\u017eit\u00ed a kontaktova\u0165 zdravotn\u00edckeho pracovn\u00edka, ak sa po\u010das u\u017e\u00edvania Cialis Generic vyskytn\u00fa nejak\u00e9 alarmuj\u00face zmeny.<\/p>\n<h2>Bezpe\u010dnostn\u00e9 opatrenia pri pou\u017e\u00edvan\u00ed Cialis Generic<\/h2>\n<p>Pred za\u010dat\u00edm pou\u017e\u00edvania Cialis Generic je d\u00f4le\u017eit\u00e9 prediskutova\u0165 va\u0161u anamn\u00e9zu a ak\u00e9ko\u013evek s\u00fa\u010dasn\u00e9 lieky so svoj\u00edm poskytovate\u013eom zdravotnej starostlivosti. Tento krok zais\u0165uje, \u017ee Cialis je pre v\u00e1s bezpe\u010dn\u00fd a pom\u00e1ha predch\u00e1dza\u0165 potenci\u00e1lnym liekov\u00fdm interakci\u00e1m. Jedinci s ur\u010dit\u00fdmi zdravotn\u00fdmi probl\u00e9mami, ako s\u00fa z\u00e1va\u017en\u00e9 probl\u00e9my so srdcom alebo pe\u010de\u0148ou, sa mo\u017eno bud\u00fa musie\u0165 vyhn\u00fa\u0165 pou\u017e\u00edvaniu Cialis Generic.<\/p>\n<p>Okrem toho je d\u00f4le\u017eit\u00e9 dodr\u017eiava\u0165 predp\u00edsan\u00e9 d\u00e1vkovanie a neprekra\u010dova\u0165 ho bez odpor\u00fa\u010dania lek\u00e1ra. U\u017e\u00edvanie vy\u0161\u0161\u00edch d\u00e1vok nemus\u00ed nevyhnutne zlep\u0161i\u0165 \u00fa\u010dinnos\u0165 a m\u00f4\u017ee zv\u00fd\u0161i\u0165 riziko ne\u017eiaducich \u00fa\u010dinkov. V\u017edy sa ria\u010fte pokynmi, ktor\u00e9 v\u00e1m poskytol v\u00e1\u0161 poskytovate\u013e zdravotnej starostlivosti, aby ste zaistili bezpe\u010dn\u00e9 pou\u017e\u00edvanie.<\/p>\n<h2>Interakcia Cialis Generic s in\u00fdmi liekmi<\/h2>\n<p>Cialis Generic m\u00f4\u017ee interagova\u0165 s r\u00f4znymi liekmi, vr\u00e1tane nitr\u00e1tov pou\u017e\u00edvan\u00fdch na boles\u0165 na hrudn\u00edku, ur\u010dit\u00fdch antimykot\u00edk, antibiot\u00edk a in\u00fdch liekov, ktor\u00e9 lie\u010dia vysok\u00fd krvn\u00fd tlak. Tak\u00e9to interakcie m\u00f4\u017eu vies\u0165 k v\u00fdrazn\u00e9mu poklesu krvn\u00e9ho tlaku, \u010do m\u00f4\u017ee by\u0165 nebezpe\u010dn\u00e9.<\/p>\n<p>Je tie\u017e pozoruhodn\u00e9, \u017ee grapefruit <a href=\"https:\/\/slovenskolekaren.com\/kupit-cialis-genericke-online-bez-lekarskeho-predpisu\">https:\/\/slovenskolekaren.com\/kupit-cialis-genericke-online-bez-lekarskeho-predpisu<\/a> a grapefruitov\u00e1 \u0161\u0165ava m\u00f4\u017eu ovplyvni\u0165 metabolizmus Cialis Generic, \u010do m\u00f4\u017ee vies\u0165 k zv\u00fd\u0161en\u00fdm ved\u013eaj\u0161\u00edm \u00fa\u010dinkom. Preto je vhodn\u00e9 sa im po\u010das u\u017e\u00edvania liekov vyh\u00fdba\u0165. V\u017edy poskytnite svojmu poskytovate\u013eovi zdravotnej starostlivosti \u00fapln\u00fd zoznam liekov a doplnkov, ktor\u00e9 u\u017e\u00edvate, aby ste sa vyhli \u0161kodliv\u00fdm interakci\u00e1m.<\/p>\n<h2>Alergick\u00e9 reakcie na Cialis Generic<\/h2>\n<p>Hoci je to menej \u010dast\u00e9, u niektor\u00fdch jedincov sa m\u00f4\u017ee vyskytn\u00fa\u0165 alergick\u00e1 reakcia na Cialis Generic. Pr\u00edznaky alergickej reakcie m\u00f4\u017eu zah\u0155\u0148a\u0165 vyr\u00e1\u017eku, svrbenie, opuch, siln\u00e9 z\u00e1vraty alebo \u0165a\u017ekosti s d\u00fdchan\u00edm. Tieto pr\u00edznaky vy\u017eaduj\u00fa okam\u017eit\u00fa lek\u00e1rsku pomoc.<\/p>\n<p>Ak ste mali v anamn\u00e9ze alergick\u00e9 reakcie na tadalafil alebo in\u00e9 inhib\u00edtory PDE5, je d\u00f4le\u017eit\u00e9, aby ste o tom informovali svojho lek\u00e1ra. M\u00f4\u017ee by\u0165 potrebn\u00e1 alternat\u00edvna lie\u010dba, aby sa predi\u0161lo mo\u017en\u00fdm alergick\u00fdm komplik\u00e1ci\u00e1m.<\/p>\n<h2>Vplyv Cialis Generic na zdravie srdca<\/h2>\n<p>Cialis Generic m\u00e1 priamy vplyv na kardiovaskul\u00e1rne funkcie v\u010faka svojmu mechanizmu \u00fa\u010dinku. Aj ke\u010f je pre v\u00e4\u010d\u0161inu jedincov vo v\u0161eobecnosti bezpe\u010dn\u00fd, t\u00ed, ktor\u00ed maj\u00fa u\u017e existuj\u00face srdcov\u00e9 ochorenia, by ho mali pou\u017e\u00edva\u0165 opatrne. Je zn\u00e1me, \u017ee ovplyv\u0148uje krvn\u00fd tlak a srdcov\u00fa frekvenciu, \u010do m\u00f4\u017ee predstavova\u0165 riziko pre jedincov so z\u00e1va\u017en\u00fdmi kardiovaskul\u00e1rnymi probl\u00e9mami.<\/p>\n<p>Pacienti s anamn\u00e9zou srdcov\u00e9ho infarktu, mozgovej pr\u00edhody alebo \u017eivot ohrozuj\u00facich arytmi\u00ed by mali pred pou\u017eit\u00edm Cialis Generic absolvova\u0165 d\u00f4kladn\u00e9 vy\u0161etrenie. Pravideln\u00e9 sledovanie sa odpor\u00fa\u010da u pacientov s miernym srdcov\u00fdm ochoren\u00edm, aby sa zabezpe\u010dilo, \u017ee ak\u00e9ko\u013evek nepriazniv\u00e9 \u00fa\u010dinky bud\u00fa okam\u017eite identifikovan\u00e9 a zvl\u00e1dnut\u00e9.<\/p>\n<h2>Pou\u017eitie Cialis Generic u jedincov s u\u017e existuj\u00facimi ochoreniami<\/h2>\n<p>Niektor\u00e9 u\u017e existuj\u00face ochorenia m\u00f4\u017eu ovplyvni\u0165 bezpe\u010dnos\u0165 a \u00fa\u010dinnos\u0165 Cialis Generic. Stavy, ako je ochorenie obli\u010diek alebo pe\u010dene, m\u00f4\u017eu zmeni\u0165 metabolizmus lieku, \u010do si vy\u017eaduje \u00fapravu d\u00e1vkovania. Pacienti s t\u00fdmito ochoreniami by sa mali poradi\u0165 so svoj\u00edm poskytovate\u013eom zdravotnej starostlivosti, aby ur\u010dili vhodn\u00fd postup.<\/p>\n<p>Navy\u0161e, jedinci s poruchami sietnice, ako je retinitis pigmentosa, by mali Cialis Generic pou\u017e\u00edva\u0165 opatrne, preto\u017ee m\u00f4\u017ee zhor\u0161i\u0165 zrakov\u00e9 postihnutie. Komplexn\u00e9 zhodnotenie celkov\u00e9ho zdravotn\u00e9ho stavu pacienta je nevyhnutn\u00e9 na ur\u010denie, \u010di je Cialis vhodnou mo\u017enos\u0165ou lie\u010dby.<\/p>\n<h2>Dlhodob\u00e9 u\u017e\u00edvanie a z\u00e1vislos\u0165 na Cialis Generic<\/h2>\n<p>Dlhodob\u00e9 u\u017e\u00edvanie Cialis Generic sa vo v\u0161eobecnosti pova\u017euje za bezpe\u010dn\u00e9 pre v\u00e4\u010d\u0161inu jedincov. Je v\u0161ak d\u00f4le\u017eit\u00e9 u\u017e\u00edva\u0165 ho v s\u00falade s lek\u00e1rskymi odpor\u00fa\u010daniami, aby sa predi\u0161lo riziku psychickej z\u00e1vislosti. Niektor\u00ed u\u017e\u00edvatelia sa m\u00f4\u017eu sta\u0165 z\u00e1visl\u00fdmi na liekoch a m\u00f4\u017eu sa bez nich c\u00edti\u0165 neschopn\u00ed dosiahnu\u0165 erekciu.<\/p>\n<p>Je d\u00f4le\u017eit\u00e9 rie\u0161i\u0165 ak\u00e9ko\u013evek z\u00e1kladn\u00e9 psychologick\u00e9 probl\u00e9my, ako je \u00fazkos\u0165 alebo depresia, ktor\u00e9 m\u00f4\u017eu prispie\u0165 k ED. Na dosiahnutie holistick\u00e9ho pr\u00edstupu k lie\u010dbe m\u00f4\u017ee by\u0165 v spojen\u00ed s liekmi prospe\u0161n\u00e9 poradenstvo alebo terapia.<\/p>\n<h2>Pokyny pre d\u00e1vkovanie pre Cialis Generic<\/h2>\n<p>Odpor\u00fa\u010dan\u00e1 po\u010diato\u010dn\u00e1 d\u00e1vka Cialis Generic je zvy\u010dajne 10 mg, u\u017eit\u00e1 pred o\u010dak\u00e1vanou sexu\u00e1lnou aktivitou. V z\u00e1vislosti od individu\u00e1lnej odpovede a tolerancie mo\u017eno d\u00e1vku upravi\u0165 na maxim\u00e1lne 20 mg alebo zn\u00ed\u017ei\u0165 na 5 mg. Na ka\u017edodenn\u00e9 pou\u017eitie ni\u017e\u0161ia d\u00e1vka 2.\u010casto sa predpisuje 5 a\u017e 5 mg.<\/p>\n<p>Je d\u00f4le\u017eit\u00e9 neprekra\u010dova\u0165 predp\u00edsan\u00fa d\u00e1vku alebo frekvenciu u\u017e\u00edvania. U\u017e\u00edvanie Cialis Generic \u010dastej\u0161ie, ako sa odpor\u00fa\u010da, m\u00f4\u017ee zv\u00fd\u0161i\u0165 riziko ved\u013eaj\u0161\u00edch \u00fa\u010dinkov a oslabi\u0165 jeho bezpe\u010dnostn\u00fd profil. V\u017edy dodr\u017eiavajte pokyny poskytovate\u013ea zdravotnej starostlivosti a prediskutujte ak\u00e9ko\u013evek obavy t\u00fdkaj\u00face sa d\u00e1vkovania.<\/p>\n<h2>Zvl\u00e1dnutie ved\u013eaj\u0161\u00edch \u00fa\u010dinkov Cialis Generic<\/h2>\n<p>Naj\u010dastej\u0161ie ved\u013eaj\u0161ie \u00fa\u010dinky Cialis Generic s\u00fa zvl\u00e1dnute\u013en\u00e9 a maj\u00fa tendenciu klesa\u0165, ke\u010f sa telo aklimatizuje na liek. Udr\u017eiavanie hydrat\u00e1cie a u\u017e\u00edvanie liekov s jedlom m\u00f4\u017ee niekedy zmierni\u0165 pr\u00edznaky, ako s\u00fa bolesti hlavy a poruchy tr\u00e1venia.<\/p>\n<p>Pre pretrv\u00e1vaj\u00face alebo ob\u0165a\u017euj\u00face ved\u013eaj\u0161ie \u00fa\u010dinky sa odpor\u00fa\u010da konzult\u00e1cia s poskytovate\u013eom zdravotnej starostlivosti. M\u00f4\u017eu navrhn\u00fa\u0165 alternat\u00edvne lie\u010debn\u00e9 strat\u00e9gie alebo \u00fapravy d\u00e1vkovania na zv\u00fd\u0161enie zn\u00e1\u0161anlivosti. Vzdel\u00e1vanie pacientov a otvoren\u00e1 komunik\u00e1cia so zdravotn\u00edckymi pracovn\u00edkmi s\u00fa k\u013e\u00fa\u010dom k efekt\u00edvnemu zvl\u00e1daniu ved\u013eaj\u0161\u00edch \u00fa\u010dinkov.<\/p>\n<h2>Kedy vyh\u013eada\u0165 lek\u00e1rsku pomoc pri pou\u017e\u00edvan\u00ed Cialis Generic<\/h2>\n<p>Ak sa u v\u00e1s po\u010das pou\u017e\u00edvania Cialis Generic objavia z\u00e1va\u017en\u00e9 alebo pretrv\u00e1vaj\u00face ved\u013eaj\u0161ie \u00fa\u010dinky, odpor\u00fa\u010da sa vyh\u013eada\u0165 lek\u00e1rsku pomoc. Sympt\u00f3my ako boles\u0165 na hrudn\u00edku, dlhotrvaj\u00faca erekcia, n\u00e1hle zmeny videnia alebo sluchu a siln\u00e9 z\u00e1vraty si vy\u017eaduj\u00fa okam\u017eit\u00e9 lek\u00e1rske vy\u0161etrenie.<\/p>\n<p>Pravideln\u00e9 kontroly u poskytovate\u013ea zdravotnej starostlivosti m\u00f4\u017eu pom\u00f4c\u0165 monitorova\u0165 \u00fa\u010dinky lieku a zabezpe\u010di\u0165 jeho nepretr\u017eit\u00fa bezpe\u010dnos\u0165 a \u00fa\u010dinnos\u0165. Ak\u00e9ko\u013evek zmeny zdravotn\u00e9ho stavu alebo nov\u00e9 lieky by sa mali prediskutova\u0165, aby sa pod\u013ea potreby upravila lie\u010dba.<\/p>\n<h2>Porovnanie zna\u010diek Cialis a Cialis Generic<\/h2>\n<p>Zna\u010dka Cialis a jej generick\u00fd n\u00e1protivok obsahuj\u00fa rovnak\u00fa \u00fa\u010dinn\u00fa l\u00e1tku tadalafil a s\u00fa svojimi \u00fa\u010dinkami bioekvivalentn\u00e9. Hlavn\u00fd rozdiel spo\u010d\u00edva v cene, pri\u010dom generick\u00e1 verzia pon\u00faka cenovo dostupnej\u0161iu mo\u017enos\u0165 bez kompromisov v oblasti kvality alebo bezpe\u010dnosti.<\/p>\n<p>Regula\u010dn\u00e9 org\u00e1ny zabezpe\u010duj\u00fa, aby generick\u00e9 lieky sp\u013a\u0148ali pr\u00edsne normy na \u00fa\u010dinnos\u0165 a bezpe\u010dnos\u0165. Pacienti si tak m\u00f4\u017eu s istotou vybra\u0165 Cialis Generic ako cenovo v\u00fdhodn\u00fa alternat\u00edvu k zna\u010dkovej verzii za predpokladu, \u017ee ju predp\u00ed\u0161e zdravotn\u00edcky pracovn\u00edk.<\/p>\n<h2>\u00davahy o \u017eivotnom \u0161t\u00fdle pri u\u017e\u00edvan\u00ed Cialis Generic<\/h2>\n<p>Pri pou\u017e\u00edvan\u00ed Cialis Generic m\u00f4\u017eu faktory \u017eivotn\u00e9ho \u0161t\u00fdlu, ako je strava, cvi\u010denie a konzum\u00e1cia alkoholu, ovplyvni\u0165 jeho \u00fa\u010dinnos\u0165. Odpor\u00fa\u010da sa udr\u017eiava\u0165 vyv\u00e1\u017een\u00fa stravu a venova\u0165 sa pravidelnej fyzickej aktivite, aby ste podporili celkov\u00e9 zdravie a zv\u00fd\u0161ili pr\u00ednos lieku.<\/p>\n<p>Nadmern\u00e1 konzum\u00e1cia alkoholu m\u00f4\u017ee zv\u00fd\u0161i\u0165 riziko ved\u013eaj\u0161\u00edch \u00fa\u010dinkov a zn\u00ed\u017ei\u0165 \u00fa\u010dinnos\u0165 lieku. Umiernenos\u0165 je k\u013e\u00fa\u010dov\u00e1 a jednotlivci by si mali d\u00e1va\u0165 pozor na pr\u00edjem alkoholu po\u010das u\u017e\u00edvania Cialis Generic. Zdrav\u00fd \u017eivotn\u00fd \u0161t\u00fdl m\u00f4\u017ee prispie\u0165 k zlep\u0161eniu v\u00fdsledkov lie\u010dby a celkovej pohode.<\/p>\n<h2>Spr\u00e1vy a \u0161t\u00fadie o generickej bezpe\u010dnosti Cialis<\/h2>\n<p>Po\u010detn\u00e9 \u0161t\u00fadie hodnotili bezpe\u010dnostn\u00fd profil Cialis Generic a potvrdili jeho \u00fa\u010dinnos\u0165 a zn\u00e1\u0161anlivos\u0165. Klinick\u00e9 \u0161t\u00fadie uk\u00e1zali, \u017ee pri spr\u00e1vnom pou\u017e\u00edvan\u00ed je Cialis Generic \u00fa\u010dinn\u00fd pri lie\u010dbe ED s n\u00edzkym v\u00fdskytom ne\u017eiaducich \u00fa\u010dinkov.<\/p>\n<p>Prebiehaj\u00faci v\u00fdskum pokra\u010duje v sk\u00faman\u00ed dlhodobej bezpe\u010dnosti a v\u00fdhod Cialis Generic a poskytuje cenn\u00e9 poznatky pre poskytovate\u013eov zdravotnej starostlivosti aj pre pacientov. Tieto \u0161t\u00fadie zd\u00f4raz\u0148uj\u00fa d\u00f4le\u017eitos\u0165 dodr\u017eiavania predp\u00edsan\u00fdch pokynov a udr\u017eiavania pravideln\u00fdch konzult\u00e1ci\u00ed so zdravotn\u00edckymi pracovn\u00edkmi, aby sa zabezpe\u010dilo bezpe\u010dn\u00e9 a efekt\u00edvne pou\u017e\u00edvanie.<\/p>\n","protected":false},"excerpt":{"rendered":"<p>Bezpe\u010dnos\u0165 a ved\u013eaj\u0161ie \u00fa\u010dinky Cialis Generic Cialis Generic je popul\u00e1rny liek pou\u017e\u00edvan\u00fd na lie\u010dbu erektilnej dysfunkcie, ale je d\u00f4le\u017eit\u00e9 pochopi\u0165 jeho bezpe\u010dnostn\u00fd profil a potenci\u00e1lne ved\u013eaj\u0161ie \u00fa\u010dinky. Pochopenie Cialis Generic: Preh\u013ead Cialis Generic, chemicky zn\u00e1my ako tadalafil, je liek prim\u00e1rne pou\u017e\u00edvan\u00fd na lie\u010dbu erektilnej dysfunkcie (ED) a ben\u00edgnej hyperpl\u00e1zie prostaty (BPH). Patr\u00ed do triedy liekov [&hellip;]<\/p>\n","protected":false},"author":1,"featured_media":0,"parent":0,"menu_order":0,"comment_status":"closed","ping_status":"closed","template":"","meta":{"footnotes":""},"class_list":["post-19136","page","type-page","status-publish","hentry"],"_links":{"self":[{"href":"https:\/\/mahous.com\/index.php\/wp-json\/wp\/v2\/pages\/19136","targetHints":{"allow":["GET"]}}],"collection":[{"href":"https:\/\/mahous.com\/index.php\/wp-json\/wp\/v2\/pages"}],"about":[{"href":"https:\/\/mahous.com\/index.php\/wp-json\/wp\/v2\/types\/page"}],"author":[{"embeddable":true,"href":"https:\/\/mahous.com\/index.php\/wp-json\/wp\/v2\/users\/1"}],"replies":[{"embeddable":true,"href":"https:\/\/mahous.com\/index.php\/wp-json\/wp\/v2\/comments?post=19136"}],"version-history":[{"count":1,"href":"https:\/\/mahous.com\/index.php\/wp-json\/wp\/v2\/pages\/19136\/revisions"}],"predecessor-version":[{"id":19137,"href":"https:\/\/mahous.com\/index.php\/wp-json\/wp\/v2\/pages\/19136\/revisions\/19137"}],"wp:attachment":[{"href":"https:\/\/mahous.com\/index.php\/wp-json\/wp\/v2\/media?parent=19136"}],"curies":[{"name":"wp","href":"https:\/\/api.w.org\/{rel}","templated":true}]}}