{"id":19194,"date":"2026-03-23T18:41:44","date_gmt":"2026-03-23T17:41:44","guid":{"rendered":"https:\/\/mahous.com\/?page_id=19194"},"modified":"2026-03-23T18:41:44","modified_gmt":"2026-03-23T17:41:44","slug":"de-unde-sa-cumparati-baclofen-generic-online-2","status":"publish","type":"page","link":"https:\/\/mahous.com\/index.php\/de-unde-sa-cumparati-baclofen-generic-online-2\/","title":{"rendered":"De unde s\u0103 cump\u0103ra\u021bi Baclofen generic online"},"content":{"rendered":"<h1>Cump\u0103rarea Baclofen Generic online: \u00eendrum\u0103ri \u0219i precau\u021bii<\/h1>\n<p>Navigarea prin achizi\u021bionarea online de Baclofen generic necesit\u0103 \u00een\u021belegerea utiliz\u0103rilor acestuia, recunoa\u0219terea surselor de renume \u0219i respectarea considerentelor legale \u0219i de siguran\u021b\u0103.<\/p>\n<h2>\u00cen\u021belegerea baclofenului: utiliz\u0103ri \u0219i beneficii<\/h2>\n<p>Baclofenul este utilizat \u00een primul r\u00e2nd ca relaxant muscular \u0219i agent antispastic. Este deosebit de eficient \u00een tratarea afec\u021biunilor precum scleroza multipl\u0103 \u0219i leziunile m\u0103duvei spin\u0103rii, unde rigiditatea muscular\u0103 \u0219i spasmele pot afecta semnificativ mobilitatea \u0219i confortul. Prin atenuarea acestor simptome, Baclofenul ajut\u0103 la \u00eembun\u0103t\u0103\u021birea calit\u0103\u021bii vie\u021bii persoanelor cu aceste afec\u021biuni.<\/p>\n<p>Dincolo de utilizarea sa primar\u0103, Baclofen s-a dovedit promi\u021b\u0103tor \u00een aplica\u021biile off-label. Unele studii sugereaz\u0103 c\u0103 poate ajuta la gestionarea dependen\u021bei de alcool \u0219i a anumitor tulbur\u0103ri de anxietate. Cu toate acestea, aceste utiliz\u0103ri sunt \u00eenc\u0103 \u00een curs de investigare, iar pacien\u021bii trebuie s\u0103 consulte furnizorii de asisten\u021b\u0103 medical\u0103 \u00eenainte de a lua \u00een considerare Baclofen \u00een astfel de scopuri. Beneficiile Baclofenului sunt cele mai evidente atunci c\u00e2nd medicamentul este utilizat sub supraveghere medical\u0103, asigur\u00e2ndu-se c\u0103 tratamentul este at\u00e2t sigur, c\u00e2t \u0219i eficient.<\/p>\n<h2>De ce s\u0103 alege\u021bi Baclofen generic?<\/h2>\n<p>Baclofen generic ofer\u0103 o alternativ\u0103 rentabil\u0103 la omologul s\u0103u de marc\u0103, f\u0103r\u0103 a compromite eficacitatea sau siguran\u021ba. Genericele trebuie s\u0103 aib\u0103 acelea\u0219i ingrediente active \u0219i s\u0103 func\u021bioneze \u00een acela\u0219i mod ca \u0219i medicamentele de marc\u0103. Acest lucru le face o alegere practic\u0103 pentru pacien\u021bii care doresc s\u0103 gestioneze cheltuielile de asisten\u021b\u0103 medical\u0103 f\u0103r\u0103 a sacrifica calitatea.<\/p>\n<p>Mai mult, disponibilitatea Baclofenului generic asigur\u0103 un acces mai larg la acest medicament esen\u021bial. Pentru persoanele cu afec\u021biuni cronice care necesit\u0103 tratament pe termen lung, economiile financiare pot fi substan\u021biale. Alegerea versiunilor generice permite pacien\u021bilor s\u0103-\u0219i continue planurile de tratament \u00een mod constant, ceea ce este crucial pentru gestionarea eficient\u0103 a afec\u021biunilor cronice.<\/p>\n<h2>De unde s\u0103 cump\u0103ra\u021bi Baclofen generic online<\/h2>\n<p>Achizi\u021bionarea Baclofen generic online poate fi convenabil\u0103, cu condi\u021bia ca cump\u0103r\u0103torii s\u0103 fie precau\u021bi \u0219i informa\u021bi. Farmaciile online ofer\u0103 avantajul livr\u0103rii la domiciliu \u0219i ofer\u0103 adesea pre\u021buri competitive. Cu toate acestea, este esen\u021bial s\u0103 se asigure c\u0103 farmacia este legitim\u0103 pentru a evita medicamentele contraf\u0103cute sau substandard.<\/p>\n<p>Farmaciile online de renume vor cere de obicei o re\u021bet\u0103, deoarece aceasta verific\u0103 necesitatea medicamentului \u0219i asigur\u0103 utilizarea adecvat\u0103. Comoditatea cump\u0103r\u0103turilor online nu ar trebui s\u0103 dep\u0103\u0219easc\u0103 importan\u021ba siguran\u021bei \u0219i a autenticit\u0103\u021bii, care sunt esen\u021biale atunci c\u00e2nd ave\u021bi de-a face cu produse farmaceutice.<\/p>\n<h2>Recunoa\u0219terea farmaciilor online de renume<\/h2>\n<p>Identificarea farmaciilor online de \u00eencredere implic\u0103 c\u00e2\u021biva indicatori cheie. Farmaciile legitime vor solicita \u00eentotdeauna o re\u021bet\u0103 valabil\u0103 de la un furnizor de servicii medicale autorizat. Aceast\u0103 cerin\u021b\u0103 este o component\u0103 fundamental\u0103 pentru a se asigura c\u0103 pacientul prime\u0219te un tratament sigur \u0219i adecvat.<\/p>\n<p>Acreditarea este un alt factor critic. C\u0103uta\u021bi farmacii care sunt certificate de organisme recunoscute, cum ar fi Asocia\u021bia Na\u021bional\u0103 a Consiliilor de Farmacie (NABP) sau echivalentul acesteia \u00een regiunea dvs. Evalu\u0103rile \u0219i evalu\u0103rile clien\u021bilor pot oferi, de asemenea, informa\u021bii despre fiabilitatea \u0219i calitatea serviciilor farmaciei, ajut\u00e2nd la luarea deciziilor \u00een cuno\u0219tin\u021b\u0103 de cauz\u0103.<\/p>\n<h2>Considera\u021bii legale pentru achizi\u021bionarea online de Baclofen<\/h2>\n<p>Legalitatea achizi\u021bion\u0103rii online de Baclofen variaz\u0103 \u00een func\u021bie de \u021bar\u0103. \u00cen multe jurisdic\u021bii, Baclofenul este un medicament pe baz\u0103 de re\u021bet\u0103, iar cump\u0103rarea acestuia f\u0103r\u0103 prescrip\u021bie medical\u0103 este ilegal\u0103. Consumatorii trebuie s\u0103 se asigure c\u0103 respect\u0103 legile locale pentru a evita poten\u021bialele probleme juridice.<\/p>\n<p>\u00cen plus, importul de medicamente din <a href=\"https:\/\/medicamenteacasa.net\/comanda-baclofen-generic-fara-reteta\">https:\/\/medicamenteacasa.net\/comanda-baclofen-generic-fara-reteta<\/a> alt\u0103 \u021bar\u0103 poate prezenta provoc\u0103ri legale. Unele \u021b\u0103ri au reglement\u0103ri stricte cu privire la importul de produse farmaceutice, iar nerespectarea acestor legi poate duce la confiscare sau sanc\u021biuni legale. A fi bine informat despre aceste reglement\u0103ri poate preveni complica\u021biile inutile.<\/p>\n<h2>Ghid de dozare pentru Baclofen<\/h2>\n<p>Doza de baclofen trebuie adaptat\u0103 cu aten\u021bie fiec\u0103rui individ, \u00een func\u021bie de severitatea st\u0103rii sale \u0219i de r\u0103spunsul la medicament. De obicei, tratamentul \u00eencepe cu o doz\u0103 mic\u0103, care este crescut\u0103 treptat sub supraveghere medical\u0103 pentru a minimiza efectele secundare \u0219i pentru a g\u0103si doza terapeutic\u0103 optim\u0103.<\/p>\n<p>Dozele standard variaz\u0103 de la 15 mg la 80 mg pe zi, \u00eemp\u0103r\u021bite \u00een mai multe doze. Este esen\u021bial ca pacien\u021bii s\u0103 urmeze cu precizie instruc\u021biunile furnizorului de asisten\u021b\u0103 medical\u0103, deoarece abaterea de la dozele prescrise poate cre\u0219te riscul de reac\u021bii adverse sau poate reduce eficacitatea medicamentului.<\/p>\n<h2>Efecte secundare poten\u021biale ale baclofenului<\/h2>\n<p>De\u0219i Baclofenul este benefic pentru mul\u021bi pacien\u021bi, poate provoca \u0219i reac\u021bii adverse. Reac\u021biile adverse frecvente includ somnolen\u021b\u0103, ame\u021beli \u0219i sl\u0103biciune, care se pot diminua pe m\u0103sur\u0103 ce organismul se adapteaz\u0103 la medicamente. Pacien\u021bii trebuie s\u0103 fie precau\u021bi atunci c\u00e2nd se angajeaz\u0103 \u00een activit\u0103\u021bi care necesit\u0103 vigilen\u021b\u0103 total\u0103, cum ar fi conducerea, p\u00e2n\u0103 c\u00e2nd \u00een\u021beleg cum \u00eei afecteaz\u0103 Baclofenul.<\/p>\n<p>Reac\u021bii adverse mai grave, de\u0219i rare, pot ap\u0103rea \u0219i includ confuzie, halucina\u021bii \u0219i dificult\u0103\u021bi de respira\u021bie. Dac\u0103 se observ\u0103 reac\u021bii adverse severe, este imperativ s\u0103 solicita\u021bi imediat asisten\u021b\u0103 medical\u0103. Monitorizarea efectelor secundare este un aspect esen\u021bial al gestion\u0103rii \u00een siguran\u021b\u0103 a tratamentului cu Baclofen.<\/p>\n<h2>Precau\u021bii atunci c\u00e2nd lua\u021bi Baclofen<\/h2>\n<p>Pacien\u021bii trebuie s\u0103-\u0219i informeze furnizorul de asisten\u021b\u0103 medical\u0103 cu privire la orice alte medicamente pe care le iau, deoarece Baclofenul poate interac\u021biona cu alte medicamente, modific\u00e2ndu-le poten\u021bial efectele. Ar trebui discutate \u0219i afec\u021biuni precum epilepsia, boala renal\u0103 sau antecedentele de accident vascular cerebral, deoarece acestea pot influen\u021ba adecvarea baclofenului.<\/p>\n<p>Consumul de alcool ar trebui limitat \u00een timpul tratamentului cu Baclofen, deoarece poate exacerba efectele sedative ale medicamentului. \u00cen plus, \u00eentreruperea brusc\u0103 a tratamentului cu Baclofen poate duce la simptome de sevraj. Orice modificare a regimului de medicamente trebuie f\u0103cut\u0103 sub supraveghere medical\u0103 pentru a preveni complica\u021biile.<\/p>\n<h2>Compararea pre\u021burilor: marca vs Baclofen generic<\/h2>\n<p>Compara\u021biile de pre\u021b \u00eentre Baclofen de marc\u0103 \u0219i omologii s\u0103i generici dezv\u0103luie adesea diferen\u021be semnificative de cost. Genericele tind s\u0103 fie mai pu\u021bin costisitoare din cauza naturii competitive a pie\u021bei \u0219i a absen\u021bei primelor de marc\u0103.<\/p>\n<p>Pacien\u021bii ar trebui s\u0103 ia \u00een considerare nu numai pre\u021bul, ci \u0219i calitatea \u0219i sursa medicamentului atunci c\u00e2nd iau o decizie. \u00cen timp ce medicamentele generice ofer\u0103 economii financiare, asigurarea c\u0103 acestea sunt achizi\u021bionate din surse de renume este esen\u021bial\u0103 pentru men\u021binerea eficacit\u0103\u021bii \u0219i siguran\u021bei tratamentului.<\/p>\n<h2>Metode de plat\u0103 sigure pentru achizi\u021biile online<\/h2>\n<p>Atunci c\u00e2nd cump\u0103ra\u021bi Baclofen online, utilizarea metodelor de plat\u0103 sigure este vital\u0103 pentru a proteja informa\u021biile personale \u0219i financiare. Cardurile de credit ofer\u0103 adesea protec\u021bie \u00eempotriva fraudei, f\u0103c\u00e2ndu-le o alegere preferat\u0103 pentru tranzac\u021biile online.<\/p>\n<p>Unele farmacii pot oferi op\u021biuni alternative de plat\u0103 sigur\u0103, cum ar fi PayPal sau alte sisteme de plat\u0103 electronic\u0103, care ofer\u0103 un nivel suplimentar de securitate. Indiferent de metoda aleas\u0103, asigurarea faptului c\u0103 tranzac\u021bia este efectuat\u0103 printr-o conexiune securizat\u0103 (indicat\u0103 printr-o pictogram\u0103 de lac\u0103t \u00een browser) este esen\u021bial\u0103 pentru a preveni \u00eenc\u0103lcarea datelor.<\/p>\n<h2>Op\u021biuni de livrare pentru farmaciile online<\/h2>\n<p>Farmaciile online ofer\u0103 de obicei o gam\u0103 larg\u0103 de op\u021biuni de livrare pentru a satisface nevoile clien\u021bilor. Livrarea standard este adesea cea mai economic\u0103 alegere, de\u0219i poate dura mai mult p\u00e2n\u0103 c\u00e2nd medicamentul ajunge. Pentru cei care au nevoie de medicamente mai urgent, op\u021biunile de expediere rapid\u0103 sunt de obicei disponibile la un cost suplimentar.<\/p>\n<p>Serviciile de urm\u0103rire pot oferi lini\u0219te sufleteasc\u0103, permi\u021b\u00e2nd clien\u021bilor s\u0103 monitorizeze starea livr\u0103rii lor \u0219i s\u0103 anticipeze c\u00e2nd va sosi. Asigurarea faptului c\u0103 farmacia aleas\u0103 ofer\u0103 servicii de livrare fiabile este o component\u0103 cheie a unei experien\u021be satisf\u0103c\u0103toare de cump\u0103rare online.<\/p>\n<h2>Recenzii \u0219i feedback ale clien\u021bilor cu privire la achizi\u021biile de Baclofen<\/h2>\n<p>Recenziile clien\u021bilor pot fi o resurs\u0103 nepre\u021buit\u0103 atunci c\u00e2nd alege\u021bi o farmacie online. Acestea ofer\u0103 informa\u021bii despre fiabilitatea farmaciei, serviciul pentru clien\u021bi \u0219i calitatea produselor furnizate. Feedback-ul pozitiv de la al\u021bi clien\u021bi poate insufla \u00eencredere noilor cump\u0103r\u0103tori.<\/p>\n<p>Cu toate acestea, este important s\u0103 aborda\u021bi recenziile cu un ochi critic. C\u0103uta\u021bi modele \u00een feedback, mai degrab\u0103 dec\u00e2t comentarii izolate \u0219i lua\u021bi \u00een considerare at\u00e2t aspectele pozitive, c\u00e2t \u0219i cele negative eviden\u021biate de recenzori. Aceast\u0103 abordare echilibrat\u0103 poate ajuta la luarea unei decizii bine informate.<\/p>\n<h2>Consultan\u021b\u0103 cu profesioni\u0219tii din domeniul s\u0103n\u0103t\u0103\u021bii \u00eenainte de cump\u0103rare<\/h2>\n<p>\u00cenainte de a cump\u0103ra Baclofen online, consultarea cu un profesionist din domeniul s\u0103n\u0103t\u0103\u021bii este crucial\u0103. Ele pot oferi \u00eendrum\u0103ri cu privire la doza adecvat\u0103, poten\u021bialele interac\u021biuni cu alte medicamente \u0219i adecvarea Baclofenului pentru starea pacientului.<\/p>\n<p>Un profesionist din domeniul s\u0103n\u0103t\u0103\u021bii poate, de asemenea, s\u0103 sf\u0103tuiasc\u0103 dac\u0103 Baclofenul generic este o op\u021biune viabil\u0103, pe baza nevoilor individului \u0219i a considera\u021biilor financiare. Aceast\u0103 consultare asigur\u0103 c\u0103 planul de tratament este sigur, eficient \u0219i adaptat circumstan\u021belor unice ale pacientului.<\/p>\n<h2>Depozitarea Baclofenului \u00een siguran\u021b\u0103 acas\u0103<\/h2>\n<p>Depozitarea corect\u0103 a Baclofenului este esen\u021bial\u0103 pentru a-\u0219i men\u021bine eficacitatea \u0219i pentru a preveni ingerarea accidental\u0103 de c\u0103tre copii sau animale de companie. Medicamentul trebuie p\u0103strat \u00eentr-un loc r\u0103coros \u0219i uscat, ferit de lumina direct\u0103 a soarelui \u0219i umiditate.<\/p>\n<p>P\u0103strarea Baclofenului \u00een ambalajul original poate ajuta la prevenirea confuziei cu alte medicamente. Pacien\u021bii trebuie, de asemenea, s\u0103 fie vigilen\u021bi la verificarea datelor de expirare \u0219i la eliminarea oric\u0103ror medicamente expirate sau neutilizate \u00een conformitate cu reglement\u0103rile locale pentru a asigura siguran\u021ba.<\/p>\n<h2>Ce trebuie s\u0103 face\u021bi \u00een cazul unei supradoze de baclofen<\/h2>\n<p>\u00cen cazul supradozajului cu Baclofen, este necesar\u0103 asisten\u021b\u0103 medical\u0103 imediat\u0103. Simptomele supradozajului pot include somnolen\u021b\u0103 extrem\u0103, dificult\u0103\u021bi de respira\u021bie, convulsii sau pierderea con\u0219tien\u021bei. R\u0103spunsul rapid este crucial pentru a preveni complica\u021biile grave sau decesele.<\/p>\n<p>\u00cen a\u0219teptarea ajutorului medical, este important s\u0103 r\u0103m\u00e2ne\u021bi calm \u0219i s\u0103 oferi\u021bi c\u00e2t mai multe informa\u021bii posibil celor care au r\u0103spuns, inclusiv cantitatea de Baclofen luat\u0103 \u0219i momentul supradozajului. Aceste informa\u021bii pot ajuta profesioni\u0219tii din domeniul s\u0103n\u0103t\u0103\u021bii s\u0103 administreze cu promptitudine tratamentul adecvat.<\/p>\n","protected":false},"excerpt":{"rendered":"<p>Cump\u0103rarea Baclofen Generic online: \u00eendrum\u0103ri \u0219i precau\u021bii Navigarea prin achizi\u021bionarea online de Baclofen generic necesit\u0103 \u00een\u021belegerea utiliz\u0103rilor acestuia, recunoa\u0219terea surselor de renume \u0219i respectarea considerentelor legale \u0219i de siguran\u021b\u0103. \u00cen\u021belegerea baclofenului: utiliz\u0103ri \u0219i beneficii Baclofenul este utilizat \u00een primul r\u00e2nd ca relaxant muscular \u0219i agent antispastic. Este deosebit de eficient \u00een tratarea afec\u021biunilor precum scleroza [&hellip;]<\/p>\n","protected":false},"author":1,"featured_media":0,"parent":0,"menu_order":0,"comment_status":"closed","ping_status":"closed","template":"","meta":{"footnotes":""},"class_list":["post-19194","page","type-page","status-publish","hentry"],"_links":{"self":[{"href":"https:\/\/mahous.com\/index.php\/wp-json\/wp\/v2\/pages\/19194","targetHints":{"allow":["GET"]}}],"collection":[{"href":"https:\/\/mahous.com\/index.php\/wp-json\/wp\/v2\/pages"}],"about":[{"href":"https:\/\/mahous.com\/index.php\/wp-json\/wp\/v2\/types\/page"}],"author":[{"embeddable":true,"href":"https:\/\/mahous.com\/index.php\/wp-json\/wp\/v2\/users\/1"}],"replies":[{"embeddable":true,"href":"https:\/\/mahous.com\/index.php\/wp-json\/wp\/v2\/comments?post=19194"}],"version-history":[{"count":1,"href":"https:\/\/mahous.com\/index.php\/wp-json\/wp\/v2\/pages\/19194\/revisions"}],"predecessor-version":[{"id":19195,"href":"https:\/\/mahous.com\/index.php\/wp-json\/wp\/v2\/pages\/19194\/revisions\/19195"}],"wp:attachment":[{"href":"https:\/\/mahous.com\/index.php\/wp-json\/wp\/v2\/media?parent=19194"}],"curies":[{"name":"wp","href":"https:\/\/api.w.org\/{rel}","templated":true}]}}