{"id":20043,"date":"2026-03-24T04:49:28","date_gmt":"2026-03-24T03:49:28","guid":{"rendered":"https:\/\/mahous.com\/?page_id=20043"},"modified":"2026-03-24T04:49:28","modified_gmt":"2026-03-24T03:49:28","slug":"super-kamagra-ja-udenafil-ymmartaminen-2","status":"publish","type":"page","link":"https:\/\/mahous.com\/index.php\/super-kamagra-ja-udenafil-ymmartaminen-2\/","title":{"rendered":"Super Kamagra ja Udenafil ymm\u00e4rt\u00e4minen"},"content":{"rendered":"<h1>Super Kamagra vs Udenafil: alkaminen, kesto, sivuvaikutukset, hinta<\/h1>\n<p>Super Kamagra ja Udenafil kattava vertailu, jossa tarkastellaan niiden alkamista, kestoa, sivuvaikutuksia, kustannuksia ja paljon muuta auttaakseen k\u00e4ytt\u00e4ji\u00e4 tekem\u00e4\u00e4n tietoon perustuvia valintoja.<\/p>\n<h2>Super Kamagra ja Udenafil ymm\u00e4rt\u00e4minen<\/h2>\n<p>Super Kamagra ja Udenafil ovat molemmat l\u00e4\u00e4ketuotteita, jotka on suunniteltu miesten erektioh\u00e4iri\u00f6iden hoitoon. Vaikka heill\u00e4 on yhteinen tavoite parantaa seksuaalista suorituskyky\u00e4, ne eroavat koostumuksestaan \u200b\u200bja erityisist\u00e4 sovelluksistaan. Super Kamagra on yhdistelm\u00e4l\u00e4\u00e4ke, joka ei ainoastaan \u200b\u200bhoita erektioh\u00e4iri\u00f6t\u00e4, vaan my\u00f6s ennenaikaista siemensy\u00f6ksy\u00e4 ja tarjoaa k\u00e4ytt\u00e4jille kaksinkertaisen hy\u00f6dyn. Udenafiili puolestaan \u200b\u200bkeskittyy ensisijaisesti erektioh\u00e4iri\u00f6iden hoitoon yksin\u00e4\u00e4n tarjoten vaihtoehdon niille, jotka eiv\u00e4t v\u00e4ltt\u00e4m\u00e4tt\u00e4 tarvitse lis\u00e4hoitoa siemensy\u00f6ksyongelmiin.<\/p>\n<p>Valinta n\u00e4iden kahden l\u00e4\u00e4kkeen v\u00e4lill\u00e4 riippuu usein potilaan erityistarpeista ja sairaushistoriasta. Niille, jotka kamppailevat sek\u00e4 erektioh\u00e4iri\u00f6iden ett\u00e4 ennenaikaisen siemensy\u00f6ksyn kanssa, Super Kamagra voi tarjota kattavamman ratkaisun. Kuitenkin henkil\u00f6ille, jotka k\u00e4rsiv\u00e4t yksinomaan erektioh\u00e4iri\u00f6st\u00e4, Udenafil saattaa olla yksinkertaisempi ja suorempi vaihtoehto. Kunkin l\u00e4\u00e4kkeen vivahteiden ymm\u00e4rt\u00e4minen voi auttaa k\u00e4ytt\u00e4ji\u00e4 tekem\u00e4\u00e4n tietoisia p\u00e4\u00e4t\u00f6ksi\u00e4, jotka parhaiten vastaavat heid\u00e4n terveysvaatimuksiaan.<\/p>\n<h2>Koostumus ja aktiiviset ainesosat<\/h2>\n<p>Super Kamagra koostuu kahdesta vaikuttavasta aineosasta: sildenafiilisitraatista ja dapoksetiinista. Sildenafiilisitraatti on hyvin tunnettu fosfodiesteraasityypin 5 (PDE5) est\u00e4j\u00e4, joka auttaa lis\u00e4\u00e4m\u00e4\u00e4n verenkiertoa penikseen, mik\u00e4 helpottaa erektiota. Dapoksetiini puolestaan \u200b\u200bon selektiivinen serotoniinin takaisinoton est\u00e4j\u00e4 (SSRI), joka auttaa hidastamaan siemensy\u00f6ksy\u00e4 ja pident\u00e4\u00e4 seksuaalisen kanssak\u00e4ymisen kestoa niille, joilla on ennenaikainen siemensy\u00f6ksy.<\/p>\n<p>Udenafiilin ensisijainen vaikuttava aine on itse udenafiili, toinen sildenafiilin kaltainen PDE5-est\u00e4j\u00e4. Se toimii rentouttamalla verisuonia ja parantamalla verenkiertoa penikseen seksuaalisen stimulaation aikana, mik\u00e4 auttaa saavuttamaan ja yll\u00e4pit\u00e4m\u00e4\u00e4n erektiota. Udenafiilin lis\u00e4komponenttien puuttuminen tekee siit\u00e4 yksinkertaisemman vaihtoehdon niille, jotka ovat erityisesti kohdistettu erektioh\u00e4iri\u00f6ihin ilman siemensy\u00f6ksykontrollia.<\/p>\n<h2>Toimintamekanismi: Miten ne toimivat<\/h2>\n<p>Sek\u00e4 Super Kamagra ett\u00e4 Udenafil toimivat kohdentamalla PDE5-entsyymi\u00e4, jolla on ratkaiseva rooli peniksen verenkierron s\u00e4\u00e4telyss\u00e4. Est\u00e4m\u00e4ll\u00e4 t\u00e4t\u00e4 entsyymi\u00e4 n\u00e4m\u00e4 l\u00e4\u00e4kkeet lis\u00e4\u00e4v\u00e4t typpioksiditasoja, mik\u00e4 johtaa vasodilataatioon ja lis\u00e4\u00e4ntyneeseen verenkiertoon. T\u00e4m\u00e4 fysiologinen muutos on v\u00e4ltt\u00e4m\u00e4t\u00f6n seksuaaliseen toimintaan riitt\u00e4v\u00e4n erektion saavuttamiseksi ja yll\u00e4pit\u00e4miseksi.<\/p>\n<p>Super Kamagra, jossa on kaksivaikutteinen koostumus, sis\u00e4lt\u00e4\u00e4 my\u00f6s dapoksetiinia, joka vaikuttaa aivojen serotoniinitasoihin. T\u00e4m\u00e4 komponentti viiv\u00e4stytt\u00e4\u00e4 siemensy\u00f6ksy\u00e4 est\u00e4m\u00e4ll\u00e4 serotoniinin kuljettajaa, mik\u00e4 lis\u00e4\u00e4 serotoniinin toimintaa postsynaptisessa rakossa, mik\u00e4 pident\u00e4\u00e4 siemensy\u00f6ksy\u00e4. Sit\u00e4 vastoin Udenafil keskittyy yksinomaan erektiotoimintoihin ja tarjoaa virtaviivaistetun l\u00e4hestymistavan ilman ylim\u00e4\u00e4r\u00e4ist\u00e4 siemensy\u00f6ksy\u00e4 viiv\u00e4stysmekanismia.<\/p>\n<h2>Toiminnan alku: Super Kamagra vs Udenafil<\/h2>\n<p>Molempien l\u00e4\u00e4kkeiden vaikutuksen alkaminen on t\u00e4rke\u00e4 seikka k\u00e4ytt\u00e4jille, jotka haluavat saada oikea-aikaista tehoa. Super Kamagra alkaa toimia yleens\u00e4 noin 30 minuutissa, ja sildenafiilin vaikutukset tuntuvat suhteellisen nopeasti. T\u00e4m\u00e4 nopea puhkeaminen on hy\u00f6dyllist\u00e4 niille, jotka etsiv\u00e4t spontaania seksi\u00e4.<\/p>\n<p>Udenafiili vaatii tyypillisesti samanlaisen alkamisajan, noin 30-60 minuuttia, mik\u00e4 on tiiviisti linjassa monien muiden PDE5-est\u00e4jien kanssa. T\u00e4m\u00e4n ajanjakson avulla k\u00e4ytt\u00e4j\u00e4t voivat suunnitella seksuaalista toimintaansa ilman pitki\u00e4 odotusaikoja. Pieni vaihtelu alkamisajoissa saattaa johtua yksil\u00f6llisist\u00e4 aineenvaihdunnan eroista ja kehon reaktiosta aktiivisille aineosille.<\/p>\n<h2>Vaikutuksen kesto: n\u00e4iden kahden vertailu<\/h2>\n<p>Tehokkuuden kesto on toinen kriittinen tekij\u00e4 verrattaessa Super Kamagraa ja Udenafilia. Super Kamagra tarjoaa yleens\u00e4 erektiotaukea jopa 4-6 tunnin ajan, mik\u00e4 mahdollistaa useiden seksuaalisen toiminnan istuntojen t\u00e4m\u00e4n ikkunan sis\u00e4ll\u00e4. Ylim\u00e4\u00e4r\u00e4inen dapoksetiinikomponentti auttaa my\u00f6s hallitsemaan siemensy\u00f6ksy\u00e4 koko t\u00e4m\u00e4n ajan.<\/p>\n<p>Udenafiilin vaikutusaika on kuitenkin pidempi, usein <a href=\"https:\/\/helppoapteekki.com\/ostaa-super-kamagra-ilman-reseptia\">Super Kamagra Verkossa<\/a> jopa 12 tuntia. T\u00e4m\u00e4 laajennettu ikkuna tarjoaa enemm\u00e4n joustavuutta ja v\u00e4hemm\u00e4n tarvetta tarkalle ajoitukselle seksuaalisten kohtaamisten suhteen. K\u00e4ytt\u00e4jille, jotka haluavat pidemm\u00e4n tehon, Udenafil voi olla houkuttelevampi vaihtoehto.<\/p>\n<h2>Super Kamagran yleiset sivuvaikutukset<\/h2>\n<p>Kuten monet l\u00e4\u00e4kkeet, Super Kamagra voi aiheuttaa useita sivuvaikutuksia, joista jotkut ovat yleisempi\u00e4 kuin toiset. K\u00e4ytt\u00e4j\u00e4t raportoivat usein liev\u00e4st\u00e4 p\u00e4\u00e4ns\u00e4ryst\u00e4, kasvojen punoituksesta ja huimauksesta tyypillisin\u00e4 reaktioina l\u00e4\u00e4kkeelle. N\u00e4m\u00e4 sivuvaikutukset ovat yleens\u00e4 ohimenevi\u00e4 ja h\u00e4vi\u00e4v\u00e4t, kun keho tottuu l\u00e4\u00e4kkeeseen.<\/p>\n<p>Muita yleisi\u00e4 sivuvaikutuksia ovat nen\u00e4n tukkoisuus ja liev\u00e4t ruoansulatush\u00e4iri\u00f6t, kuten vatsavaivat tai ripuli. Vaikka n\u00e4m\u00e4 vaikutukset voivat olla ep\u00e4miellytt\u00e4vi\u00e4, ne eiv\u00e4t yleens\u00e4 ole vakavia ja yleens\u00e4 h\u00e4vi\u00e4v\u00e4t ilman v\u00e4liintuloa. K\u00e4ytt\u00e4ji\u00e4 kehotetaan pysym\u00e4\u00e4n nesteytyksess\u00e4 ja lep\u00e4\u00e4m\u00e4\u00e4n tarpeen mukaan n\u00e4iden oireiden lievitt\u00e4miseksi.<\/p>\n<h2>Udenafiilin yleiset sivuvaikutukset<\/h2>\n<p>Udenafiilin k\u00e4ytt\u00e4j\u00e4t voivat my\u00f6s kokea tiettyj\u00e4 sivuvaikutuksia, jotka ovat yhteisi\u00e4 PDE5-est\u00e4jille. N\u00e4it\u00e4 ovat p\u00e4\u00e4ns\u00e4rky, punoitus ja nen\u00e4n tukkoisuus, jotka ovat yleens\u00e4 lievi\u00e4 ja tilap\u00e4isi\u00e4. Jotkut k\u00e4ytt\u00e4j\u00e4t voivat my\u00f6s raportoida selk\u00e4- tai lihaskivuista, jotka ovat harvinaisempia, mutta silti odotettavissa olevien sivuvaikutusten alueella.<\/p>\n<p>Toisinaan henkil\u00f6t voivat kokea n\u00e4k\u00f6h\u00e4iri\u00f6it\u00e4 tai liev\u00e4\u00e4 pahoinvointia. N\u00e4m\u00e4 sivuvaikutukset ovat tyypillisesti lyhytaikaisia, eik\u00e4 niiden pit\u00e4isi est\u00e4\u00e4 k\u00e4ytt\u00e4ji\u00e4 saamasta l\u00e4\u00e4kkeen etuja. Kuten aina, jos sivuvaikutukset jatkuvat tai niist\u00e4 tulee kiusallisia, on suositeltavaa k\u00e4\u00e4nty\u00e4 terveydenhuollon ammattilaisen puoleen.<\/p>\n<h2>Harvinaiset ja vakavat sivuvaikutukset: Mit\u00e4 varoa<\/h2>\n<p>Vaikka Super Kamagra ja Udenafil ovat harvinaisia, ne voivat aiheuttaa vakavia sivuvaikutuksia, jotka vaativat v\u00e4lit\u00f6nt\u00e4 l\u00e4\u00e4k\u00e4rinhoitoa. N\u00e4it\u00e4 ovat \u00e4killinen n\u00e4\u00f6nmenetys, kuulon heikkeneminen ja yli nelj\u00e4 tuntia kest\u00e4v\u00e4 erektio, joka tunnetaan nimell\u00e4 priapismi. T\u00e4llaisilla tiloilla voi olla pitk\u00e4aikaisia \u200b\u200bseurauksia ja ne vaativat nopeaa puuttumista.<\/p>\n<p>Muita vakavia reaktioita voivat olla vakavat allergiset reaktiot, joille on ominaista nokkosihottuma, hengitysvaikeudet tai kasvojen ja kurkun turvotus. K\u00e4ytt\u00e4jien tulee olla valppaina n\u00e4iden haittavaikutusten merkkien varalta ja hakeuduttava v\u00e4litt\u00f6m\u00e4sti l\u00e4\u00e4k\u00e4rin hoitoon, jos niit\u00e4 ilmenee. Tietoisuus ja nopea toiminta ovat ratkaisevan t\u00e4rkeit\u00e4 mahdollisten komplikaatioiden ehk\u00e4isyss\u00e4.<\/p>\n<h2>Kustannusten vertailu: Super Kamagra vs Udenafil<\/h2>\n<p>L\u00e4\u00e4kkeiden hinta voi vaikuttaa merkitt\u00e4v\u00e4sti k\u00e4ytt\u00e4j\u00e4n p\u00e4\u00e4t\u00f6ksentekoprosessiin. Yleens\u00e4 Super Kamagra on yleens\u00e4 edullisempi, mik\u00e4 voi tehd\u00e4 siit\u00e4 houkuttelevamman vaihtoehdon budjetin k\u00e4ytt\u00e4jille. T\u00e4m\u00e4 kustannustehokkuus johtuu osittain sen yleisest\u00e4 saatavuudesta ja kahden hoidon yhdistelm\u00e4st\u00e4 yhdess\u00e4 pilleriss\u00e4, mik\u00e4 v\u00e4hent\u00e4\u00e4 lis\u00e4l\u00e4\u00e4kkeiden tarvetta.<\/p>\n<p>Udenafiili, vaikka se on mahdollisesti kalliimpi, tarjoaa pidemm\u00e4n vaikutusajan, mik\u00e4 saattaa oikeuttaa korkeamman hinnan k\u00e4ytt\u00e4jille, jotka arvostavat laajennettua tehokkuutta. Lopulta valinta n\u00e4iden l\u00e4\u00e4kkeiden v\u00e4lill\u00e4 voi laskea kustannushy\u00f6tyjen punnitsemiseen kestoon ja k\u00e4ytt\u00e4j\u00e4n erityistarpeisiin.<\/p>\n<h2>Saatavuus ja reseptivaatimukset<\/h2>\n<p>Sek\u00e4 Super Kamagra ett\u00e4 Udenafil vaativat reseptin, mik\u00e4 varmistaa, ett\u00e4 niit\u00e4 k\u00e4ytet\u00e4\u00e4n turvallisesti ja asianmukaisesti l\u00e4\u00e4k\u00e4rin valvonnassa. Saatavuus voi kuitenkin vaihdella merkitt\u00e4v\u00e4sti maantieteellisen sijainnin ja viranomaisten hyv\u00e4ksynn\u00e4n mukaan. Joillakin alueilla Super Kamagra saattaa olla helpommin saatavilla sen geneerisen aseman vuoksi, kun taas Udenafil saattaa olla rajoitettu tietyille markkinoille.<\/p>\n<p>K\u00e4ytt\u00e4ji\u00e4 kehotetaan neuvottelemaan terveydenhuollon ammattilaisten kanssa ymm\u00e4rt\u00e4\u00e4kseen oman alueensa reseptivaatimukset. Lis\u00e4ksi on eritt\u00e4in t\u00e4rke\u00e4\u00e4 hankkia n\u00e4m\u00e4 l\u00e4\u00e4kkeet hyv\u00e4maineisista l\u00e4hteist\u00e4 turvallisuuden ja tehokkuuden varmistamiseksi ja v\u00e4\u00e4rennettyihin tuotteisiin liittyvien riskien v\u00e4ltt\u00e4miseksi.<\/p>\n<h2>K\u00e4ytt\u00e4j\u00e4kokemus ja tyytyv\u00e4isyys<\/h2>\n<p>K\u00e4ytt\u00e4jien kokemukset Super Kamagrasta ja Udenafilista heijastavat usein kunkin l\u00e4\u00e4kkeen tehokkuutta ja sivuvaikutusprofiileja. Monet k\u00e4ytt\u00e4j\u00e4t arvostavat Super Kamagran kaksinkertaista vaikutusta, sill\u00e4 he ovat tyytyv\u00e4isi\u00e4 sek\u00e4 parantuneeseen erektiotoimintoon ett\u00e4 viiv\u00e4styneeseen siemensy\u00f6ksy\u00f6n. T\u00e4t\u00e4 kattavaa l\u00e4hestymistapaa arvostavat erityisesti ne, jotka k\u00e4sittelev\u00e4t sek\u00e4 ED:t\u00e4 ett\u00e4 ennenaikaista siemensy\u00f6ksy\u00e4.<\/p>\n<p>Toisaalta Udenafilin k\u00e4ytt\u00e4j\u00e4t mainitsevat usein pidentyneen vaikutuksen keston merkitt\u00e4v\u00e4n\u00e4 etuna, mik\u00e4 mahdollistaa suuremman spontaaniuden seksuaalisessa toiminnassa. Tyytyv\u00e4isyysaste voi vaihdella yksil\u00f6llisen vasteen mukaan l\u00e4\u00e4kkeeseen, mutta yleisesti ottaen molemmat tuotteet yll\u00e4pit\u00e4v\u00e4t positiivista mainetta erektioh\u00e4iri\u00f6ihin ratkaisuja etsivien k\u00e4ytt\u00e4jien keskuudessa.<\/p>\n<h2>Vasta-aiheet ja varoitukset<\/h2>\n<p>Sek\u00e4 Super Kamagralla ett\u00e4 Udenafililla on vasta-aiheita, jotka on otettava huomioon ennen k\u00e4ytt\u00f6\u00e4. Henkil\u00f6iden, joilla on syd\u00e4n- ja verisuonisairauksia, kuten vakava syd\u00e4nsairaus tai \u00e4skett\u00e4inen syd\u00e4nkohtaus, tulee noudattaa varovaisuutta, koska n\u00e4m\u00e4 l\u00e4\u00e4kkeet voivat vaikuttaa syd\u00e4men toimintaan. Vastaavasti henkil\u00f6t, joilla on vaikea maksan tai munuaisten vajaatoiminta, saattavat joutua v\u00e4ltt\u00e4m\u00e4\u00e4n n\u00e4it\u00e4 l\u00e4\u00e4kkeit\u00e4 tai etsim\u00e4\u00e4n mukautettuja annoksia.<\/p>\n<p>Varovaisuutta suositellaan my\u00f6s henkil\u00f6ille, joilla on ollut aivohalvaus tai jotka k\u00e4ytt\u00e4v\u00e4t nitraatteja rintakipuun, koska yhdistelm\u00e4 PDE5-est\u00e4jien kanssa voi johtaa vaarallisiin verenpaineen laskuihin. Perusteellinen l\u00e4\u00e4ketieteellinen arviointi on v\u00e4ltt\u00e4m\u00e4t\u00f6nt\u00e4 n\u00e4iden l\u00e4\u00e4kkeiden sopivuuden m\u00e4\u00e4ritt\u00e4miseksi kullekin yksil\u00f6lle.<\/p>\n<h2>Harkittavat huumeiden yhteisvaikutukset<\/h2>\n<p>L\u00e4\u00e4kkeiden yhteisvaikutukset voivat vaikuttaa merkitt\u00e4v\u00e4sti Super Kamagran ja Udenafilin tehokkuuteen ja turvallisuuteen. Molemmat l\u00e4\u00e4kkeet voivat olla vuorovaikutuksessa nitraattien kanssa, joita usein m\u00e4\u00e4r\u00e4t\u00e4\u00e4n angina pectoriksen hoitoon, mik\u00e4 johtaa mahdollisesti hengenvaaralliseen hypotensioon. Vastaavasti vuorovaikutukset verenpaineeseen tai eturauhasongelmiin k\u00e4ytettyjen alfasalpaajien kanssa voivat my\u00f6s aiheuttaa haitallisia kardiovaskulaarisia vaikutuksia.<\/p>\n<p>Potilaiden tulee kertoa kaikista k\u00e4ytt\u00e4mist\u00e4\u00e4n l\u00e4\u00e4kkeist\u00e4 terveydenhuollon tarjoajalle haitallisten yhteisvaikutusten v\u00e4ltt\u00e4miseksi. Lis\u00e4ksi tietyt sienil\u00e4\u00e4kkeet, antibiootit ja HIV-proteaasin est\u00e4j\u00e4t voivat muuttaa PDE5-est\u00e4jien aineenvaihduntaa, mik\u00e4 edellytt\u00e4\u00e4 annostuksen muuttamista tai vaihtoehtoisia hoitoja.<\/p>\n<h2>Asiantuntijoiden lausunnot ja kliiniset tutkimukset<\/h2>\n<p>Kliiniset tutkimukset ja asiantuntijalausunnot antavat arvokkaita n\u00e4kemyksi\u00e4 Super Kamagran ja Udenafilin tehokkuudesta ja turvallisuudesta. Tutkimukset korostavat usein Super Kamagra -yhdistelm\u00e4hoidon tehokkuutta sek\u00e4 ED:n ett\u00e4 ennenaikaisen siemensy\u00f6ksyn hoidossa, ja monet tutkimukset vahvistavat sen kaksinkertaisen hy\u00f6dyn. Asiantuntijalausunnot korostavat usein, ett\u00e4 on t\u00e4rke\u00e4\u00e4 k\u00e4sitell\u00e4 molempia ehtoja samanaikaisesti seksuaalisen tyytyv\u00e4isyyden parantamiseksi.<\/p>\n<p>Udenafiilia on tutkittu lukuisissa kliinisiss\u00e4 tutkimuksissa, jotka osoittavat sen tehokkuuden erektiotoiminnan parantamisessa ja sen suotuisan turvallisuusprofiilin. Asiantuntijat korostavat usein sen pitk\u00e4kestoisia vaikutuksia merkitt\u00e4v\u00e4n\u00e4 etuna, joka tarjoaa enemm\u00e4n joustavuutta k\u00e4ytt\u00e4jille. Kaiken kaikkiaan kliiniset tiedot tukevat molempien l\u00e4\u00e4kkeiden k\u00e4ytt\u00f6\u00e4 tehokkaina erektioh\u00e4iri\u00f6n hoitona, ja yksil\u00f6llinen soveltuvuus vaihtelee henkil\u00f6kohtaisten terveystarpeiden ja el\u00e4m\u00e4ntapan\u00e4k\u00f6kohtien mukaan.<\/p>\n<h2>Tietoisen valinnan tekeminen Super Kamagran ja Udenafilin v\u00e4lill\u00e4<\/h2>\n<p>Valinta Super Kamagra ja Udenafil v\u00e4lill\u00e4 edellytt\u00e4\u00e4 useiden tekij\u00f6iden huomioon ottamista, mukaan lukien vaikutuksen alkaminen ja kesto, sivuvaikutukset, kustannukset ja henkil\u00f6kohtaiset terveysolosuhteet. Potilaiden tulee arvioida perusteellisesti tarpeitaan ja neuvotella terveydenhuollon ammattilaisten kanssa sopivimman vaihtoehdon m\u00e4\u00e4ritt\u00e4miseksi. Kunkin l\u00e4\u00e4kkeen erityisten etujen ja rajoitusten ymm\u00e4rt\u00e4minen voi ohjata k\u00e4ytt\u00e4ji\u00e4 tekem\u00e4\u00e4n valintoja, jotka sopivat heid\u00e4n terveystavoitteisiinsa ja el\u00e4m\u00e4ntapaansa.<\/p>\n<p>Loppujen lopuksi p\u00e4\u00e4t\u00f6s voi riippua siit\u00e4, tarvitseeko k\u00e4ytt\u00e4j\u00e4 hoitoa sek\u00e4 erektioh\u00e4iri\u00f6iden ett\u00e4 ennenaikaisen siemensy\u00f6ksyn vuoksi, sek\u00e4 siit\u00e4, ett\u00e4 h\u00e4n pit\u00e4\u00e4 parempana tehokkuuden kestoa ja kustannusn\u00e4k\u00f6kohtia. Punnitsemalla n\u00e4it\u00e4 tekij\u00f6it\u00e4 huolellisesti k\u00e4ytt\u00e4j\u00e4t voivat tehd\u00e4 tietoisen p\u00e4\u00e4t\u00f6ksen, joka parantaa heid\u00e4n seksuaalista terveytt\u00e4\u00e4n ja yleist\u00e4 hyvinvointiaan.<\/p>\n","protected":false},"excerpt":{"rendered":"<p>Super Kamagra vs Udenafil: alkaminen, kesto, sivuvaikutukset, hinta Super Kamagra ja Udenafil kattava vertailu, jossa tarkastellaan niiden alkamista, kestoa, sivuvaikutuksia, kustannuksia ja paljon muuta auttaakseen k\u00e4ytt\u00e4ji\u00e4 tekem\u00e4\u00e4n tietoon perustuvia valintoja. Super Kamagra ja Udenafil ymm\u00e4rt\u00e4minen Super Kamagra ja Udenafil ovat molemmat l\u00e4\u00e4ketuotteita, jotka on suunniteltu miesten erektioh\u00e4iri\u00f6iden hoitoon. Vaikka heill\u00e4 on yhteinen tavoite parantaa seksuaalista [&hellip;]<\/p>\n","protected":false},"author":1,"featured_media":0,"parent":0,"menu_order":0,"comment_status":"closed","ping_status":"closed","template":"","meta":{"footnotes":""},"class_list":["post-20043","page","type-page","status-publish","hentry"],"_links":{"self":[{"href":"https:\/\/mahous.com\/index.php\/wp-json\/wp\/v2\/pages\/20043","targetHints":{"allow":["GET"]}}],"collection":[{"href":"https:\/\/mahous.com\/index.php\/wp-json\/wp\/v2\/pages"}],"about":[{"href":"https:\/\/mahous.com\/index.php\/wp-json\/wp\/v2\/types\/page"}],"author":[{"embeddable":true,"href":"https:\/\/mahous.com\/index.php\/wp-json\/wp\/v2\/users\/1"}],"replies":[{"embeddable":true,"href":"https:\/\/mahous.com\/index.php\/wp-json\/wp\/v2\/comments?post=20043"}],"version-history":[{"count":1,"href":"https:\/\/mahous.com\/index.php\/wp-json\/wp\/v2\/pages\/20043\/revisions"}],"predecessor-version":[{"id":20044,"href":"https:\/\/mahous.com\/index.php\/wp-json\/wp\/v2\/pages\/20043\/revisions\/20044"}],"wp:attachment":[{"href":"https:\/\/mahous.com\/index.php\/wp-json\/wp\/v2\/media?parent=20043"}],"curies":[{"name":"wp","href":"https:\/\/api.w.org\/{rel}","templated":true}]}}