{"id":20067,"date":"2026-03-24T05:00:44","date_gmt":"2026-03-24T04:00:44","guid":{"rendered":"https:\/\/mahous.com\/?page_id=20067"},"modified":"2026-03-24T05:00:44","modified_gmt":"2026-03-24T04:00:44","slug":"intelegerea-vigora-o-privire-de-ansamblu-2","status":"publish","type":"page","link":"https:\/\/mahous.com\/index.php\/intelegerea-vigora-o-privire-de-ansamblu-2\/","title":{"rendered":"\u00cen\u021belegerea Vigora: o privire de ansamblu"},"content":{"rendered":"<h1>C\u00e2t timp po\u021bi folosi Vigora? Toleran\u021b\u0103, pauze \u0219i urm\u0103rire<\/h1>\n<p>\u00cen\u021belegerea c\u00e2t timp po\u021bi folosi Vigora implic\u0103 explorarea efectelor sale, a nivelurilor de toleran\u021b\u0103, a pauzelor necesare \u0219i a importan\u021bei \u00eendrum\u0103rii profesionale.<\/p>\n<h2>\u00cen\u021belegerea Vigora: o privire de ansamblu<\/h2>\n<p>Vigora este un medicament utilizat \u00een principal pentru a trata disfunc\u021bia erectil\u0103 (DE) la b\u0103rba\u021bi. Con\u021bine citrat de sildenafil, care este acela\u0219i ingredient activ g\u0103sit \u00een Viagra. Medicamentul ac\u021bioneaz\u0103 prin \u00eembun\u0103t\u0103\u021birea fluxului de s\u00e2nge c\u0103tre penis, facilit\u00e2nd astfel ob\u021binerea \u0219i men\u021binerea unei erec\u021bii \u00een timpul activit\u0103\u021bii sexuale. Popularitatea Vigora provine din eficacitatea sa \u0219i de la debutul relativ rapid de ac\u021biune, adesea \u00een 30 p\u00e2n\u0103 la 60 de minute de la ingerare.<\/p>\n<p>\u00cen ciuda eficacit\u0103\u021bii sale, Vigora nu este un remediu pentru disfunc\u021bia erectil\u0103. Atenueaz\u0103 temporar simptomele, permi\u021b\u00e2nd performan\u021be sexuale \u00eembun\u0103t\u0103\u021bite. Utilizatorii trebuie s\u0103 fie con\u0219tien\u021bi de faptul c\u0103 efectele medicamentului dispar dup\u0103 c\u00e2teva ore \u0219i c\u0103 acesta trebuie utilizat \u00een mod responsabil pentru a evita orice efecte adverse. Medicamentul este de obicei disponibil sub form\u0103 de tablete \u0219i trebuie luat a\u0219a cum este prescris de un profesionist din domeniul s\u0103n\u0103t\u0103\u021bii.<\/p>\n<h2>Durata recomandat\u0103 de utilizare Vigora<\/h2>\n<p>Pentru majoritatea persoanelor, Vigora este recomandat pentru utilizare la nevoie, mai degrab\u0103 dec\u00e2t zilnic. Aceast\u0103 abordare minimizeaz\u0103 riscul de a dezvolta o dependen\u021b\u0103 sau de a experimenta efecte secundare. De obicei, se recomand\u0103 s\u0103 nu dep\u0103\u0219i\u021bi o tablet\u0103 \u00eentr-o perioad\u0103 de 24 de ore. Utilizarea zilnic\u0103 continu\u0103 pe o perioad\u0103 lung\u0103 de timp nu este, \u00een general, recomandat\u0103, cu excep\u021bia cazului \u00een care este recomandat \u00een mod specific de c\u0103tre un furnizor de asisten\u021b\u0103 medical\u0103.<\/p>\n<p>Durata pentru care Vigora poate fi utilizat\u0103 \u00een siguran\u021b\u0103 variaz\u0103 de la o persoan\u0103 la alta. Factori cum ar fi v\u00e2rsta, starea general\u0103 de s\u0103n\u0103tate \u0219i severitatea disfunc\u021biei erectile influen\u021beaz\u0103 c\u00e2t timp se poate continua tratamentul. Este esen\u021bial s\u0103 ave\u021bi consult\u0103ri regulate cu un furnizor de asisten\u021b\u0103 medical\u0103 pentru a evalua oportunitatea utiliz\u0103rii continue \u0219i pentru a face ajust\u0103ri dup\u0103 cum este necesar.<\/p>\n<h2>Evaluarea nivelurilor de toleran\u021b\u0103 la Vigora<\/h2>\n<p>\u00cen timp, unii utilizatori pot dezvolta o toleran\u021b\u0103 la Vigora, ceea ce i-ar putea reduce eficacitatea. Toleran\u021ba apare atunci c\u00e2nd organismul se obi\u0219nuie\u0219te cu medicamentul, necesit\u00e2nd doze mai mari pentru a ob\u021bine acela\u0219i efect. Aceast\u0103 adaptare poate fi problematic\u0103, deoarece cre\u0219terea dozei f\u0103r\u0103 \u00eendrum\u0103ri medicale poate duce la reac\u021bii adverse nedorite.<\/p>\n<p>Recunoa\u0219terea timpurie a semnelor dezvolt\u0103rii toleran\u021bei poate ajuta la atenuarea riscurilor. Evaluarea regulat\u0103 a r\u0103spunsului cuiva la medicament \u0219i discutarea oric\u0103ror modific\u0103ri cu un furnizor de asisten\u021b\u0103 medical\u0103 asigur\u0103 c\u0103 utilizarea Vigora r\u0103m\u00e2ne sigur\u0103 \u0219i eficient\u0103. Monitorizarea este deosebit de important\u0103 pentru persoanele care au folosit medicamentul pentru perioade \u00eendelungate.<\/p>\n<h2>Semne de toleran\u021b\u0103 crescut\u0103 la Vigora<\/h2>\n<p>Semnele c\u0103 un utilizator poate dezvolta o toleran\u021b\u0103 la Vigora includ nevoia de doze mai mari pentru a ob\u021bine efectul dorit, un r\u0103spuns redus la doza obi\u0219nuit\u0103 \u0219i o durat\u0103 mai scurt\u0103 de eficacitate. Dac\u0103 aceste semne sunt observate, ar putea indica faptul c\u0103 medicamentul devine mai pu\u021bin eficient.<\/p>\n<p>Este important s\u0103 nu cre\u0219te\u021bi doza \u00een mod independent. \u00cen schimb, consultarea cu un furnizor de asisten\u021b\u0103 medical\u0103 este crucial\u0103 pentru a aborda aceste probleme \u00een siguran\u021b\u0103. Furnizorul de asisten\u021b\u0103 medical\u0103 ar putea sugera tratamente alternative sau strategii pentru a spori eficacitatea Vigora f\u0103r\u0103 a cre\u0219te doza.<\/p>\n<h2>Importan\u021ba de a lua pauze de la Vigora<\/h2>\n<p>Luarea ocazional\u0103 de pauze de la Vigora poate fi benefic\u0103 pentru reducerea riscului de a dezvolta toleran\u021b\u0103 \u0219i dependen\u021b\u0103. Astfel de pauze permit organismului s\u0103-\u0219i reseteze r\u0103spunsul la medicament, restabilindu-i poten\u021bial eficacitatea. \u00cen plus, \u00eentreruperea periodic\u0103 poate oferi informa\u021bii despre cauzele care stau la baza disfunc\u021biei erectile \u0219i poate evalua orice \u00eembun\u0103t\u0103\u021biri ale s\u0103n\u0103t\u0103\u021bii sexuale.<\/p>\n<p>\u00cen timpul acestor pauze, <a href=\"https:\/\/incredere-farmacie.org\/vigora-online-fara-reteta\">https:\/\/incredere-farmacie.org\/vigora-online-fara-reteta<\/a> pacien\u021bii pot explora alte op\u021biuni terapeutice sau modific\u0103ri ale stilului de via\u021b\u0103 care ar putea \u00eembun\u0103t\u0103\u021bi func\u021bia erectil\u0103. Angajarea \u00eentr-o activitate fizic\u0103 regulat\u0103, men\u021binerea unei diete echilibrate \u0219i gestionarea stresului pot juca un rol important \u00een \u00eembun\u0103t\u0103\u021birea s\u0103n\u0103t\u0103\u021bii sexuale, reduc\u00e2nd poten\u021bial dependen\u021ba de medicamente.<\/p>\n<h2>Ghid pentru utilizarea \u00een siguran\u021b\u0103 a Vigora<\/h2>\n<p>Utilizarea \u00een siguran\u021b\u0103 a Vigora implic\u0103 respectarea strict\u0103 a dozei \u0219i frecven\u021bei prescrise. Utilizatorii ar trebui s\u0103 evite s\u0103 ia mai mult dec\u00e2t doza recomandat\u0103 \u0219i nu ar trebui s\u0103 combine Vigora cu alte medicamente ED f\u0103r\u0103 sfatul medicului. \u00cen plus, este \u00een\u021belept s\u0103 v\u0103 ab\u021bine\u021bi de la consumul de alcool sau suc de grepfrut, deoarece acestea pot interfera cu eficacitatea medicamentului.<\/p>\n<p>\u00cenainte de a \u00eencepe Vigora, persoanele ar trebui s\u0103 discute istoricul lor medical complet cu un furnizor de asisten\u021b\u0103 medical\u0103. Afec\u021biuni precum bolile de inim\u0103, hipertensiunea arterial\u0103 sau antecedentele de accident vascular cerebral pot influen\u021ba adecvarea Vigora pentru un pacient. A fi pe deplin informat \u0219i a urma sfaturile medicale sunt componente cheie ale utiliz\u0103rii \u00een siguran\u021b\u0103.<\/p>\n<h2>Monitorizarea efectelor secundare \u0219i a reac\u021biilor<\/h2>\n<p>Ca orice medicament, Vigora poate provoca reac\u021bii adverse, de\u0219i nu toat\u0103 lumea le experimenteaz\u0103. Reac\u021biile adverse raportate frecvent includ dureri de cap, \u00eenro\u0219irea fe\u021bei, indigestie \u0219i tulbur\u0103ri vizuale u\u0219oare. Acestea sunt de obicei de scurt\u0103 durat\u0103 \u0219i de natur\u0103 bl\u00e2nd\u0103. Cu toate acestea, dac\u0103 efectele secundare persist\u0103 sau se agraveaz\u0103, este important s\u0103 solicita\u021bi asisten\u021b\u0103 medical\u0103.<\/p>\n<p>Reac\u021biile severe, cum ar fi durerea \u00een piept, pierderea brusc\u0103 a vederii sau o erec\u021bie care dureaz\u0103 mai mult de patru ore (priapism), necesit\u0103 interven\u021bie medical\u0103 imediat\u0103. Monitorizarea s\u0103n\u0103t\u0103\u021bii cuiva \u0219i abordarea prompt\u0103 a oric\u0103ror reac\u021bii adverse poate preveni complica\u021biile \u0219i poate asigura utilizarea \u00een siguran\u021b\u0103 a Vigora.<\/p>\n<h2>Consultarea profesioni\u0219tilor din domeniul s\u0103n\u0103t\u0103\u021bii pentru utilizarea Vigora<\/h2>\n<p>Consulta\u021biile regulate cu profesioni\u0219tii din domeniul s\u0103n\u0103t\u0103\u021bii sunt cruciale pentru oricine utilizeaz\u0103 Vigora. Aceste \u00eent\u00e2lniri ofer\u0103 oportunit\u0103\u021bi de a discuta orice preocup\u0103ri, de a ajusta dozele \u0219i de a explora tratamente alternative, dac\u0103 este necesar. Un furnizor de servicii medicale poate oferi sfaturi personalizate pe baza istoricului medical al persoanei \u0219i a st\u0103rii de s\u0103n\u0103tate actuale.<\/p>\n<p>\u00cen unele cazuri, un furnizor de asisten\u021b\u0103 medical\u0103 poate sugera teste sau evalu\u0103ri pentru a \u00een\u021belege mai bine cauzele care stau la baza disfunc\u021biei erectile. Aceast\u0103 abordare poate duce la strategii de tratament mai bine direc\u021bionate \u0219i mai eficiente, reduc\u00e2nd poten\u021bial nevoia de utilizare continu\u0103 a medicamentelor.<\/p>\n<h2>Efectele pe termen lung ale Vigora asupra s\u0103n\u0103t\u0103\u021bii<\/h2>\n<p>\u00cen timp ce Vigora este \u00een general considerat sigur pentru utilizare pe termen scurt, efectele pe termen lung sunt mai pu\u021bin bine documentate. Utilizarea continu\u0103 pe parcursul mai multor ani poate prezenta riscuri, \u00een special dac\u0103 este luat\u0103 f\u0103r\u0103 supraveghere medical\u0103. Utilizarea pe termen lung poate duce la probleme cardiovasculare, \u00een special la persoanele cu afec\u021biuni preexistente.<\/p>\n<p>Pentru a atenua riscurile pe termen lung, persoanele sunt \u00eencurajate s\u0103 efectueze controale regulate de s\u0103n\u0103tate \u0219i discu\u021bii deschise cu furnizorii lor de asisten\u021b\u0103 medical\u0103. Prin monitorizarea indicatorilor de s\u0103n\u0103tate \u0219i ajustarea planurilor de tratament dup\u0103 cum este necesar, utilizatorii pot minimiza poten\u021bialele efecte adverse asociate cu utilizarea prelungit\u0103 a Vigora.<\/p>\n<h2>Strategii pentru a minimiza dependen\u021ba de Vigora<\/h2>\n<p>Pentru a preveni dependen\u021ba de Vigora, utilizatorii ar trebui s\u0103 ia \u00een considerare \u00eencorporarea unor modific\u0103ri ale stilului de via\u021b\u0103 care promoveaz\u0103 s\u0103n\u0103tatea sexual\u0103. Exerci\u021biile fizice regulate, o diet\u0103 s\u0103n\u0103toas\u0103 \u0219i tehnicile de gestionare a stresului pot contribui la \u00eembun\u0103t\u0103\u021birea func\u021biei erectile. \u00cen plus, abordarea factorilor psihologici precum anxietatea sau problemele rela\u021bionale poate avea un impact pozitiv.<\/p>\n<p>Terapii precum consilierea sau terapia cognitiv-comportamental\u0103 ar putea fi, de asemenea, benefice pentru unele persoane. Prin combaterea cauzelor fundamentale ale disfunc\u021biei erectile, aceste strategii pot reduce dependen\u021ba de medicamente \u0219i pot \u00eembun\u0103t\u0103\u021bi starea general\u0103 de bine.<\/p>\n<h2>Alternative la Vigora pentru gestionarea disfunc\u021biei erectile<\/h2>\n<p>Pentru cei care caut\u0103 alternative la Vigora, sunt disponibile mai multe op\u021biuni. Alte medicamente orale, cum ar fi tadalafilul sau vardenafilul, ar putea oferi beneficii similare cu durate diferite de ac\u021biune. \u00cen plus, tratamentele f\u0103r\u0103 medicamente, cum ar fi dispozitivele de erec\u021bie cu vid sau injec\u021biile penisului pot fi potrivite pentru unele persoane.<\/p>\n<p>Interven\u021biile \u00een stilul de via\u021b\u0103 \u0219i suplimentele naturale merit\u0103, de asemenea, explorate, de\u0219i acestea ar trebui abordate cu pruden\u021b\u0103 \u0219i \u00een consultare cu un furnizor de asisten\u021b\u0103 medical\u0103. Fiecare alternativ\u0103 are propriul s\u0103u set de beneficii \u0219i dezavantaje poten\u021biale, f\u0103c\u00e2nd \u00eendrumarea profesional\u0103 esen\u021bial\u0103 pentru selectarea celei mai potrivite op\u021biuni.<\/p>\n<h2>Utilizare post-Vigora: la ce s\u0103 v\u0103 a\u0219tepta\u021bi<\/h2>\n<p>\u00centreruperea utiliz\u0103rii Vigora poate duce la revenirea simptomelor de disfunc\u021bie erectil\u0103, \u00een special dac\u0103 condi\u021biile de baz\u0103 r\u0103m\u00e2n nerezolvate. Cu toate acestea, unii indivizi pot descoperi c\u0103 modific\u0103rile stilului de via\u021b\u0103 \u0219i terapiile alternative men\u021bin func\u021bia sexual\u0103 \u00een mod eficient f\u0103r\u0103 medicamente.<\/p>\n<p>Este important s\u0103 gestiona\u021bi a\u0219tept\u0103rile \u0219i s\u0103 ave\u021bi un plan \u00een vigoare pentru tranzi\u021bia de la Vigora. Acest proces trebuie f\u0103cut treptat \u0219i cu supraveghere medical\u0103, asigur\u00e2ndu-se c\u0103 orice reapari\u021bie a simptomelor este gestionat\u0103 eficient \u0219i \u00een siguran\u021b\u0103.<\/p>\n<h2>Urm\u0103rire regulat\u0103 \u0219i controale de s\u0103n\u0103tate<\/h2>\n<p>Urm\u0103ririle regulate \u0219i controalele de s\u0103n\u0103tate sunt esen\u021biale pentru gestionarea disfunc\u021biei erectile, \u00een special pentru cei care au folosit Vigora. Aceste vizite permit evaluarea continu\u0103 a s\u0103n\u0103t\u0103\u021bii sexuale, monitorizarea oric\u0103ror efecte secundare poten\u021biale \u0219i ajustarea planurilor de tratament dup\u0103 cum este necesar.<\/p>\n<p>Prin monitorizarea regulat\u0103, furnizorii de servicii medicale pot oferi informa\u021bii \u0219i recomand\u0103ri nepre\u021buite, asigur\u00e2ndu-se c\u0103 gestionarea disfunc\u021biei erectile r\u0103m\u00e2ne eficient\u0103 \u0219i aliniat\u0103 cu obiectivele generale de s\u0103n\u0103tate ale pacientului.<\/p>\n<h2>Impactul psihologic al utiliz\u0103rii prelungite de Vigora<\/h2>\n<p>Utilizarea prelungit\u0103 a Vigora poate avea implica\u021bii psihologice, cum ar fi anxietatea cu privire la performan\u021ba sexual\u0103 f\u0103r\u0103 ajutorul medicamentelor. Unii indivizi pot dezvolta o dependen\u021b\u0103 psihologic\u0103, crez\u00e2nd c\u0103 nu pot func\u021biona sexual f\u0103r\u0103 Vigora.<\/p>\n<p>Abordarea acestor aspecte psihologice este crucial\u0103 pentru tratamentul holistic. Consilierea \u0219i terapia pot ajuta indivizii s\u0103-\u0219i construiasc\u0103 \u00eencrederea \u0219i s\u0103 reduc\u0103 dependen\u021ba de medicamente. \u00cencurajarea comunic\u0103rii deschise cu partenerii despre s\u0103n\u0103tatea sexual\u0103 poate, de asemenea, atenua anxietatea \u0219i poate \u00eembun\u0103t\u0103\u021bi dinamica rela\u021biilor.<\/p>\n<h2>Experien\u021be personale \u0219i m\u0103rturii despre utilizarea Vigora<\/h2>\n<p>Experien\u021bele personale \u0219i m\u0103rturiile pot oferi informa\u021bii valoroase asupra efectelor \u0219i beneficiilor Vigora. Mul\u021bi utilizatori raporteaz\u0103 \u00eembun\u0103t\u0103\u021birea performan\u021bei sexuale \u0219i cre\u0219terea \u00eencrederii ca fiind avantaje semnificative. Cu toate acestea, este, de asemenea, important s\u0103 lu\u0103m \u00een considerare faptul c\u0103 experien\u021bele individuale variaz\u0103 foarte mult, influen\u021bate de factorii de s\u0103n\u0103tate \u0219i stilul de via\u021b\u0103 personal.<\/p>\n<p>Prin \u00eemp\u0103rt\u0103\u0219irea experien\u021belor, utilizatorii pot oferi suport \u0219i sfaturi altora care iau \u00een considerare sau folosesc \u00een prezent Vigora. Astfel de m\u0103rturii pot ajuta indivizii s\u0103 ia decizii \u00een cuno\u0219tin\u021b\u0103 de cauz\u0103, de\u0219i ele ar trebui s\u0103 fie \u00eentotdeauna completate de sfaturi medicale profesionale pentru a asigura o utilizare sigur\u0103 \u0219i eficient\u0103.<\/p>\n","protected":false},"excerpt":{"rendered":"<p>C\u00e2t timp po\u021bi folosi Vigora? Toleran\u021b\u0103, pauze \u0219i urm\u0103rire \u00cen\u021belegerea c\u00e2t timp po\u021bi folosi Vigora implic\u0103 explorarea efectelor sale, a nivelurilor de toleran\u021b\u0103, a pauzelor necesare \u0219i a importan\u021bei \u00eendrum\u0103rii profesionale. \u00cen\u021belegerea Vigora: o privire de ansamblu Vigora este un medicament utilizat \u00een principal pentru a trata disfunc\u021bia erectil\u0103 (DE) la b\u0103rba\u021bi. Con\u021bine citrat de [&hellip;]<\/p>\n","protected":false},"author":1,"featured_media":0,"parent":0,"menu_order":0,"comment_status":"closed","ping_status":"closed","template":"","meta":{"footnotes":""},"class_list":["post-20067","page","type-page","status-publish","hentry"],"_links":{"self":[{"href":"https:\/\/mahous.com\/index.php\/wp-json\/wp\/v2\/pages\/20067","targetHints":{"allow":["GET"]}}],"collection":[{"href":"https:\/\/mahous.com\/index.php\/wp-json\/wp\/v2\/pages"}],"about":[{"href":"https:\/\/mahous.com\/index.php\/wp-json\/wp\/v2\/types\/page"}],"author":[{"embeddable":true,"href":"https:\/\/mahous.com\/index.php\/wp-json\/wp\/v2\/users\/1"}],"replies":[{"embeddable":true,"href":"https:\/\/mahous.com\/index.php\/wp-json\/wp\/v2\/comments?post=20067"}],"version-history":[{"count":1,"href":"https:\/\/mahous.com\/index.php\/wp-json\/wp\/v2\/pages\/20067\/revisions"}],"predecessor-version":[{"id":20068,"href":"https:\/\/mahous.com\/index.php\/wp-json\/wp\/v2\/pages\/20067\/revisions\/20068"}],"wp:attachment":[{"href":"https:\/\/mahous.com\/index.php\/wp-json\/wp\/v2\/media?parent=20067"}],"curies":[{"name":"wp","href":"https:\/\/api.w.org\/{rel}","templated":true}]}}