{"id":20083,"date":"2026-03-24T05:21:32","date_gmt":"2026-03-24T04:21:32","guid":{"rendered":"https:\/\/mahous.com\/?page_id=20083"},"modified":"2026-03-24T05:21:32","modified_gmt":"2026-03-24T04:21:32","slug":"razumevanje-bimat-003-in-njegove-uporabe-2","status":"publish","type":"page","link":"https:\/\/mahous.com\/index.php\/razumevanje-bimat-003-in-njegove-uporabe-2\/","title":{"rendered":"Razumevanje Bimat 0.03% in njegove uporabe"},"content":{"rendered":"<h1>Nakup Bimat 0.03% na spletu: aplikatorji in higiena<\/h1>\n<p>Nakup Bimat 0.03% na spletu zahteva natan\u010dno preu\u010ditev izbire aplikatorja in higienskih praks za zagotovitev varnosti in u\u010dinkovitosti.<\/p>\n<h2>Razumevanje Bimat 0.03% in njegove uporabe<\/h2>\n<p>Bimat 0.03% je topikalna raztopina, ki se uporablja predvsem za pospe\u0161evanje rasti trepalnic, zaradi \u010desar so dalj\u0161e, gostej\u0161e in temnej\u0161e. To je oftalmolo\u0161ka re\u0161itev, ki je postala priljubljena zaradi svoje u\u010dinkovitosti pri zdravljenju hipotrihoze, stanja, pri katerem so trepalnice redke ali neustrezne. Aktivna sestavina, bimatoprost, posnema prostaglandin, naravno kemikalijo v telesu, ki uravnava rast las.<\/p>\n<p>Poleg kozmeti\u010dne uporabe se bimatoprost uporablja tudi pri zdravljenju glavkoma, stanja, ki pove\u010da pritisk v o\u010deh. Z zni\u017eanjem o\u010desnega tlaka Bimat 0.03% lahko pomaga ohraniti vid in prepre\u010diti po\u0161kodbe vidnega \u017eivca. Vendar pa se ta \u010dlanek osredoto\u010da na njegovo vlogo pri izbolj\u0161anju trepalnic, kjer je postal stalnica v lepotnih rutinah.<\/p>\n<h2>Kako kupiti Bimat 0.03% Varno na spletu<\/h2>\n<p>Nakup Bimat 0.03% na spletu je lahko priro\u010dno, vendar zahteva previden pristop, da zagotovite, da prejmete pristen izdelek. Za\u010dnite tako, da preverite, ali ima spletna lekarna ali prodajalec licenco in dober ugled. Poi\u0161\u010dite certifikate ali odobritve ustreznih farmacevtskih organov, ki ka\u017eejo, da prodajalec izpolnjuje standarde varnosti in kakovosti.<\/p>\n<p>Ko kupujete prek spleta, poskrbite, da spletno mesto uporablja varne na\u010dine pla\u010dila za za\u0161\u010dito va\u0161ih finan\u010dnih podatkov. Izogibajte se pretirano zni\u017eanim cenam, saj so te lahko znak za ponarejene izdelke. Pametno je primerjati cene na ve\u010d platformah, da dobite ob\u010dutek tr\u017ene cene, vendar vedno dajte prednost varnosti in pristnosti pred stro\u0161ki.<\/p>\n<h2>Izbira zanesljivih spletnih lekarn za Bimat 0.03 %<\/h2>\n<p>Zanesljive spletne lekarne bi morale ponuditi podrobne informacije o izdelku, vklju\u010dno s koncentracijo bimatoprosta v Bimatu 0.03% in morebitne stranske u\u010dinke. Zaupanja vredne lekarne imajo obi\u010dajno lahko dosegljivo slu\u017ebo za stranke za povpra\u0161evanje, kar je lahko dober pokazatelj njihove zavezanosti zadovoljstvu potro\u0161nikov.<\/p>\n<p>Preverite ocene strank in ocene za samo lekarno. Spletna mesta, ki omogo\u010dajo neodvisne preglede, lahko zagotovijo vpogled v izku\u0161nje drugih strank in vam pomagajo sprejeti informirano odlo\u010ditev. Poleg tega spletne lekarne, ki zahtevajo recept za Bimat 0.03% zagotavlja, da se izdelek uporablja varno in ustrezno, kar dodaja dodatno raven varnosti.<\/p>\n<h2>Pomen aplikatorjev za Bimat 0.03% Aplikacija<\/h2>\n<p>Pri nanosu Bimat 0.03 %, uporaba ustreznega aplikatorja je klju\u010dnega pomena tako za u\u010dinkovitost kot za higieno. Aplikatorji so zasnovani tako, da zagotavljajo pravi odmerek na liniji trepalnic, kar zagotavlja enakomerno porazdelitev in zmanj\u0161uje tveganje kontaminacije ali izgube. Uporaba prstov ali neodobrenih orodij lahko povzro\u010di nedosledno nana\u0161anje in pove\u010da tveganje oku\u017ebe.<\/p>\n<p>Poleg tega aplikatorji pomagajo ohranjati sterilnost izdelka. Vsak aplikator je obi\u010dajno namenjen enkratni uporabi, kar prepre\u010duje prenos bakterij in zagotavlja, da je vsak nanos \u010dim bolj \u010dist. Ta korak je \u0161e posebej pomemben glede na ob\u010dutljivo naravo o\u010desnega predela.<\/p>\n<h2>Razli\u010dne vrste aplikatorjev za Bimat 0.03 %<\/h2>\n<p>Za uporabo z Bimat 0 je na voljo ve\u010d vrst aplikatorjev.03 %. Najpogostej\u0161i so \u010dopi\u010di s finimi \u0161\u010detinami, podobni tistim v izdelkih za teko\u010de \u010drtalo za o\u010di. Te krta\u010dke omogo\u010dajo natan\u010den nanos vzdol\u017e linije trepalnic. Druga mo\u017enost so aplikatorji za enkratno uporabo, ki so zasnovani za enkratno uporabo za maksimalno higieno.<\/p>\n<p>Nekateri uporabniki se odlo\u010dijo <a href=\"https:\/\/zdravjedoma.si\/bimat-na-spletu-brez-recepta\">https:\/\/zdravjedoma.si\/bimat-na-spletu-brez-recepta<\/a> tudi za aplikatorje za ve\u010dkratno uporabo, ki jih je mogo\u010de sterilizirati po vsaki uporabi. \u010ceprav so ti lahko okolju prijaznej\u0161i, zahtevajo strogo upo\u0161tevanje protokolov \u010di\u0161\u010denja, da se prepre\u010di kontaminacija. Ne glede na vrsto je klju\u010dno izbrati aplikator, ki omogo\u010da enostaven in natan\u010den nanos.<\/p>\n<h2>Kako pravilno uporabljati aplikatorje z Bimat 0.03 %<\/h2>\n<p>Za pravilno uporabo aplikatorjev najprej zagotovite, da so va\u0161e roke in obraz \u010disti, da zmanj\u0161ate tveganje vnosa bakterij v predel okoli o\u010di. Aplikator potopite v Bimat 0.03% raztopino in jo ne\u017eno nanesite vzdol\u017e roba zgornje veke na dnu trepalnic. Izogibajte se nana\u0161anju neposredno na oko ali spodnjo veko, da prepre\u010dite dra\u017eenje.<\/p>\n<p>Prepri\u010dajte se, da je raztopina enakomerno porazdeljena z mirno roko, in takoj zavrzite aplikator, \u010de je zasnovan za enkratno uporabo. \u010ce uporabljate aplikator za ve\u010dkratno uporabo, ga po vsakem nanosu temeljito o\u010distite. Upo\u0161tevanje teh korakov pomaga ohranjati u\u010dinkovitost izdelka in hkrati varuje pred morebitnimi oku\u017ebami.<\/p>\n<h2>Vzdr\u017eevanje higiene pri uporabi Bimat 0.03 %<\/h2>\n<p>Pri uporabi Bimat 0 je higiena najpomembnej\u0161a.03 %, saj lahko nepravilne prakse povzro\u010dijo oku\u017ebe ali druge zaplete. Pred rokovanjem z izdelkom ali aplikatorji si temeljito umijte roke. Prav tako je pomembno, da raztopino shranite na \u010distem in suhem mestu, stran od neposredne son\u010dne svetlobe ali toplote.<\/p>\n<p>Konica plastenke in aplikatorji naj ne bodo v stiku s povr\u0161inami, vklju\u010dno z rokami ali o\u010dmi, da prepre\u010dite kontaminacijo. Poleg tega aplikatorjev ali raztopine nikoli ne delite z drugimi, saj to pove\u010da tveganje navzkri\u017ene kontaminacije in lahko povzro\u010di resne oku\u017ebe o\u010di.<\/p>\n<h2>Koraki za zagotovitev \u010disto\u010de aplikatorja<\/h2>\n<p>Da zagotovite \u010distost aplikatorja, uporabite nov aplikator za vsak nanos, \u010de uporabljate tipe za enkratno uporabo. Aplikatorje za ve\u010dkratno uporabo po vsaki uporabi o\u010distite z milom in vodo ali s \u010distilom na osnovi alkohola. Preden jih shranite na \u010distem in suhem mestu, jih temeljito sperite in pustite, da se popolnoma posu\u0161ijo.<\/p>\n<p>Redno pregledujte svoje aplikatorje glede znakov obrabe ali po\u0161kodb. \u010ce so \u0161\u010detine razpr\u0161ene ali je aplikator kako druga\u010de po\u0161kodovan, ga takoj zamenjajte. Dosledno vzdr\u017eevanje \u010distih aplikatorjev je pomemben korak pri prepre\u010devanju rasti bakterij in zagotavljanju varne uporabe Bimat 0.03 %.<\/p>\n<h2>Potencialna tveganja slabe higiene z Bimat 0.03 %<\/h2>\n<p>Slaba higienska praksa pri uporabi Bimat 0.03% lahko povzro\u010di vrsto te\u017eav, od blagega dra\u017eenja do resnih oku\u017eb. Bakterije in glivice lahko zlahka uspevajo v vla\u017enem okolju, na primer okoli o\u010di, \u010de aplikatorji niso \u010disti. To lahko povzro\u010di bolezni, kot je konjunktivitis ali druge huj\u0161e oku\u017ebe.<\/p>\n<p>Poleg oku\u017eb lahko neustrezna higiena ogrozi celovitost in u\u010dinkovitost Bimat 0.03% raztopina. Kontaminirani aplikatorji lahko v raztopino vnesejo ne\u010disto\u010de, kar lahko spremeni njeno sestavo in zmanj\u0161a njeno u\u010dinkovitost. Zato je vzdr\u017eevanje strogih higienskih standardov bistveno tako za zdravje kot za u\u010dinkovitost izdelka.<\/p>\n<h2>Shranjevanje Bimat 0.03% in aplikatorji pravilno<\/h2>\n<p>Pravilno skladi\u0161\u010denje Bimat 0.03% in njegovih aplikatorjev je klju\u010dnega pomena za ohranjanje njihove u\u010dinkovitosti in varnosti. Raztopino hranite v originalni embala\u017ei, tesno zaprto in shranjeno pri sobni temperaturi. Izogibajte se izpostavljanju ekstremnim temperaturam, saj lahko to razgradi u\u010dinkovine.<\/p>\n<p>Aplikatorje je treba hraniti v suhem in \u010distem okolju, da prepre\u010dite kontaminacijo. \u010ce uporabljate aplikatorje za enkratno uporabo, jih hranite v embala\u017ei, dokler niso pripravljeni za uporabo. Pri vrstah za ve\u010dkratno uporabo zagotovite, da so pred shranjevanjem popolnoma suhi, da prepre\u010dite rast bakterij. Pravilne prakse shranjevanja pomagajo ohranjati celovitost izdelka in zagotavljajo varno uporabo.<\/p>\n<h2>Prepoznavanje in izogibanje spletnim prevaram<\/h2>\n<p>Ob nakupu Bimat 0.03% na spletu, je pomembno, da se zavedate morebitnih prevar. Goljufiva spletna mesta lahko ponujajo ponarejene izdelke, ki so lahko neu\u010dinkoviti ali \u0161kodljivi. Bodite previdni pri spletnih mestih brez preverljivih kontaktnih podatkov ali tistih, ki ponujajo cene, ki so bistveno ni\u017eje od tr\u017enega povpre\u010dja.<\/p>\n<p>Da bi se izognili prevaram, uporabljajte znane in ugledne spletne lekarne. Poi\u0161\u010dite ocene strank in se posvetujte z viri, kot je Better Business Bureau, za morebitne rde\u010de zastavice. Varna spletna mesta imajo obi\u010dajno HTTPS v svojem URL-ju in zagotavljajo jasne politike zasebnosti in varnosti za za\u0161\u010dito podatkov potro\u0161nikov.<\/p>\n<h2>Mnenja strank in izku\u0161nje z Bimat 0.03 %<\/h2>\n<p>Ocene strank lahko zagotovijo dragocen vpogled v u\u010dinkovitost in uporabni\u0161ko izku\u0161njo Bimat 0.03 %. \u0160tevilne uporabnice poro\u010dajo o opaznem izbolj\u0161anju dol\u017eine in debeline trepalnic v tednih redne uporabe. Mnenja pogosto poudarjajo pomen upo\u0161tevanja priporo\u010denih navodil za uporabo za doseganje najbolj\u0161ih rezultatov.<\/p>\n<p>Pri nekaterih uporabnikih pa se lahko pojavijo stranski u\u010dinki ali ugotovijo, da izdelek ne izpolnjuje njihovih pri\u010dakovanj. Branje \u0161irokega nabora ocen lahko daje uravnote\u017een pogled na to, kaj lahko pri\u010dakujete. Ne pozabite, da se posamezne izku\u0161nje lahko razlikujejo in kar deluje pri eni osebi, morda ne bo delovalo pri drugi.<\/p>\n<h2>Posvetovanje z zdravstvenimi delavci pred uporabo<\/h2>\n<p>Pred za\u010detkom Bimat 0.03 %, je priporo\u010dljivo, da se posvetujete z zdravstvenim delavcem, \u0161e posebej, \u010de imate \u017ee obstoje\u010de bolezni o\u010di ali jemljete druga zdravila. Zdravnik ali farmacevt lahko osebno svetuje in oceni, ali je Bimat 0.03% je primeren za vas.<\/p>\n<p>Zdravstveni delavci lahko ponudijo tudi smernice o pravilnih tehnikah uporabe in kaj storiti v primeru ne\u017eelenih u\u010dinkov. Ta korak je klju\u010dnega pomena za zagotovitev, da uporaba Bimat 0.03% je hkrati varen in u\u010dinkovit, njegova uporaba pa je prilagojena va\u0161im posebnim zdravstvenim potrebam.<\/p>\n<h2>Obvladovanje ne\u017eelenih u\u010dinkov in alergijskih reakcij<\/h2>\n<p>Kot vsako zdravilo je tudi Bimat 0.03% lahko povzro\u010di ne\u017eelene u\u010dinke. Pogoste te\u017eave vklju\u010dujejo rde\u010dico o\u010di, srbenje ali suhost. Pomembno je spremljati te simptome in se posvetovati z zdravstvenim delavcem, \u010de vztrajajo ali se poslab\u0161ajo. V redkih primerih lahko uporabniki ob\u010dutijo spremembe v barvi \u0161arenice, \u010deprav je to bolj povezano z uporabo zdravila pri zdravljenju glavkoma.<\/p>\n<p>\u010ce sumite na alergijsko reakcijo, kot je oteklina ali hudo dra\u017eenje, takoj prenehajte z uporabo in poi\u0161\u010dite zdravni\u0161ko pomo\u010d. \u010ce imate vzpostavljen akcijski na\u010drt za obvladovanje stranskih u\u010dinkov, lahko zagotovite hiter in ustrezen odziv na vse \u0161kodljive u\u010dinke.<\/p>\n<h2>Pogosta vpra\u0161anja o Bimat 0.03 %<\/h2>\n<p>Bimat 0.03% je \u0161iroko uporabljen izdelek in seveda obstajajo pogosta vpra\u0161anja v zvezi z njegovo uporabo. Eno pogosto zastavljeno vpra\u0161anje je \u010das, potreben za prikaz rezultatov, ki obi\u010dajno zna\u0161a od \u0161tiri do osem tednov z dosledno uporabo. Druga pogosta poizvedba je, ali se lahko uporablja na spodnjih trepalnicah; Priporo\u010dljivo je, da nanesete le na zgornjo linijo trepalnic, da zmanj\u0161ate tveganje za dra\u017eenje.<\/p>\n<p>Uporabniki se pogosto spra\u0161ujejo tudi o trajanju uporabe. Medtem ko je Bimat 0.03% se lahko uporablja dolgoro\u010dno za ohranjanje rezultatov, za posamezna priporo\u010dila je pomembno upo\u0161tevati nasvete zdravstvenega delavca. Obravnavanje teh vpra\u0161anj pomaga uporabnikom pri sprejemanju informiranih odlo\u010ditev o vgradnji Bimat 0.03 % v njihov lepotni re\u017eim.<\/p>\n","protected":false},"excerpt":{"rendered":"<p>Nakup Bimat 0.03% na spletu: aplikatorji in higiena Nakup Bimat 0.03% na spletu zahteva natan\u010dno preu\u010ditev izbire aplikatorja in higienskih praks za zagotovitev varnosti in u\u010dinkovitosti. Razumevanje Bimat 0.03% in njegove uporabe Bimat 0.03% je topikalna raztopina, ki se uporablja predvsem za pospe\u0161evanje rasti trepalnic, zaradi \u010desar so dalj\u0161e, gostej\u0161e in temnej\u0161e. To je oftalmolo\u0161ka [&hellip;]<\/p>\n","protected":false},"author":1,"featured_media":0,"parent":0,"menu_order":0,"comment_status":"closed","ping_status":"closed","template":"","meta":{"footnotes":""},"class_list":["post-20083","page","type-page","status-publish","hentry"],"_links":{"self":[{"href":"https:\/\/mahous.com\/index.php\/wp-json\/wp\/v2\/pages\/20083","targetHints":{"allow":["GET"]}}],"collection":[{"href":"https:\/\/mahous.com\/index.php\/wp-json\/wp\/v2\/pages"}],"about":[{"href":"https:\/\/mahous.com\/index.php\/wp-json\/wp\/v2\/types\/page"}],"author":[{"embeddable":true,"href":"https:\/\/mahous.com\/index.php\/wp-json\/wp\/v2\/users\/1"}],"replies":[{"embeddable":true,"href":"https:\/\/mahous.com\/index.php\/wp-json\/wp\/v2\/comments?post=20083"}],"version-history":[{"count":1,"href":"https:\/\/mahous.com\/index.php\/wp-json\/wp\/v2\/pages\/20083\/revisions"}],"predecessor-version":[{"id":20085,"href":"https:\/\/mahous.com\/index.php\/wp-json\/wp\/v2\/pages\/20083\/revisions\/20085"}],"wp:attachment":[{"href":"https:\/\/mahous.com\/index.php\/wp-json\/wp\/v2\/media?parent=20083"}],"curies":[{"name":"wp","href":"https:\/\/api.w.org\/{rel}","templated":true}]}}