{"id":20097,"date":"2026-03-24T05:29:14","date_gmt":"2026-03-24T04:29:14","guid":{"rendered":"https:\/\/mahous.com\/?page_id=20097"},"modified":"2026-03-24T05:29:14","modified_gmt":"2026-03-24T04:29:14","slug":"forsta-cialis-soft-tabs-och-deras-fordelar-2","status":"publish","type":"page","link":"https:\/\/mahous.com\/index.php\/forsta-cialis-soft-tabs-och-deras-fordelar-2\/","title":{"rendered":"F\u00f6rst\u00e5 Cialis Soft Tabs och deras f\u00f6rdelar"},"content":{"rendered":"<h1>K\u00f6pa Cialis Soft Tabs online: checkar, sekretess och frakt<\/h1>\n<p>Att navigera vid k\u00f6p av Cialis Soft Tabs online kr\u00e4ver att man f\u00f6rst\u00e5r deras f\u00f6rdelar, s\u00e4kerst\u00e4ller laglighet och skyddar integritet och s\u00e4kerhet, tillsammans med utv\u00e4rdering av frakt- och prisalternativ.<\/p>\n<h2>F\u00f6rst\u00e5 Cialis Soft Tabs och deras f\u00f6rdelar<\/h2>\n<p>Cialis Soft Tabs representerar en bekv\u00e4m variant av den popul\u00e4ra medicinen som anv\u00e4nds f\u00f6r att behandla erektil dysfunktion. Till skillnad fr\u00e5n traditionella tabletter l\u00f6ser sig dessa mjuka flikar snabbt i munnen och g\u00e5r f\u00f6rbi matsm\u00e4ltningssystemet f\u00f6r potentiellt snabbare verkan. Detta kan vara s\u00e4rskilt f\u00f6rdelaktigt f\u00f6r dem som s\u00f6ker mer omedelbara resultat.<\/p>\n<p>Dessutom g\u00f6r den enkla administrationen dem till ett tilltalande val f\u00f6r individer som k\u00e4mpar med att sv\u00e4lja piller. Den aktiva ingrediensen, tadalafil, verkar genom att \u00f6ka blodfl\u00f6det till penis och d\u00e4rigenom underl\u00e4tta och bibeh\u00e5lla en erektion vid sexuell stimulering. Anv\u00e4ndare uppskattar ofta effektens l\u00e5nga varaktighet, som kan vara upp till 36 timmar, vilket ger st\u00f6rre spontanitet j\u00e4mf\u00f6rt med vissa alternativ.<\/p>\n<h2>Juridiska \u00f6verv\u00e4ganden n\u00e4r du k\u00f6per Cialis Soft Tabs online<\/h2>\n<p>N\u00e4r du k\u00f6per Cialis Soft Tabs online \u00e4r det viktigt att vara medveten om de juridiska konsekvenserna. I m\u00e5nga l\u00e4nder \u00e4r tadalafil ett receptbelagt l\u00e4kemedel, vilket inneb\u00e4r att ett giltigt recept kr\u00e4vs f\u00f6r att k\u00f6pa det lagligt. Att skaffa det utan recept kan inte bara leda till juridiska problem utan ocks\u00e5 utg\u00f6ra h\u00e4lsorisker p\u00e5 grund av potentiell missbruk.<\/p>\n<p>Dessutom har varje land sina egna regler f\u00f6r import av receptbelagda l\u00e4kemedel. Det \u00e4r tillr\u00e5dligt att konsultera lokala f\u00f6reskrifter eller s\u00f6ka v\u00e4gledning fr\u00e5n en sjukv\u00e5rdspersonal f\u00f6r att s\u00e4kerst\u00e4lla efterlevnad. Detta steg hj\u00e4lper till att undvika juridiska komplikationer som kan uppst\u00e5 vid gr\u00e4ns\u00f6verskridande k\u00f6p.<\/p>\n<h2>Hur man identifierar ett v\u00e4lrenommerat onlineapotek f\u00f6r Cialis Soft Tabs<\/h2>\n<p>Att v\u00e4lja ett v\u00e4lrenommerat onlineapotek \u00e4r avg\u00f6rande f\u00f6r att s\u00e4kerst\u00e4lla s\u00e4kerheten och \u00e4ktheten f\u00f6r ditt k\u00f6p. B\u00f6rja med att kontrollera om apoteket \u00e4r licensierat och reglerat av l\u00e4mpliga h\u00e4lsomyndigheter. Legitima apotek visar vanligtvis sin licensinformation tydligt p\u00e5 sina webbplatser.<\/p>\n<p>Leta dessutom efter apotek som kr\u00e4ver ett giltigt recept, eftersom detta ofta \u00e4r ett tecken p\u00e5 att de lagliga och etiska standarderna f\u00f6ljs. Kundrecensioner och tredjepartsackrediteringar, s\u00e5som fr\u00e5n National Association of Boards of Pharmacy (NABP) eller liknande organisationer, kan ocks\u00e5 ge v\u00e4rdefulla insikter om apotekets trov\u00e4rdighet.<\/p>\n<h2>S\u00e4kerst\u00e4lla \u00e4ktheten hos Cialis Soft Tabs k\u00f6pta online<\/h2>\n<p>Att s\u00e4kerst\u00e4lla \u00e4ktheten av Cialis Soft Tabs \u00e4r avg\u00f6rande f\u00f6r din s\u00e4kerhet och behandlingseffektivitet. En metod f\u00f6r att verifiera \u00e4ktheten \u00e4r att kontrollera f\u00f6rpackningen f\u00f6r korrekt m\u00e4rkning, inklusive tillverkarens namn, batchnummer och utg\u00e5ngsdatum. F\u00f6rfalskade produkter har ofta f\u00f6rpackningsfel eller saknar dessa detaljer helt och h\u00e5llet.<\/p>\n<p>Dessutom erbjuder vissa tillverkare verifieringstj\u00e4nster d\u00e4r du kan mata in en kod fr\u00e5n f\u00f6rpackningen p\u00e5 deras webbplats f\u00f6r att bekr\u00e4fta produktens legitimitet. Att uppr\u00e4tth\u00e5lla ett vaksamt tillv\u00e4gag\u00e5ngss\u00e4tt n\u00e4r man bed\u00f6mer dessa faktorer hj\u00e4lper till att minska riskerna i samband med f\u00f6rfalskade l\u00e4kemedel.<\/p>\n<h2>Integritetsproblem och dataskydd vid k\u00f6p online<\/h2>\n<p>Integritet \u00e4r ett stort problem f\u00f6r m\u00e5nga individer som k\u00f6per l\u00e4kemedel online. P\u00e5litliga onlineapotek anv\u00e4nder robusta dataskydds\u00e5tg\u00e4rder f\u00f6r att skydda personlig och finansiell information. Leta efter apotek som anv\u00e4nder s\u00e4kra, krypterade anslutningar (HTTPS) p\u00e5 sina webbplatser f\u00f6r att f\u00f6rhindra obeh\u00f6rig \u00e5tkomst till k\u00e4nslig data.<\/p>\n<p>L\u00e4s dessutom apotekets sekretesspolicy f\u00f6r att f\u00f6rst\u00e5 <a href=\"https:\/\/medicinhemma.se\/bestallning-cialis-soft-tabs-online-utan-recept\">K\u00f6pa Cialis Soft Tabs<\/a> hur dina uppgifter kommer att anv\u00e4ndas och lagras. En transparent integritetspolicy som f\u00f6ljer dataskyddsbest\u00e4mmelserna, s\u00e5som General Data Protection Regulation (GDPR) i Europa, \u00e4r en positiv indikator p\u00e5 ett apoteks engagemang f\u00f6r att skydda kundinformation.<\/p>\n<h2>Betalningsmetoder och s\u00e4kerhet f\u00f6r onlinek\u00f6p<\/h2>\n<p>N\u00e4r du g\u00f6r onlinek\u00f6p \u00e4r betalningss\u00e4kerhet av st\u00f6rsta vikt. Ansedda apotek kommer att erbjuda s\u00e4kra betalningsalternativ, s\u00e5som kreditkort, PayPal eller andra p\u00e5litliga betalningsportaler. Dessa metoder ger ett extra lager av skydd mot bedr\u00e4gerier och obeh\u00f6riga transaktioner.<\/p>\n<p>Dessutom erbjuder vissa betalningsleverant\u00f6rer tvistl\u00f6sningstj\u00e4nster, vilket l\u00e4gger till en extra s\u00e4kerhetsniv\u00e5. Det \u00e4r tillr\u00e5dligt att undvika apotek som beg\u00e4r betalning med os\u00e4kra metoder som bank\u00f6verf\u00f6ringar eller kontantbetalningar, som inte erbjuder m\u00f6jligheter om problem uppst\u00e5r.<\/p>\n<h2>J\u00e4mf\u00f6r priser p\u00e5 Cialis Soft Tabs i onlineapotek<\/h2>\n<p>Prisj\u00e4mf\u00f6relse \u00e4r en effektiv strategi f\u00f6r att s\u00e4kerst\u00e4lla att du f\u00e5r det b\u00e4sta v\u00e4rdet f\u00f6r Cialis Soft Tabs. Priserna kan variera avsev\u00e4rt mellan apotek, beroende av faktorer som plats, fraktkostnader och apoteksp\u00e5slag. Anv\u00e4nd prisj\u00e4mf\u00f6relseverktyg eller webbplatser f\u00f6r att f\u00e5 en bredare bild av tillg\u00e4ngliga alternativ.<\/p>\n<p>Var dock f\u00f6rsiktig med priser som verkar f\u00f6r bra f\u00f6r att vara sanna, eftersom de kan tyda p\u00e5 f\u00f6rfalskade eller underm\u00e5liga produkter. Ett balanserat tillv\u00e4gag\u00e5ngss\u00e4tt, med h\u00e4nsyn till b\u00e5de pris och apoteksrykte, \u00e4r avg\u00f6rande f\u00f6r att fatta ett v\u00e4linformerat beslut.<\/p>\n<h2>Fraktalternativ och leveranstider f\u00f6r Cialis Soft Tabs<\/h2>\n<p>Fraktalternativ och leveranstider \u00e4r avg\u00f6rande \u00f6verv\u00e4ganden n\u00e4r du k\u00f6per Cialis Soft Tabs online. De flesta apotek erbjuder flera leveranss\u00e4tt, allt fr\u00e5n standard till expressleverans, med varierande kostnader och tidsramar. T\u00e4nk p\u00e5 din br\u00e5dska och budget n\u00e4r du v\u00e4ljer ett fraktalternativ.<\/p>\n<p>Det \u00e4r ocks\u00e5 klokt att kontrollera om apoteket tillhandah\u00e5ller sp\u00e5rningsinformation f\u00f6r f\u00f6rs\u00e4ndelser, vilket ger trygghet och m\u00f6jlighet att \u00f6vervaka din best\u00e4llnings resa. P\u00e5litliga apotek kommer tydligt att beskriva sina leveranspolicyer, inklusive ber\u00e4knade leveranstider och potentiella f\u00f6rseningar.<\/p>\n<h2>Internationella fraktbest\u00e4mmelser f\u00f6r Cialis Soft Tabs<\/h2>\n<p>Internationell frakt av Cialis Soft Tabs inneb\u00e4r att navigera i komplexa regler, eftersom varje land har distinkta importregler f\u00f6r l\u00e4kemedel. Vissa l\u00e4nder kan kr\u00e4va importtillst\u00e5nd, medan andra kan begr\u00e4nsa importen av receptbelagda l\u00e4kemedel helt.<\/p>\n<p>Innan du g\u00f6r en internationell best\u00e4llning, unders\u00f6k de specifika reglerna i ditt destinationsland. Underl\u00e5tenhet att f\u00f6lja dessa regler kan leda till konfiskering av din best\u00e4llning eller juridiska p\u00e5f\u00f6ljder. Samr\u00e5d med en sjukv\u00e5rdspersonal eller en juridisk expert kan ge klarhet och v\u00e4gledning.<\/p>\n<h2>Riktlinjer f\u00f6r hantering och f\u00f6rvaring av Cialis Soft Tabs<\/h2>\n<p>Korrekt hantering och f\u00f6rvaring av Cialis Soft Tabs \u00e4r avg\u00f6rande f\u00f6r att bibeh\u00e5lla deras effektivitet. F\u00f6rvara l\u00e4kemedlet p\u00e5 en sval, torr plats, borta fr\u00e5n direkt solljus och fukt, vilket kan bryta ner den aktiva ingrediensen. F\u00f6rvara tabletterna i originalf\u00f6rpackningen tills de ska anv\u00e4ndas f\u00f6r att skydda dem fr\u00e5n milj\u00f6faktorer.<\/p>\n<p>Se dessutom till att medicinen f\u00f6rvaras utom r\u00e4ckh\u00e5ll f\u00f6r barn och husdjur f\u00f6r att f\u00f6rhindra oavsiktlig f\u00f6rt\u00e4ring. Att f\u00f6lja dessa riktlinjer hj\u00e4lper till att bevara l\u00e4kemedlets kvalitet och s\u00e4kerhet.<\/p>\n<h2>Potentiella risker och biverkningar av Cialis Soft Tabs<\/h2>\n<p>Som alla mediciner kommer Cialis Soft Tabs med potentiella risker och biverkningar. Vanliga biverkningar inkluderar huvudv\u00e4rk, matsm\u00e4ltningsbesv\u00e4r, ryggsm\u00e4rtor och muskelv\u00e4rk. Dessa symtom f\u00f6rsvinner vanligtvis inom n\u00e5gra timmar men b\u00f6r diskuteras med en v\u00e5rdgivare om de kvarst\u00e5r eller f\u00f6rv\u00e4rras.<\/p>\n<p>Mer allvarliga biverkningar, \u00e4ven om de \u00e4r s\u00e4llsynta, inkluderar pl\u00f6tslig synf\u00f6rlust eller en erektion som varar mer \u00e4n fyra timmar, som b\u00e5da kr\u00e4ver omedelbar l\u00e4karv\u00e5rd. Att f\u00f6rst\u00e5 dessa risker och uppr\u00e4tth\u00e5lla \u00f6ppen kommunikation med en v\u00e5rdgivare kan hj\u00e4lpa till att hantera biverkningar effektivt.<\/p>\n<h2>Kundrecensioner och rekommendationer om att k\u00f6pa Cialis Soft Tabs online<\/h2>\n<p>Kundrecensioner och vittnesm\u00e5l \u00e4r v\u00e4rdefulla resurser n\u00e4r man utv\u00e4rderar onlineapotek. Recensioner ger insikter i andra k\u00f6pares upplevelser, inklusive produktkvalitet, kundservice och leveranstider. Positiva recensioner, s\u00e4rskilt de fr\u00e5n verifierade k\u00f6pare, kan st\u00e4rka f\u00f6rtroendet f\u00f6r ett apotek.<\/p>\n<p>Det \u00e4r dock viktigt att n\u00e4rma sig recensioner med ett kritiskt \u00f6ga, eftersom vissa kan vara partiska eller manipulerade. \u00d6verv\u00e4g en rad recensioner f\u00f6r att f\u00e5 ett balanserat perspektiv och leta efter m\u00f6nster eller \u00e5terkommande teman i kundfeedback.<\/p>\n<h2>Vanliga bedr\u00e4gerier att undvika n\u00e4r du k\u00f6per Cialis Soft Tabs online<\/h2>\n<p>Bedr\u00e4gerier \u00e4r ett utbrett problem p\u00e5 l\u00e4kemedelsmarknaden online. Vanliga bedr\u00e4gerier inkluderar falska apotek som s\u00e4ljer f\u00f6rfalskade produkter, n\u00e4tfiskewebbplatser utformade f\u00f6r att stj\u00e4la personlig information och bedr\u00e4gliga betalningssystem. F\u00f6r att undvika dessa, verifiera apotekets \u00e4kthet och var f\u00f6rsiktig med o\u00f6nskade e-postmeddelanden eller annonser.<\/p>\n<p>Var dessutom f\u00f6rsiktig med apotek som erbjuder betydligt l\u00e4gre priser, eftersom dessa kan tyda p\u00e5 f\u00f6rfalskade produkter. Att s\u00e4kerst\u00e4lla att apoteket kr\u00e4ver ett recept och att kontrollera s\u00e4kra betalningsalternativ \u00e4r effektiva strategier f\u00f6r att skydda mot bedr\u00e4gerier.<\/p>\n<h2>\u00c5terbetalnings- och returpolicyer f\u00f6r onlinek\u00f6p av Cialis Soft Tabs<\/h2>\n<p>Att f\u00f6rst\u00e5 ett apoteks \u00e5terbetalnings- och returpolicy \u00e4r viktigt innan du g\u00f6r ett k\u00f6p. Legitima apotek kommer att ha tydliga, omfattande policyer f\u00f6r returer och \u00e5terbetalningar, inklusive hur man g\u00e5r tillv\u00e4ga om en produkt \u00e4r defekt eller felaktig.<\/p>\n<p>Vanligtvis kan apotek inte acceptera returer av \u00f6ppnade eller anv\u00e4nda l\u00e4kemedel p\u00e5 grund av h\u00e4lso- och s\u00e4kerhetsf\u00f6reskrifter. D\u00e4rf\u00f6r \u00e4r det viktigt att bekr\u00e4fta dina best\u00e4llningsuppgifter innan du slutf\u00f6r k\u00f6pet f\u00f6r att undvika on\u00f6diga komplikationer.<\/p>\n<h2>Framtida trender i onlinek\u00f6p av Cialis Soft Tabs<\/h2>\n<p>Landskapet f\u00f6r onlinel\u00e4kemedelsk\u00f6p utvecklas st\u00e4ndigt, med framtida trender som sannolikt kommer att fokusera p\u00e5 f\u00f6rb\u00e4ttrad s\u00e4kerhet, st\u00f6rre regulatorisk tillsyn och f\u00f6rb\u00e4ttrade kundupplevelser. Framsteg inom teknik kan leda till mer sofistikerade verifieringsmetoder f\u00f6r att s\u00e4kerst\u00e4lla produktens \u00e4kthet.<\/p>\n<p>Dessutom, n\u00e4r telemedicin blir allt vanligare, kan vi se en \u00f6kad integration av receptbelagda tj\u00e4nster med onlineapotek, vilket effektiviserar ink\u00f6psprocessen. Att h\u00e5lla sig \u00e0 jour med dessa trender kan hj\u00e4lpa konsumenterna att fatta v\u00e4lgrundade beslut och anpassa sig till f\u00f6r\u00e4ndringar p\u00e5 marknaden.<\/p>\n","protected":false},"excerpt":{"rendered":"<p>K\u00f6pa Cialis Soft Tabs online: checkar, sekretess och frakt Att navigera vid k\u00f6p av Cialis Soft Tabs online kr\u00e4ver att man f\u00f6rst\u00e5r deras f\u00f6rdelar, s\u00e4kerst\u00e4ller laglighet och skyddar integritet och s\u00e4kerhet, tillsammans med utv\u00e4rdering av frakt- och prisalternativ. F\u00f6rst\u00e5 Cialis Soft Tabs och deras f\u00f6rdelar Cialis Soft Tabs representerar en bekv\u00e4m variant av den popul\u00e4ra [&hellip;]<\/p>\n","protected":false},"author":1,"featured_media":0,"parent":0,"menu_order":0,"comment_status":"closed","ping_status":"closed","template":"","meta":{"footnotes":""},"class_list":["post-20097","page","type-page","status-publish","hentry"],"_links":{"self":[{"href":"https:\/\/mahous.com\/index.php\/wp-json\/wp\/v2\/pages\/20097","targetHints":{"allow":["GET"]}}],"collection":[{"href":"https:\/\/mahous.com\/index.php\/wp-json\/wp\/v2\/pages"}],"about":[{"href":"https:\/\/mahous.com\/index.php\/wp-json\/wp\/v2\/types\/page"}],"author":[{"embeddable":true,"href":"https:\/\/mahous.com\/index.php\/wp-json\/wp\/v2\/users\/1"}],"replies":[{"embeddable":true,"href":"https:\/\/mahous.com\/index.php\/wp-json\/wp\/v2\/comments?post=20097"}],"version-history":[{"count":1,"href":"https:\/\/mahous.com\/index.php\/wp-json\/wp\/v2\/pages\/20097\/revisions"}],"predecessor-version":[{"id":20098,"href":"https:\/\/mahous.com\/index.php\/wp-json\/wp\/v2\/pages\/20097\/revisions\/20098"}],"wp:attachment":[{"href":"https:\/\/mahous.com\/index.php\/wp-json\/wp\/v2\/media?parent=20097"}],"curies":[{"name":"wp","href":"https:\/\/api.w.org\/{rel}","templated":true}]}}