{"id":20145,"date":"2026-03-24T06:01:18","date_gmt":"2026-03-24T05:01:18","guid":{"rendered":"https:\/\/mahous.com\/?page_id=20145"},"modified":"2026-03-24T06:01:18","modified_gmt":"2026-03-24T05:01:18","slug":"a-marka-es-a-generikus-gyogyszerek-kozotti-kulonbseg-megertese-2","status":"publish","type":"page","link":"https:\/\/mahous.com\/index.php\/a-marka-es-a-generikus-gyogyszerek-kozotti-kulonbseg-megertese-2\/","title":{"rendered":"A m\u00e1rka \u00e9s a generikus gy\u00f3gyszerek k\u00f6z\u00f6tti k\u00fcl\u00f6nbs\u00e9g meg\u00e9rt\u00e9se"},"content":{"rendered":"<h1>A m\u00e1rka \u00e9s a generikus gy\u00f3gyszerek \u00f6sszehasonl\u00edt\u00e1sa: szab\u00e1lyoz\u00e1s, bioekvivalencia, \u00e9rt\u00e9k (UK): mit kell tudni az online rendel\u00e9s el\u0151tt<\/h1>\n<p>A m\u00e1rk\u00e1k \u00e9s a generikus gy\u00f3gyszerek k\u00f6z\u00f6tti \u00e1rnyalatok felt\u00e1r\u00e1sa fontos betekint\u00e9st nyer a szab\u00e1lyoz\u00e1sukra, a biol\u00f3giai egyen\u00e9rt\u00e9k\u0171s\u00e9g\u00fckre \u00e9s a k\u00f6lts\u00e9gvonzatokra, amelyek kulcsfontoss\u00e1g\u00faak a t\u00e1j\u00e9kozott online rendel\u00e9sekhez az Egyes\u00fclt Kir\u00e1lys\u00e1gban.<\/p>\n<h2>A m\u00e1rka \u00e9s a generikus gy\u00f3gyszerek k\u00f6z\u00f6tti k\u00fcl\u00f6nbs\u00e9g meg\u00e9rt\u00e9se<\/h2>\n<p>A m\u00e1rkanevek gy\u00f3gyszergy\u00e1rak \u00e1ltal kifejlesztett \u00e9s forgalmazott eredeti term\u00e9kek. Szabadalmak v\u00e9dik \u0151ket, amelyek egy bizonyos ideig kiz\u00e1r\u00f3lagos jogot biztos\u00edtanak a gy\u00f3gyszer \u00e9rt\u00e9kes\u00edt\u00e9s\u00e9re. Ez alatt az id\u0151 alatt a v\u00e1llalat jellemz\u0151en jelent\u0151s \u00f6sszegeket fektet be a kutat\u00e1sba, a klinikai vizsg\u00e1latokba \u00e9s a marketingbe, hogy meg\u00e1llap\u00edtsa a term\u00e9k hat\u00e9konys\u00e1g\u00e1t \u00e9s biztons\u00e1goss\u00e1g\u00e1t. Ennek eredm\u00e9nyek\u00e9nt a m\u00e1rk\u00e1s gy\u00f3gyszerek gyakran magasabb \u00e1rc\u00e9dul\u00e1t hordoznak.<\/p>\n<p>Ezzel szemben a generikus gy\u00f3gyszerek k\u00e9miailag azonosak m\u00e1rk\u00e1ikkal, de az eredeti szabadalom lej\u00e1rta ut\u00e1n k\u00e9miai nev\u00fck\u00f6n vagy m\u00e1s m\u00e1rkan\u00e9ven \u00e1rus\u00edtj\u00e1k \u0151ket. \u00c1ltal\u00e1ban olcs\u00f3bbak, mert nem j\u00e1rnak ugyanazokkal a kezdeti kutat\u00e1si \u00e9s fejleszt\u00e9si k\u00f6lts\u00e9gekkel. Megfizethet\u0151s\u00e9g\u00fck ellen\u00e9re a generikus gy\u00f3gyszereknek ugyanolyan szigor\u00fa min\u0151s\u00e9gi \u00e9s hat\u00e9konys\u00e1gi el\u0151\u00edr\u00e1soknak kell megfelelni\u00fck, mint a m\u00e1rk\u00e1s gy\u00f3gyszereknek.<\/p>\n<h2>A gy\u00f3gyszerek szab\u00e1lyoz\u00e1si keretrendszere az Egyes\u00fclt Kir\u00e1lys\u00e1gban<\/h2>\n<p>Az Egyes\u00fclt Kir\u00e1lys\u00e1g szil\u00e1rd szab\u00e1lyoz\u00e1si kerettel rendelkezik az \u00f6sszes gy\u00f3gyszer biztons\u00e1goss\u00e1g\u00e1nak \u00e9s hat\u00e9konys\u00e1g\u00e1nak biztos\u00edt\u00e1s\u00e1ra, legyen az m\u00e1rka vagy generikus gy\u00f3gyszer. A Medicines and Healthcare Products Regulatory Agency (MHRA) az Egyes\u00fclt Kir\u00e1lys\u00e1gban a gy\u00f3gyszerek szab\u00e1lyoz\u00e1s\u00e1\u00e9rt felel\u0151s kulcsfontoss\u00e1g\u00fa szerv. \u00c9rt\u00e9keli \u00e9s j\u00f3v\u00e1hagyja az \u00faj gy\u00f3gyszereket, miel\u0151tt azok piacra ker\u00fcln\u00e9nek, \u00e9s biztos\u00edtja a biztons\u00e1gi el\u0151\u00edr\u00e1soknak val\u00f3 folyamatos megfelel\u00e9st.<\/p>\n<p>Ezenk\u00edv\u00fcl az MHRA ellen\u0151rz\u00e9seket \u00e9s tesztel\u00e9seket v\u00e9gez annak biztos\u00edt\u00e1sa \u00e9rdek\u00e9ben, hogy a gy\u00e1rt\u00e1si gyakorlat megfeleljen a helyes gy\u00e1rt\u00e1si gyakorlat (GMP) szabv\u00e1nyainak. Ez a szab\u00e1lyoz\u00e1si fel\u00fcgyelet seg\u00edt fenntartani az Egyes\u00fclt Kir\u00e1lys\u00e1gban kaphat\u00f3 gy\u00f3gyszerek biztons\u00e1goss\u00e1g\u00e1ba \u00e9s hat\u00e9konys\u00e1g\u00e1ba vetett k\u00f6zbizalmat.<\/p>\n<h2>Mi a bioekvivalencia \u00e9s mi\u00e9rt sz\u00e1m\u00edt??<\/h2>\n<p>A bioekvivalencia kritikus fogalom a generikus gy\u00f3gyszerek megvitat\u00e1sa sor\u00e1n. Arra a k\u00f6vetelm\u00e9nyre hivatkozik, hogy a generikus gy\u00f3gyszernek ugyanolyan biol\u00f3giai hozz\u00e1f\u00e9rhet\u0151s\u00e9get kell mutatnia, mint a m\u00e1rkanev\u0171 megfelel\u0151j\u00e9nek. M\u00e1s sz\u00f3val, a generikusnak ugyanannyi hat\u00f3anyagot kell a v\u00e9r\u00e1ramba juttatnia, ugyanabban az id\u0151keretben, mint az eredeti gy\u00f3gyszernek.<\/p>\n<p>Ez biztos\u00edtja, hogy a generikus gy\u00f3gyszer ugyanolyan ter\u00e1pi\u00e1s hat\u00e1ssal b\u00edr, mint a m\u00e1rka gy\u00f3gyszere. A bioekvivalencia meg\u00e1llap\u00edt\u00e1sa kulcsfontoss\u00e1g\u00fa, mert biztos\u00edtja az eg\u00e9szs\u00e9g\u00fcgyi szakembereket \u00e9s a betegeket, hogy a generikus gy\u00f3gyszer ugyanolyan hat\u00e9konyan \u00e9s biztons\u00e1gosan m\u0171k\u00f6dik, mint a m\u00e1rk\u00e1s v\u00e1ltozat.<\/p>\n<h2>K\u00f6lts\u00e9gk\u00f6vetkezm\u00e9nyek: M\u00e1rka kontra generikus gy\u00f3gyszerek<\/h2>\n<p>Jelent\u0151s a k\u00f6lts\u00e9gk\u00fcl\u00f6nbs\u00e9g a m\u00e1rk\u00e1s \u00e9s a generikus gy\u00f3gyszerek k\u00f6z\u00f6tt. A m\u00e1rk\u00e1s gy\u00f3gyszerek \u00e1ra gyakran magasabb a fejleszt\u00e9s\u00fckkel, szabadalmi oltalmukkal \u00e9s forgalomba hozatalukkal kapcsolatos k\u00f6lts\u00e9gek miatt. Ezzel szemben a generikus gy\u00f3gyszerek olcs\u00f3bbak, mivel a gy\u00e1rt\u00f3k nem viselik ezeket a kezdeti k\u00f6lts\u00e9geket, \u00e9s a szabadalom lej\u00e1rta ut\u00e1n versenyk\u00e9pes \u00e1ron \u00e9rt\u00e9kes\u00edthetik a gy\u00f3gyszereket.<\/p>\n<p>Ez a megfizethet\u0151s\u00e9g teszi a generikus gy\u00f3gyszereket az eg\u00e9szs\u00e9g\u00fcgyi k\u00f6lts\u00e9gek kezel\u00e9s\u00e9nek kritikus elem\u00e9v\u00e9, mind az egyes betegek, mind az eg\u00e9szs\u00e9g\u00fcgyi rendszer eg\u00e9sze sz\u00e1m\u00e1ra. A generikumok v\u00e1laszt\u00e1s\u00e1val a betegek a m\u00e1rkanev\u0171 gy\u00f3gyszerekkel j\u00e1r\u00f3 anyagi terhek n\u00e9lk\u00fcl juthatnak hozz\u00e1 a sz\u00fcks\u00e9ges kezel\u00e9sekhez.<\/p>\n<h2>A generikus gy\u00f3gyszerek biztons\u00e1goss\u00e1ga \u00e9s hat\u00e9konys\u00e1ga<\/h2>\n<p>Gyakran \u00e9l az a t\u00e9vhit, hogy a generikus gy\u00f3gyszerek rosszabbak, mint a m\u00e1rk\u00e1s gy\u00f3gyszerek. A generikus gy\u00f3gyszereknek azonban szigor\u00fa szab\u00e1lyoz\u00e1si krit\u00e9riumoknak kell megfelelni\u00fck annak biztos\u00edt\u00e1sa \u00e9rdek\u00e9ben, hogy ugyanolyan biztons\u00e1gosak \u00e9s hat\u00e9konyak legyenek, mint m\u00e1rk\u00e1s t\u00e1rsai. Az MHRA el\u0151\u00edrja, hogy a generikumok ugyanolyan hat\u00f3anyagokkal, hat\u00e1ser\u0151ss\u00e9ggel, adagol\u00e1si form\u00e1val \u00e9s bead\u00e1si m\u00f3ddal rendelkezzenek, mint a m\u00e1rkanev\u0171 term\u00e9kek.<\/p>\n<p>Ezenk\u00edv\u00fcl a generikus gy\u00f3gyszereket szigor\u00fa vizsg\u00e1latnak vetik <a href=\"https:\/\/kozvetlenpatika.com\/\">https:\/\/kozvetlenpatika.com\/<\/a> al\u00e1, hogy meger\u0151s\u00edts\u00e9k min\u0151s\u00e9g\u00fcket, hat\u00e9konys\u00e1gukat \u00e9s biztons\u00e1goss\u00e1gukat. Ez biztos\u00edtja, hogy a betegek megb\u00edzhassanak abban, hogy a generikumok ugyanazokat a klinikai el\u0151ny\u00f6ket ny\u00fajtj\u00e1k, mint a m\u00e1rkanev\u0171 gy\u00f3gyszerek, \u00edgy megb\u00edzhat\u00f3 v\u00e1laszt\u00e1ss\u00e1 v\u00e1lnak a kezel\u00e9shez.<\/p>\n<h2>Online gy\u00f3gyszert\u00e1rak ellen\u0151rz\u00e9se az Egyes\u00fclt Kir\u00e1lys\u00e1gban<\/h2>\n<p>Az online gy\u00f3gyszert\u00e1rak t\u00e9rnyer\u00e9s\u00e9vel elengedhetetlen, hogy a fogyaszt\u00f3k v\u00e1s\u00e1rl\u00e1s el\u0151tt ellen\u0151rizz\u00e9k e platformok legitimit\u00e1s\u00e1t. Az Egyes\u00fclt Kir\u00e1lys\u00e1gban a leg\u00e1lis online gy\u00f3gyszert\u00e1rakat regisztr\u00e1lniuk kell a General Pharmaceutical Council-n\u00e1l (GPhC), \u00e9s fel kell t\u00fcntetni\u00fck a log\u00f3jukat a webhely\u00fck\u00f6n.<\/p>\n<p>A fogyaszt\u00f3knak \u00e9rdemes keresni\u00fck a k\u00f6z\u00f6s eur\u00f3pai log\u00f3t is, amely azt jelzi, hogy a gy\u00f3gyszert\u00e1r jogosult gy\u00f3gyszert online \u00e1rus\u00edtani. Az online gy\u00f3gyszert\u00e1r bejegyzett \u00e9s min\u0151s\u00edtett gy\u00f3gyszert\u00e1r\u00e1nak biztos\u00edt\u00e1s\u00e1val a betegek biztons\u00e1gosan hozz\u00e1f\u00e9rhetnek a gy\u00f3gyszerekhez a hamis\u00edtott term\u00e9kek kock\u00e1zata n\u00e9lk\u00fcl.<\/p>\n<h2>Navig\u00e1l\u00e1s a v\u00e9nyk\u00f6telezetts\u00e9gek k\u00f6z\u00f6tt online<\/h2>\n<p>A gy\u00f3gyszerek online rendel\u00e9s\u00e9hez gondos navig\u00e1ci\u00f3 sz\u00fcks\u00e9ges a v\u00e9nyk\u00f6teles k\u00f6vetelm\u00e9nyek k\u00f6z\u00f6tt. Az Egyes\u00fclt Kir\u00e1lys\u00e1gban a v\u00e9nyk\u00f6teles gy\u00f3gyszereket bejegyzett gy\u00f3gyszer\u00e9sznek kell kiadnia, \u00e9s \u00e9rv\u00e9nyes receptre van sz\u00fcks\u00e9g egy enged\u00e9llyel rendelkez\u0151 eg\u00e9szs\u00e9g\u00fcgyi szakembert\u0151l.<\/p>\n<p>A betegek \u00e1ltal\u00e1ban felt\u00f6lthetik receptjeiket az online gy\u00f3gyszert\u00e1r webhely\u00e9re, ahol a gy\u00f3gyszer\u00e9sz fel\u00fclvizsg\u00e1lja azokat a gy\u00f3gyszer kisz\u00e1ll\u00edt\u00e1sa el\u0151tt. Kulcsfontoss\u00e1g\u00fa, hogy a betegek k\u00f6vess\u00e9k ezeket az elj\u00e1r\u00e1sokat annak biztos\u00edt\u00e1sa \u00e9rdek\u00e9ben, hogy a megfelel\u0151 gy\u00f3gyszert \u00e9s adagot kapj\u00e1k.<\/p>\n<h2>Gyakori t\u00e9vhitek a generikus gy\u00f3gyszerekr\u0151l<\/h2>\n<p>Az egyik gyakori t\u00e9vhit az, hogy a generikus gy\u00f3gyszerek kev\u00e9sb\u00e9 hat\u00e9konyak, mint a m\u00e1rk\u00e1s v\u00e1ltozatok. Ez a meggy\u0151z\u0151d\u00e9s nagyr\u00e9szt megalapozatlan, mivel a generikus gy\u00f3gyszereknek ugyanolyan szigor\u00fa min\u0151s\u00e9gi el\u0151\u00edr\u00e1soknak kell megfelelni\u00fck, mint a m\u00e1rkanev\u0171 gy\u00f3gyszereknek.<\/p>\n<p>Egy m\u00e1sik t\u00e9vhit az, hogy a generikumok nem esnek ugyanazon szab\u00e1lyoz\u00e1si ellen\u0151rz\u00e9s al\u00e1. A val\u00f3s\u00e1gban az MHRA szigor\u00faan \u00e9rt\u00e9kel minden gy\u00f3gyszert, f\u00fcggetlen\u00fcl a m\u00e1rka st\u00e1tusz\u00e1t\u00f3l, hogy megbizonyosodjon arr\u00f3l, hogy megfelelnek a biztons\u00e1gi \u00e9s hat\u00e9konys\u00e1gi k\u00f6vetelm\u00e9nyeknek. E t\u00e9nyek meg\u00e9rt\u00e9se seg\u00edthet eloszlatni a m\u00edtoszokat \u00e9s n\u00f6velni a generikus gy\u00f3gyszerek ir\u00e1nti bizalmat.<\/p>\n<h2>Az MHRA szerepe az orvostudom\u00e1nyi szab\u00e1lyoz\u00e1sban<\/h2>\n<p>Az MHRA kulcsszerepet j\u00e1tszik a gy\u00f3gyszerek szab\u00e1lyoz\u00e1s\u00e1ban az Egyes\u00fclt Kir\u00e1lys\u00e1gban. Felel\u0151s annak biztos\u00edt\u00e1s\u00e1\u00e9rt, hogy minden gy\u00f3gyszer, legyen az m\u00e1rka vagy generikus, megfeleljen a magas biztons\u00e1gi, min\u0151s\u00e9gi \u00e9s hat\u00e9konys\u00e1gi el\u0151\u00edr\u00e1soknak. Az \u00fcgyn\u00f6ks\u00e9g \u00e9rt\u00e9kel\u00e9seket v\u00e9gez \u00e9s figyelemmel k\u00eds\u00e9ri a mell\u00e9khat\u00e1sokat, biztos\u00edtva, hogy a gy\u00f3gyszerekkel kapcsolatos probl\u00e9m\u00e1kat azonnal kezelj\u00e9k.<\/p>\n<p>A gy\u00f3gyszerek enged\u00e9lyez\u00e9se mellett az MHRA r\u00e9szt vesz a farmakovigilancia ter\u00fclet\u00e9n is, amely mag\u00e1ban foglalja a gy\u00f3gyszerek piacra ker\u00fcl\u00e9s\u00e9t k\u00f6vet\u0151 folyamatos monitoroz\u00e1s\u00e1t. Ez biztos\u00edtja, hogy minden felmer\u00fcl\u0151 biztons\u00e1gi agg\u00e1lyt gyorsan kezeljenek, v\u00e9dve a k\u00f6zeg\u00e9szs\u00e9get.<\/p>\n<h2>Tippek a biztons\u00e1gos online gy\u00f3gyszerrendel\u00e9shez<\/h2>\n<p>A gy\u00f3gyszerek online rendel\u00e9sekor elengedhetetlen a biztons\u00e1g el\u0151t\u00e9rbe helyez\u00e9se. Ellen\u0151rizze, hogy a gy\u00f3gyszert\u00e1r regisztr\u00e1lva van-e a GPhC-n\u00e9l, \u00e9s megjelenik-e a k\u00f6z\u00f6s eur\u00f3pai log\u00f3. Mindig \u00fcgyeljen a v\u00e9nyk\u00f6teles el\u0151\u00edr\u00e1sok betart\u00e1s\u00e1ra, \u00e9s konzult\u00e1ljon eg\u00e9szs\u00e9g\u00fcgyi szakemberrel, ha k\u00e9ts\u00e9gei vannak a rendelt gy\u00f3gyszerrel kapcsolatban.<\/p>\n<p>Ezenk\u00edv\u00fcl legyen \u00f3vatos azokkal az online gy\u00f3gyszert\u00e1rakkal kapcsolatban, amelyek v\u00e9nyk\u00f6teles gy\u00f3gyszereket k\u00edn\u00e1lnak v\u00e9ny n\u00e9lk\u00fcl, mivel ez az illegitim m\u0171veletek piros z\u00e1szl\u00f3ja. Ezen \u00f3vint\u00e9zked\u00e9sek megt\u00e9tel\u00e9vel a betegek online forr\u00e1sokb\u00f3l biztons\u00e1gosan hozz\u00e1f\u00e9rhetnek a sz\u00e1mukra sz\u00fcks\u00e9ges gy\u00f3gyszerekhez.<\/p>\n<h2>Esettanulm\u00e1nyok: A generikus gy\u00f3gyszerek sikert\u00f6rt\u00e9netei<\/h2>\n<p>A generikus gy\u00f3gyszerek \u00e1talak\u00edt\u00f3 szerepet j\u00e1tszottak az eg\u00e9szs\u00e9g\u00fcgyben az\u00e1ltal, hogy n\u00f6velt\u00e9k az alapvet\u0151 kezel\u00e9sekhez val\u00f3 hozz\u00e1f\u00e9r\u00e9st. Az egyik ilyen sikert\u00f6rt\u00e9net a generikus antiretrovir\u00e1lis gy\u00f3gyszerek sz\u00e9les k\u00f6rben elterjedt el\u00e9rhet\u0151s\u00e9ge, amelyek vil\u00e1gszerte jelent\u0151sen cs\u00f6kkentett\u00e9k a HIV-kezel\u00e9s k\u00f6lts\u00e9geit, ez\u00e1ltal betegek milli\u00f3i sz\u00e1m\u00e1ra jav\u00edtva a hozz\u00e1f\u00e9r\u00e9st.<\/p>\n<p>Egy m\u00e1sik p\u00e9lda az \u00e1ltal\u00e1nos sztatinok bevezet\u00e9se, amely a sz\u00edv- \u00e9s \u00e9rrendszeri betegs\u00e9gekben szenved\u0151 betegek koleszterinszint-kezel\u00e9si k\u00f6lts\u00e9geinek jelent\u0151s cs\u00f6kken\u00e9s\u00e9hez vezetett. Ezek az esetek r\u00e1vil\u00e1g\u00edtanak a generikus gy\u00f3gyszereknek a k\u00f6zeg\u00e9szs\u00e9g\u00fcgyre \u00e9s a betegek kimenetel\u00e9re gyakorolt \u200b\u200bpozit\u00edv hat\u00e1s\u00e1ra.<\/p>\n<h2>A generikus gy\u00f3gyszerek hat\u00e1sa az eg\u00e9szs\u00e9g\u00fcgyi k\u00f6lts\u00e9gekre<\/h2>\n<p>A generikus gy\u00f3gyszerek jelent\u0151s hat\u00e1ssal vannak az eg\u00e9szs\u00e9g\u00fcgyi k\u00f6lts\u00e9gek cs\u00f6kkent\u00e9s\u00e9re. Az\u00e1ltal, hogy megfizethet\u0151bb alternat\u00edv\u00e1kat k\u00edn\u00e1lnak a m\u00e1rkanev\u0171 gy\u00f3gyszerek helyett, a generikumok seg\u00edtenek cs\u00f6kkenteni a betegek \u00e9s az eg\u00e9szs\u00e9g\u00fcgyi rendszerek kiad\u00e1sait. Ez a k\u00f6lts\u00e9gcs\u00f6kkent\u00e9s lehet\u0151v\u00e9 teszi az er\u0151forr\u00e1sok \u00e1tcsoportos\u00edt\u00e1s\u00e1t az eg\u00e9szs\u00e9g\u00fcgy m\u00e1s ter\u00fcleteire, jav\u00edtva ezzel az \u00e1ltal\u00e1nos szolg\u00e1ltat\u00e1sny\u00fajt\u00e1st.<\/p>\n<p>P\u00e9ld\u00e1ul az Egyes\u00fclt Kir\u00e1lys\u00e1gban az NHS \u00e9vente t\u00f6bb milli\u00e1rd fontot takar\u00edt meg generikus gy\u00f3gyszerek haszn\u00e1lat\u00e1val. Ezek a megtakar\u00edt\u00e1sok hozz\u00e1j\u00e1rulnak az eg\u00e9szs\u00e9g\u00fcgyi szolg\u00e1ltat\u00e1sok fenntarthat\u00f3s\u00e1g\u00e1hoz, biztos\u00edtva, hogy t\u00f6bb beteg r\u00e9szes\u00fclhessen p\u00e9nz\u00fcgyi akad\u00e1lyok n\u00e9lk\u00fcl a sz\u00e1mukra sz\u00fcks\u00e9ges ell\u00e1t\u00e1sban.<\/p>\n<h2>A mell\u00e9khat\u00e1sok \u00f6sszehasonl\u00edt\u00e1sa: m\u00e1rka vs \u00e1ltal\u00e1nos<\/h2>\n<p>A m\u00e1rk\u00e1s \u00e9s generikus gy\u00f3gyszerek \u00f6sszehasonl\u00edt\u00e1sakor gyakran felmer\u00fclnek a mell\u00e9khat\u00e1sokkal kapcsolatos aggodalmak. M\u00edg a generikumok hat\u00f3anyagai megegyeznek a m\u00e1rk\u00e1s gy\u00f3gyszerek hat\u00f3anyagaival, az inakt\u00edv \u00f6sszetev\u0151k, p\u00e9ld\u00e1ul a t\u00f6lt\u0151anyagok \u00e9s a tart\u00f3s\u00edt\u00f3szerek elt\u00e9r\u0151ek lehetnek. Ez elt\u00e9r\u00e9sekhez vezethet a mell\u00e9khat\u00e1sokban, b\u00e1r ezek \u00e1ltal\u00e1ban csek\u00e9lyek.<\/p>\n<p>Azoknak a betegeknek, akik szokatlan mell\u00e9khat\u00e1sokat tapasztalnak, konzult\u00e1lniuk kell eg\u00e9szs\u00e9g\u00fcgyi szolg\u00e1ltat\u00f3jukkal, hogy eld\u00f6nts\u00e9k, a generikum megfelel\u0151-e sz\u00e1mukra. \u00d6sszess\u00e9g\u00e9ben a mell\u00e9khat\u00e1sok gyakoris\u00e1ga \u00e9s s\u00falyoss\u00e1ga a m\u00e1rka \u00e9s a generikus gy\u00f3gyszerek k\u00f6z\u00f6tt \u00f6sszehasonl\u00edthat\u00f3, ami biztos\u00edtja, hogy a generikumok tov\u00e1bbra is biztons\u00e1gos v\u00e1laszt\u00e1s maradjanak a legt\u00f6bb beteg sz\u00e1m\u00e1ra.<\/p>\n<h2>A betegek tapasztalatai: m\u00e1rka kontra generikus gy\u00f3gyszerek<\/h2>\n<p>A betegek m\u00e1rka- \u00e9s generikus gy\u00f3gyszerekkel kapcsolatos tapasztalatai elt\u00e9r\u0151ek, de sokan el\u00e9gedettek a generikus gy\u00f3gyszerekkel kapcsolatos hat\u00e9konys\u00e1ggal \u00e9s k\u00f6lts\u00e9gmegtakar\u00edt\u00e1ssal. Egyes betegek kezdetben aggodalmukat fejezhetik ki a generikus gy\u00f3gyszerre val\u00f3 \u00e1t\u00e1ll\u00e1s miatt, de ezek a f\u00e9lelmek gyakran cs\u00f6kkennek, amikor ugyanazokat a ter\u00e1pi\u00e1s eredm\u00e9nyeket figyelik meg.<\/p>\n<p>Az eg\u00e9szs\u00e9g\u00fcgyi szakemberek d\u00f6nt\u0151 szerepet j\u00e1tszanak a betegek oktat\u00e1s\u00e1ban a generikumok biztons\u00e1goss\u00e1g\u00e1r\u00f3l \u00e9s hat\u00e9konys\u00e1g\u00e1r\u00f3l, ami enyh\u00edtheti az aggodalmakat \u00e9s el\u0151seg\u00edtheti az elfogad\u00e1st. A generikumok egyen\u00e9rt\u00e9k\u0171s\u00e9g\u00e9nek meg\u00e9rt\u00e9s\u00e9vel a betegek megalapozott d\u00f6nt\u00e9seket hozhatnak kezel\u00e9si lehet\u0151s\u00e9geiket illet\u0151en.<\/p>\n<h2>Az orvostudom\u00e1ny j\u00f6v\u0151beli trendjei, online el\u00e9rhet\u0151s\u00e9g<\/h2>\n<p>A gy\u00f3gyszerek online el\u00e9rhet\u0151s\u00e9g\u00e9nek j\u00f6v\u0151je a technol\u00f3gia fejl\u0151d\u00e9s\u00e9nek \u00e9s a fogyaszt\u00f3i magatart\u00e1s v\u00e1ltoz\u00e1sainak k\u00f6sz\u00f6nhet\u0151en n\u00f6veked\u00e9sre k\u00e9sz. Ahogy egyre t\u00f6bb beteg keresi a k\u00e9nyelmet \u00e9s a hozz\u00e1f\u00e9rhet\u0151s\u00e9get, az online gy\u00f3gyszert\u00e1rak val\u00f3sz\u00edn\u0171leg b\u0151v\u00edtik k\u00edn\u00e1latukat, bele\u00e9rtve a m\u00e1rk\u00e1s \u00e9s generikus gy\u00f3gyszerek sz\u00e9lesebb k\u00f6r\u00e9t.<\/p>\n<p>A szab\u00e1lyoz\u00f3 szervek tov\u00e1bbra is l\u00e9tfontoss\u00e1g\u00fa szerepet fognak j\u00e1tszani annak biztos\u00edt\u00e1s\u00e1ban, hogy az online gy\u00f3gyszert\u00e1rak betarts\u00e1k a biztons\u00e1gi el\u0151\u00edr\u00e1sokat \u00e9s megb\u00edzhat\u00f3 szolg\u00e1ltat\u00e1sokat ny\u00fajtsanak. A digit\u00e1lis eg\u00e9szs\u00e9g\u00fcgyi technol\u00f3gi\u00e1k fejl\u0151d\u00e9s\u00e9vel a betegek a t\u00e1vorvosl\u00e1s \u00e9s az online gy\u00f3gyszert\u00e1ri szolg\u00e1ltat\u00e1sok nagyobb integr\u00e1ci\u00f3j\u00e1ra sz\u00e1m\u00edthatnak, ami tov\u00e1bb n\u00f6veli a gy\u00f3gyszerek beszerz\u00e9s\u00e9nek k\u00e9nyelm\u00e9t.<\/p>\n","protected":false},"excerpt":{"rendered":"<p>A m\u00e1rka \u00e9s a generikus gy\u00f3gyszerek \u00f6sszehasonl\u00edt\u00e1sa: szab\u00e1lyoz\u00e1s, bioekvivalencia, \u00e9rt\u00e9k (UK): mit kell tudni az online rendel\u00e9s el\u0151tt A m\u00e1rk\u00e1k \u00e9s a generikus gy\u00f3gyszerek k\u00f6z\u00f6tti \u00e1rnyalatok felt\u00e1r\u00e1sa fontos betekint\u00e9st nyer a szab\u00e1lyoz\u00e1sukra, a biol\u00f3giai egyen\u00e9rt\u00e9k\u0171s\u00e9g\u00fckre \u00e9s a k\u00f6lts\u00e9gvonzatokra, amelyek kulcsfontoss\u00e1g\u00faak a t\u00e1j\u00e9kozott online rendel\u00e9sekhez az Egyes\u00fclt Kir\u00e1lys\u00e1gban. A m\u00e1rka \u00e9s a generikus gy\u00f3gyszerek k\u00f6z\u00f6tti k\u00fcl\u00f6nbs\u00e9g [&hellip;]<\/p>\n","protected":false},"author":1,"featured_media":0,"parent":0,"menu_order":0,"comment_status":"closed","ping_status":"closed","template":"","meta":{"footnotes":""},"class_list":["post-20145","page","type-page","status-publish","hentry"],"_links":{"self":[{"href":"https:\/\/mahous.com\/index.php\/wp-json\/wp\/v2\/pages\/20145","targetHints":{"allow":["GET"]}}],"collection":[{"href":"https:\/\/mahous.com\/index.php\/wp-json\/wp\/v2\/pages"}],"about":[{"href":"https:\/\/mahous.com\/index.php\/wp-json\/wp\/v2\/types\/page"}],"author":[{"embeddable":true,"href":"https:\/\/mahous.com\/index.php\/wp-json\/wp\/v2\/users\/1"}],"replies":[{"embeddable":true,"href":"https:\/\/mahous.com\/index.php\/wp-json\/wp\/v2\/comments?post=20145"}],"version-history":[{"count":1,"href":"https:\/\/mahous.com\/index.php\/wp-json\/wp\/v2\/pages\/20145\/revisions"}],"predecessor-version":[{"id":20146,"href":"https:\/\/mahous.com\/index.php\/wp-json\/wp\/v2\/pages\/20145\/revisions\/20146"}],"wp:attachment":[{"href":"https:\/\/mahous.com\/index.php\/wp-json\/wp\/v2\/media?parent=20145"}],"curies":[{"name":"wp","href":"https:\/\/api.w.org\/{rel}","templated":true}]}}