{"id":20215,"date":"2026-03-24T07:17:28","date_gmt":"2026-03-24T06:17:28","guid":{"rendered":"https:\/\/mahous.com\/?page_id=20215"},"modified":"2026-03-27T19:20:48","modified_gmt":"2026-03-27T18:20:48","slug":"zrozumienie-lekow-generycznych-olumiant-2","status":"publish","type":"page","link":"https:\/\/mahous.com\/index.php\/zrozumienie-lekow-generycznych-olumiant-2\/","title":{"rendered":"Zrozumienie lek\u00f3w generycznych Olumiant"},"content":{"rendered":"<h1>Jak przechowywa\u0107, podr\u00f3\u017cowa\u0107 i uzupe\u0142nia\u0107 Olumiant Generic<\/h1>\n<p>Skuteczne zarz\u0105dzanie produktem Olumiant Generic wymaga zrozumienia w\u0142a\u015bciwych praktyk przechowywania, podr\u00f3\u017cowania i uzupe\u0142niania<br \/>\n, w tym korzystanie z renomowanych \u017ar\u00f3de\u0142 takich jak <a href=\"https:\/\/bezpieczna-apteka.com\/olumiant-generyczny-koszt-online-bez-recepty\">https:\/\/bezpieczna-apteka.com\/olumiant-generyczny-koszt-online-bez-recepty<\/a><br \/>\n, aby zapewni\u0107 jego skuteczno\u015b\u0107 i dost\u0119pno\u015b\u0107.<\/p>\n<h2>Zrozumienie lek\u00f3w generycznych Olumiant<\/h2>\n<p>Olumiant Generic, stosowany g\u0142\u00f3wnie w leczeniu reumatoidalnego zapalenia staw\u00f3w, dzia\u0142a poprzez modulacj\u0119 uk\u0142adu odporno\u015bciowego w celu zmniejszenia stanu zapalnego. Jako ta\u0144sza alternatywa dla swojego markowego odpowiednika, oferuje podobne korzy\u015bci terapeutyczne. Zrozumienie jego mechanizmu jest kluczowe, poniewa\u017c opiera si\u0119 na delikatnej r\u00f3wnowadze t\u0142umienia odpowiedzi immunologicznej, kt\u00f3ra mo\u017ce by\u0107 wra\u017cliwa na czynniki \u015brodowiskowe.<\/p>\n<p>Chocia\u017c Olumiant Generic jest skuteczny, mo\u017ce powodowa\u0107 potencjalne skutki uboczne, w tym zwi\u0119kszon\u0105 podatno\u015b\u0107 na infekcje. Dlatego przestrzeganie zalecanych instrukcji jest spraw\u0105 najwy\u017cszej wagi. Pacjenci powinni by\u0107 dobrze poinformowani o przeznaczeniu leku i jego interakcjach z innymi lekami lub schorzeniami, zapewniaj\u0105c bezpieczne i optymalne stosowanie.<\/p>\n<h2>Prawid\u0142owe warunki przechowywania leku Olumiant Generic<\/h2>\n<p>W\u0142a\u015bciwe warunki przechowywania s\u0105 niezb\u0119dne do utrzymania skuteczno\u015bci Olumiant Generic. Lek nale\u017cy przechowywa\u0107 w oryginalnym opakowaniu w celu ochrony przed \u015bwiat\u0142em i wilgoci\u0105, kt\u00f3re mog\u0105 zagrozi\u0107 jego stabilno\u015bci. Na opakowaniu znajduj\u0105 si\u0119 tak\u017ce wa\u017cne informacje dotycz\u0105ce dat wa\u017cno\u015bci i numer\u00f3w serii.<\/p>\n<p>Zaleca si\u0119 przechowywanie leku w ch\u0142odnym i suchym miejscu, z dala od bezpo\u015bredniego \u015bwiat\u0142a s\u0142onecznego i \u017ar\u00f3de\u0142 ciep\u0142a. Pomaga to zachowa\u0107 sk\u0142ad chemiczny, zapewniaj\u0105c bezpiecze\u0144stwo i skuteczno\u015b\u0107 stosowania. Ponadto przechowywanie go poza zasi\u0119giem dzieci i zwierz\u0105t jest niezb\u0119dne, aby zapobiec przypadkowemu po\u0142kni\u0119ciu.<\/p>\n<h2>Rozwa\u017cania dotycz\u0105ce temperatury dla Olumiant Generic<\/h2>\n<p>Wahania temperatury mog\u0105 znacz\u0105co wp\u0142ywa\u0107 na si\u0142\u0119 dzia\u0142ania Olumiant Generic. Idealna temperatura przechowywania powinna wynosi\u0107 od 20\u00b0C do 25\u00b0C. Ekstremalne temperatury, zar\u00f3wno zbyt wysokie, jak i zbyt zimne, mog\u0105 zmieni\u0107 skuteczno\u015b\u0107 leku.<\/p>\n<p>W regionach o znacznych wahaniach temperatur zaleca si\u0119 korzystanie z kontrolowanego \u015brodowiska, takiego jak apteczka w pomieszczeniu o regulowanej temperaturze. Dla tych, kt\u00f3rzy nie maj\u0105 takich opcji, korzystna mo\u017ce by\u0107 inwestycja w ma\u0142y, niezawodny schowek z kontrol\u0105 temperatury.<\/p>\n<h2>Przechowywanie leku Olumiant Generic w domu<\/h2>\n<p>Przechowuj\u0105c Olumiant Generic w domu, nale\u017cy dok\u0142adnie rozwa\u017cy\u0107 lokalizacj\u0119. Szafka \u0142azienkowa mo\u017ce nie by\u0107 idealna ze wzgl\u0119du na wilgo\u0107 powstaj\u0105c\u0105 pod prysznicem, kt\u00f3ra mo\u017ce mie\u0107 wp\u0142yw na dzia\u0142anie lek\u00f3w. Zamiast tego preferowana jest szuflada w sypialni lub dedykowana apteczka w klimatyzowanym pomieszczeniu.<\/p>\n<p>Upewnij si\u0119, \u017ce lek jest \u0142atwo dost\u0119pny, ale bezpieczny. Ta r\u00f3wnowaga pomaga w utrzymaniu regularnego harmonogramu spo\u017cycia, a jednocze\u015bnie zapewnia, \u017ce \u200b\u200binni domownicy nie uzyskaj\u0105 do niej przypadkowego dost\u0119pu. Regularne sprawdzanie stanu i daty wa\u017cno\u015bci leku pomaga zachowa\u0107 jego integralno\u015b\u0107.<\/p>\n<h2>Zasady bezpiecznego podr\u00f3\u017cowania z Olumiant Generic<\/h2>\n<p>Podr\u00f3\u017cowanie lekiem Olumiant Generic wymaga starannego planowania, aby zapewni\u0107 nieprzerwane leczenie. Wskazane jest zabranie ze sob\u0105 wystarczaj\u0105cego zapasu lek\u00f3w na czas podr\u00f3\u017cy, z dodatkowym zapasem na wypadek op\u00f3\u017anie\u0144.<\/p>\n<p>Zawsze pakuj leki w <a href=\"https:\/\/bezpieczna-apteka.com\/olumiant-generyczny-koszt-online-bez-recepty\">https:\/\/bezpieczna-apteka.com\/olumiant-generyczny-koszt-online-bez-recepty<\/a> torb\u0119 podr\u0119czn\u0105, aby zapobiec utracie lub uszkodzeniom, kt\u00f3re mog\u0105 wyst\u0105pi\u0107 w przypadku zgubienia baga\u017cu. Przechowywanie kopii recepty i notatki od podmiotu \u015bwiadcz\u0105cego opiek\u0119 zdrowotn\u0105 mo\u017ce u\u0142atwi\u0107 sprawniejsz\u0105 kontrol\u0119 bezpiecze\u0144stwa i zapewni\u0107 niezb\u0119dn\u0105 dokumentacj\u0119 w nag\u0142ych przypadkach.<\/p>\n<h2>Pakowanie Olumiant Generic do podr\u00f3\u017cy lotniczych<\/h2>\n<p>Podczas lotu lek Olumiant Generic nale\u017cy zapakowa\u0107 w oryginalne opakowanie w przezroczystej plastikowej torbie z mo\u017cliwo\u015bci\u0105 wielokrotnego zamykania. Jest to zgodne z przepisami linii lotniczych i zapewnia \u0142atwy dost\u0119p podczas kontroli bezpiecze\u0144stwa. Rozwa\u017c zabranie ze sob\u0105 za\u015bwiadczenia lekarskiego wyja\u015bniaj\u0105cego konieczno\u015b\u0107 stosowania leku.<\/p>\n<p>Wa\u017cne jest, aby zna\u0107 przepisy dotycz\u0105ce lek\u00f3w obowi\u0105zuj\u0105ce w miejscu docelowym. W niekt\u00f3rych krajach obowi\u0105zuj\u0105 rygorystyczne zasady dotycz\u0105ce wwozu produkt\u00f3w farmaceutycznych, dlatego potwierdzenie tych szczeg\u00f3\u0142\u00f3w odpowiednim w\u0142adzom przed wyjazdem mo\u017ce zapobiec komplikacjom.<\/p>\n<h2>Zarz\u0105dzanie Olumiant Generic podczas d\u0142ugich podr\u00f3\u017cy<\/h2>\n<p>W przypadku d\u0142u\u017cszych podr\u00f3\u017cy planowanie jest kluczem do zarz\u0105dzania dostawami leku Olumiant Generic. Skoordynuj dzia\u0142ania z aptekami w celu uzupe\u0142nienia zapas\u00f3w w miejscu docelowym, je\u015bli podr\u00f3\u017c si\u0119 przed\u0142u\u017cy. Korzystne mo\u017ce by\u0107 wcze\u015bniejsze zidentyfikowanie aptek lub plac\u00f3wek opieki zdrowotnej.<\/p>\n<p>Utrzymanie harmonogramu przyjmowania lek\u00f3w pomimo zmian stref czasowych ma kluczowe znaczenie dla zapewnienia sp\u00f3jnego leczenia. Ustawianie alarm\u00f3w lub przypomnie\u0144 mo\u017ce pom\u00f3c w utrzymaniu tej rutyny i unikn\u0105\u0107 pomini\u0119cia dawek, kt\u00f3re mog\u0142yby mie\u0107 wp\u0142yw na skuteczno\u015b\u0107 leczenia.<\/p>\n<h2>Uzupe\u0142nianie recepty na lek generyczny Olumiant<\/h2>\n<p>Terminowe uzupe\u0142nianie leku Olumiant Generic jest kluczowe dla utrzymania skutecznego leczenia. Pacjenci powinni monitorowa\u0107 swoje zapasy i planowa\u0107 uzupe\u0142nianie na d\u0142ugo przed ich wyczerpaniem. Wiele aptek oferuje us\u0142ugi automatycznego uzupe\u0142niania \u015brodk\u00f3w lub przypomnienia, kt\u00f3re mog\u0105 by\u0107 pomocne.<\/p>\n<p>Om\u00f3wienie opcji uzupe\u0142nienia z farmaceut\u0105 lub korzystanie z aplikacji na recept\u0119 mo\u017ce usprawni\u0107 ten proces. Us\u0142ugi te cz\u0119sto zapewniaj\u0105 alerty i umo\u017cliwiaj\u0105 \u0142atw\u0105 komunikacj\u0119 z aptekami, zapewniaj\u0105c terminowe uzupe\u0142nianie i ci\u0105g\u0142o\u015b\u0107 opieki.<\/p>\n<h2>Nawigacja po uzupe\u0142nieniach aptecznych dla leku Olumiant Generic<\/h2>\n<p>Nawigowanie po uzupe\u0142nieniach aptek wymaga zrozumienia specyficznych proces\u00f3w ka\u017cdej apteki. Niekt\u00f3re mog\u0105 oferowa\u0107 us\u0142ugi dostawy, inne mog\u0105 wymaga\u0107 wizyt osobistych. Zapoznaj si\u0119 z ich zasadami, aby unikn\u0105\u0107 nieoczekiwanych problem\u00f3w.<\/p>\n<p>Wzgl\u0119dy ubezpieczeniowe r\u00f3wnie\u017c odgrywaj\u0105 rol\u0119; zrozumienie zakresu ubezpieczenia lek\u00f3w generycznych mo\u017ce pom\u00f3c w zarz\u0105dzaniu kosztami. Sprawdzenie, czy apteka akceptuje Tw\u00f3j plan ubezpieczenia przed uzupe\u0142nieniem, mo\u017ce zapobiec niepotrzebnym wydatkom bie\u017c\u0105cym.<\/p>\n<h2>Wskaz\u00f3wki, jak unikn\u0105\u0107 wyczerpania si\u0119 Olumiant Generic<\/h2>\n<p>Aby unikn\u0105\u0107 wyczerpania si\u0119 leku Olumiant Generic, prowad\u017a zorganizowany system monitorowania zapas\u00f3w lek\u00f3w. Regularnie licz swoje pigu\u0142ki i kontroluj stan uzupe\u0142nienia recepty. Ta czujno\u015b\u0107 mo\u017ce zapobiec stresowi zwi\u0105zanemu z uzupe\u0142nianiem zapas\u00f3w w ostatniej chwili.<\/p>\n<p>Rozwa\u017c ustawienie automatycznych przypomnie\u0144 w telefonie lub kalendarzu, aby powiadomi\u0107 Ci\u0119, kiedy nadejdzie czas ponownego zam\u00f3wienia. Dodatkowo nawi\u0105zanie relacji z wiarygodn\u0105 aptek\u0105 mo\u017ce u\u0142atwi\u0107 p\u0142ynniejsze i bardziej wydajne procesy uzupe\u0142niania zapas\u00f3w.<\/p>\n<h2>Post\u0119powanie z przeterminowanym lekiem generycznym Olumiant<\/h2>\n<p>Nie nale\u017cy spo\u017cywa\u0107 przeterminowanego leku Olumiant Generic, poniewa\u017c m\u00f3g\u0142 utraci\u0107 swoj\u0105 moc lub sta\u0107 si\u0119 niebezpieczny. W\u0142a\u015bciwa utylizacja jest konieczna, aby zapobiec przypadkowemu po\u0142kni\u0119ciu lub szkodom dla \u015brodowiska. Wiele aptek oferuje programy odbioru lek\u00f3w jako bezpieczn\u0105 metod\u0119 utylizacji.<\/p>\n<p>Je\u015bli takie programy nie s\u0105 dost\u0119pne, nale\u017cy skonsultowa\u0107 si\u0119 z lokalnymi w\u0142adzami zajmuj\u0105cymi si\u0119 gospodark\u0105 odpadami w celu uzyskania wskaz\u00f3wek dotycz\u0105cych utylizacji. Generalnie odradza si\u0119 rozgniatanie lub sp\u0142ukiwanie lek\u00f3w, poniewa\u017c mog\u0105 one zanieczy\u015bci\u0107 zasoby wody. Zawsze post\u0119puj zgodnie z zalecanymi praktykami bezpiecznego usuwania lek\u00f3w.<\/p>\n<h2>Jak rozpozna\u0107 podr\u00f3bk\u0119 leku Olumiant Generic<\/h2>\n<p>Podrabiane leki stanowi\u0105 powa\u017cne zagro\u017cenie dla zdrowia. Autentyczny lek Olumiant Generic powinien by\u0107 dostarczany w oryginalnym opakowaniu z wyra\u017an\u0105 etykiet\u0105 zawieraj\u0105c\u0105 numery partii i daty wa\u017cno\u015bci. Wszelkie rozbie\u017cno\u015bci w opakowaniu lub oznakowaniu nale\u017cy traktowa\u0107 z podejrzliwo\u015bci\u0105.<\/p>\n<p>Aby unikn\u0105\u0107 podr\u00f3bek, nale\u017cy kupowa\u0107 leki w renomowanych aptekach. Unikaj zakup\u00f3w ze \u017ar\u00f3de\u0142 internetowych, kt\u00f3re nie wymagaj\u0105 recepty, poniewa\u017c cz\u0119sto nie s\u0105 one regulowane i mog\u0105 dostarcza\u0107 podrobione lub niespe\u0142niaj\u0105ce norm leki.<\/p>\n<h2>Konsultacje z podmiotami \u015bwiadcz\u0105cymi opiek\u0119 zdrowotn\u0105 na temat leku Olumiant Generic<\/h2>\n<p>Regularne konsultacje z lekarzami zapewniaj\u0105, \u017ce Olumiant Generic jest nadal najlepsz\u0105 opcj\u0105 leczenia. Om\u00f3w wszelkie skutki uboczne lub zmiany stanu zdrowia, poniewa\u017c mog\u0105 one wymaga\u0107 dostosowania dawkowania lub rodzaju leku.<\/p>\n<p>\u015awiadczeniodawcy mog\u0105 r\u00f3wnie\u017c oferowa\u0107 wgl\u0105d w zarz\u0105dzanie lekami w po\u0142\u0105czeniu z innymi metodami leczenia, zapewniaj\u0105c ca\u0142o\u015bciowe podej\u015bcie do zarz\u0105dzania zdrowiem. Otwarta komunikacja z lekarzem mo\u017ce zapobiec powik\u0142aniom i zoptymalizowa\u0107 wyniki leczenia.<\/p>\n<h2>Wzgl\u0119dy prawne dotycz\u0105ce podr\u00f3\u017cowania z Olumiant Generic<\/h2>\n<p>Wzgl\u0119dy prawne s\u0105 kluczowe podczas podr\u00f3\u017cy mi\u0119dzynarodowych z Olumiant Generic. W r\u00f3\u017cnych krajach obowi\u0105zuj\u0105 r\u00f3\u017cne przepisy dotycz\u0105ce importu produkt\u00f3w farmaceutycznych. Zawsze sprawd\u017a ten regulamin przed wyjazdem, aby unikn\u0105\u0107 problem\u00f3w prawnych.<\/p>\n<p>Posiadanie kopii recepty i za\u015bwiadczenia lekarskiego mo\u017ce u\u0142atwi\u0107 sprawniejsze procesy celne. Upewnij si\u0119, \u017ce ca\u0142a dokumentacja jest aktualna i dok\u0142adna i odzwierciedla przewo\u017cony lek oraz konieczno\u015b\u0107 jego stosowania.<\/p>\n<h2>\u0179r\u00f3d\u0142a dodatkowych informacji na temat leku Olumiant Generic<\/h2>\n<p>Aby uzyska\u0107 dalsze informacje na temat leku Olumiant Generic, nieocenione s\u0105 takie zasoby, jak Tw\u00f3j lekarz, farmaceuta i oficjalne przewodniki po lekach. \u0179r\u00f3d\u0142a te oferuj\u0105 dok\u0142adne i aktualne informacje dostosowane do Twoich konkretnych potrzeb zdrowotnych.<\/p>\n<p>Grupy wsparcia dla pacjent\u00f3w i fora internetowe mog\u0105 r\u00f3wnie\u017c zapewni\u0107 spostrze\u017cenia i do\u015bwiadczenia spo\u0142eczno\u015bci, chocia\u017c powinny one raczej uzupe\u0142nia\u0107 ni\u017c zast\u0119powa\u0107 profesjonalne porady. Zawsze sprawdzaj wszelkie informacje pochodz\u0105ce z nieformalnych \u017ar\u00f3de\u0142 u swojego lekarza, aby zapewni\u0107 ich dok\u0142adno\u015b\u0107.<\/p>\n","protected":false},"excerpt":{"rendered":"<p>Jak przechowywa\u0107, podr\u00f3\u017cowa\u0107 i uzupe\u0142nia\u0107 Olumiant Generic Skuteczne zarz\u0105dzanie produktem Olumiant Generic wymaga zrozumienia w\u0142a\u015bciwych praktyk przechowywania, podr\u00f3\u017cowania i uzupe\u0142niania , w tym korzystanie z renomowanych \u017ar\u00f3de\u0142 takich jak https:\/\/bezpieczna-apteka.com\/olumiant-generyczny-koszt-online-bez-recepty , aby zapewni\u0107 jego skuteczno\u015b\u0107 i dost\u0119pno\u015b\u0107. Zrozumienie lek\u00f3w generycznych Olumiant Olumiant Generic, stosowany g\u0142\u00f3wnie w leczeniu reumatoidalnego zapalenia staw\u00f3w, dzia\u0142a poprzez modulacj\u0119 uk\u0142adu odporno\u015bciowego [&hellip;]<\/p>\n","protected":false},"author":1,"featured_media":0,"parent":0,"menu_order":0,"comment_status":"closed","ping_status":"closed","template":"","meta":{"footnotes":""},"class_list":["post-20215","page","type-page","status-publish","hentry"],"_links":{"self":[{"href":"https:\/\/mahous.com\/index.php\/wp-json\/wp\/v2\/pages\/20215","targetHints":{"allow":["GET"]}}],"collection":[{"href":"https:\/\/mahous.com\/index.php\/wp-json\/wp\/v2\/pages"}],"about":[{"href":"https:\/\/mahous.com\/index.php\/wp-json\/wp\/v2\/types\/page"}],"author":[{"embeddable":true,"href":"https:\/\/mahous.com\/index.php\/wp-json\/wp\/v2\/users\/1"}],"replies":[{"embeddable":true,"href":"https:\/\/mahous.com\/index.php\/wp-json\/wp\/v2\/comments?post=20215"}],"version-history":[{"count":2,"href":"https:\/\/mahous.com\/index.php\/wp-json\/wp\/v2\/pages\/20215\/revisions"}],"predecessor-version":[{"id":24547,"href":"https:\/\/mahous.com\/index.php\/wp-json\/wp\/v2\/pages\/20215\/revisions\/24547"}],"wp:attachment":[{"href":"https:\/\/mahous.com\/index.php\/wp-json\/wp\/v2\/media?parent=20215"}],"curies":[{"name":"wp","href":"https:\/\/api.w.org\/{rel}","templated":true}]}}