{"id":20356,"date":"2026-03-24T09:14:12","date_gmt":"2026-03-24T08:14:12","guid":{"rendered":"https:\/\/mahous.com\/?page_id=20356"},"modified":"2026-03-24T09:14:12","modified_gmt":"2026-03-24T08:14:12","slug":"pochopenie-viagra-super-active-zlozenie-a-ucinky","status":"publish","type":"page","link":"https:\/\/mahous.com\/index.php\/pochopenie-viagra-super-active-zlozenie-a-ucinky\/","title":{"rendered":"Pochopenie Viagra Super Active: Zlo\u017eenie a \u00fa\u010dinky"},"content":{"rendered":"<h1>Viagra Super Active vs Levitra (vardenafil): \u010do je lep\u0161ie pre va\u0161e potreby?<\/h1>\n<p>V\u00fdber medzi Viagra Super Active a Levitra zah\u0155\u0148a pochopenie ich zlo\u017eenia, \u00fa\u010dinkov a vhodnosti na z\u00e1klade individu\u00e1lnych potrieb.<\/p>\n<h2>Pochopenie Viagra Super Active: Zlo\u017eenie a \u00fa\u010dinky<\/h2>\n<p>Viagra Super Active je vylep\u0161en\u00e1 formul\u00e1cia popul\u00e1rneho lieku na erektiln\u00fa dysfunkciu Viagra. Obsahuje sildenafil citr\u00e1t, rovnak\u00fa akt\u00edvnu zlo\u017eku, ktor\u00e1 sa nach\u00e1dza v tradi\u010dnej Viagre, ale v upravenej forme, ktor\u00e1 je navrhnut\u00e1 tak, aby ju telo r\u00fdchlej\u0161ie absorbovalo. Cie\u013eom tejto formul\u00e1cie je poskytn\u00fa\u0165 r\u00fdchlej\u0161\u00ed n\u00e1stup \u00fa\u010dinkov a potenci\u00e1lne silnej\u0161ie v\u00fdsledky v boji proti erektilnej dysfunkcii.<\/p>\n<p>Jedine\u010dn\u00e1 \u017eelat\u00ednov\u00e1 kapsula Viagra Super Active umo\u017e\u0148uje jej \u00fa\u010dinnej\u0161ie rozpustenie v tr\u00e1viacom syst\u00e9me, \u010do m\u00f4\u017ee vies\u0165 k r\u00fdchlej\u0161iemu vstreb\u00e1vaniu a n\u00e1stupu \u00fa\u010dinku. T\u00fato verziu Viagry si \u010dasto vyberaj\u00fa t\u00ed, ktor\u00ed vy\u017eaduj\u00fa r\u00fdchlu reakciu na spont\u00e1nnu sexu\u00e1lnu aktivitu. Pou\u017e\u00edvatelia uv\u00e1dzaj\u00fa, \u017ee \u00fa\u010dinky s\u00fa podobn\u00e9 tradi\u010dnej Viagre, ale s pridanou v\u00fdhodou r\u00fdchlosti a potencie.<\/p>\n<h2>Preh\u013ead lieku Levitra (Vardenafil): Ako to funguje<\/h2>\n<p>Levitra, v\u0161eobecne zn\u00e1ma ako vardenafil, je \u010fal\u0161\u00edm liekom pou\u017e\u00edvan\u00fdm na lie\u010dbu erektilnej dysfunkcie. Patr\u00ed do triedy liekov zn\u00e1mych ako inhib\u00edtory fosfodiester\u00e1zy typu 5 (PDE5), ktor\u00e9 p\u00f4sobia tak, \u017ee zvy\u0161uj\u00fa prietok krvi do penisu a pom\u00e1haj\u00fa dosiahnu\u0165 a udr\u017ea\u0165 erekciu po\u010das sexu\u00e1lnej stimul\u00e1cie. Levitra je zn\u00e1ma svojou \u00fa\u010dinnos\u0165ou a spo\u013eahlivos\u0165ou pri lie\u010dbe erektilnej dysfunkcie.<\/p>\n<p>Vardenafil je \u0161truktur\u00e1lne podobn\u00fd sildenafilu, ale m\u00e1 jemn\u00e9 rozdiely, ktor\u00e9 m\u00f4\u017eu ovplyvni\u0165 jeho farmakokinetiku. Levitra je obzvl\u00e1\u0161\u0165 zn\u00e1ma svojou schopnos\u0165ou \u00fa\u010dinkova\u0165 v pr\u00edpadoch, ke\u010f in\u00e9 lieky nemusia by\u0165 tak\u00e9 \u00fa\u010dinn\u00e9, ako napr\u00edklad u star\u0161\u00edch mu\u017eov alebo u pacientov s ur\u010dit\u00fdmi z\u00e1kladn\u00fdmi zdravotn\u00fdmi probl\u00e9mami. V\u010faka tomu je Levitra v\u0161estrannou vo\u013ebou pre \u0161ir\u0161\u00ed okruh pou\u017e\u00edvate\u013eov.<\/p>\n<h2>Porovnanie \u00fa\u010dinnosti Viagra Super Active a Levitra<\/h2>\n<p>Viagra Super Active aj Levitra s\u00fa \u00fa\u010dinn\u00fdmi liekmi na erektiln\u00fa dysfunkciu, ale ich \u00fa\u010dinnos\u0165 sa m\u00f4\u017ee l\u00ed\u0161i\u0165 v z\u00e1vislosti od individu\u00e1lnych zdravotn\u00fdch faktorov a preferenci\u00ed. \u0160t\u00fadie nazna\u010duj\u00fa, \u017ee oba lieky maj\u00fa vysok\u00fa mieru \u00faspe\u0161nosti, pri\u010dom mnoh\u00ed u\u017e\u00edvatelia dosahuj\u00fa uspokojiv\u00fa erekciu dostato\u010dn\u00fa na pohlavn\u00fd styk.<\/p>\n<p>Zatia\u013e \u010do Viagra Super Active je chv\u00e1len\u00e1 pre jej r\u00fdchly n\u00e1stup, Levitra je \u010dasto vyzdvihovan\u00e1 pre jej konzistentn\u00fd v\u00fdkon a trochu dlh\u0161ie trvanie \u00fa\u010dinku. V klinick\u00fdch podmienkach oba lieky preuk\u00e1zali porovnate\u013en\u00fa \u00fa\u010dinnos\u0165, ale osobn\u00e9 sk\u00fasenosti sa m\u00f4\u017eu l\u00ed\u0161i\u0165. Faktory, ako je vek, zdravotn\u00fd stav a \u017eivotn\u00fd \u0161t\u00fdl, m\u00f4\u017eu ovplyvni\u0165, ktor\u00fd liek je pre jednotlivca lep\u0161\u00ed.<\/p>\n<h2>Ved\u013eaj\u0161ie \u00fa\u010dinky Viagra Super Active vs Levitra<\/h2>\n<p>Tak ako v\u0161etky lieky, aj Viagra Super Active a Levitra maj\u00fa potenci\u00e1lne ved\u013eaj\u0161ie \u00fa\u010dinky. \u010cast\u00e9 ved\u013eaj\u0161ie \u00fa\u010dinky Viagry Super Active zah\u0155\u0148aj\u00fa bolesti hlavy, n\u00e1valy hor\u00fa\u010davy, z\u00e1vraty a poruchy tr\u00e1venia. Vo v\u0161eobecnosti s\u00fa mierne a prechodn\u00e9, ale v zriedkav\u00fdch pr\u00edpadoch sa m\u00f4\u017eu vyskytn\u00fa\u0165 z\u00e1va\u017enej\u0161ie ved\u013eaj\u0161ie \u00fa\u010dinky, ako s\u00fa zmeny zraku alebo pred\u013a\u017een\u00e1 erekcia (priapizmus).<\/p>\n<p>Ved\u013eaj\u0161ie \u00fa\u010dinky lieku Levitra s\u00fa podobn\u00e9 ako u Viagra Super Active, pri\u010dom naj\u010dastej\u0161ie s\u00fa hl\u00e1sen\u00e9 bolesti hlavy, n\u00e1valy hor\u00fa\u010davy a upchat\u00fd nos. Levitra v\u0161ak m\u00f4\u017ee u niektor\u00fdch u\u017e\u00edvate\u013eov sp\u00f4sobova\u0165 aj bolesti chrbta. Je d\u00f4le\u017eit\u00e9, aby si u\u017e\u00edvatelia boli vedom\u00ed t\u00fdchto ved\u013eaj\u0161\u00edch \u00fa\u010dinkov a poradili sa s poskytovate\u013eom zdravotnej starostlivosti, ak poci\u0165uj\u00fa ak\u00e9ko\u013evek z\u00e1va\u017en\u00e9 alebo pretrv\u00e1vaj\u00face pr\u00edznaky.<\/p>\n<h2>Trvanie \u00fa\u010dinku: Viagra Super Active vs Levitra<\/h2>\n<p>Trvanie \u00fa\u010dinku je pre mnoh\u00fdch u\u017e\u00edvate\u013eov rozhoduj\u00facim faktorom pri v\u00fdbere medzi Viagrou Super Active a Levitrou. Viagra Super Active vo v\u0161eobecnosti poskytuje \u00fa\u010dinky pribli\u017ene \u0161tyri a\u017e \u0161es\u0165 hod\u00edn, \u010do je podobn\u00e9 ako tradi\u010dn\u00e1 Viagra. Toto trvanie je zvy\u010dajne dostato\u010dn\u00e9 pre v\u00e4\u010d\u0161inu pou\u017e\u00edvate\u013eov na sexu\u00e1lnu aktivitu.<\/p>\n<p>Na druhej strane je Levitra \u010dasto <a href=\"https:\/\/digitalnalekaren.com\/objednavka-viagra-super-active-bez-predpisu\">https:\/\/digitalnalekaren.com\/objednavka-viagra-super-active-bez-predpisu<\/a> zn\u00e1ma t\u00fdm, \u017ee m\u00e1 o nie\u010do dlh\u0161ie trvanie \u00fa\u010dinku, ktor\u00e9 trv\u00e1 a\u017e p\u00e4\u0165 a\u017e \u0161es\u0165 hod\u00edn. Toto pred\u013a\u017een\u00e9 obdobie m\u00f4\u017ee pon\u00faknu\u0165 v\u00e4\u010d\u0161iu flexibilitu a zn\u00ed\u017ei\u0165 potrebu na\u010dasova\u0165 lie\u010dbu v s\u00falade s o\u010dak\u00e1vanou sexu\u00e1lnou aktivitou. Jednotliv\u00e9 reakcie sa v\u0161ak m\u00f4\u017eu l\u00ed\u0161i\u0165 a niektor\u00ed m\u00f4\u017eu pova\u017eova\u0165 jeden liek za vhodnej\u0161\u00ed ako druh\u00fd na z\u00e1klade ich osobn\u00fdch sk\u00fasenost\u00ed.<\/p>\n<h2>\u010cas n\u00e1stupu: ktor\u00fd funguje r\u00fdchlej\u0161ie, Viagra Super Active alebo Levitra?<\/h2>\n<p>Viagra Super Active je navrhnut\u00e1 tak, aby \u00fa\u010dinkovala r\u00fdchlej\u0161ie ako \u0161tandardn\u00e1 Viagra v\u010faka zlo\u017eeniu \u017eelat\u00ednov\u00fdch kaps\u00fal, pri\u010dom \u00fa\u010dinky sa zvy\u010dajne prejavia do 15 a\u017e 30 min\u00fat po u\u017eit\u00ed. Tento r\u00fdchly n\u00e1stup je ide\u00e1lny pre spont\u00e1nne stretnutia, kde je na\u010dasovanie rozhoduj\u00face.<\/p>\n<p>Levitra m\u00e1 tie\u017e relat\u00edvne r\u00fdchly n\u00e1stup \u00fa\u010dinku, pri\u010dom \u00fa\u010dinky sa zvy\u010dajne dostavia do 30 a\u017e 60 min\u00fat. Aj ke\u010f je to o nie\u010do dlh\u0161ie ako Viagra Super Active, n\u00e1stup lieku Levitra sa st\u00e1le pova\u017euje za r\u00fdchly a spo\u013eahliv\u00fd. Pre mnoh\u00fdch pou\u017e\u00edvate\u013eov je mal\u00fd rozdiel v \u010dase n\u00e1stupu vyv\u00e1\u017een\u00fd in\u00fdmi faktormi, ako je trvanie a profil ved\u013eaj\u0161\u00edch \u00fa\u010dinkov.<\/p>\n<h2>Odpor\u00fa\u010dan\u00e9 d\u00e1vkovanie pre Viagra Super Active a Levitra<\/h2>\n<p>Odpor\u00fa\u010dan\u00e1 d\u00e1vka pre Viagra Super Active je zvy\u010dajne 100 mg, u\u017e\u00edva sa pod\u013ea potreby asi 15 a\u017e 30 min\u00fat pred sexu\u00e1lnou aktivitou. U\u017e\u00edvatelia by v\u0161ak nemali prekro\u010di\u0165 jednu d\u00e1vku denne. Je d\u00f4le\u017eit\u00e9, aby jednotlivci za\u010dali s ni\u017e\u0161ou d\u00e1vkou, ak s liekom za\u010d\u00ednaj\u00fa, a pod\u013ea potreby sa prisp\u00f4sobili na z\u00e1klade svojej reakcie a tolerancie.<\/p>\n<p>Levitra sa be\u017ene predpisuje v d\u00e1vkach od 5 mg do 20 mg, ktor\u00e9 sa u\u017e\u00edvaj\u00fa pribli\u017ene 60 min\u00fat pred sexu\u00e1lnou aktivitou. Rovnako ako Viagra Super Active, ani Levitra by sa nemala u\u017e\u00edva\u0165 viac ako raz denne. Pou\u017e\u00edvate\u013eom sa odpor\u00fa\u010da, aby d\u00f4sledne dodr\u017eiavali pokyny poskytovate\u013ea zdravotnej starostlivosti, aby na\u0161li optim\u00e1lne d\u00e1vkovanie, ktor\u00e9 pre nich funguje bez ne\u017eiaducich \u00fa\u010dinkov.<\/p>\n<h2>Interakcie s in\u00fdmi liekmi: k\u013e\u00fa\u010dov\u00e9 \u00favahy<\/h2>\n<p>Viagra Super Active aj Levitra m\u00f4\u017eu interagova\u0165 s in\u00fdmi liekmi, \u010do m\u00f4\u017ee vies\u0165 k ne\u017eiaducim reakci\u00e1m. Je nevyhnutn\u00e9, aby pou\u017e\u00edvatelia informovali svojho poskytovate\u013ea zdravotnej starostlivosti o v\u0161etk\u00fdch liekoch, ktor\u00e9 v s\u00fa\u010dasnosti u\u017e\u00edvaj\u00fa, vr\u00e1tane vo\u013enopredajn\u00fdch liekov a doplnkov stravy.<\/p>\n<p>Osobitn\u00e1 opatrnos\u0165 je potrebn\u00e1 pri nitr\u00e1toch, ktor\u00e9 sa \u010dasto predpisuj\u00fa pri bolestiach na hrudn\u00edku, preto\u017ee ich kombin\u00e1cia s inhib\u00edtormi PDE5 m\u00f4\u017ee sp\u00f4sobi\u0165 nebezpe\u010dn\u00fd pokles krvn\u00e9ho tlaku. Okrem toho niektor\u00e9 antimykotick\u00e9 a antibiotick\u00e9 lieky m\u00f4\u017eu ovplyvni\u0165 metabolizmus Viagra Super Active a Levitra, \u010d\u00edm sa zmen\u00ed ich \u00fa\u010dinnos\u0165 a bezpe\u010dnos\u0165.<\/p>\n<h2>Sk\u00fasenosti pou\u017e\u00edvate\u013eov: Viagra Super Active vs Levitra<\/h2>\n<p>Sk\u00fasenosti pou\u017e\u00edvate\u013eov s liekmi Viagra Super Active a Levitra s\u00fa vo v\u0161eobecnosti pozit\u00edvne, pri\u010dom mnoh\u00ed uv\u00e1dzaj\u00fa zlep\u0161enie sexu\u00e1lnej v\u00fdkonnosti a spokojnosti. Individu\u00e1lne sk\u00fasenosti sa v\u0161ak m\u00f4\u017eu v\u00fdrazne l\u00ed\u0161i\u0165 v z\u00e1vislosti od faktorov, ako je vek, zdravotn\u00fd stav a osobn\u00e9 o\u010dak\u00e1vania.<\/p>\n<p>Niektor\u00ed u\u017e\u00edvatelia uprednost\u0148uj\u00fa Viagru Super Active pre jej r\u00fdchly n\u00e1stup a \u00fa\u010dinnos\u0165, in\u00ed uprednost\u0148uj\u00fa Levitru pre jej konzistenciu a trochu dlh\u0161ie trvanie. Recenzie \u010dasto zd\u00f4raz\u0148uj\u00fa osobn\u00e9 anekdoty, pri\u010dom pou\u017e\u00edvatelia uv\u00e1dzaj\u00fa, ako jednotliv\u00e9 lieky zapadaj\u00fa do ich \u017eivotn\u00e9ho \u0161t\u00fdlu a sp\u013a\u0148aj\u00fa ich \u0161pecifick\u00e9 potreby.<\/p>\n<h2>Porovnanie n\u00e1kladov: Viagra Super Active a Levitra<\/h2>\n<p>Cena je pre mnoh\u00fdch d\u00f4le\u017eit\u00fdm faktorom pri v\u00fdbere medzi Viagrou Super Active a Levitrou. Vo v\u0161eobecnosti sa ceny t\u00fdchto liekov m\u00f4\u017eu zna\u010dne l\u00ed\u0161i\u0165 v z\u00e1vislosti od miesta, poistn\u00e9ho krytia a v\u00fdberu lek\u00e1rne.<\/p>\n<p>V mnoh\u00fdch pr\u00edpadoch m\u00f4\u017ee by\u0165 Viagra Super Active cenovo dostupnej\u0161ia ako Levitra, najm\u00e4 ak sa kupuje vo ve\u013ekom alebo prostredn\u00edctvom online lek\u00e1rn\u00ed. Av\u0161ak, Levitra m\u00f4\u017ee by\u0165 pokryt\u00e1 ur\u010dit\u00fdmi poistn\u00fdmi pl\u00e1nmi, \u010do potenci\u00e1lne zni\u017euje hotov\u00e9 n\u00e1klady. Odpor\u00fa\u010da sa, aby pou\u017e\u00edvatelia porovnali ceny a zv\u00e1\u017eili generick\u00e9 alternat\u00edvy, ak je cena v\u00fdznamn\u00fdm faktorom v ich rozhodovacom procese.<\/p>\n<h2>Faktory \u017eivotn\u00e9ho \u0161t\u00fdlu: V\u00fdber medzi Viagrou Super Active a Levitrou<\/h2>\n<p>Faktory \u017eivotn\u00e9ho \u0161t\u00fdlu m\u00f4\u017eu v\u00fdrazne ovplyvni\u0165 v\u00fdber medzi Viagrou Super Active a Levitrou. Pre jednotlivcov, ktor\u00ed vy\u017eaduj\u00fa r\u00fdchlu reakciu na nepl\u00e1novan\u00fa sexu\u00e1lnu aktivitu, m\u00f4\u017ee by\u0165 pr\u00ed\u0165a\u017elivej\u0161\u00ed r\u00fdchly n\u00e1stup Viagra Super Active. To je obzvl\u00e1\u0161\u0165 d\u00f4le\u017eit\u00e9 pre t\u00fdch, ktor\u00ed ved\u00fa dynamick\u00fd \u017eivotn\u00fd \u0161t\u00fdl a uprednost\u0148uj\u00fa flexibilitu.<\/p>\n<p>Naopak, t\u00ed, ktor\u00ed sa venuj\u00fa pravidelnej sexu\u00e1lnej aktivite s pl\u00e1novan\u00fdm na\u010dasovan\u00edm, m\u00f4\u017eu ma\u0165 v\u00e4\u010d\u0161\u00ed \u00fa\u017eitok z konzistentn\u00fdch a spo\u013eahliv\u00fdch \u00fa\u010dinkov Levitry. Okrem toho \u00favahy, ako s\u00fa stravovacie n\u00e1vyky, ke\u010f\u017ee Levitra je menej ovplyvnen\u00e1 pr\u00edjmom potravy, m\u00f4\u017eu zohr\u00e1va\u0165 \u00falohu pri rozhodovan\u00ed o tom, ktor\u00fd liek najlep\u0161ie zodpoved\u00e1 \u017eivotn\u00e9mu \u0161t\u00fdlu jednotlivca.<\/p>\n<h2>Bezpe\u010dnostn\u00fd profil: Viagra Super Active vs Levitra<\/h2>\n<p>Viagra Super Active aj Levitra sa vo v\u0161eobecnosti pova\u017euj\u00fa za bezpe\u010dn\u00e9, ak sa pou\u017e\u00edvaj\u00fa pod\u013ea pokynov. Je v\u0161ak d\u00f4le\u017eit\u00e9, aby si u\u017e\u00edvatelia boli vedom\u00ed potenci\u00e1lnych riz\u00edk a ved\u013eaj\u0161\u00edch \u00fa\u010dinkov spojen\u00fdch s ka\u017ed\u00fdm liekom. Pravideln\u00e9 konzult\u00e1cie s poskytovate\u013eom zdravotnej starostlivosti m\u00f4\u017eu pom\u00f4c\u0165 zvl\u00e1dnu\u0165 ak\u00e9ko\u013evek nepriazniv\u00e9 \u00fa\u010dinky a zabezpe\u010di\u0165 bezpe\u010dn\u00e9 pou\u017e\u00edvanie.<\/p>\n<p>Viagra Super Active a Levitra pre\u0161li rozsiahlym testovan\u00edm a regula\u010dn\u00fdm schv\u00e1len\u00edm, \u010do zais\u0165uje, \u017ee sp\u013a\u0148aj\u00fa bezpe\u010dnostn\u00e9 normy. Pou\u017e\u00edvatelia s u\u017e existuj\u00facimi zdravotn\u00fdmi probl\u00e9mami, ako s\u00fa srdcov\u00e9 choroby, vysok\u00fd krvn\u00fd tlak alebo cukrovka, by v\u0161ak pred za\u010dat\u00edm lie\u010dby mali vyh\u013eada\u0165 lek\u00e1rsku pomoc.<\/p>\n<h2>Po\u017eiadavky na dostupnos\u0165 a predpis<\/h2>\n<p>Viagra Super Active aj Levitra vy\u017eaduj\u00fa vo v\u00e4\u010d\u0161ine kraj\u00edn lek\u00e1rsky predpis, \u010d\u00edm sa zabezpe\u010d\u00ed, \u017ee ich pou\u017eitie bude monitorovan\u00e9 zdravotn\u00edckymi pracovn\u00edkmi. T\u00e1to po\u017eiadavka pom\u00e1ha predch\u00e1dza\u0165 nespr\u00e1vnemu pou\u017eitiu a zabezpe\u010duje, \u017ee liek je vhodn\u00fd pre zdravotn\u00fd stav u\u017e\u00edvate\u013ea.<\/p>\n<p>Zatia\u013e \u010do oba lieky s\u00fa be\u017ene dostupn\u00e9 v lek\u00e1r\u0148ach, online slu\u017eby zjednodu\u0161ili pr\u00edstup. Pou\u017e\u00edvatelia by si v\u0161ak mali d\u00e1va\u0165 pozor na fal\u0161ovan\u00e9 produkty a zabezpe\u010di\u0165, aby nakupovali z renomovan\u00fdch zdrojov. Konzult\u00e1cia s poskytovate\u013eom zdravotnej starostlivosti m\u00f4\u017ee poskytn\u00fa\u0165 n\u00e1vod na bezpe\u010dn\u00e9 mo\u017enosti n\u00e1kupu.<\/p>\n<h2>Rada lek\u00e1ra: Kedy zvoli\u0165 Viagru Super Active alebo Levitru<\/h2>\n<p>V\u00fdber medzi Viagrou Super Active a Levitrou by mal zah\u0155\u0148a\u0165 diskusiu s poskytovate\u013eom zdravotnej starostlivosti. M\u00f4\u017eu pon\u00faknu\u0165 personalizovan\u00e9 poradenstvo na z\u00e1klade zdravotnej anamn\u00e9zy jednotlivca, s\u00fa\u010dasn\u00fdch liekov a preferenci\u00ed \u017eivotn\u00e9ho \u0161t\u00fdlu. Lek\u00e1r m\u00f4\u017ee odporu\u010di\u0165 vysk\u00fa\u0161a\u0165 oba lieky v r\u00f4znych \u010dasoch, aby ur\u010dil, ktor\u00fd z nich najlep\u0161ie vyhovuje potreb\u00e1m pou\u017e\u00edvate\u013ea.<\/p>\n<p>Poskytovatelia zdravotnej starostlivosti m\u00f4\u017eu tie\u017e pom\u00f4c\u0165 pri rie\u0161en\u00ed ak\u00fdchko\u013evek ob\u00e1v z ved\u013eaj\u0161\u00edch \u00fa\u010dinkov, interakci\u00ed a optim\u00e1lneho d\u00e1vkovania. Ich odborn\u00fd pr\u00ednos je neocenite\u013en\u00fd pri zabezpe\u010dovan\u00ed bezpe\u010dnej a efekt\u00edvnej lie\u010dby erektilnej dysfunkcie.<\/p>\n<h2>Z\u00e1vere\u010dn\u00e9 \u00favahy: Spr\u00e1vna vo\u013eba pre va\u0161e potreby<\/h2>\n<p>V kone\u010dnom d\u00f4sledku v\u00fdber medzi Viagrou Super Active a Levitrou z\u00e1vis\u00ed od individu\u00e1lnych potrieb a preferenci\u00ed. Obidva lieky pon\u00fakaj\u00fa \u00fa\u010dinn\u00e9 rie\u0161enia na erektiln\u00fa dysfunkciu, ale ich rozdiely v n\u00e1stupe, trvan\u00ed, ved\u013eaj\u0161\u00edch \u00fa\u010dinkoch a cene m\u00f4\u017eu vies\u0165 rozhodovac\u00ed proces.<\/p>\n<p>U\u017e\u00edvatelia by mali zv\u00e1\u017ei\u0165 klady a z\u00e1pory ka\u017ed\u00e9ho lieku, ber\u00fac do \u00favahy ich osobn\u00fd \u017eivotn\u00fd \u0161t\u00fdl, zdravotn\u00fd stav a finan\u010dn\u00e9 \u00favahy. Konzult\u00e1cia s poskytovate\u013eom zdravotnej starostlivosti m\u00f4\u017ee poskytn\u00fa\u0165 jasnos\u0165 a istotu pri prij\u00edman\u00ed informovan\u00e9ho rozhodnutia, ktor\u00e9 zvy\u0161uje kvalitu \u017eivota a sexu\u00e1lnu spokojnos\u0165.<\/p>\n","protected":false},"excerpt":{"rendered":"<p>Viagra Super Active vs Levitra (vardenafil): \u010do je lep\u0161ie pre va\u0161e potreby? V\u00fdber medzi Viagra Super Active a Levitra zah\u0155\u0148a pochopenie ich zlo\u017eenia, \u00fa\u010dinkov a vhodnosti na z\u00e1klade individu\u00e1lnych potrieb. Pochopenie Viagra Super Active: Zlo\u017eenie a \u00fa\u010dinky Viagra Super Active je vylep\u0161en\u00e1 formul\u00e1cia popul\u00e1rneho lieku na erektiln\u00fa dysfunkciu Viagra. Obsahuje sildenafil citr\u00e1t, rovnak\u00fa akt\u00edvnu zlo\u017eku, [&hellip;]<\/p>\n","protected":false},"author":1,"featured_media":0,"parent":0,"menu_order":0,"comment_status":"closed","ping_status":"closed","template":"","meta":{"footnotes":""},"class_list":["post-20356","page","type-page","status-publish","hentry"],"_links":{"self":[{"href":"https:\/\/mahous.com\/index.php\/wp-json\/wp\/v2\/pages\/20356","targetHints":{"allow":["GET"]}}],"collection":[{"href":"https:\/\/mahous.com\/index.php\/wp-json\/wp\/v2\/pages"}],"about":[{"href":"https:\/\/mahous.com\/index.php\/wp-json\/wp\/v2\/types\/page"}],"author":[{"embeddable":true,"href":"https:\/\/mahous.com\/index.php\/wp-json\/wp\/v2\/users\/1"}],"replies":[{"embeddable":true,"href":"https:\/\/mahous.com\/index.php\/wp-json\/wp\/v2\/comments?post=20356"}],"version-history":[{"count":1,"href":"https:\/\/mahous.com\/index.php\/wp-json\/wp\/v2\/pages\/20356\/revisions"}],"predecessor-version":[{"id":20357,"href":"https:\/\/mahous.com\/index.php\/wp-json\/wp\/v2\/pages\/20356\/revisions\/20357"}],"wp:attachment":[{"href":"https:\/\/mahous.com\/index.php\/wp-json\/wp\/v2\/media?parent=20356"}],"curies":[{"name":"wp","href":"https:\/\/api.w.org\/{rel}","templated":true}]}}