{"id":20406,"date":"2026-03-24T09:56:48","date_gmt":"2026-03-24T08:56:48","guid":{"rendered":"https:\/\/mahous.com\/?page_id=20406"},"modified":"2026-03-24T09:56:48","modified_gmt":"2026-03-24T08:56:48","slug":"pochopenie-apcalis-sx-oral-jelly","status":"publish","type":"page","link":"https:\/\/mahous.com\/index.php\/pochopenie-apcalis-sx-oral-jelly\/","title":{"rendered":"Pochopenie Apcalis SX Oral Jelly"},"content":{"rendered":"<h1>N\u00e1vod na d\u00e1vkovanie Apcalis SX Oral Jelly: \u0161tandardn\u00e9 sily a ako ich u\u017e\u00edva\u0165<\/h1>\n<p>Komplexn\u00fd sprievodca o pou\u017eit\u00ed, d\u00e1vkovan\u00ed a \u00favah\u00e1ch pre Apcalis SX Oral Jelly ako lie\u010dbu erektilnej dysfunkcie.<\/p>\n<h2>Pochopenie Apcalis SX Oral Jelly<\/h2>\n<p>Apcalis SX Oral Jelly je liek ur\u010den\u00fd na lie\u010dbu erektilnej dysfunkcie (ED) u mu\u017eov. Je to produkt na b\u00e1ze tadalafilu, podobn\u00fd Cialisu a je zn\u00e1my svojou \u00fa\u010dinnos\u0165ou a jednoduchos\u0165ou pou\u017eitia. Na rozdiel od tradi\u010dn\u00fdch tabliet sa Apcalis SX dod\u00e1va vo forme \u017eel\u00e9, \u010do m\u00f4\u017ee by\u0165 vhodnej\u0161ie pre t\u00fdch, ktor\u00ed maj\u00fa probl\u00e9my s preh\u013atan\u00edm tabliet. Forma \u017eel\u00e9 umo\u017e\u0148uje r\u00fdchlej\u0161ie vstreb\u00e1vanie do krvn\u00e9ho obehu a poskytuje r\u00fdchlej\u0161ie v\u00fdsledky.<\/p>\n<p>Apcalis SX Oral Jelly vyr\u00e1ban\u00fd v r\u00f4znych pr\u00edchutiach pon\u00faka chutn\u00fa alternat\u00edvu ku konven\u010dn\u00fdm liekom proti ED. T\u00e1to forma liekov je obzvl\u00e1\u0161\u0165 popul\u00e1rna medzi t\u00fdmi, ktor\u00ed h\u013eadaj\u00fa diskr\u00e9tnos\u0165 a pohodlie. Ako pri ka\u017edom lieku, pochopenie jeho mechanizmu a spr\u00e1vne pou\u017eitie je rozhoduj\u00face pre dosiahnutie optim\u00e1lnych v\u00fdsledkov.<\/p>\n<h2>\u0160tandardn\u00e9 odpor\u00fa\u010dan\u00e9 d\u00e1vkovanie pre Apcalis SX Oral Jelly<\/h2>\n<p>\u0160tandardn\u00e1 d\u00e1vka Apcalis SX Oral Jelly je zvy\u010dajne 20 mg, u\u017e\u00edva sa pod\u013ea potreby. Je d\u00f4le\u017eit\u00e9 poznamena\u0165, \u017ee tento liek by sa nemal pou\u017e\u00edva\u0165 viac ako raz za 24 hod\u00edn. Pou\u017e\u00edvate\u013eom sa odpor\u00fa\u010da dodr\u017eiava\u0165 pokyny na d\u00e1vkovanie poskytnut\u00e9 ich poskytovate\u013eom zdravotnej starostlivosti, aby sa predi\u0161lo mo\u017en\u00fdm ne\u017eiaducim \u00fa\u010dinkom.<\/p>\n<p>Pre t\u00fdch, ktor\u00ed s\u00fa s Apcalis SX nov\u00ed, sa vo v\u0161eobecnosti odpor\u00fa\u010da za\u010da\u0165 so \u0161tandardnou d\u00e1vkou 20 mg, pokia\u013e zdravotn\u00edcky pracovn\u00edk nenariadi inak. Tento po\u010diato\u010dn\u00fd bod umo\u017e\u0148uje u\u017e\u00edvate\u013eovi zmera\u0165, ako jeho telo reaguje na liek, \u010do u\u013eah\u010duje \u00fapravu d\u00e1vkovania v pr\u00edpade potreby.<\/p>\n<h2>Ako efekt\u00edvne u\u017e\u00edva\u0165 Apcalis SX Oral Jelly<\/h2>\n<p>Na dosiahnutie najlep\u0161\u00edch v\u00fdsledkov s Apcalis SX Oral Jelly je d\u00f4le\u017eit\u00e9, aby ste ho u\u017e\u00edvali spr\u00e1vne. \u017del\u00e9 by sa malo konzumova\u0165 priamo z vrec\u00fa\u0161ka, bu\u010f samotn\u00e9 alebo s mal\u00fdm mno\u017estvom vody, ak je to preferovan\u00e9. Najlep\u0161ie je u\u017ei\u0165 ho pribli\u017ene 30 min\u00fat pred sexu\u00e1lnou aktivitou, preto\u017ee to d\u00e1va lieku dostato\u010dn\u00fd \u010das na to, aby za\u010dal \u00fa\u010dinkova\u0165.<\/p>\n<p>Aby \u017eel\u00e9 \u00fa\u010dinkovalo efekt\u00edvne, je vhodn\u00e9 sa pred u\u017eit\u00edm liekov vyhn\u00fa\u0165 \u0165a\u017ek\u00fdm jedl\u00e1m a nadmernej konzum\u00e1cii alkoholu. Tieto faktory m\u00f4\u017eu spomali\u0165 proces absorpcie a oddiali\u0165 n\u00e1stup \u00fa\u010dinkov. U\u017e\u00edvanie \u017eel\u00e9 na la\u010dn\u00fd \u017eal\u00fadok m\u00f4\u017ee zv\u00fd\u0161i\u0165 jeho \u00fa\u010dinnos\u0165 a zabezpe\u010di\u0165 v\u010dasnej\u0161iu reakciu.<\/p>\n<h2>R\u00f4zne sily Apcalis SX Oral Jelly<\/h2>\n<p>Apcalis SX Oral Jelly je dostupn\u00fd v nieko\u013ek\u00fdch sil\u00e1ch, aby vyhovoval r\u00f4znym potreb\u00e1m a toleranci\u00e1m. Najbe\u017enej\u0161ia d\u00e1vka je 20 mg, ale m\u00f4\u017ee by\u0165 dostupn\u00e1 aj v ni\u017e\u0161\u00edch alebo vy\u0161\u0161\u00edch d\u00e1vkach, ako je 10 mg a 40 mg, v z\u00e1vislosti od individu\u00e1lnych po\u017eiadaviek.<\/p>\n<p>V\u00fdber spr\u00e1vnej sily je nevyhnutn\u00fd pre \u00fa\u010dinnos\u0165 a bezpe\u010dnos\u0165. Poskytovate\u013e zdravotnej starostlivosti m\u00f4\u017ee pom\u00f4c\u0165 ur\u010di\u0165 vhodn\u00fa d\u00e1vku na z\u00e1klade zdravotn\u00e9ho stavu pou\u017e\u00edvate\u013ea, z\u00e1va\u017enosti ED a predch\u00e1dzaj\u00facich sk\u00fasenost\u00ed s podobn\u00fdmi liekmi. Je d\u00f4le\u017eit\u00e9 neupravova\u0165 d\u00e1vkovanie bez odborn\u00e9ho vedenia, aby ste sa vyhli mo\u017en\u00fdm zdravotn\u00fdm rizik\u00e1m.<\/p>\n<h2>Na\u010dasovanie a frekvencia d\u00e1vkovania peror\u00e1lneho \u017eel\u00e9 Apcalis SX<\/h2>\n<p>Na\u010dasovanie je kritick\u00fdm faktorom \u00fa\u010dinnosti Apcalis SX Oral Jelly. V ide\u00e1lnom pr\u00edpade by sa liek mal u\u017ei\u0165 asi 30 min\u00fat pred pohlavn\u00fdm stykom. Toto na\u010dasovanie umo\u017e\u0148uje akt\u00edvnej zlo\u017eke tadalafilu dosiahnu\u0165 optim\u00e1lne hladiny v krvnom obehu, \u010do poskytuje najlep\u0161iu \u0161ancu na \u00faspe\u0161n\u00fd v\u00fdsledok.<\/p>\n<p>\u010co sa t\u00fdka frekvencie, Apcalis <a href=\"https:\/\/rychla-lekarne.net\/apcalis-sx-oralne-zele-online-bez-predpisu\">Objedn\u00e1vka Apcalis Sx Jelly 20mg<\/a> SX Oral Jelly sa nem\u00e1 u\u017e\u00edva\u0165 viac ako raz denne. Prekro\u010denie odpor\u00fa\u010danej frekvencie zvy\u0161uje riziko ved\u013eaj\u0161\u00edch \u00fa\u010dinkov a m\u00f4\u017ee vies\u0165 k potenci\u00e1lne \u0161kodliv\u00fdm zdravotn\u00fdm n\u00e1sledkom. Pre t\u00fdch, ktor\u00ed vy\u017eaduj\u00fa \u010dast\u00e9 pou\u017e\u00edvanie, sa odpor\u00fa\u010da konzultova\u0165 so zdravotn\u00edckym pracovn\u00edkom, aby presk\u00famali alternat\u00edvne strat\u00e9gie d\u00e1vkovania alebo lie\u010dby.<\/p>\n<h2>\u00daprava d\u00e1vkovania pre Apcalis SX Oral Jelly<\/h2>\n<p>\u00daprava d\u00e1vkovania Apcalis SX Oral Jelly m\u00f4\u017ee by\u0165 potrebn\u00e1 pre niektor\u00fdch pou\u017e\u00edvate\u013eov, najm\u00e4 pre t\u00fdch, ktor\u00ed maj\u00fa ved\u013eaj\u0161ie \u00fa\u010dinky alebo pova\u017euj\u00fa \u0161tandardn\u00fa d\u00e1vku za ne\u00fa\u010dinn\u00fa. \u00dapravy d\u00e1vkovania sa maj\u00fa v\u017edy vykon\u00e1va\u0165 pod veden\u00edm zdravotn\u00edckeho pracovn\u00edka, aby sa zaistila bezpe\u010dnos\u0165 a \u00fa\u010dinnos\u0165.<\/p>\n<p>Pre jednotlivcov, ktor\u00ed pova\u017euj\u00fa \u0161tandardn\u00fa d\u00e1vku 20 mg za pr\u00edli\u0161 siln\u00fa, mo\u017eno odporu\u010di\u0165 ni\u017e\u0161iu d\u00e1vku, napr\u00edklad 10 mg. Naopak, u t\u00fdch, ktor\u00ed nedosiahnu po\u017eadovan\u00e9 \u00fa\u010dinky s 20 mg, sa m\u00f4\u017ee zv\u00e1\u017ei\u0165 zv\u00fd\u0161en\u00e1 d\u00e1vka, ako je 40 mg. Vy\u0161\u0161ie d\u00e1vky v\u0161ak prin\u00e1\u0161aj\u00fa v\u00e4\u010d\u0161ie riziko ved\u013eaj\u0161\u00edch \u00fa\u010dinkov a treba k nim pristupova\u0165 opatrne.<\/p>\n<h2>Potenci\u00e1lne ved\u013eaj\u0161ie \u00fa\u010dinky Apcalis SX Oral Jelly<\/h2>\n<p>Tak ako v\u0161etky lieky, aj Apcalis SX Oral Jelly m\u00f4\u017ee sp\u00f4sobova\u0165 ved\u013eaj\u0161ie \u00fa\u010dinky, hoci sa neprejavia u ka\u017ed\u00e9ho. \u010cast\u00e9 ved\u013eaj\u0161ie \u00fa\u010dinky zah\u0155\u0148aj\u00fa bolesti hlavy, poruchy tr\u00e1venia, bolesti chrbta a s\u010dervenanie tv\u00e1re. Tieto \u00fa\u010dinky s\u00fa zvy\u010dajne mierne a kr\u00e1tkodob\u00e9.<\/p>\n<p>M\u00f4\u017eu sa vyskytn\u00fa\u0165 z\u00e1va\u017enej\u0161ie ved\u013eaj\u0161ie \u00fa\u010dinky, aj ke\u010f zriedkav\u00e9, a m\u00f4\u017eu zah\u0155\u0148a\u0165 zmeny videnia, stratu sluchu alebo pred\u013a\u017een\u00fa erekciu. Ak sa objavia nejak\u00e9 z\u00e1va\u017en\u00e9 pr\u00edznaky, je d\u00f4le\u017eit\u00e9 okam\u017eite vyh\u013eada\u0165 lek\u00e1rsku pomoc. Pochopenie potenci\u00e1lnych ved\u013eaj\u0161\u00edch \u00fa\u010dinkov m\u00f4\u017ee pou\u017e\u00edvate\u013eom pom\u00f4c\u0165 urobi\u0165 informovan\u00e9 rozhodnutia o mo\u017enostiach lie\u010dby.<\/p>\n<h2>Bezpe\u010dnostn\u00e9 opatrenia a kontraindik\u00e1cie pre Apcalis SX Oral Jelly<\/h2>\n<p>Pred za\u010dat\u00edm u\u017e\u00edvania Apcalis SX Oral Jelly je potrebn\u00e9 zv\u00e1\u017ei\u0165 ur\u010dit\u00e9 opatrenia. Mu\u017ei s kardiovaskul\u00e1rnymi ochoreniami, probl\u00e9mami s pe\u010de\u0148ou alebo obli\u010dkami alebo t\u00ed, ktor\u00ed u\u017e\u00edvaj\u00fa nitr\u00e1ty, by sa mali vyhn\u00fa\u0165 tomuto lieku kv\u00f4li mo\u017en\u00fdm interakci\u00e1m a zdravotn\u00fdm rizik\u00e1m.<\/p>\n<p>Rovnako d\u00f4le\u017eit\u00e9 je ozn\u00e1mi\u0165 poskytovate\u013eovi zdravotnej starostlivosti ak\u00e9ko\u013evek in\u00e9 lieky, ktor\u00e9 u\u017e\u00edvate, preto\u017ee Apcalis SX m\u00f4\u017ee interagova\u0165 s nieko\u013ek\u00fdmi l\u00e1tkami, vr\u00e1tane niektor\u00fdch antibiot\u00edk a antifung\u00e1lnych liekov. Zabezpe\u010denie komplexn\u00e9ho hodnotenia zdravotn\u00e9ho stavu m\u00f4\u017ee zabr\u00e1ni\u0165 kontraindik\u00e1ci\u00e1m a podpori\u0165 bezpe\u010dn\u00e9 pou\u017e\u00edvanie.<\/p>\n<h2>Interakcie s in\u00fdmi liekmi<\/h2>\n<p>Apcalis SX Oral Jelly m\u00f4\u017ee interagova\u0165 s r\u00f4znymi liekmi, \u010do m\u00f4\u017ee potenci\u00e1lne zmeni\u0165 jeho \u00fa\u010dinnos\u0165 alebo zv\u00fd\u0161i\u0165 riziko ved\u013eaj\u0161\u00edch \u00fa\u010dinkov. Najm\u00e4 dusi\u010dnany a alfa-blok\u00e1tory, be\u017ene predpisovan\u00e9 pri srdcov\u00fdch ochoreniach, m\u00f4\u017eu v kombin\u00e1cii s Apcalisom SX sp\u00f4sobi\u0165 nebezpe\u010dn\u00e9 poklesy krvn\u00e9ho tlaku.<\/p>\n<p>\u010eal\u0161ie interakcie zah\u0155\u0148aj\u00fa ur\u010dit\u00e9 antimykotik\u00e1, antibiotik\u00e1 a inhib\u00edtory HIV prote\u00e1zy. Pou\u017e\u00edvatelia by mali svojmu poskytovate\u013eovi zdravotnej starostlivosti poskytn\u00fa\u0165 \u00fapln\u00fd zoznam liekov, aby identifikovali v\u0161etky mo\u017en\u00e9 interakcie. Vyh\u00fdbanie sa kontraindikovan\u00fdm liekom zais\u0165uje, \u017ee Apcalis SX sa m\u00f4\u017ee pou\u017e\u00edva\u0165 bezpe\u010dne a efekt\u00edvne.<\/p>\n<h2>Pokyny na skladovanie pre Apcalis SX Oral Jelly<\/h2>\n<p>Spr\u00e1vne skladovanie Apcalis SX Oral Jelly je d\u00f4le\u017eit\u00e9 na udr\u017eanie jeho \u00fa\u010dinnosti. \u017del\u00e9 by sa malo a\u017e do pou\u017eitia uchov\u00e1va\u0165 v p\u00f4vodnom obale a skladova\u0165 pri izbovej teplote mimo vlhkosti a priameho slne\u010dn\u00e9ho \u017eiarenia. D\u00f4le\u017eit\u00e9 je aj to, aby bol mimo dosahu det\u00ed a dom\u00e1cich zvierat.<\/p>\n<p>Rovnako ako u mnoh\u00fdch liekov je d\u00f4le\u017eit\u00e1 kontrola d\u00e1tumu spotreby pred pou\u017eit\u00edm. Pou\u017e\u00edvanie produktov po expir\u00e1cii m\u00f4\u017ee zn\u00ed\u017ei\u0165 \u00fa\u010dinnos\u0165 a m\u00f4\u017ee predstavova\u0165 zdravotn\u00e9 rizik\u00e1. Ak existuj\u00fa nejak\u00e9 obavy t\u00fdkaj\u00face sa stavu \u017eel\u00e9, odpor\u00fa\u010da sa poradi\u0165 sa s lek\u00e1rnikom.<\/p>\n<h2>Porovnanie Apcalis SX Oral Jelly s in\u00fdmi lie\u010dbami ED<\/h2>\n<p>Apcalis SX Oral Jelly pon\u00faka nieko\u013eko v\u00fdhod oproti tradi\u010dn\u00fdm liekom proti ED, ako s\u00fa tablety. Jeho \u017eel\u00e9 forma poskytuje r\u00fdchlej\u0161ie vstreb\u00e1vanie, \u010do m\u00f4\u017ee by\u0165 prospe\u0161n\u00e9 pre t\u00fdch, ktor\u00ed h\u013eadaj\u00fa r\u00fdchle v\u00fdsledky. R\u00f4znorodos\u0165 pr\u00edchut\u00ed z neho navy\u0161e rob\u00ed pr\u00ed\u0165a\u017elivej\u0161iu mo\u017enos\u0165 pre mnoh\u00fdch pou\u017e\u00edvate\u013eov.<\/p>\n<p>V porovnan\u00ed s in\u00fdmi lie\u010dbami, ako je Viagra, m\u00e1 Apcalis SX dlh\u0161ie trvanie \u00fa\u010dinku, v niektor\u00fdch pr\u00edpadoch a\u017e 36 hod\u00edn. Toto roz\u0161\u00edren\u00e9 okno \u00fa\u010dinnosti umo\u017e\u0148uje v\u00e4\u010d\u0161iu spont\u00e1nnos\u0165, \u010do m\u00f4\u017ee by\u0165 pre mnoh\u00fdch pou\u017e\u00edvate\u013eov v\u00fdznamnou v\u00fdhodou. V\u00fdber lie\u010dby by sa v\u0161ak mal riadi\u0165 individu\u00e1lnymi preferenciami a anamn\u00e9zou.<\/p>\n<h2>\u010casto kladen\u00e9 ot\u00e1zky o Apcalis SX Oral Jelly<\/h2>\n<p>Mnoho potenci\u00e1lnych u\u017e\u00edvate\u013eov Apcalis SX Oral Jelly m\u00e1 be\u017en\u00e9 ot\u00e1zky t\u00fdkaj\u00face sa jeho pou\u017e\u00edvania. Jedna \u010dasto kladen\u00e1 ot\u00e1zka sa t\u00fdka \u010dasu n\u00e1stupu, ktor\u00fd je vo v\u0161eobecnosti okolo 30 min\u00fat. \u010eal\u0161ia \u010dast\u00e1 ot\u00e1zka s\u00favis\u00ed s konzum\u00e1ciou alkoholu; mierne pitie je zvy\u010dajne bezpe\u010dn\u00e9, ale treba sa vyhn\u00fa\u0165 nadmern\u00e9mu po\u017e\u00edvaniu alkoholu.<\/p>\n<p>Prevl\u00e1daj\u00fa aj ot\u00e1zky o rozdieloch medzi Apcalisom SX a in\u00fdmi liekmi proti ED. Aj ke\u010f je \u00fa\u010dinn\u00e1 l\u00e1tka podobn\u00e1 Cialisu, \u017eel\u00e9 forma Apcalis SX m\u00f4\u017ee pon\u00faknu\u0165 jedine\u010dn\u00e9 v\u00fdhody z h\u013eadiska jednoduch\u00e9ho pou\u017eitia a r\u00fdchlosti absorpcie. Rie\u0161enie t\u00fdchto ot\u00e1zok m\u00f4\u017ee jednotlivcom pom\u00f4c\u0165 urobi\u0165 informovan\u00e9 rozhodnutia o mo\u017enostiach lie\u010dby.<\/p>\n<h2>\u00daloha Apcalis SX Oral Jelly pri lie\u010dbe erektilnej dysfunkcie<\/h2>\n<p>Apcalis SX Oral Jelly hr\u00e1 v\u00fdznamn\u00fa \u00falohu pri lie\u010dbe erektilnej dysfunkcie a pon\u00faka alternat\u00edvu pre t\u00fdch, ktor\u00ed rad\u0161ej nepou\u017e\u00edvaj\u00fa tradi\u010dn\u00e9 tablety. Jeho r\u00fdchlo p\u00f4sobiaci charakter a pred\u013a\u017een\u00e9 trvanie \u00fa\u010dinku z neho robia ob\u013e\u00faben\u00fa vo\u013ebu pre mnoh\u00fdch mu\u017eov, ktor\u00ed chc\u00fa zlep\u0161i\u0165 svoje sexu\u00e1lne zdravie.<\/p>\n<p>Zv\u00fd\u0161en\u00edm prietoku krvi do penisu pom\u00e1ha Apcalis SX dosiahnu\u0165 a udr\u017ea\u0165 erekciu dostato\u010dn\u00fa na pohlavn\u00fd styk. T\u00e1to schopnos\u0165 obnovi\u0165 sexu\u00e1lne funkcie m\u00f4\u017ee ma\u0165 pozit\u00edvny vplyv na sebavedomie a celkov\u00fa kvalitu \u017eivota. Ako s\u00fa\u010das\u0165 komplexn\u00e9ho pr\u00edstupu k lie\u010dbe ED je Apcalis SX pre mnoh\u00fdch cennou mo\u017enos\u0165ou.<\/p>\n<h2>Tipy na maximaliz\u00e1ciu \u00fa\u010dinnosti Apcalis SX Oral Jelly<\/h2>\n<p>Ak chcete z Apcalis SX Oral Jelly vy\u0165a\u017ei\u0165 maximum, pou\u017e\u00edvatelia by mali dodr\u017eiava\u0165 ur\u010dit\u00e9 pokyny. U\u017e\u00edvanie \u017eel\u00e9 na la\u010dn\u00fd \u017eal\u00fadok a vyh\u00fdbanie sa \u0165a\u017ek\u00fdm jedl\u00e1m m\u00f4\u017ee zv\u00fd\u0161i\u0165 jeho \u00fa\u010dinnos\u0165. Okrem toho zmiernenie pr\u00edjmu alkoholu m\u00f4\u017ee zabr\u00e1ni\u0165 potenci\u00e1lnemu oneskoreniu \u00fa\u010dinku lieku.<\/p>\n<p>\u00da\u010dinnos\u0165 Apcalis SX m\u00f4\u017ee podpori\u0165 aj udr\u017eiavanie zdrav\u00e9ho \u017eivotn\u00e9ho \u0161t\u00fdlu, vr\u00e1tane pravideln\u00e9ho cvi\u010denia a vyv\u00e1\u017eenej stravy. Zvl\u00e1danie stresu a zabezpe\u010denie otvorenej komunik\u00e1cie s partnerom m\u00f4\u017ee e\u0161te viac zlep\u0161i\u0165 sexu\u00e1lnu v\u00fdkonnos\u0165 a spokojnos\u0165. Tieto strat\u00e9gie m\u00f4\u017eu pom\u00f4c\u0165 maximalizova\u0165 v\u00fdhody lieku.<\/p>\n<h2>Pred pou\u017eit\u00edm Apcalis SX Oral Jelly sa pora\u010fte s odborn\u00edkom v oblasti zdravotnej starostlivosti<\/h2>\n<p>Pred za\u010dat\u00edm u\u017e\u00edvania Apcalis SX Oral Jelly je nevyhnutn\u00e9 poradi\u0165 sa so zdravotn\u00edckym pracovn\u00edkom. M\u00f4\u017eu poskytn\u00fa\u0165 d\u00f4kladn\u00e9 vyhodnotenie zdravotn\u00e9ho stavu jednotlivca a ur\u010di\u0165, \u010di je tento liek vhodn\u00fd. Profesion\u00e1l m\u00f4\u017ee tie\u017e pon\u00faknu\u0165 poradenstvo pri d\u00e1vkovan\u00ed a monitorovan\u00ed ak\u00fdchko\u013evek ved\u013eaj\u0161\u00edch \u00fa\u010dinkov alebo interakci\u00ed s in\u00fdmi liekmi.<\/p>\n<p>Zapojenie sa do otvoren\u00e9ho dial\u00f3gu s poskytovate\u013eom zdravotnej starostlivosti zais\u0165uje, \u017ee sa zoh\u013eadnia v\u0161etky zdravotn\u00e9 aspekty a \u017ee pl\u00e1n lie\u010dby je prisp\u00f4soben\u00fd individu\u00e1lnym potreb\u00e1m. T\u00e1to konzult\u00e1cia je k\u013e\u00fa\u010dov\u00fdm krokom k bezpe\u010dn\u00e9mu a efekt\u00edvnemu zvl\u00e1dnutiu erektilnej dysfunkcie pomocou Apcalis SX Oral Jelly.<\/p>\n","protected":false},"excerpt":{"rendered":"<p>N\u00e1vod na d\u00e1vkovanie Apcalis SX Oral Jelly: \u0161tandardn\u00e9 sily a ako ich u\u017e\u00edva\u0165 Komplexn\u00fd sprievodca o pou\u017eit\u00ed, d\u00e1vkovan\u00ed a \u00favah\u00e1ch pre Apcalis SX Oral Jelly ako lie\u010dbu erektilnej dysfunkcie. Pochopenie Apcalis SX Oral Jelly Apcalis SX Oral Jelly je liek ur\u010den\u00fd na lie\u010dbu erektilnej dysfunkcie (ED) u mu\u017eov. Je to produkt na b\u00e1ze tadalafilu, podobn\u00fd [&hellip;]<\/p>\n","protected":false},"author":1,"featured_media":0,"parent":0,"menu_order":0,"comment_status":"closed","ping_status":"closed","template":"","meta":{"footnotes":""},"class_list":["post-20406","page","type-page","status-publish","hentry"],"_links":{"self":[{"href":"https:\/\/mahous.com\/index.php\/wp-json\/wp\/v2\/pages\/20406","targetHints":{"allow":["GET"]}}],"collection":[{"href":"https:\/\/mahous.com\/index.php\/wp-json\/wp\/v2\/pages"}],"about":[{"href":"https:\/\/mahous.com\/index.php\/wp-json\/wp\/v2\/types\/page"}],"author":[{"embeddable":true,"href":"https:\/\/mahous.com\/index.php\/wp-json\/wp\/v2\/users\/1"}],"replies":[{"embeddable":true,"href":"https:\/\/mahous.com\/index.php\/wp-json\/wp\/v2\/comments?post=20406"}],"version-history":[{"count":1,"href":"https:\/\/mahous.com\/index.php\/wp-json\/wp\/v2\/pages\/20406\/revisions"}],"predecessor-version":[{"id":20407,"href":"https:\/\/mahous.com\/index.php\/wp-json\/wp\/v2\/pages\/20406\/revisions\/20407"}],"wp:attachment":[{"href":"https:\/\/mahous.com\/index.php\/wp-json\/wp\/v2\/media?parent=20406"}],"curies":[{"name":"wp","href":"https:\/\/api.w.org\/{rel}","templated":true}]}}