{"id":20470,"date":"2026-03-24T11:11:05","date_gmt":"2026-03-24T10:11:05","guid":{"rendered":"https:\/\/mahous.com\/?page_id=20470"},"modified":"2026-03-24T11:11:05","modified_gmt":"2026-03-24T10:11:05","slug":"intelegerea-levitra-generic-o-prezentare-generala","status":"publish","type":"page","link":"https:\/\/mahous.com\/index.php\/intelegerea-levitra-generic-o-prezentare-generala\/","title":{"rendered":"\u00cen\u021belegerea Levitra Generic: O prezentare general\u0103"},"content":{"rendered":"<h1>Tot ce trebuie s\u0103 \u0219ti\u021bi \u00eenainte de a cump\u0103ra Levitra Generic<\/h1>\n<p>Acest ghid cuprinz\u0103tor exploreaz\u0103 aspectele cheie ale achizi\u021bion\u0103rii \u0219i utiliz\u0103rii Levitra Generic, de la beneficiile \u0219i efectele secundare, p\u00e2n\u0103 la considerente juridice \u0219i experien\u021bele pacien\u021bilor.<\/p>\n<h2>\u00cen\u021belegerea Levitra Generic: O prezentare general\u0103<\/h2>\n<p>Levitra Generic este o alternativ\u0103 la medicamentul de marc\u0103 Levitra, utilizat \u00een principal pentru a trata disfunc\u021bia erectil\u0103 (DE) la b\u0103rba\u021bi. Con\u021bine ingredientul activ vardenafil, care este un inhibitor al fosfodiesterazei de tip 5 (PDE5). Aceast\u0103 clas\u0103 de medicamente func\u021bioneaz\u0103 prin cre\u0219terea fluxului de s\u00e2nge c\u0103tre penis \u00een timpul stimul\u0103rii sexuale, facilit\u00e2nd ob\u021binerea \u0219i men\u021binerea unei erec\u021bii.<\/p>\n<p>Medicamentele generice sunt de obicei lansate dup\u0103 expirarea brevetului pentru un medicament de marc\u0103, permi\u021b\u00e2nd altor produc\u0103tori s\u0103 produc\u0103 formul\u0103ri similare. Levitra Generic nu este diferit \u00een aceast\u0103 privin\u021b\u0103, oferind o solu\u021bie rentabil\u0103 pentru cei care caut\u0103 tratament pentru ED. \u00cen\u021belegerea elementelor fundamentale ale modului \u00een care func\u021bioneaz\u0103 \u0219i a beneficiilor sale este crucial\u0103 pentru a lua o decizie informat\u0103 cu privire la utilizarea acestuia.<\/p>\n<h2>Cum ac\u021bioneaz\u0103 Levitra generic \u00een organism<\/h2>\n<p>Levitra Generic func\u021bioneaz\u0103 prin inhibarea PDE5, o enzim\u0103 care se g\u0103se\u0219te \u00een pere\u021bii vaselor de s\u00e2nge. Prin blocarea acestei enzime, medicamentul promoveaz\u0103 relaxarea vaselor de s\u00e2nge din penis, permi\u021b\u00e2nd cre\u0219terea fluxului sanguin. Acest proces este esen\u021bial pentru ob\u021binerea unei erec\u021bii sus\u021binute \u00een timpul activit\u0103\u021bii sexuale.<\/p>\n<p>La ingerare, vardenafilul este absorbit \u00een s\u00e2nge, ating\u00e2nd concentra\u021bia maxim\u0103 \u00een 30 p\u00e2n\u0103 la 60 de minute. Efectele sale pot dura p\u00e2n\u0103 la cinci ore, oferind o fereastr\u0103 de oportunitate pentru activit\u0103\u021bi sexuale spontane. Este important de re\u021binut c\u0103 stimularea sexual\u0103 este necesar\u0103 pentru ca medicamentul s\u0103 fie eficient, deoarece nu induce o erec\u021bie \u00een mod independent.<\/p>\n<h2>Compar\u00e2nd Levitra generic cu marca Levitra<\/h2>\n<p>Diferen\u021ba principal\u0103 dintre Levitra Generic \u0219i omologul s\u0103u de marc\u0103 este costul. Genericele sunt \u00een general mai accesibile din cauza absen\u021bei cheltuielilor de branding \u0219i marketing. \u00cen ciuda diferen\u021bei de pre\u021b, ingredientul activ \u0219i eficacitatea acestuia r\u0103m\u00e2n consistente \u00eentre cele dou\u0103.<\/p>\n<p>Ambele formul\u0103ri trebuie s\u0103 \u00eendeplineasc\u0103 standarde de reglementare stricte pentru a asigura siguran\u021ba, eficacitatea \u0219i calitatea. Prin urmare, pacien\u021bii se pot a\u0219tepta la rezultate similare at\u00e2t de la versiunea generic\u0103, c\u00e2t \u0219i de la cea de marc\u0103. Cu toate acestea, unii indivizi pot prefera unul fa\u021b\u0103 de cel\u0103lalt pe baza experien\u021bei personale sau a loialit\u0103\u021bii m\u0103rcii.<\/p>\n<h2>Beneficiile poten\u021biale ale alegerii Levitra Generic<\/h2>\n<p>Unul dintre cele mai semnificative beneficii ale opt\u0103rii pentru Levitra Generic este accesibilitatea acestuia. Pentru mul\u021bi, costul mai mic face tratamentul continuu pentru ED mai accesibil \u0219i durabil. Acest lucru este deosebit de benefic pentru cei f\u0103r\u0103 acoperire de asigurare pentru medicamentele eliberate pe baz\u0103 de re\u021bet\u0103.<\/p>\n<p>\u00cen plus, disponibilitatea pe scar\u0103 larg\u0103 a medicamentelor generice \u00eenseamn\u0103 c\u0103 pacien\u021bii pot accesa tratament de la diver\u0219i produc\u0103tori, reduc\u00e2nd poten\u021bial riscul de lips\u0103 de aprovizionare. \u00cen plus, eficacitatea Levitra Generic permite indivizilor s\u0103 men\u021bin\u0103 o via\u021b\u0103 sexual\u0103 s\u0103n\u0103toas\u0103, contribuind pozitiv la bun\u0103starea lor general\u0103 \u0219i la satisfac\u021bia rela\u021bional\u0103.<\/p>\n<h2>Efecte secundare frecvente ale Levitra Generic<\/h2>\n<p>Ca toate medicamentele, Levitra Generic poate provoca reac\u021bii adverse. Problemele raportate frecvent includ dureri de cap, \u00eenro\u0219irea fe\u021bei, congestia nazal\u0103 \u0219i ame\u021beli. Aceste efecte sunt de obicei u\u0219oare \u0219i trec\u0103toare, rezolv\u00e2ndu-se f\u0103r\u0103 a fi nevoie de interven\u021bie medical\u0103.<\/p>\n<p>\u00cen cazuri rare, pot ap\u0103rea reac\u021bii adverse <a href=\"https:\/\/farmacie-online-24.com\/cumpara-levitra-generic-fara-reteta\">Vardenafil F\u0103r\u0103 Re\u021bet\u0103<\/a> mai severe, cum ar fi modific\u0103ri ale vederii, pierderea brusc\u0103 a auzului sau priapism &#8211; o erec\u021bie prelungit\u0103 \u0219i dureroas\u0103. Dac\u0103 apare oricare dintre aceste simptome, este esen\u021bial s\u0103 solicita\u021bi imediat asisten\u021b\u0103 medical\u0103. \u00cen\u021belegerea riscurilor poten\u021biale ajut\u0103 pacien\u021bii s\u0103 utilizeze medicamentul \u00een mod responsabil \u0219i \u00een siguran\u021b\u0103.<\/p>\n<h2>Precau\u021bii \u0219i contraindica\u021bii pentru Levitra Generic<\/h2>\n<p>\u00cenainte de a \u00eencepe tratamentul cu Levitra Generic, pacien\u021bii trebuie s\u0103 dezv\u0103luie istoricul medical complet furnizorului lor de asisten\u021b\u0103 medical\u0103. Afec\u021biuni precum bolile de inim\u0103, tensiunea arterial\u0103 crescut\u0103 sau sc\u0103zut\u0103 \u0219i insuficien\u021ba hepatic\u0103 sau renal\u0103 pot necesita ajust\u0103ri ale dozelor sau tratamente alternative.<\/p>\n<p>Levitra Generic este contraindicat persoanelor care iau nitra\u021bi pentru dureri \u00een piept sau celor cu antecedente de reac\u021bii alergice la vardenafil sau medicamente similare. Aceste contraindica\u021bii sunt cruciale pentru a evita interac\u021biunile adverse \u0219i pentru a asigura siguran\u021ba pacientului.<\/p>\n<h2>Ghid de dozare pentru Levitra generic<\/h2>\n<p>Doza ini\u021bial\u0103 standard pentru Levitra Generic este de obicei de 10 mg, administrat\u0103 oral cu aproximativ o or\u0103 \u00eenainte de activitatea sexual\u0103. \u00cen func\u021bie de eficacitate \u0219i tolerabilitate, doza poate fi ajustat\u0103 de un profesionist din domeniul s\u0103n\u0103t\u0103\u021bii, cu o doz\u0103 maxim\u0103 recomandat\u0103 de 20 mg.<\/p>\n<p>Este important s\u0103 respecta\u021bi doza prescris\u0103 \u0219i s\u0103 nu lua\u021bi medicamentul mai mult de o dat\u0103 pe zi. De asemenea, pacien\u021bii trebuie s\u0103 fie con\u0219tien\u021bi de faptul c\u0103 mesele grase pot \u00eent\u00e2rzia absorb\u021bia medicamentului, afect\u00e2nd poten\u021bial \u00eenceputul ac\u021biunii acestuia.<\/p>\n<h2>Levitra generic \u0219i interac\u021biuni medicamentoase<\/h2>\n<p>Levitra Generic poate interac\u021biona cu diferite medicamente, care fie pot diminua eficacitatea acestuia, fie pot cre\u0219te riscul de efecte adverse. Medicamentele care afecteaz\u0103 enzimele hepatice, cum ar fi anumite antibiotice \u0219i antifungice, pot modifica metabolismul vardenafilului, necesit\u00e2nd ajust\u0103ri ale dozelor.<\/p>\n<p>\u00cen plus, combinarea Levitra Generic cu alte medicamente ED sau tratamente care scad tensiunea arterial\u0103 poate duce la hipotensiune arterial\u0103 semnificativ\u0103. Pacien\u021bii ar trebui s\u0103 consulte furnizorul lor de asisten\u021b\u0103 medical\u0103 pentru a revizui toate medicamentele \u0219i suplimentele curente pentru a preveni interac\u021biunile d\u0103un\u0103toare.<\/p>\n<h2>Cum s\u0103 cump\u0103ra\u021bi Levitra generic \u00een siguran\u021b\u0103 online<\/h2>\n<p>Achizi\u021bionarea online a Levitra Generic poate fi convenabil\u0103, dar este esen\u021bial s\u0103 fi\u021bi precau\u021bi. Opta\u021bi pentru farmacii de renume care necesit\u0103 o re\u021bet\u0103 valabil\u0103 \u0219i care sunt autorizate s\u0103 func\u021bioneze. Acest lucru asigur\u0103 autenticitatea \u0219i calitatea medicamentului.<\/p>\n<p>Evita\u021bi site-urile web care ofer\u0103 Levitra Generic f\u0103r\u0103 prescrip\u021bie medical\u0103, deoarece acestea pot distribui produse contraf\u0103cute sau substandard. Aleg\u00e2nd o surs\u0103 credibil\u0103, pacien\u021bii \u00ee\u0219i pot proteja s\u0103n\u0103tatea \u0219i pot primi medicamente autentice la un pre\u021b rezonabil.<\/p>\n<h2>Compara\u021bie de pre\u021b: Levitra Generic vs. Alte medicamente ED<\/h2>\n<p>Levitra Generic este adesea mai accesibil dec\u00e2t alternativele de marc\u0103 \u0219i alte medicamente ED, cum ar fi Viagra sau Cialis. Cu toate acestea, pre\u021burile pot varia \u00een func\u021bie de produc\u0103tor \u0219i de farmacie.<\/p>\n<p>Efectuarea unei compara\u021bii de pre\u021b din diferite surse poate ajuta pacien\u021bii s\u0103 g\u0103seasc\u0103 cele mai bune oferte. \u00cen ciuda costului mai mic, Levitra Generic men\u021bine un standard ridicat de eficacitate, f\u0103c\u00e2ndu-l o alegere rentabil\u0103 pentru multe persoane.<\/p>\n<h2>Recenzii \u0219i experien\u021be ale pacien\u021bilor cu Levitra Generic<\/h2>\n<p>Recenziile pacien\u021bilor despre Levitra Generic sunt, \u00een general, pozitive, mul\u021bi utilizatori raport\u00e2nd rezultate satisf\u0103c\u0103toare \u00een gestionarea simptomelor lor de DE. Eficacitatea \u0219i accesibilitatea sunt de obicei eviden\u021biate ca avantaje cheie.<\/p>\n<p>Cu toate acestea, experien\u021bele individuale pot varia, iar unii pacien\u021bi pot \u00eent\u00e2mpina reac\u021bii adverse sau pot considera c\u0103 medicamentul este mai pu\u021bin eficient dec\u00e2t se a\u0219tepta. Interac\u021biunea cu forumuri online \u0219i grupuri de discu\u021bii poate oferi informa\u021bii suplimentare \u0219i sprijin din partea altora cu experien\u021be similare.<\/p>\n<h2>Consultarea profesioni\u0219tilor din domeniul s\u0103n\u0103t\u0103\u021bii \u00eenainte de utilizare<\/h2>\n<p>\u00cenainte de a \u00eencepe tratamentul cu Levitra Generic, este esen\u021bial s\u0103 consulta\u021bi un profesionist din domeniul s\u0103n\u0103t\u0103\u021bii. O evaluare am\u0103nun\u021bit\u0103 asigur\u0103 c\u0103 medicamentul este adecvat \u0219i sigur, lu\u00e2nd \u00een considerare condi\u021biile individuale de s\u0103n\u0103tate \u0219i poten\u021bialele interac\u021biuni medicamentoase.<\/p>\n<p>Comunicarea deschis\u0103 cu un medic sau farmacist poate oferi, de asemenea, lini\u0219tire \u0219i poate r\u0103spunde oric\u0103ror preocup\u0103ri cu privire la utilizarea medicamentului. Pot fi necesare urm\u0103riri regulate pentru a monitoriza progresul \u0219i pentru a face orice ajust\u0103ri necesare la planul de tratament.<\/p>\n<h2>Considera\u021bii legale \u0219i de reglementare pentru Levitra Generic<\/h2>\n<p>Produc\u021bia \u0219i v\u00e2nzarea Levitra Generic sunt supuse unor standarde legale \u0219i de reglementare stricte pentru a asigura siguran\u021ba \u0219i eficacitatea. Aceste reglement\u0103ri impun ca medicamentele generice s\u0103 demonstreze bioechivalen\u021ba cu omologii lor de marc\u0103.<\/p>\n<p>Pacien\u021bii ar trebui s\u0103 fie con\u0219tien\u021bi de aspectele legale ale achizi\u021biei de medicamente online, \u00een special \u00een ceea ce prive\u0219te legile de import. Asigurarea conformit\u0103\u021bii cu aceste reglement\u0103ri protejeaz\u0103 persoanele de poten\u021biale probleme legale \u0219i garanteaz\u0103 accesul la produse legitime.<\/p>\n<h2>Depozitarea \u0219i manipularea Levitra Generic<\/h2>\n<p>Depozitarea corect\u0103 a Levitra Generic este esen\u021bial\u0103 pentru a-\u0219i men\u021bine eficacitatea. Medicamentul trebuie p\u0103strat la temperatura camerei, ferit de umiditate \u0219i c\u0103ldur\u0103. Depozitarea \u00een ambalajul original ajut\u0103 la protejarea acestuia de lumin\u0103 \u0219i contaminare.<\/p>\n<p>De asemenea, pacien\u021bii trebuie s\u0103 p\u0103streze medicamentul la \u00eendem\u00e2na copiilor \u0219i a animalelor de companie. Urm\u00e2nd aceste instruc\u021biuni, utilizatorii se pot asigura c\u0103 Levitra Generic r\u0103m\u00e2ne sigur \u0219i eficient pe toat\u0103 durata de valabilitate.<\/p>\n<h2>Abordarea miturilor \u0219i concep\u021biilor gre\u0219ite despre Levitra Generic<\/h2>\n<p>Mai multe concep\u021bii gre\u0219ite despre medicamentele generice persist\u0103, provoc\u00e2nd adesea \u00eengrijor\u0103ri inutile \u00een r\u00e2ndul poten\u021bialilor utilizatori. Un mit comun este c\u0103 medicamentele generice sunt mai pu\u021bin eficiente dec\u00e2t medicamentele de marc\u0103. \u00cen realitate, ele con\u021bin acelea\u0219i ingrediente active \u0219i trebuie s\u0103 \u00eendeplineasc\u0103 acelea\u0219i standarde de calitate \u0219i eficacitate.<\/p>\n<p>O alt\u0103 concep\u021bie gre\u0219it\u0103 este c\u0103 medicamentele generice sunt nesigure. Cu toate acestea, ei sunt supu\u0219i unor teste riguroase \u0219i revizuiri de reglementare, la fel ca omologii lor de marc\u0103. \u00cenl\u0103tur\u00e2nd aceste mituri, pacien\u021bii pot lua decizii informate cu privire la op\u021biunile lor de tratament cu \u00eencredere.<\/p>\n","protected":false},"excerpt":{"rendered":"<p>Tot ce trebuie s\u0103 \u0219ti\u021bi \u00eenainte de a cump\u0103ra Levitra Generic Acest ghid cuprinz\u0103tor exploreaz\u0103 aspectele cheie ale achizi\u021bion\u0103rii \u0219i utiliz\u0103rii Levitra Generic, de la beneficiile \u0219i efectele secundare, p\u00e2n\u0103 la considerente juridice \u0219i experien\u021bele pacien\u021bilor. \u00cen\u021belegerea Levitra Generic: O prezentare general\u0103 Levitra Generic este o alternativ\u0103 la medicamentul de marc\u0103 Levitra, utilizat \u00een principal [&hellip;]<\/p>\n","protected":false},"author":1,"featured_media":0,"parent":0,"menu_order":0,"comment_status":"closed","ping_status":"closed","template":"","meta":{"footnotes":""},"class_list":["post-20470","page","type-page","status-publish","hentry"],"_links":{"self":[{"href":"https:\/\/mahous.com\/index.php\/wp-json\/wp\/v2\/pages\/20470","targetHints":{"allow":["GET"]}}],"collection":[{"href":"https:\/\/mahous.com\/index.php\/wp-json\/wp\/v2\/pages"}],"about":[{"href":"https:\/\/mahous.com\/index.php\/wp-json\/wp\/v2\/types\/page"}],"author":[{"embeddable":true,"href":"https:\/\/mahous.com\/index.php\/wp-json\/wp\/v2\/users\/1"}],"replies":[{"embeddable":true,"href":"https:\/\/mahous.com\/index.php\/wp-json\/wp\/v2\/comments?post=20470"}],"version-history":[{"count":1,"href":"https:\/\/mahous.com\/index.php\/wp-json\/wp\/v2\/pages\/20470\/revisions"}],"predecessor-version":[{"id":20471,"href":"https:\/\/mahous.com\/index.php\/wp-json\/wp\/v2\/pages\/20470\/revisions\/20471"}],"wp:attachment":[{"href":"https:\/\/mahous.com\/index.php\/wp-json\/wp\/v2\/media?parent=20470"}],"curies":[{"name":"wp","href":"https:\/\/api.w.org\/{rel}","templated":true}]}}