{"id":20518,"date":"2026-03-24T11:49:57","date_gmt":"2026-03-24T10:49:57","guid":{"rendered":"https:\/\/mahous.com\/?page_id=20518"},"modified":"2026-03-24T11:49:57","modified_gmt":"2026-03-24T10:49:57","slug":"spravne-podmienky-skladovania-pre-genericky-inhalator-ventolin","status":"publish","type":"page","link":"https:\/\/mahous.com\/index.php\/spravne-podmienky-skladovania-pre-genericky-inhalator-ventolin\/","title":{"rendered":"Spr\u00e1vne podmienky skladovania pre generick\u00fd inhal\u00e1tor Ventolin"},"content":{"rendered":"<h1>Ako skladova\u0165, cestova\u0165 a dop\u013a\u0148a\u0165 Ventolin Generic Inhaler<\/h1>\n<p>Tento \u010dl\u00e1nok poskytuje komplexn\u00fd n\u00e1vod na spr\u00e1vne skladovanie, cestovanie a postupy dopl\u0148ovania generick\u00fdch inhal\u00e1torov Ventolin.<\/p>\n<h2>Spr\u00e1vne podmienky skladovania pre generick\u00fd inhal\u00e1tor Ventolin<\/h2>\n<p>Spr\u00e1vne skladovanie generick\u00e9ho inhal\u00e1tora Ventolin je rozhoduj\u00face pre udr\u017eanie jeho \u00fa\u010dinnosti. Inhal\u00e1tory by sa mali uchov\u00e1va\u0165 pri teplote medzi 15 \u00b0C a 25 \u00b0C, mimo priameho slne\u010dn\u00e9ho \u017eiarenia a vlhkosti. Ide\u00e1lnym skladovac\u00edm miestom by bola chladn\u00e1 a such\u00e1 skri\u0148a, v ktorej nedoch\u00e1dza k v\u00fdrazn\u00fdm teplotn\u00fdm v\u00fdkyvom.<\/p>\n<p>Neskladujte svoj inhal\u00e1tor na miestach n\u00e1chyln\u00fdch na teplo, ako s\u00fa napr\u00edklad okn\u00e1 alebo aut\u00e1, preto\u017ee nadmern\u00e9 teplo m\u00f4\u017ee sp\u00f4sobi\u0165 prasknutie n\u00e1doby. Inhal\u00e1tor tie\u017e nezmrazujte, preto\u017ee to m\u00f4\u017ee po\u0161kodi\u0165 jeho syst\u00e9m pod\u00e1vania. Uchov\u00e1vanie v p\u00f4vodnom obale m\u00f4\u017ee poskytn\u00fa\u0165 \u010fal\u0161iu vrstvu ochrany pred zmenami prostredia.<\/p>\n<h2>Pochopenie d\u00e1tumov exspir\u00e1cie generick\u00e9ho inhal\u00e1tora Ventolin<\/h2>\n<p>Ka\u017ed\u00fd generick\u00fd inhal\u00e1tor Ventolin sa dod\u00e1va s d\u00e1tumom exspir\u00e1cie vyzna\u010den\u00fdm na obale, ktor\u00fd ozna\u010duje posledn\u00fd d\u00e1tum, kedy m\u00f4\u017ee v\u00fdrobca zaru\u010di\u0165 pln\u00fa \u00fa\u010dinnos\u0165. Pou\u017e\u00edvanie inhal\u00e1tora po jeho expir\u00e1cii m\u00f4\u017ee ma\u0165 za n\u00e1sledok zn\u00ed\u017een\u00fa \u00fa\u010dinnos\u0165, \u010do m\u00f4\u017ee by\u0165 kritick\u00e9 po\u010das astmatick\u00e9ho z\u00e1chvatu.<\/p>\n<p>Odpor\u00fa\u010da sa pravidelne kontrolova\u0165 d\u00e1tum exspir\u00e1cie a nastavi\u0165 si pripomienky na v\u00fdmenu inhal\u00e1tora pred jeho uplynut\u00edm. Ak zist\u00edte, \u017ee inhal\u00e1tor vypr\u0161al, bezpe\u010dne ho zlikvidujte a zaobstarajte si nov\u00fd, aby ste sa uistili, \u017ee ste pripraven\u00ed na ak\u00e9ko\u013evek respira\u010dn\u00e9 n\u00fadzov\u00e9 situ\u00e1cie.<\/p>\n<h2>Cestovn\u00e9 tipy na nosenie generick\u00e9ho inhal\u00e1tora Ventolin<\/h2>\n<p>Pri cestovan\u00ed je nevyhnutn\u00e9 ma\u0165 svoj generick\u00fd inhal\u00e1tor Ventolin \u013eahko dostupn\u00fd. V\u017edy si ju zaba\u013ete do pr\u00edru\u010dnej bato\u017einy, aby ste sa vyhli jej bez nej v pr\u00edpade straty zap\u00edsanej bato\u017einy. Zv\u00e1\u017ete nosenie lek\u00e1rskeho listu alebo lek\u00e1rskeho predpisu, aby ste potvrdili, \u017ee potrebujete inhal\u00e1tor, \u010do m\u00f4\u017ee by\u0165 u\u017eito\u010dn\u00e9 v pr\u00edpade, ak ho bud\u00fa spochybnen\u00e9 \u00faradmi.<\/p>\n<p>Je tie\u017e rozumn\u00e9 nosi\u0165 so sebou z\u00e1lo\u017en\u00fd inhal\u00e1tor pre pr\u00edpad straty alebo neo\u010dak\u00e1van\u00e9ho po\u0161kodenia. Uistite sa, \u017ee s\u00fa oba inhal\u00e1tory ulo\u017een\u00e9 v ochrannom obale, aby sa predi\u0161lo n\u00e1hodnej aktiv\u00e1cii alebo po\u0161kodeniu po\u010das prepravy. Obozn\u00e1mte sa s miestnymi zdravotn\u00edckymi zariadeniami a lek\u00e1r\u0148ami v mieste ur\u010denia v pr\u00edpade, \u017ee potrebujete r\u00fdchlu v\u00fdmenu alebo doplnenie.<\/p>\n<h2>Bezpe\u010dnostn\u00e9 a leteck\u00e9 predpisy pre inhal\u00e1tory<\/h2>\n<p>Generick\u00e9 inhal\u00e1tory Ventolin s\u00fa vo v\u0161eobecnosti povolen\u00e9 v pr\u00edru\u010dnej aj zap\u00edsanej bato\u017eine, ale je rozumn\u00e9 ma\u0165 ich v pr\u00edru\u010dnej bato\u017eine, aby ste k nim mali \u013eahk\u00fd pr\u00edstup. Pod\u013ea \u00daradu pre bezpe\u010dnos\u0165 dopravy (TSA) a podobn\u00fdch \u00faradov na celom svete sa inhal\u00e1tory pova\u017euj\u00fa za zdravotn\u00edcke pom\u00f4cky a s\u00fa vy\u0148at\u00e9 z obmedzen\u00ed t\u00fdkaj\u00facich sa tekut\u00edn, hoci by mali by\u0165 deklarovan\u00e9 na bezpe\u010dnostn\u00fdch kontrol\u00e1ch.<\/p>\n<p>V\u017edy si overte konkr\u00e9tne pokyny leteckej spolo\u010dnosti, s ktorou let\u00edte, preto\u017ee predpisy sa m\u00f4\u017eu l\u00ed\u0161i\u0165. Niektor\u00e9 leteck\u00e9 spolo\u010dnosti m\u00f4\u017eu vy\u017eadova\u0165, aby ste ich vopred upozornili, ak po\u010das letu potrebujete pou\u017ei\u0165 zdravotn\u00edcke pom\u00f4cky. Dokument\u00e1cia, ako je predpis alebo list od v\u00e1\u0161ho lek\u00e1ra, m\u00f4\u017ee u\u013eah\u010di\u0165 proces zabezpe\u010denia.<\/p>\n<h2>Udr\u017eiavanie generick\u00e9ho inhal\u00e1tora Ventolin v bezpe\u010d\u00ed v r\u00f4znych klimatick\u00fdch podmienkach<\/h2>\n<p>Extr\u00e9mne poveternostn\u00e9 podmienky predstavuj\u00fa v\u00fdzvu pre skladovanie a pou\u017e\u00edvanie generick\u00fdch inhal\u00e1torov Ventolin. V hor\u00facom podneb\u00ed nenech\u00e1vajte inhal\u00e1tor na priamom slne\u010dnom svetle alebo vo vozidl\u00e1ch. V chladnom podneb\u00ed dr\u017ete inhal\u00e1tor bl\u00edzko tela, aby ste zabr\u00e1nili jeho zamrznutiu, \u010do m\u00f4\u017ee ovplyvni\u0165 jeho pod\u00e1vac\u00ed mechanizmus.<\/p>\n<p>Ak cestujete na miesto <a href=\"https:\/\/lieky-domov.org\/objednavka-ventolin-genericky-inhalator-online-bez-predpisu\">https:\/\/lieky-domov.org\/objednavka-ventolin-genericky-inhalator-online-bez-predpisu<\/a> s vysokou vlhkos\u0165ou, uistite sa, \u017ee je v\u00e1\u0161 inhal\u00e1tor ulo\u017een\u00fd vo vodotesnom vrecku, aby bol chr\u00e1nen\u00fd pred vlhkos\u0165ou. Prisp\u00f4soben\u00edm sp\u00f4sobu skladovania inhal\u00e1tora na z\u00e1klade kl\u00edmy zaist\u00edte, \u017ee zostane funk\u010dn\u00fd a spo\u013eahliv\u00fd v pr\u00edpade potreby.<\/p>\n<h2>Ako zabali\u0165 generick\u00fd inhal\u00e1tor Ventolin na dlh\u00e9 cesty<\/h2>\n<p>Pri dlh\u0161\u00edch cest\u00e1ch je potrebn\u00e9 starostlivo zabali\u0165 v\u00e1\u0161 generick\u00fd inhal\u00e1tor Ventolin, aby ste predi\u0161li po\u0161kodeniu a zabezpe\u010dili dostupnos\u0165. Na ochranu pred n\u00e1razom a n\u00e1hodn\u00fdm vybit\u00edm pou\u017eite puzdro s tvrdou \u0161krupinou alebo polstrovan\u00e9 vrecko. Puzdro umiestnite do \u013eahko dostupnej \u010dasti bato\u017einy.<\/p>\n<p>Zv\u00e1\u017ete d\u013a\u017eku svojej cesty a priba\u013ete si dostatok inhal\u00e1torov na pokrytie trvania, vr\u00e1tane nieko\u013ek\u00fdch \u010fal\u0161\u00edch pre pr\u00edpad n\u00fadze. Ak cestujete do od\u013eahl\u00fdch oblast\u00ed, uistite sa, \u017ee m\u00e1te prostriedky na udr\u017eanie inhal\u00e1tora na stabilnej teplote a ochranu pred vplyvmi prostredia.<\/p>\n<h2>Identifikujte, kedy v\u00e1\u0161 generick\u00fd inhal\u00e1tor Ventolin potrebuje doplni\u0165<\/h2>\n<p>Monitorovanie pou\u017e\u00edvania v\u00e1\u0161ho generick\u00e9ho inhal\u00e1tora Ventolin je rozhoduj\u00face pre v\u010dasn\u00e9 dop\u013a\u0148anie. Mnoho inhal\u00e1torov sa dod\u00e1va s po\u010d\u00edtadlami d\u00e1vok, ktor\u00e9 v\u00e1m umo\u017e\u0148uj\u00fa sledova\u0165 zost\u00e1vaj\u00face d\u00e1vky. Ak v\u00e1\u0161 inhal\u00e1tor nem\u00e1 po\u010d\u00edtadlo, je rozumn\u00e9 vies\u0165 si denn\u00edk pou\u017e\u00edvania, ktor\u00fd si pozna\u010dte pri ka\u017edom pou\u017eit\u00ed inhal\u00e1tora.<\/p>\n<p>D\u00e1vajte pozor na ak\u00e9ko\u013evek zmeny v kvalite alebo konzistencii spreja. Ak sprej zoslabne alebo inhal\u00e1tor vyd\u00e1va nezvy\u010dajn\u00e9 zvuky, mo\u017eno je \u010das na doplnenie. Pravideln\u00e1 kontrola \u00fa\u010dinnosti inhal\u00e1tora m\u00f4\u017ee zabr\u00e1ni\u0165 tomu, aby ste boli prichyten\u00ed bez potrebn\u00fdch liekov.<\/p>\n<h2>Kroky na doplnenie v\u00e1\u0161ho generick\u00e9ho inhal\u00e1tora Ventolin<\/h2>\n<p>Doplnenie v\u00e1\u0161ho generick\u00e9ho inhal\u00e1tora Ventolin zah\u0155\u0148a nieko\u013eko jednoduch\u00fdch krokov. Najprv kontaktujte svojho poskytovate\u013ea zdravotnej starostlivosti alebo lek\u00e1re\u0148, aby ste si dohodli recept na dop\u013a\u0148anie. Mnoh\u00e9 lek\u00e1rne pon\u00fakaj\u00fa pohodlie online \u017eiadost\u00ed o doplnenie, \u010do m\u00f4\u017ee proces ur\u00fdchli\u0165.<\/p>\n<p>Ke\u010f je va\u0161a n\u00e1pl\u0148 pripraven\u00e1, vyzdvihnite si ju v lek\u00e1rni alebo sa rozhodnite pre doru\u010denie, ak je k dispoz\u00edcii. Uistite sa, \u017ee ste star\u00fd inhal\u00e1tor zlikvidovali spr\u00e1vne a za\u010dnite pou\u017e\u00edva\u0165 nov\u00fd, ke\u010f ho dostanete. Sledovanie va\u0161ich n\u00e1pln\u00ed v\u00e1m m\u00f4\u017ee pom\u00f4c\u0165 efekt\u00edvne zvl\u00e1dnu\u0165 astmu.<\/p>\n<h2>Obnovenie predpisu pre generick\u00fd inhal\u00e1tor Ventolin<\/h2>\n<p>Predpisy na generick\u00e9 inhal\u00e1tory Ventolin zvy\u010dajne vy\u017eaduj\u00fa pravideln\u00fa obnovu v z\u00e1vislosti od pokynov v\u00e1\u0161ho poskytovate\u013ea zdravotnej starostlivosti. Napl\u00e1nujte si konzult\u00e1ciu s lek\u00e1rom vopred, najm\u00e4 ak sa v\u00e1\u0161 predpis bl\u00ed\u017ei ku koncu. Pravideln\u00e9 kontroly umo\u017e\u0148uj\u00fa lek\u00e1rovi pos\u00fadi\u0165 v\u00e1\u0161 stav a v pr\u00edpade potreby upravi\u0165 lieky.<\/p>\n<p>Mnoho zdravotn\u00edckych syst\u00e9mov pon\u00faka online port\u00e1ly na zefekt\u00edvnenie obnovovania receptov, \u010do u\u013eah\u010duje spr\u00e1vu va\u0161ich potrieb v oblasti liekov. Ak budete pri obnovovan\u00ed proakt\u00edvni, budete ma\u0165 v\u017edy dostato\u010dn\u00fa z\u00e1sobu svojho inhal\u00e1tora.<\/p>\n<h2>Spr\u00e1va z\u00e1sob generick\u00fdch inhal\u00e1torov Ventolin v zahrani\u010d\u00ed<\/h2>\n<p>Ke\u010f \u017eijete alebo cestujete do zahrani\u010dia, spr\u00e1va z\u00e1sob Ventolin Generic Inhaler si vy\u017eaduje starostliv\u00e9 pl\u00e1novanie. Pred odchodom skontrolujte, \u010di s\u00fa va\u0161e lieky dostupn\u00e9 vo va\u0161ej cie\u013eovej krajine a pochopte proces miestneho syst\u00e9mu zdravotnej starostlivosti pri z\u00edskavan\u00ed n\u00e1hrad.<\/p>\n<p>M\u00f4\u017ee by\u0165 u\u017eito\u010dn\u00e9 prinies\u0165 si prelo\u017een\u00fa k\u00f3piu receptu a zoznam miestnych lek\u00e1rn\u00ed. V niektor\u00fdch krajin\u00e1ch m\u00f4\u017eu ma\u0165 niektor\u00e9 lieky odli\u0161n\u00e9 zlo\u017eenie, preto je d\u00f4le\u017eit\u00e9 overi\u0165 si kompatibilitu s va\u0161\u00edm aktu\u00e1lnym lie\u010debn\u00fdm pl\u00e1nom. Udr\u017eiavanie otvorenej komunik\u00e1cie s poskytovate\u013eom zdravotnej starostlivosti m\u00f4\u017ee pom\u00f4c\u0165 pri rie\u0161en\u00ed ak\u00fdchko\u013evek probl\u00e9mov, ktor\u00e9 sa vyskytn\u00fa v zahrani\u010d\u00ed.<\/p>\n<h2>Online verzus n\u00e1plne v lek\u00e1rni pre generick\u00fd inhal\u00e1tor Ventolin<\/h2>\n<p>N\u00e1plne online aj v lek\u00e1rni pon\u00fakaj\u00fa v\u00fdrazn\u00e9 v\u00fdhody pri dop\u013a\u0148an\u00ed generick\u00e9ho inhal\u00e1tora Ventolin. Online n\u00e1plne poskytuj\u00fa pohodlie, umo\u017e\u0148uj\u00fa v\u00e1m objedna\u0165 si lieky z domu a \u010dasto zah\u0155\u0148aj\u00fa don\u00e1\u0161kov\u00e9 slu\u017eby. To m\u00f4\u017ee by\u0165 v\u00fdhodn\u00e9 najm\u00e4 pre t\u00fdch, ktor\u00ed maj\u00fa zanepr\u00e1zdnen\u00fd rozvrh alebo probl\u00e9my s mobilitou.<\/p>\n<p>N\u00e1plne v lek\u00e1rni v\u0161ak poskytuj\u00fa okam\u017eit\u00fd pr\u00edstup k va\u0161im liekom a umo\u017e\u0148uj\u00fa priamu interakciu s lek\u00e1rnikmi, ktor\u00ed v\u00e1m m\u00f4\u017eu pon\u00faknu\u0165 personalizovan\u00e9 poradenstvo a odpoveda\u0165 na ak\u00e9ko\u013evek ot\u00e1zky. Zv\u00e1\u017eenie t\u00fdchto mo\u017enost\u00ed v\u00e1m m\u00f4\u017ee pom\u00f4c\u0165 pri v\u00fdbere naj\u00fa\u010dinnej\u0161ej met\u00f3dy na z\u00e1klade v\u00e1\u0161ho \u017eivotn\u00e9ho \u0161t\u00fdlu a preferenci\u00ed.<\/p>\n<h2>Rozpoznanie pr\u00edznakov zlyhania generick\u00e9ho inhal\u00e1tora Ventolin<\/h2>\n<p>Rozpoznanie, kedy v\u00e1\u0161 generick\u00fd inhal\u00e1tor Ventolin nefunguje spr\u00e1vne, je rozhoduj\u00face pre zabezpe\u010denie \u00fa\u010dinnej lie\u010dby. Pr\u00edznaky poruchy m\u00f4\u017eu zah\u0155\u0148a\u0165 zmeny v sile spreja, upchat\u00fa trysku alebo nezvy\u010dajn\u00fa chu\u0165 alebo v\u00f4\u0148u pri pou\u017e\u00edvan\u00ed inhal\u00e1tora.<\/p>\n<p>Ak m\u00e1te podozrenie na poruchu, skontrolujte n\u00e1dobku, \u010di nie je po\u0161koden\u00e1, a uistite sa, \u017ee n\u00e1ustok je \u010dist\u00fd a bez prek\u00e1\u017eok. Ak probl\u00e9my pretrv\u00e1vaj\u00fa, po\u017eiadajte o radu svojho poskytovate\u013ea zdravotnej starostlivosti alebo lek\u00e1rnika. Okam\u017eit\u00e9 rie\u0161enie por\u00fach zais\u0165uje, \u017ee budete ma\u0165 v pr\u00edpade potreby spo\u013eahliv\u00fd inhal\u00e1tor.<\/p>\n<h2>Pokyny pre bezpe\u010dn\u00fa likvid\u00e1ciu pou\u017eit\u00fdch inhal\u00e1torov Ventolin<\/h2>\n<p>Bezpe\u010dn\u00e1 likvid\u00e1cia pou\u017eit\u00fdch inhal\u00e1torov Ventolin je d\u00f4le\u017eit\u00e1 z environment\u00e1lnych aj bezpe\u010dnostn\u00fdch d\u00f4vodov. Inhal\u00e1tory by sa nemali vyhadzova\u0165 do be\u017en\u00e9ho domov\u00e9ho odpadu kv\u00f4li tlakov\u00fdm n\u00e1dob\u00e1m. Mnoh\u00e9 lek\u00e1rne pon\u00fakaj\u00fa programy sp\u00e4tn\u00e9ho odberu na bezpe\u010dn\u00fa likvid\u00e1ciu.<\/p>\n<p>Ak tak\u00e9to programy nie s\u00fa k dispoz\u00edcii, pre\u010d\u00edtajte si miestne smernice pre nakladanie s odpadom pre likvid\u00e1ciu nebezpe\u010dn\u00e9ho odpadu. Spr\u00e1vna likvid\u00e1cia pom\u00e1ha predch\u00e1dza\u0165 \u0161kod\u00e1m na \u017eivotnom prostred\u00ed a zabezpe\u010duje s\u00falad s bezpe\u010dnostn\u00fdmi predpismi.<\/p>\n<h2>Porovnanie generick\u00e9ho inhal\u00e1tora Ventolin s in\u00fdmi zna\u010dkami<\/h2>\n<p>Generick\u00e9 inhal\u00e1tory Ventolin sa \u010dasto porovn\u00e1vaj\u00fa s in\u00fdmi zna\u010dkami, pokia\u013e ide o \u00fa\u010dinnos\u0165, cenu a dostupnos\u0165. Zatia\u013e \u010do v\u0161etky inhal\u00e1tory s\u00fa navrhnut\u00e9 tak, aby zmier\u0148ovali d\u00fdchacie \u0165a\u017ekosti, rozdiely vo formul\u00e1cii alebo mechanizmoch pod\u00e1vania m\u00f4\u017eu ovplyvni\u0165 osobn\u00e9 preferencie alebo \u00fa\u010dinnos\u0165.<\/p>\n<p>Niektor\u00ed pou\u017e\u00edvatelia m\u00f4\u017eu napr\u00edklad preferova\u0165 chu\u0165 alebo sp\u00f4sob doru\u010denia jednej zna\u010dky pred druhou. Okrem toho generick\u00e9 verzie \u010dasto pon\u00fakaj\u00fa \u00fasporu n\u00e1kladov pri zachovan\u00ed podobnej \u00fa\u010dinnosti ako zna\u010dkov\u00e9 n\u00e1protivky. Diskusia o t\u00fdchto rozdieloch so zdravotn\u00edckym pracovn\u00edkom m\u00f4\u017ee pom\u00f4c\u0165 ur\u010di\u0165 najvhodnej\u0161iu mo\u017enos\u0165 pre va\u0161e potreby.<\/p>\n<h2>Manipul\u00e1cia s generick\u00fdm inhal\u00e1torom Ventolin v n\u00fadzov\u00fdch situ\u00e1ci\u00e1ch<\/h2>\n<p>V n\u00fadzov\u00fdch situ\u00e1ci\u00e1ch m\u00f4\u017ee by\u0165 \u013eahko dostupn\u00fd funk\u010dn\u00fd inhal\u00e1tor Ventolin Generic Inhaler z\u00e1chranou \u017eivota. Zaistite, aby bol v\u00e1\u0161 inhal\u00e1tor v\u017edy \u013eahko pr\u00edstupn\u00fd, \u010di u\u017e na va\u0161ej osobe alebo v ur\u010denej n\u00fadzovej s\u00faprave. Obozn\u00e1mte sa s jeho pou\u017e\u00edvan\u00edm a uistite sa, \u017ee aj rodinn\u00ed pr\u00edslu\u0161n\u00edci alebo kolegovia vedia v pr\u00edpade potreby pom\u00f4c\u0165.<\/p>\n<p>Cvi\u010denie n\u00fadzov\u00fdch scen\u00e1rov v\u00e1m m\u00f4\u017ee pom\u00f4c\u0165 zosta\u0165 pokojn\u00fdmi a efekt\u00edvnymi, ke\u010f nastane skuto\u010dn\u00e1 situ\u00e1cia. Pravideln\u00e1 kontrola stavu a d\u00e1tumu exspir\u00e1cie inhal\u00e1tora zais\u0165uje, \u017ee v pr\u00edpade potreby bude fungova\u0165 optim\u00e1lne. By\u0165 pripraven\u00fd m\u00f4\u017ee ma\u0165 v\u00fdznamn\u00fd rozdiel po\u010das respira\u010dn\u00fdch n\u00fadzov\u00fdch situ\u00e1ci\u00ed.<\/p>\n","protected":false},"excerpt":{"rendered":"<p>Ako skladova\u0165, cestova\u0165 a dop\u013a\u0148a\u0165 Ventolin Generic Inhaler Tento \u010dl\u00e1nok poskytuje komplexn\u00fd n\u00e1vod na spr\u00e1vne skladovanie, cestovanie a postupy dopl\u0148ovania generick\u00fdch inhal\u00e1torov Ventolin. Spr\u00e1vne podmienky skladovania pre generick\u00fd inhal\u00e1tor Ventolin Spr\u00e1vne skladovanie generick\u00e9ho inhal\u00e1tora Ventolin je rozhoduj\u00face pre udr\u017eanie jeho \u00fa\u010dinnosti. Inhal\u00e1tory by sa mali uchov\u00e1va\u0165 pri teplote medzi 15 \u00b0C a 25 \u00b0C, mimo [&hellip;]<\/p>\n","protected":false},"author":1,"featured_media":0,"parent":0,"menu_order":0,"comment_status":"closed","ping_status":"closed","template":"","meta":{"footnotes":""},"class_list":["post-20518","page","type-page","status-publish","hentry"],"_links":{"self":[{"href":"https:\/\/mahous.com\/index.php\/wp-json\/wp\/v2\/pages\/20518","targetHints":{"allow":["GET"]}}],"collection":[{"href":"https:\/\/mahous.com\/index.php\/wp-json\/wp\/v2\/pages"}],"about":[{"href":"https:\/\/mahous.com\/index.php\/wp-json\/wp\/v2\/types\/page"}],"author":[{"embeddable":true,"href":"https:\/\/mahous.com\/index.php\/wp-json\/wp\/v2\/users\/1"}],"replies":[{"embeddable":true,"href":"https:\/\/mahous.com\/index.php\/wp-json\/wp\/v2\/comments?post=20518"}],"version-history":[{"count":1,"href":"https:\/\/mahous.com\/index.php\/wp-json\/wp\/v2\/pages\/20518\/revisions"}],"predecessor-version":[{"id":20519,"href":"https:\/\/mahous.com\/index.php\/wp-json\/wp\/v2\/pages\/20518\/revisions\/20519"}],"wp:attachment":[{"href":"https:\/\/mahous.com\/index.php\/wp-json\/wp\/v2\/media?parent=20518"}],"curies":[{"name":"wp","href":"https:\/\/api.w.org\/{rel}","templated":true}]}}