{"id":20528,"date":"2026-03-24T11:57:25","date_gmt":"2026-03-24T10:57:25","guid":{"rendered":"https:\/\/mahous.com\/?page_id=20528"},"modified":"2026-03-24T11:57:25","modified_gmt":"2026-03-24T10:57:25","slug":"az-5-os-aciklovir-krem-megfelelo-tarolasi-feltetelei","status":"publish","type":"page","link":"https:\/\/mahous.com\/index.php\/az-5-os-aciklovir-krem-megfelelo-tarolasi-feltetelei\/","title":{"rendered":"Az 5%-os aciklovir kr\u00e9m megfelel\u0151 t\u00e1rol\u00e1si felt\u00e9telei"},"content":{"rendered":"<h1>Az Aciclovir Cream 5% t\u00e1rol\u00e1sa, utaz\u00e1sa \u00e9s ut\u00e1nt\u00f6lt\u00e9se<\/h1>\n<p>Ez a cikk alapvet\u0151 \u00fatmutat\u00e1st ad az Aciclovir Cream 5%-os t\u00e1rol\u00e1si, utaz\u00e1si \u00e9s ut\u00e1nt\u00f6lt\u00e9si gyakorlat\u00e1hoz, biztos\u00edtva annak hat\u00e9konys\u00e1g\u00e1t \u00e9s biztons\u00e1g\u00e1t.<\/p>\n<h2>Az 5%-os aciklovir kr\u00e9m megfelel\u0151 t\u00e1rol\u00e1si felt\u00e9telei<\/h2>\n<p>Az Aciclovir Cream 5% megfelel\u0151 t\u00e1rol\u00e1sa kulcsfontoss\u00e1g\u00fa a hat\u00e9konys\u00e1g meg\u0151rz\u00e9s\u00e9hez. A szennyez\u0151d\u00e9st\u0151l val\u00f3 v\u00e9delem \u00e9rdek\u00e9ben a kr\u00e9met az eredeti tart\u00e1ly\u00e1ban kell tartani. Gy\u0151z\u0151dj\u00f6n meg arr\u00f3l, hogy a fed\u00e9l szorosan le van z\u00e1rva, amikor nem haszn\u00e1lja, ami seg\u00edt megel\u0151zni a k\u00fcls\u0151 elemeknek val\u00f3 kitetts\u00e9get, amelyek ronthatj\u00e1k a min\u0151s\u00e9g\u00e9t.<\/p>\n<p>C\u00e9lszer\u0171 a kr\u00e9met sz\u00e1raz helyen, k\u00f6zvetlen napf\u00e9nyt\u0151l v\u00e9dve t\u00e1rolni. A napf\u00e9ny hat\u00e1s\u00e1ra a kr\u00e9m id\u0151vel elvesz\u00edtheti erej\u00e9t. Ezenk\u00edv\u00fcl ne t\u00e1rolja nedves helyen, p\u00e9ld\u00e1ul f\u00fcrd\u0151szob\u00e1kban, ahol a p\u00e1ratartalom megv\u00e1ltoztathatja az \u00e1llag\u00e1t \u00e9s hat\u00e9konys\u00e1g\u00e1t.<\/p>\n<h2>Ide\u00e1lis h\u0151m\u00e9rs\u00e9klet \u00e9s k\u00f6rnyezet a t\u00e1rol\u00e1shoz<\/h2>\n<p>Az Aciclovir Cream 5% aj\u00e1nlott t\u00e1rol\u00e1si h\u0151m\u00e9rs\u00e9klete szobah\u0151m\u00e9rs\u00e9klet, jellemz\u0151en 15\u00b0C \u00e9s 25\u00b0C (59\u00b0F \u00e9s 77\u00b0F) k\u00f6z\u00f6tt van. Az extr\u00e9m h\u0151m\u00e9rs\u00e9kletek vesz\u00e9lyeztethetik a kr\u00e9m stabilit\u00e1s\u00e1t, \u00e9s potenci\u00e1lisan cs\u00f6kkenthetik ter\u00e1pi\u00e1s hat\u00e1sait.<\/p>\n<p>Ker\u00fclje a kr\u00e9m t\u00e1rol\u00e1s\u00e1t olyan helyen, ahol a h\u0151m\u00e9rs\u00e9klet ingadoz\u00f3, p\u00e9ld\u00e1ul ablakok vagy radi\u00e1torok k\u00f6zel\u00e9ben. Ha k\u00fcl\u00f6n\u00f6sen meleg \u00e9ghajlaton \u00e9l, fontolja meg olyan szekr\u00e9ny vagy fi\u00f3k haszn\u00e1lat\u00e1t, amely eg\u00e9sz nap h\u0171v\u00f6s marad.<\/p>\n<h2>Eltarthat\u00f3s\u00e1gi \u00e9s lej\u00e1rati szempontok<\/h2>\n<p>Az Aciclovir Cream 5% a tubusra vagy a csomagol\u00e1sra nyomtatott lej\u00e1rati d\u00e1tummal \u00e9rkezik. Felt\u00e9tlen\u00fcl ne haszn\u00e1lja a kr\u00e9met ezen a d\u00e1tumon t\u00fal, mert a hat\u00e9konys\u00e1ga nem garant\u00e1lhat\u00f3. A lej\u00e1rt gy\u00f3gyszer haszn\u00e1lata nemcsak hat\u00e1stalan lehet, hanem eg\u00e9szs\u00e9g\u00fcgyi kock\u00e1zatokat is jelenthet.<\/p>\n<p>Rendszeresen ellen\u0151rizze a lej\u00e1rati d\u00e1tumot, \u00e9s \u00fcgyeljen arra, hogy mennyi ideig fogyasztja a kr\u00e9met. Ha k\u00f6zeledik a lej\u00e1rati id\u0151, \u00e9s m\u00e9g mindig jelent\u0151s mennyis\u00e9g van h\u00e1tra, forduljon eg\u00e9szs\u00e9g\u00fcgyi szolg\u00e1ltat\u00f3j\u00e1hoz, hogy megbesz\u00e9lje, sz\u00fcks\u00e9ges-e \u00faj v\u00e9ny beszerz\u00e9se.<\/p>\n<h2>Utaz\u00e1s az Aciklovir kr\u00e9m 5%-kal: Mit kell tudni<\/h2>\n<p>Ha az Aciclovir Cream 5%-kal utazik, fontos, hogy el\u0151re tervezzen. Vegye figyelembe az utaz\u00e1s id\u0151tartam\u00e1t, \u00e9s gondoskodjon arr\u00f3l, hogy elegend\u0151 gy\u00f3gyszere legyen a teljes id\u0151szakra. Ezenk\u00edv\u00fcl mindig vigye mag\u00e1val a kr\u00e9met az eredeti csomagol\u00e1s\u00e1ban, amely hat\u00f3s\u00e1gi k\u00e9rd\u00e9s eset\u00e9n a fel\u00edr\u00e1s bizony\u00edt\u00e9kak\u00e9nt szolg\u00e1lhat.<\/p>\n<p>Javasoljuk, hogy a kr\u00e9met a k\u00e9zipoggy\u00e1sz\u00e1ban tartsa, hogy elker\u00fclje a sz\u00e9ls\u0151s\u00e9ges h\u0151m\u00e9rs\u00e9kletek hat\u00e1s\u00e1t a rakt\u00e9rben. Ez a gyakorlat nemcsak a gyors hozz\u00e1f\u00e9r\u00e9st biztos\u00edtja, hanem megv\u00e9di a kr\u00e9met a sz\u00e1ll\u00edt\u00e1s k\u00f6zbeni esetleges s\u00e9r\u00fcl\u00e9sekt\u0151l.<\/p>\n<h2>Csomagol\u00e1s Aciklovir kr\u00e9m 5% l\u00e9gi utaz\u00e1shoz<\/h2>\n<p>L\u00e9gi utaz\u00e1shoz csomagolja a kr\u00e9met \u00e1tl\u00e1tsz\u00f3, visszaz\u00e1rhat\u00f3 m\u0171anyag zacsk\u00f3ba, hogy megfeleljen a l\u00e9git\u00e1rsas\u00e1gok folyad\u00e9kokra \u00e9s g\u00e9lekre vonatkoz\u00f3 el\u0151\u00edr\u00e1sainak. Ez k\u00fcl\u00f6n\u00f6sen fontos a nemzetk\u00f6zi j\u00e1ratok eset\u00e9ben, ahol szigor\u00fa biztons\u00e1gi int\u00e9zked\u00e9sek lehetnek.<\/p>\n<p>Ha m\u00e1s gy\u00f3gyszerekkel utazik, <a href=\"https:\/\/egeszseg-patika.com\/megrendeles-aciclovir-krem-online-veny-nelkul\">Megrendel\u00e9s Aciclovir Kr\u00e9m 5%<\/a> \u00fcgyeljen arra, hogy mindegyik egy\u00e9rtelm\u0171en fel legyen c\u00edmk\u00e9zve \u00e9s k\u00fcl\u00f6n t\u00e1rolva. Ez a szervezet megakad\u00e1lyozhatja a z\u0171rzavart, \u00e9s felgyors\u00edthatja a biztons\u00e1gi \u00e1tvil\u00e1g\u00edt\u00e1si folyamatot a rep\u00fcl\u0151tereken.<\/p>\n<h2>Az 5%-os Aciklovir kr\u00e9m j\u00e1ratokon t\u00f6rt\u00e9n\u0151 sz\u00e1ll\u00edt\u00e1s\u00e1ra vonatkoz\u00f3 el\u0151\u00edr\u00e1sok<\/h2>\n<p>Az 5%-os Aciclovir Cream \u00e1ltal\u00e1ban megengedett a rep\u00fcl\u0151j\u00e1ratokon, de tan\u00e1csos a l\u00e9git\u00e1rsas\u00e1gn\u00e1l \u00e9rdekl\u0151dni a konkr\u00e9t el\u0151\u00edr\u00e1sokr\u00f3l. Egyes orsz\u00e1gokban korl\u00e1toz\u00e1sok vonatkozhatnak a bevihet\u0151 gy\u00f3gyszerek mennyis\u00e9g\u00e9re vagy t\u00edpus\u00e1ra vonatkoz\u00f3an, k\u00fcl\u00f6n\u00f6sen, ha nem j\u00e1r hozz\u00e1 recept.<\/p>\n<p>Nemzetk\u00f6zi utaz\u00e1s eset\u00e9n vigye mag\u00e1val receptj\u00e9nek m\u00e1solat\u00e1t \u00e9s az eg\u00e9szs\u00e9g\u00fcgyi szolg\u00e1ltat\u00f3t\u00f3l kapott levelet. Ez a dokument\u00e1ci\u00f3 hasznos lehet, ha olyan v\u00e1mtisztvisel\u0151kkel tal\u00e1lkozik, akiknek ellen\u0151rizni\u00fck kell, hogy sz\u00fcks\u00e9ge van a gy\u00f3gyszerre.<\/p>\n<h2>Az Aciklovir kr\u00e9m 5%-os biztons\u00e1ga utaz\u00e1s k\u00f6zben<\/h2>\n<p>Az Aciclovir Cream 5% biztons\u00e1g\u00e1nak biztos\u00edt\u00e1sa \u00e9rdek\u00e9ben utaz\u00e1s k\u00f6zben fontolja meg a kifejezetten gy\u00f3gyszerekhez tervezett utaz\u00f3tasak vagy tok haszn\u00e1lat\u00e1t. Ez megakad\u00e1lyozhatja, hogy a kr\u00e9m \u00f6sszet\u00f6rj\u00f6n vagy megs\u00e9r\u00fclj\u00f6n a csomagj\u00e1ban l\u00e9v\u0151 egy\u00e9b t\u00e1rgyak miatt.<\/p>\n<p>Ezenk\u00edv\u00fcl ne hagyja a kr\u00e9met forr\u00f3 aut\u00f3ban, vagy ne tegye ki huzamosabb ideig k\u00f6zvetlen napf\u00e9nynek. Ha aut\u00f3val utazik, a kr\u00e9met h\u0171v\u00f6s, \u00e1rny\u00e9kos helyen t\u00e1rolja a j\u00e1rm\u0171ben.<\/p>\n<h2>V\u00e9ny\u00e9nek \u00fajrat\u00f6lt\u00e9se: l\u00e9p\u00e9sek \u00e9s tippek<\/h2>\n<p>Ha elj\u00f6tt az ideje, hogy \u00fajrat\u00f6ltse az Aciclovir Cream 5% receptj\u00e9t, el\u0151zetesen l\u00e9pjen kapcsolatba gy\u00f3gyszert\u00e1r\u00e1val vagy eg\u00e9szs\u00e9g\u00fcgyi szolg\u00e1ltat\u00f3j\u00e1val. Ez biztos\u00edtja, hogy elegend\u0151 ideje legyen a gy\u00f3gyszer r\u00f6gz\u00edt\u00e9s\u00e9re, miel\u0151tt kifogyna.<\/p>\n<p>K\u00f6vesse nyomon a haszn\u00e1latot, hogy elker\u00fclje az utols\u00f3 pillanatban t\u00f6rt\u00e9n\u0151 ut\u00e1nt\u00f6lt\u00e9st, \u00e9s fontolja meg eml\u00e9keztet\u0151k be\u00e1ll\u00edt\u00e1s\u00e1t, amikor \u00fajra kell rendelnie. A recept hat\u00e9kony kezel\u00e9se megel\u0151zheti a kezel\u00e9s megszak\u00edt\u00e1s\u00e1t.<\/p>\n<h2>Ut\u00e1nt\u00f6lt\u0151 gy\u00f3gyszert\u00e1rak keres\u00e9se k\u00fclf\u00f6ld\u00f6n<\/h2>\n<p>A gy\u00f3gyszert\u00e1r keres\u00e9se k\u00fclf\u00f6ld\u00f6n kih\u00edv\u00e1st jelenthet, de az el\u0151k\u00e9sz\u00edt\u00e9s a stressz nagy r\u00e9sz\u00e9t enyh\u00edtheti. Indul\u00e1s el\u0151tt t\u00e1j\u00e9koz\u00f3djon az Aciclovir Cream 5% el\u00e9rhet\u0151s\u00e9g\u00e9r\u0151l az \u00fatic\u00e9lj\u00e1n. Egyes r\u00e9gi\u00f3kban elt\u00e9r\u0151 m\u00e1rkanevek vagy \u00f6sszet\u00e9tel\u0171ek lehetnek, \u00edgy ezeknek a v\u00e1ltozatoknak az ismerete hasznos lehet.<\/p>\n<p>Ha nem tal\u00e1lja a kr\u00e9met, a helyi eg\u00e9szs\u00e9g\u00fcgyi szolg\u00e1ltat\u00f3k vagy nagyk\u00f6vets\u00e9gek \u00fatmutat\u00e1st \u00e9s seg\u00edts\u00e9get ny\u00fajthatnak a megfelel\u0151 gy\u00f3gyszert\u00e1r megtal\u00e1l\u00e1s\u00e1hoz.<\/p>\n<h2>Kommunik\u00e1ci\u00f3 az eg\u00e9szs\u00e9g\u00fcgyi szolg\u00e1ltat\u00f3kkal az ut\u00e1nt\u00f6lt\u0151kkel kapcsolatban<\/h2>\n<p>Amikor kommunik\u00e1l az eg\u00e9szs\u00e9g\u00fcgyi szolg\u00e1ltat\u00f3kkal az ut\u00e1nt\u00f6lt\u00e9sekr\u0151l, adjon nekik r\u00e9szletes inform\u00e1ci\u00f3kat az utaz\u00e1si \u00fatvonal\u00e1r\u00f3l. Ez seg\u00edthet nekik meg\u00e9rteni az \u00d6n ig\u00e9nyeit, \u00e9s potenci\u00e1lis megold\u00e1sokat k\u00edn\u00e1lhatnak, p\u00e9ld\u00e1ul nagyobb mennyis\u00e9geket \u00edrhatnak fel, vagy tan\u00e1csot adhatnak az \u00d6n \u00fatic\u00e9lj\u00e1n el\u00e9rhet\u0151 alternat\u00edv k\u00e9sz\u00edtm\u00e9nyekr\u0151l.<\/p>\n<p>Haszn\u00e1ljon biztons\u00e1gos kommunik\u00e1ci\u00f3s csatorn\u00e1kat gy\u00f3gyszersz\u00fcks\u00e9gleteinek megbesz\u00e9l\u00e9s\u00e9re, k\u00fcl\u00f6n\u00f6sen szem\u00e9lyes eg\u00e9szs\u00e9g\u00fcgyi inform\u00e1ci\u00f3k megoszt\u00e1sa eset\u00e9n. Ez biztos\u00edtja az \u00d6n szem\u00e9lyes adatainak v\u00e9delm\u00e9t, mik\u00f6zben megkapja a sz\u00fcks\u00e9ges orvosi t\u00e1mogat\u00e1st.<\/p>\n<h2>A v\u00e9nyk\u00f6teles c\u00edmk\u00e9k \u00e9s az adagol\u00e1s meg\u00e9rt\u00e9se<\/h2>\n<p>A v\u00e9nyk\u00f6teles c\u00edmk\u00e9k fontos inform\u00e1ci\u00f3kat tartalmaznak az Aciclovir Cream 5% haszn\u00e1lat\u00e1r\u00f3l. Mindig k\u00f6vesse az eg\u00e9szs\u00e9g\u00fcgyi szolg\u00e1ltat\u00f3 \u00e1ltal el\u0151\u00edrt adagol\u00e1si utas\u00edt\u00e1sokat \u00e9s gyakoris\u00e1got. Az ezekt\u0151l az ir\u00e1nyokt\u00f3l val\u00f3 elt\u00e9r\u00e9s szuboptim\u00e1lis kezel\u00e9si eredm\u00e9nyeket eredm\u00e9nyezhet.<\/p>\n<p>Ha b\u00e1rmilyen zavart tapasztal a c\u00edmk\u00e9n tal\u00e1lhat\u00f3 utas\u00edt\u00e1sokkal kapcsolatban, k\u00e9rje gy\u00f3gyszer\u00e9sze vagy orvosa felvil\u00e1gos\u00edt\u00e1s\u00e1t. Az adagol\u00e1s helytelen \u00e9rtelmez\u00e9se hat\u00e1stalan kezel\u00e9shez vagy mell\u00e9khat\u00e1sokhoz vezethet.<\/p>\n<h2>Biztons\u00e1gi \u00f3vint\u00e9zked\u00e9sek az Aciclovir Cream 5% haszn\u00e1latakor<\/h2>\n<p>Az Aciclovir Cream 5% haszn\u00e1latakor tartsa be a biztons\u00e1gi \u00f3vint\u00e9zked\u00e9seket a mell\u00e9khat\u00e1sok kock\u00e1zat\u00e1nak minimaliz\u00e1l\u00e1sa \u00e9rdek\u00e9ben. A kr\u00e9met csak az \u00e9rintett ter\u00fcletekre vigye fel, \u00e9s ker\u00fclje a szembe, sz\u00e1jjal vagy ny\u00edlt sebekkel val\u00f3 \u00e9rintkez\u00e9st. Az alkalmaz\u00e1s el\u0151tt \u00e9s ut\u00e1n alaposan mosson kezet, hogy megakad\u00e1lyozza a fert\u0151z\u00e9s terjed\u00e9s\u00e9t.<\/p>\n<p>Ha b\u00e1rmilyen irrit\u00e1ci\u00f3t vagy allergi\u00e1s reakci\u00f3t tapasztal, hagyja abba a haszn\u00e1lat\u00e1t, \u00e9s azonnal forduljon eg\u00e9szs\u00e9g\u00fcgyi szolg\u00e1ltat\u00f3j\u00e1hoz. Javasolhatnak alternat\u00edv kezel\u00e9seket vagy m\u00f3dos\u00edt\u00e1sokat a jelenlegi kezel\u00e9si rendhez.<\/p>\n<h2>A mell\u00e9khat\u00e1sok felismer\u00e9se \u00e9s kezel\u00e9se<\/h2>\n<p>Az Aciclovir Cream 5% gyakori mell\u00e9khat\u00e1sai k\u00f6z\u00e9 tartozik az enyhe sz\u00far\u00e1s vagy \u00e9g\u00e9s az alkalmaz\u00e1s hely\u00e9n. Ezek a t\u00fcnetek \u00e1ltal\u00e1ban \u00e1tmenetiek, \u00e9s r\u00f6viddel az alkalmaz\u00e1s ut\u00e1n megsz\u0171nnek. Ha azonban tov\u00e1bbra is fenn\u00e1llnak vagy s\u00falyosbodnak, forduljon orvoshoz.<\/p>\n<p>Legyen \u00e9ber a s\u00falyosabb allergi\u00e1s reakci\u00f3 jelei miatt, mint p\u00e9ld\u00e1ul ki\u00fct\u00e9s, viszket\u00e9s vagy duzzanat. Ilyen esetekben azonnali orvosi ell\u00e1t\u00e1s sz\u00fcks\u00e9ges. E lehets\u00e9ges mell\u00e9khat\u00e1sok meg\u00e9rt\u00e9se seg\u00edthet hat\u00e9konyan kezelni \u0151ket, ha el\u0151fordulnak.<\/p>\n<h2>A gy\u00f3gyszeres nemzetk\u00f6zi utaz\u00e1s jogi szempontjai<\/h2>\n<p>A gy\u00f3gyszeres nemzetk\u00f6zi utaz\u00e1shoz tiszt\u00e1ban kell lenni a c\u00e9lorsz\u00e1g jogi szempontjaival. Egyes orsz\u00e1gokban szigor\u00fa szab\u00e1lyok vonatkoznak a gy\u00f3gyszerek behozatal\u00e1ra, m\u00e9g a v\u00e9nyk\u00f6teles gy\u00f3gyszerekre is.<\/p>\n<p>Kutasson \u00fatic\u00e9lja t\u00f6rv\u00e9nyeit, hogy biztos\u00edtsa a megfelel\u00e9st \u00e9s elker\u00fclje a lehets\u00e9ges jogi probl\u00e9m\u00e1kat. A dokumentumok, p\u00e9ld\u00e1ul az orvosi feljegyz\u00e9s vagy recept elk\u00e9sz\u00edt\u00e9se megk\u00f6nny\u00edtheti a v\u00e1mellen\u0151rz\u00e9seket \u00e9s a bel\u00e9p\u00e9si folyamatokat.<\/p>\n<h2>GYIK az Aciklovir kr\u00e9m 5%-os haszn\u00e1lat\u00e1r\u00f3l \u00e9s t\u00e1rol\u00e1s\u00e1r\u00f3l<\/h2>\n<p>Az Aciclovir Cream 5% hat\u00e9kony haszn\u00e1lat\u00e1nak \u00e9s t\u00e1rol\u00e1s\u00e1nak meg\u00e9rt\u00e9se jelent\u0151sen befoly\u00e1solhatja annak hat\u00e9konys\u00e1g\u00e1t. A gyakran ism\u00e9telt k\u00e9rd\u00e9sek gyakran a helyes alkalmaz\u00e1sra, a t\u00e1rol\u00e1si felt\u00e9telekre \u00e9s a kihagyott adagok eset\u00e9re vonatkoznak.<\/p>\n<p>Haszn\u00e1lathoz az optim\u00e1lis eredm\u00e9ny el\u00e9r\u00e9se \u00e9rdek\u00e9ben vigye fel a kr\u00e9met a j\u00e1rv\u00e1ny els\u0151 jeleire. Ha kihagyott egy adagot, azonnal alkalmazza, amint esz\u00e9be jut, kiv\u00e9ve, ha k\u00f6zel van a k\u00f6vetkez\u0151 adag bev\u00e9tel\u00e9nek ideje. A t\u00e1rol\u00e1shoz tartson \u00e1lland\u00f3 h\u0151m\u00e9rs\u00e9kletet, \u00e9s tartsa t\u00e1vol a kr\u00e9met nedvess\u00e9gt\u0151l \u00e9s h\u0151t\u0151l.<\/p>\n<p>Ha tov\u00e1bbi k\u00e9rd\u00e9sei mer\u00fclnek fel, forduljon eg\u00e9szs\u00e9g\u00fcgyi szolg\u00e1ltat\u00f3j\u00e1hoz vagy gy\u00f3gyszer\u00e9sz\u00e9hez szem\u00e9lyre szabott tan\u00e1cs\u00e9rt \u00e9s t\u00e1mogat\u00e1s\u00e9rt. Az \u00d6n speci\u00e1lis eg\u00e9szs\u00e9g\u00fcgyi sz\u00fcks\u00e9gleteihez \u00e9s k\u00f6r\u00fclm\u00e9nyeihez szabott betekint\u00e9st ny\u00fajthatnak.<\/p>\n","protected":false},"excerpt":{"rendered":"<p>Az Aciclovir Cream 5% t\u00e1rol\u00e1sa, utaz\u00e1sa \u00e9s ut\u00e1nt\u00f6lt\u00e9se Ez a cikk alapvet\u0151 \u00fatmutat\u00e1st ad az Aciclovir Cream 5%-os t\u00e1rol\u00e1si, utaz\u00e1si \u00e9s ut\u00e1nt\u00f6lt\u00e9si gyakorlat\u00e1hoz, biztos\u00edtva annak hat\u00e9konys\u00e1g\u00e1t \u00e9s biztons\u00e1g\u00e1t. Az 5%-os aciklovir kr\u00e9m megfelel\u0151 t\u00e1rol\u00e1si felt\u00e9telei Az Aciclovir Cream 5% megfelel\u0151 t\u00e1rol\u00e1sa kulcsfontoss\u00e1g\u00fa a hat\u00e9konys\u00e1g meg\u0151rz\u00e9s\u00e9hez. A szennyez\u0151d\u00e9st\u0151l val\u00f3 v\u00e9delem \u00e9rdek\u00e9ben a kr\u00e9met az eredeti tart\u00e1ly\u00e1ban [&hellip;]<\/p>\n","protected":false},"author":1,"featured_media":0,"parent":0,"menu_order":0,"comment_status":"closed","ping_status":"closed","template":"","meta":{"footnotes":""},"class_list":["post-20528","page","type-page","status-publish","hentry"],"_links":{"self":[{"href":"https:\/\/mahous.com\/index.php\/wp-json\/wp\/v2\/pages\/20528","targetHints":{"allow":["GET"]}}],"collection":[{"href":"https:\/\/mahous.com\/index.php\/wp-json\/wp\/v2\/pages"}],"about":[{"href":"https:\/\/mahous.com\/index.php\/wp-json\/wp\/v2\/types\/page"}],"author":[{"embeddable":true,"href":"https:\/\/mahous.com\/index.php\/wp-json\/wp\/v2\/users\/1"}],"replies":[{"embeddable":true,"href":"https:\/\/mahous.com\/index.php\/wp-json\/wp\/v2\/comments?post=20528"}],"version-history":[{"count":1,"href":"https:\/\/mahous.com\/index.php\/wp-json\/wp\/v2\/pages\/20528\/revisions"}],"predecessor-version":[{"id":20529,"href":"https:\/\/mahous.com\/index.php\/wp-json\/wp\/v2\/pages\/20528\/revisions\/20529"}],"wp:attachment":[{"href":"https:\/\/mahous.com\/index.php\/wp-json\/wp\/v2\/media?parent=20528"}],"curies":[{"name":"wp","href":"https:\/\/api.w.org\/{rel}","templated":true}]}}