{"id":20534,"date":"2026-03-24T12:03:28","date_gmt":"2026-03-24T11:03:28","guid":{"rendered":"https:\/\/mahous.com\/?page_id=20534"},"modified":"2026-03-24T12:03:28","modified_gmt":"2026-03-24T11:03:28","slug":"quest-ce-que-vermox-et-son-equivalent-generique","status":"publish","type":"page","link":"https:\/\/mahous.com\/index.php\/quest-ce-que-vermox-et-son-equivalent-generique\/","title":{"rendered":"Qu&rsquo;est-ce que Vermox et son \u00e9quivalent g\u00e9n\u00e9rique?"},"content":{"rendered":"<h1>FAQ g\u00e9n\u00e9rique Vermox\u00a0: r\u00e9ponses aux 10 principales questions<\/h1>\n<p>Cet article fournit des r\u00e9ponses compl\u00e8tes aux questions les plus fr\u00e9quemment pos\u00e9es sur Vermox et ses \u00e9quivalents g\u00e9n\u00e9riques.<\/p>\n<h2>Qu&rsquo;est-ce que Vermox et son \u00e9quivalent g\u00e9n\u00e9rique?<\/h2>\n<p>Vermox est un nom de marque pour le m\u00e9dicament m\u00e9bendazole, un m\u00e9dicament antiparasitaire utilis\u00e9 pour traiter diverses infections par les vers. Il appartient \u00e0 une classe de m\u00e9dicaments appel\u00e9s anthelminthiques, con\u00e7us pour \u00e9liminer les vers parasites du corps. L&rsquo;\u00e9quivalent g\u00e9n\u00e9rique du Vermox, le m\u00e9bendazole, offre les m\u00eames effets th\u00e9rapeutiques \u00e0 un co\u00fbt potentiellement inf\u00e9rieur, ce qui en fait un choix populaire dans de nombreuses r\u00e9gions.<\/p>\n<p>La disponibilit\u00e9 de versions g\u00e9n\u00e9riques permet des options de traitement plus accessibles aux patients du monde entier. Les g\u00e9n\u00e9riques sont g\u00e9n\u00e9ralement soumis \u00e0 des tests rigoureux pour garantir que leur s\u00e9curit\u00e9 et leur efficacit\u00e9 correspondent \u00e0 celles de la version de marque. Bien que l&rsquo;ingr\u00e9dient actif reste le m\u00eame, certains composants inactifs des g\u00e9n\u00e9riques peuvent diff\u00e9rer, ce qui peut l\u00e9g\u00e8rement modifier la fa\u00e7on dont il est absorb\u00e9 ou tol\u00e9r\u00e9 par certaines personnes.<\/p>\n<h2>Comment Vermox agit-il pour traiter les infections?<\/h2>\n<p>Vermox et ses homologues g\u00e9n\u00e9riques agissent en interf\u00e9rant avec l&rsquo;absorption du glucose par les vers parasites du corps humain. Cette perturbation de l&rsquo;absorption du glucose \u00e9puise les r\u00e9serves d&rsquo;\u00e9nergie des vers, conduisant finalement \u00e0 leur mort. Les vers morts sont ensuite expuls\u00e9s du corps par le biais de processus digestifs normaux.<\/p>\n<p>Ce mode d&rsquo;action est particuli\u00e8rement efficace contre un large \u00e9ventail d&rsquo;infections par les n\u00e9matodes, notamment les oxyures, les ascaris et les ankylostomes. L\u2019efficacit\u00e9 du m\u00e9bendazole r\u00e9side dans sa capacit\u00e9 \u00e0 cibler les vers sans affecter l\u2019h\u00f4te, ce qui en fait une option privil\u00e9gi\u00e9e pour traiter les infections parasitaires intestinales.<\/p>\n<h2>Quelles conditions Vermox traite-t-il?<\/h2>\n<p>Vermox est principalement utilis\u00e9 pour traiter les infections caus\u00e9es par divers types de vers intestinaux. Les affections qu&rsquo;il traite comprennent l&rsquo;ent\u00e9robiase (infection par les oxyures), l&rsquo;ascaridiase (infection par les ascaris), la trichuriase (infection par les trichoc\u00e9phales) et les infections par les ankylostomes. Ces infections sont courantes dans les zones o\u00f9 l&rsquo;assainissement est m\u00e9diocre et sont souvent transmises par le sol ou les aliments contamin\u00e9s.<\/p>\n<p>Dans certains cas, Vermox peut \u00eatre prescrit dans le cadre d&rsquo;un plan de traitement plus large visant \u00e0 traiter simultan\u00e9ment plusieurs types d&rsquo;infections par les vers. La polyvalence du m\u00e9bendazole dans le traitement de diverses infections parasitaires en fait un outil pr\u00e9cieux dans les contextes de sant\u00e9 individuelle et publique, en particulier dans les r\u00e9gions o\u00f9 ces infections sont r\u00e9pandues.<\/p>\n<h2>Comment prendre Vermox pour obtenir les meilleurs r\u00e9sultats?<\/h2>\n<p>Pour des r\u00e9sultats optimaux, Vermox doit <a href=\"https:\/\/piluledirecte.fr\/vermox-generique-en-ligne-sans-ordonnance\">https:\/\/piluledirecte.fr\/vermox-generique-en-ligne-sans-ordonnance<\/a> \u00eatre pris exactement comme prescrit par un professionnel de la sant\u00e9. La posologie typique consiste \u00e0 prendre un seul comprim\u00e9 pour certaines infections, tandis que d&rsquo;autres peuvent n\u00e9cessiter un traitement plus long. Il est important de respecter le calendrier prescrit pour garantir l&rsquo;efficacit\u00e9 du m\u00e9dicament.<\/p>\n<p>Vermox peut \u00eatre pris avec ou sans nourriture, et il est souvent recommand\u00e9 de croquer le comprim\u00e9 avant de l&rsquo;avaler, en particulier chez les enfants. L&rsquo;ach\u00e8vement du traitement complet, m\u00eame si les sympt\u00f4mes s&rsquo;am\u00e9liorent avant la fin du traitement, est crucial pour pr\u00e9venir une r\u00e9infection ou une \u00e9radication incompl\u00e8te des parasites.<\/p>\n<h2>Y a-t-il des effets secondaires de Vermox?<\/h2>\n<p>Comme tous les m\u00e9dicaments, Vermox peut provoquer des effets secondaires, mais ils sont g\u00e9n\u00e9ralement l\u00e9gers et temporaires. Les effets secondaires courants comprennent des douleurs abdominales, de la diarrh\u00e9e et des naus\u00e9es. Ces sympt\u00f4mes disparaissent g\u00e9n\u00e9ralement \u00e0 mesure que le corps s&rsquo;adapte au m\u00e9dicament.<\/p>\n<p>Dans de rares cas, des effets secondaires plus graves, tels que des r\u00e9actions allergiques graves, notamment des \u00e9ruptions cutan\u00e9es, des d\u00e9mangeaisons et un gonflement, peuvent survenir. Si des effets secondaires graves apparaissent, il est important de consulter rapidement un m\u00e9decin. La surveillance et le signalement de tout effet ind\u00e9sirable peuvent aider les prestataires de soins de sant\u00e9 \u00e0 g\u00e9rer et \u00e0 att\u00e9nuer efficacement les risques.<\/p>\n<h2>Vermox peut-il \u00eatre pris pendant la grossesse?<\/h2>\n<p>L&rsquo;utilisation de Vermox pendant la grossesse n&rsquo;est g\u00e9n\u00e9ralement pas recommand\u00e9e, sauf si les b\u00e9n\u00e9fices potentiels sont sup\u00e9rieurs aux risques. Cette prudence est due au manque d&rsquo;\u00e9tudes suffisantes sur les effets du m\u00e9bendazole chez la femme enceinte. Si un traitement est jug\u00e9 n\u00e9cessaire, il doit \u00eatre \u00e9troitement surveill\u00e9 par un professionnel de la sant\u00e9.<\/p>\n<p>Il est conseill\u00e9 aux femmes enceintes de discuter de tous les m\u00e9dicaments qu&rsquo;elles prennent avec leur professionnel de la sant\u00e9 afin d&rsquo;assurer la s\u00e9curit\u00e9 de la m\u00e8re et de l&rsquo;enfant \u00e0 na\u00eetre. Des traitements alternatifs peuvent \u00eatre envisag\u00e9s en fonction des circonstances sp\u00e9cifiques et du type d&rsquo;infection.<\/p>\n<h2>Quelles pr\u00e9cautions doivent \u00eatre prises avec Vermox?<\/h2>\n<p>Avant de prendre Vermox, les patients doivent informer leur m\u00e9decin de toute allergie, probl\u00e8me de sant\u00e9 existant ou autre m\u00e9dicament qu&rsquo;ils prennent. Ces informations aident \u00e0 \u00e9valuer les interactions potentielles et les contre-indications.<\/p>\n<p>Il est \u00e9galement important de maintenir de bonnes pratiques d\u2019hygi\u00e8ne pour pr\u00e9venir la r\u00e9infection ou la propagation de l\u2019infection \u00e0 d\u2019autres. Cela implique de se laver r\u00e9guli\u00e8rement les mains, en particulier apr\u00e8s \u00eatre all\u00e9 aux toilettes et avant les repas, et de veiller \u00e0 ce que tous les membres du m\u00e9nage soient trait\u00e9s simultan\u00e9ment si n\u00e9cessaire, afin d&rsquo;\u00e9viter un cycle de r\u00e9infection.<\/p>\n<h2>Comment Vermox interagit-il avec d&rsquo;autres m\u00e9dicaments?<\/h2>\n<p>Vermox peut interagir avec certains m\u00e9dicaments, modifiant potentiellement leurs effets. Par exemple, il peut interagir avec des m\u00e9dicaments utilis\u00e9s pour traiter l&rsquo;\u00e9pilepsie, tels que la carbamaz\u00e9pine et la ph\u00e9nyto\u00efne, ce qui peut diminuer l&rsquo;efficacit\u00e9 du m\u00e9bendazole.<\/p>\n<p>De plus, les interactions avec des m\u00e9dicaments qui affectent le syst\u00e8me enzymatique du foie peuvent influencer la fa\u00e7on dont Vermox est m\u00e9tabolis\u00e9. Il est essentiel que les patients fournissent une liste compl\u00e8te de leurs m\u00e9dicaments \u00e0 leur professionnel de la sant\u00e9 afin d&rsquo;\u00e9viter les interactions ind\u00e9sirables et de garantir un traitement s\u00fbr et efficace.<\/p>\n<h2>Une ordonnance est-elle requise pour Vermox?<\/h2>\n<p>Dans de nombreux pays, Vermox est un m\u00e9dicament d\u00e9livr\u00e9 uniquement sur ordonnance, ce qui signifie qu&rsquo;il n\u00e9cessite l&rsquo;approbation d&rsquo;un professionnel de la sant\u00e9 avant d&rsquo;\u00eatre utilis\u00e9. Cela garantit que le m\u00e9dicament est utilis\u00e9 de mani\u00e8re appropri\u00e9e et que tout risque potentiel est g\u00e9r\u00e9 sous la direction d&rsquo;un professionnel.<\/p>\n<p>Certains endroits peuvent autoriser les achats en vente libre de m\u00e9bendazole, mais il est n\u00e9anmoins conseill\u00e9 de consulter un professionnel de la sant\u00e9 avant de commencer le traitement. Cette approche permet d&rsquo;obtenir le diagnostic et le plan de traitement corrects pour le type sp\u00e9cifique d&rsquo;infection parasitaire.<\/p>\n<h2>Comment conserver Vermox en toute s\u00e9curit\u00e9?<\/h2>\n<p>Conserver correctement Vermox est essentiel pour maintenir son efficacit\u00e9. Le m\u00e9dicament doit \u00eatre conserv\u00e9 dans son emballage d&rsquo;origine, \u00e0 temp\u00e9rature ambiante, \u00e0 l&rsquo;abri de l&rsquo;humidit\u00e9 et de la lumi\u00e8re directe du soleil. Le garder hors de port\u00e9e des enfants et des animaux domestiques est \u00e9galement important pour \u00e9viter toute ingestion accidentelle.<\/p>\n<p>Il est \u00e9galement conseill\u00e9 de v\u00e9rifier r\u00e9guli\u00e8rement la date de p\u00e9remption et de jeter en toute s\u00e9curit\u00e9 tout m\u00e9dicament p\u00e9rim\u00e9 ou non utilis\u00e9. De nombreuses pharmacies proposent des programmes de reprise des m\u00e9dicaments, qui constituent une m\u00e9thode d&rsquo;\u00e9limination s\u00fbre et respectueuse de l&rsquo;environnement.<\/p>\n<h2>O\u00f9 pouvez-vous acheter du Vermox g\u00e9n\u00e9rique?<\/h2>\n<p>Le Vermox g\u00e9n\u00e9rique peut \u00eatre achet\u00e9 dans la plupart des pharmacies, en ligne et en magasin. Il est conseill\u00e9 d&rsquo;acheter aupr\u00e8s de sources r\u00e9put\u00e9es pour garantir l&rsquo;authenticit\u00e9 et la qualit\u00e9 du m\u00e9dicament. Dans certains cas, une prescription peut \u00eatre requise, en fonction de la r\u00e9glementation locale.<\/p>\n<p>Les patients doivent toujours v\u00e9rifier la l\u00e9gitimit\u00e9 des pharmacies en ligne avant d&rsquo;effectuer un achat, car les m\u00e9dicaments contrefaits peuvent pr\u00e9senter de graves risques pour la sant\u00e9. Consulter un professionnel de la sant\u00e9 peut vous indiquer o\u00f9 obtenir des versions fiables et s\u00fbres du Vermox g\u00e9n\u00e9rique.<\/p>\n","protected":false},"excerpt":{"rendered":"<p>FAQ g\u00e9n\u00e9rique Vermox\u00a0: r\u00e9ponses aux 10 principales questions Cet article fournit des r\u00e9ponses compl\u00e8tes aux questions les plus fr\u00e9quemment pos\u00e9es sur Vermox et ses \u00e9quivalents g\u00e9n\u00e9riques. Qu&rsquo;est-ce que Vermox et son \u00e9quivalent g\u00e9n\u00e9rique? Vermox est un nom de marque pour le m\u00e9dicament m\u00e9bendazole, un m\u00e9dicament antiparasitaire utilis\u00e9 pour traiter diverses infections par les vers. Il [&hellip;]<\/p>\n","protected":false},"author":1,"featured_media":0,"parent":0,"menu_order":0,"comment_status":"closed","ping_status":"closed","template":"","meta":{"footnotes":""},"class_list":["post-20534","page","type-page","status-publish","hentry"],"_links":{"self":[{"href":"https:\/\/mahous.com\/index.php\/wp-json\/wp\/v2\/pages\/20534","targetHints":{"allow":["GET"]}}],"collection":[{"href":"https:\/\/mahous.com\/index.php\/wp-json\/wp\/v2\/pages"}],"about":[{"href":"https:\/\/mahous.com\/index.php\/wp-json\/wp\/v2\/types\/page"}],"author":[{"embeddable":true,"href":"https:\/\/mahous.com\/index.php\/wp-json\/wp\/v2\/users\/1"}],"replies":[{"embeddable":true,"href":"https:\/\/mahous.com\/index.php\/wp-json\/wp\/v2\/comments?post=20534"}],"version-history":[{"count":1,"href":"https:\/\/mahous.com\/index.php\/wp-json\/wp\/v2\/pages\/20534\/revisions"}],"predecessor-version":[{"id":20535,"href":"https:\/\/mahous.com\/index.php\/wp-json\/wp\/v2\/pages\/20534\/revisions\/20535"}],"wp:attachment":[{"href":"https:\/\/mahous.com\/index.php\/wp-json\/wp\/v2\/media?parent=20534"}],"curies":[{"name":"wp","href":"https:\/\/api.w.org\/{rel}","templated":true}]}}