{"id":20540,"date":"2026-03-24T12:08:40","date_gmt":"2026-03-24T11:08:40","guid":{"rendered":"https:\/\/mahous.com\/?page_id=20540"},"modified":"2026-03-24T12:08:40","modified_gmt":"2026-03-24T11:08:40","slug":"lampliga-forvaringsforhallanden-for-bimat-003","status":"publish","type":"page","link":"https:\/\/mahous.com\/index.php\/lampliga-forvaringsforhallanden-for-bimat-003\/","title":{"rendered":"L\u00e4mpliga f\u00f6rvaringsf\u00f6rh\u00e5llanden f\u00f6r Bimat 0.03 %"},"content":{"rendered":"<h1>Hur man f\u00f6rvarar, reser med och fyller p\u00e5 Bimat 0.03 %<\/h1>\n<p>F\u00f6rst\u00e5 de korrekta metoderna f\u00f6r att lagra, resa med och fylla p\u00e5 Bimat 0.03% garanterar dess effektivitet och s\u00e4kerhet.<\/p>\n<h2>L\u00e4mpliga f\u00f6rvaringsf\u00f6rh\u00e5llanden f\u00f6r Bimat 0.03 %<\/h2>\n<p>Lagring av Bimat 0.03 % korrekt \u00e4r avg\u00f6rande f\u00f6r att bibeh\u00e5lla dess effektivitet. L\u00e4kemedlet ska f\u00f6rvaras i originalf\u00f6rpackningen, t\u00e4tt tillsluten och utom r\u00e4ckh\u00e5ll f\u00f6r barn och husdjur. Detta hj\u00e4lper till att f\u00f6rhindra oavsiktligt f\u00f6rt\u00e4ring eller felaktig anv\u00e4ndning, vilket kan vara farligt.<\/p>\n<p>Undvik att f\u00f6rvara Bimat 0.03 % i badrummet eller andra fuktiga utrymmen, eftersom fukt kan f\u00f6rs\u00e4mra l\u00f6sningen. Hitta ist\u00e4llet en torr, s\u00e4ker plats som ett sovrumssk\u00e5p eller en dedikerad medicinl\u00e5da. Detta kommer att skydda l\u00e4kemedlet fr\u00e5n milj\u00f6faktorer som kan \u00e4ventyra dess kvalitet.<\/p>\n<h2>Temperatur\u00f6verv\u00e4ganden f\u00f6r Bimat 0.03 %<\/h2>\n<p>Bimat 0.03% b\u00f6r f\u00f6rvaras i rumstemperatur, helst mellan 15\u00b0C och 25\u00b0C. Att f\u00f6rvara den vid temperaturer utanf\u00f6r detta intervall kan minska dess styrka. Undvik platser d\u00e4r temperaturfluktuationer \u00e4r vanliga, till exempel n\u00e4ra f\u00f6nster eller i fordon.<\/p>\n<p>Extrema temperaturer, vare sig det \u00e4r varmt eller kallt, kan f\u00f6r\u00e4ndra l\u00e4kemedlets kemiska sammans\u00e4ttning. Om du misst\u00e4nker att Bimat 0.03% har utsatts f\u00f6r ol\u00e4mpliga temperaturer, kontakta din apotekspersonal f\u00f6r att avg\u00f6ra om det fortfarande \u00e4r s\u00e4kert att anv\u00e4nda.<\/p>\n<h2>Skyddar Bimat 0.03 % fr\u00e5n ljusexponering<\/h2>\n<p>Exponering f\u00f6r ljus, s\u00e4rskilt direkt solljus, kan f\u00f6rs\u00e4mra Bimat 0.03 % \u00f6ver tiden. Det \u00e4r tillr\u00e5dligt att f\u00f6rvara l\u00e4kemedlet p\u00e5 ett m\u00f6rkt st\u00e4lle, f\u00f6r att s\u00e4kerst\u00e4lla att det f\u00f6rblir effektivt under sin avsedda h\u00e5llbarhet. \u00d6verv\u00e4g att anv\u00e4nda ogenomskinliga beh\u00e5llare eller f\u00f6rvara den i en l\u00e5da f\u00f6r att minimera ljusexponeringen.<\/p>\n<p>Om originalf\u00f6rpackningen \u00e4r designad f\u00f6r att vara ljust\u00e4t, se till att den alltid \u00e4r ordentligt st\u00e4ngd. Detta extra skyddslager \u00e4r avg\u00f6rande f\u00f6r att bibeh\u00e5lla l\u00e4kemedlets integritet.<\/p>\n<h2>Resa med Bimat 0.03%: Viktiga tips<\/h2>\n<p>N\u00e4r du reser med Bimat 0.03 %, f\u00f6rberedelse \u00e4r nyckeln till att s\u00e4kerst\u00e4lla att medicinen f\u00f6rblir effektiv. Se f\u00f6rst till att du har tillr\u00e4ckligt med tillg\u00e5ng under hela din resa, plus lite extra f\u00f6r att ta h\u00e4nsyn till of\u00f6rutsedda f\u00f6rseningar. Att ha med sig ett recept eller l\u00e4karintyg kan ocks\u00e5 vara till hj\u00e4lp, s\u00e4rskilt om du reser internationellt.<\/p>\n<p>T\u00e4nk p\u00e5 hur du kommer att f\u00f6rvara medicinen under din resa. En temperaturkontrollerad handbagage \u00e4r idealisk, eftersom den l\u00e5ter dig \u00f6vervaka medicinens milj\u00f6 n\u00e4rmare \u00e4n incheckat bagage.<\/p>\n<h2>F\u00f6rpackning Bimat 0.03 % i handbagage<\/h2>\n<p>N\u00e4r du flyger \u00e4r det l\u00e4mpligt att packa Bimat 0.03 % i ditt handbagage. Detta h\u00e5ller det inte bara inom r\u00e4ckh\u00e5ll utan l\u00e5ter dig ocks\u00e5 undvika de extrema temperaturer som incheckat bagage kan uppleva i lastrummet. Placera flaskan i en \u00e5terf\u00f6rslutningsbar plastp\u00e5se f\u00f6r att f\u00f6rhindra l\u00e4ckage.<\/p>\n<p>Se till att beh\u00e5llaren \u00e4r s\u00e4ker <a href=\"https:\/\/apotek-express.se\/bimat-kostnad-utan-recept\">https:\/\/apotek-express.se\/bimat-kostnad-utan-recept<\/a> och d\u00e4mpad f\u00f6r att f\u00f6rhindra brott. Om m\u00f6jligt, packa den tillsammans med andra v\u00e4sentliga saker som du kan beh\u00f6va komma \u00e5t snabbt under din flygning.<\/p>\n<h2>S\u00e4kerhetskontroller och Bimat 0.03%: Vad du ska veta<\/h2>\n<p>Vid s\u00e4kerhetskontroller p\u00e5 flygplatsen, Bimat 0.03 % b\u00f6r behandlas som en flytande medicin. Var beredd att deklarera det och placera det i den medf\u00f6ljande s\u00e4kerhetsp\u00e5sen tillsammans med andra v\u00e4tskor. Att ha en kopia av ditt recept kan underl\u00e4tta denna process och hj\u00e4lpa till att undvika potentiella problem.<\/p>\n<p>Bekanta dig med de specifika reglerna f\u00f6r flygplatsen och flygbolaget du anv\u00e4nder, eftersom dessa kan variera. Att vara f\u00f6rberedd kommer att s\u00e4kerst\u00e4lla en smidigare passage genom s\u00e4kerhetskontroller.<\/p>\n<h2>Regler f\u00f6r att b\u00e4ra Bimat 0.03% internationellt<\/h2>\n<p>Internationella resor med mediciner som Bimat 0.03% kan kompliceras av varierande regler mellan l\u00e4nder. Kontrollera alltid de specifika importbest\u00e4mmelserna i ditt destinationsland f\u00f6r att s\u00e4kerst\u00e4lla efterlevnad. Vissa l\u00e4nder kan ha restriktioner f\u00f6r vilka typer eller m\u00e4ngder l\u00e4kemedel som kan tas in.<\/p>\n<p>Att samr\u00e5da med din v\u00e5rdgivare eller en resemedicinspecialist f\u00f6re avresan kan ge klarhet om eventuell ytterligare dokumentation eller steg som kr\u00e4vs.<\/p>\n<h2>Att s\u00e4kerst\u00e4lla Bimat 0.03% f\u00f6rblir effektiv under resor<\/h2>\n<p>Att bibeh\u00e5lla effekten av Bimat 0.03 % n\u00e4r du reser kr\u00e4ver noggrann uppm\u00e4rksamhet p\u00e5 lagringsf\u00f6rh\u00e5llandena. F\u00f6rvara alltid medicinen i en temperaturkontrollerad milj\u00f6 och borta fr\u00e5n direkt solljus. Om du \u00e4r p\u00e5 en l\u00e5ng resa, till exempel en l\u00e5ngdistansflygning, \u00f6verv\u00e4g att ta med en liten, isolerad v\u00e4ska f\u00f6r att skydda medicinen.<\/p>\n<p>H\u00e5ll ett skriftligt register \u00f6ver l\u00e4kemedlets tillst\u00e5nd och eventuell exponering f\u00f6r ogynnsamma f\u00f6rh\u00e5llanden under resan. Detta kan vara anv\u00e4ndbart f\u00f6r att identifiera potentiella problem med effektivitet senare.<\/p>\n<h2>Hur du fyller p\u00e5 din Bimat 0.03% Recept<\/h2>\n<p>P\u00e5fyllning av Bimat 0.03 % b\u00f6r g\u00f6ras i god tid innan ditt nuvarande utbud tar slut. Kontakta ditt apotek f\u00f6r att s\u00e4kerst\u00e4lla att de har l\u00e4kemedlet i lager och ge gott om tid f\u00f6r eventuella n\u00f6dv\u00e4ndiga best\u00e4llningar eller leveranser. Att h\u00e5lla reda p\u00e5 din anv\u00e4ndning hj\u00e4lper dig att planera p\u00e5fyllningar d\u00e4refter.<\/p>\n<p>Det \u00e4r ocks\u00e5 f\u00f6rdelaktigt att f\u00f6rst\u00e5 din v\u00e5rdgivares p\u00e5fyllningspolicy. Vissa leverant\u00f6rer kan kr\u00e4va regelbundna incheckningar f\u00f6r att f\u00f6rnya recept, f\u00f6r att s\u00e4kerst\u00e4lla fortsatt l\u00e4mplighet f\u00f6r medicinen.<\/p>\n<h2>Att v\u00e4lja apotek f\u00f6r Bimat 0.03% p\u00e5fyllning<\/h2>\n<p>Att v\u00e4lja r\u00e4tt apotek f\u00f6r p\u00e5fyllning av Bimat 0.03 % kan g\u00f6ra en betydande skillnad i bekv\u00e4mlighet och kostnad. Leta efter ett apotek som erbjuder p\u00e5litlig service och kan tillgodose ditt schema. Vissa apotek erbjuder hemleveranstj\u00e4nster, vilket kan vara ett f\u00f6rdelaktigt alternativ om resor \u00e4r frekventa.<\/p>\n<p>J\u00e4mf\u00f6r priser p\u00e5 flera apotek om m\u00f6jligt, eftersom kostnaderna kan variera. T\u00e4nk ocks\u00e5 p\u00e5 om apoteket erbjuder n\u00e5gra lojalitetsprogram eller rabatter f\u00f6r vanliga kunder.<\/p>\n<h2>Onlinealternativ f\u00f6r p\u00e5fyllning av Bimat 0.03 %<\/h2>\n<p>Onlineapotek kan erbjuda ett bekv\u00e4mt alternativ f\u00f6r att fylla p\u00e5 Bimat 0.03 %, s\u00e4rskilt f\u00f6r dem med hektisk livsstil eller begr\u00e4nsad tillg\u00e5ng till lokala apotek. Se till att onlineapoteket \u00e4r v\u00e4lrenommerat och kr\u00e4ver ett giltigt recept f\u00f6r att undvika f\u00f6rfalskade l\u00e4kemedel.<\/p>\n<p>Kontrollera leveranstider och extra kostnader f\u00f6rknippade med onlinep\u00e5fyllning. \u00c4ven om det \u00e4r praktiskt kan onlinetj\u00e4nster ibland ta l\u00e4ngre tid, s\u00e4rskilt om du befinner dig i ett avl\u00e4gset omr\u00e5de.<\/p>\n<h2>Hantera Bimat 0.03 % utbud f\u00f6re f\u00f6rl\u00e4ngda resor<\/h2>\n<p>Innan du ger dig ut p\u00e5 en l\u00e4ngre resa, utv\u00e4rdera ditt utbud av Bimat 0.03 % f\u00f6r att s\u00e4kerst\u00e4lla att du har tillr\u00e4ckligt f\u00f6r att h\u00e5lla hela din resa. Det kan vara n\u00f6dv\u00e4ndigt att ordna med en tidig p\u00e5fyllning eller beg\u00e4ra ett st\u00f6rre recept fr\u00e5n din v\u00e5rdgivare.<\/p>\n<p>Kontrollera dessutom tillg\u00e4ngligheten f\u00f6r Bimat 0.03 % i ditt destinationsland. I vissa fall kan det vara n\u00f6dv\u00e4ndigt att utforska alternativa formuleringar eller varum\u00e4rken som finns lokalt.<\/p>\n<h2>F\u00f6rst\u00e5 utg\u00e5ngsdatum p\u00e5 Bimat 0.03 %<\/h2>\n<p>Kontrollerar utg\u00e5ngsdatumet p\u00e5 din Bimat 0.03% \u00e4r viktigt, eftersom att anv\u00e4nda utg\u00e5ngen medicin kan vara ineffektivt eller till och med skadligt. Utg\u00e5ngsdatumet \u00e4r vanligtvis tryckt p\u00e5 flaskan eller f\u00f6rpackningen. Se till att du anv\u00e4nder l\u00e4kemedlet f\u00f6re detta datum f\u00f6r att garantera dess effekt.<\/p>\n<p>Om du uppt\u00e4cker att din medicin har g\u00e5tt ut, kontakta din apotekspersonal eller v\u00e5rdgivare f\u00f6r v\u00e4gledning om hur du s\u00e4kert g\u00f6r dig av med den och skaffar ett nytt recept.<\/p>\n<h2>S\u00e4kerhetsf\u00f6reskrifter vid hantering av Bimat 0.03 %<\/h2>\n<p>Hantera Bimat 0.03 % med f\u00f6rsiktighet \u00e4r viktigt f\u00f6r att s\u00e4kerst\u00e4lla dess s\u00e4kerhet och effektivitet. Tv\u00e4tta alltid h\u00e4nderna f\u00f6re och efter applicering f\u00f6r att undvika kontaminering. Om pipetten vidr\u00f6r n\u00e5gon yta kan den inf\u00f6ra bakterier i l\u00f6sningen, vilket utg\u00f6r en risk f\u00f6r infektion.<\/p>\n<p>F\u00f6lj den f\u00f6reskrivna dosen noggrant och r\u00e5dfr\u00e5ga din l\u00e4kare om du upplever n\u00e5gra ov\u00e4ntade biverkningar. Missbruk eller \u00f6veranv\u00e4ndning kan leda till komplikationer, s\u00e5 det \u00e4r viktigt att f\u00f6lja medicinsk r\u00e5dgivning.<\/p>\n<h2>Fels\u00f6kning av problem med Bimat 0.03% lagring och anv\u00e4ndning<\/h2>\n<p>Om du st\u00f6ter p\u00e5 problem med att lagra eller anv\u00e4nda Bimat 0.03 % \u00e4r det viktigt att ta itu med dem omg\u00e5ende. Problem som f\u00f6r\u00e4ndringar i l\u00f6sningens utseende, f\u00f6rlust av effektivitet eller biverkningar b\u00f6r omedelbart diskuteras med en sjukv\u00e5rdspersonal.<\/p>\n<p>Att f\u00f6ra en logg \u00f6ver eventuella problem kan vara till hj\u00e4lp f\u00f6r att snabbt diagnostisera och l\u00f6sa dessa problem. Regelbunden kommunikation med din farmaceut kan ocks\u00e5 ge v\u00e4rdefulla insikter om b\u00e4sta praxis och fels\u00f6kningstips f\u00f6r Bimat 0.03 %.<\/p>\n","protected":false},"excerpt":{"rendered":"<p>Hur man f\u00f6rvarar, reser med och fyller p\u00e5 Bimat 0.03 % F\u00f6rst\u00e5 de korrekta metoderna f\u00f6r att lagra, resa med och fylla p\u00e5 Bimat 0.03% garanterar dess effektivitet och s\u00e4kerhet. L\u00e4mpliga f\u00f6rvaringsf\u00f6rh\u00e5llanden f\u00f6r Bimat 0.03 % Lagring av Bimat 0.03 % korrekt \u00e4r avg\u00f6rande f\u00f6r att bibeh\u00e5lla dess effektivitet. L\u00e4kemedlet ska f\u00f6rvaras i originalf\u00f6rpackningen, t\u00e4tt [&hellip;]<\/p>\n","protected":false},"author":1,"featured_media":0,"parent":0,"menu_order":0,"comment_status":"closed","ping_status":"closed","template":"","meta":{"footnotes":""},"class_list":["post-20540","page","type-page","status-publish","hentry"],"_links":{"self":[{"href":"https:\/\/mahous.com\/index.php\/wp-json\/wp\/v2\/pages\/20540","targetHints":{"allow":["GET"]}}],"collection":[{"href":"https:\/\/mahous.com\/index.php\/wp-json\/wp\/v2\/pages"}],"about":[{"href":"https:\/\/mahous.com\/index.php\/wp-json\/wp\/v2\/types\/page"}],"author":[{"embeddable":true,"href":"https:\/\/mahous.com\/index.php\/wp-json\/wp\/v2\/users\/1"}],"replies":[{"embeddable":true,"href":"https:\/\/mahous.com\/index.php\/wp-json\/wp\/v2\/comments?post=20540"}],"version-history":[{"count":1,"href":"https:\/\/mahous.com\/index.php\/wp-json\/wp\/v2\/pages\/20540\/revisions"}],"predecessor-version":[{"id":20541,"href":"https:\/\/mahous.com\/index.php\/wp-json\/wp\/v2\/pages\/20540\/revisions\/20541"}],"wp:attachment":[{"href":"https:\/\/mahous.com\/index.php\/wp-json\/wp\/v2\/media?parent=20540"}],"curies":[{"name":"wp","href":"https:\/\/api.w.org\/{rel}","templated":true}]}}