{"id":20610,"date":"2026-03-24T13:00:20","date_gmt":"2026-03-24T12:00:20","guid":{"rendered":"https:\/\/mahous.com\/?page_id=20610"},"modified":"2026-03-24T13:00:20","modified_gmt":"2026-03-24T12:00:20","slug":"razumijevanje-kamagre-i-njezine-upotrebe","status":"publish","type":"page","link":"https:\/\/mahous.com\/index.php\/razumijevanje-kamagre-i-njezine-upotrebe\/","title":{"rendered":"Razumijevanje Kamagre i njezine upotrebe"},"content":{"rendered":"<h1>Dobrobiti i u\u010dinkovitost Kamagre<\/h1>\n<p>Kamagra, popularan tretman za erektilnu disfunkciju, nudi razli\u010dite prednosti i razmatranja za korisnike, \u0161to zahtijeva sveobuhvatno razumijevanje njezine upotrebe, u\u010dinkovitosti i sigurnosti.<\/p>\n<h2>Razumijevanje Kamagre i njezine upotrebe<\/h2>\n<p>Kamagra je lijek koji se prvenstveno koristi za lije\u010denje erektilne disfunkcije (ED) kod mu\u0161karaca. \u010cesto se smatra pristupa\u010dnijom alternativom Viagri, ali slu\u017ei istoj svrsi pomo\u0107i mu\u0161karcima u postizanju i odr\u017eavanju erekcije prikladne za seksualnu aktivnost. Iako se prvenstveno koristi za ED, neki tako\u0111er istra\u017euju njegov potencijal u lije\u010denju drugih stanja, kao \u0161to je plu\u0107na arterijska hipertenzija, iako je njegovo primarno tr\u017ei\u0161te i dalje lije\u010denje ED-a.<\/p>\n<p>Lijek je \u0161iroko dostupan u raznim oblicima, uklju\u010duju\u0107i tablete i oralni \u017eele, \u0161to omogu\u0107uje fleksibilnost u na\u010dinu konzumiranja. Ova raznolikost privla\u010di korisnike koji mogu imati sklonosti ili pote\u0161ko\u0107a s odre\u0111enim vrstama uzimanja lijekova. Unato\u010d njegovoj dostupnosti, neophodno je da potencijalni korisnici razumiju njegovu namjeravanu upotrebu i posavjetuju se sa zdravstvenim radnicima prije upotrebe, posebno zbog upotrebe izvan propisanih propisa koja mo\u017eda nije dobro prou\u010dena.<\/p>\n<h2>Aktivni sastojci Kamagre<\/h2>\n<p>Aktivni sastojak Kamagre je sildenafil citrat, koji je ujedno i primarna komponenta Viagre. Sildenafil citrat pripada skupini lijekova poznatih kao inhibitori fosfodiesteraze tipa 5 (PDE5). Ova klasifikacija igra zna\u010dajnu ulogu u njegovom mehanizmu djelovanja, poma\u017eu\u0107i pove\u0107ati protok krvi u penis i olak\u0161ati erekciju u kombinaciji sa seksualnom stimulacijom.<\/p>\n<p>Osim sildenafila, Kamagra sadr\u017ei nekoliko neaktivnih sastojaka koji poma\u017eu u isporuci i djelotvornosti lijeka, poput mikrokristalne celuloze, magnezijevog stearata i raznih bojila u slu\u010daju oralnog \u017eelea. Ove se komponente op\u0107enito smatraju sigurnima; me\u0111utim, osobe s alergijama na odre\u0111ene boje ili pomo\u0107ne tvari trebaju biti oprezne i posavjetovati se sa svojim lije\u010dnicima.<\/p>\n<h2>Kako Kamagra djeluje na tijelo<\/h2>\n<p>Kamagra djeluje tako da inhibira enzim PDE5 koji je odgovoran za regulaciju protoka krvi u penisu. U normalnim okolnostima, seksualno uzbu\u0111enje dovodi do osloba\u0111anja du\u0161ikovog oksida u penisu, koji aktivira enzim nazvan gvanilat ciklaza. Ovaj enzim pove\u0107ava razinu cikli\u010dkog guanozin monofosfata (cGMP), opu\u0161ta glatke mi\u0161i\u0107ne stanice i dopu\u0161ta krvi da ispuni penis, \u0161to rezultira erekcijom.<\/p>\n<p>Blokiranjem PDE5, Kamagra osigurava da razina cGMP-a ostane povi\u0161ena, produ\u017euju\u0107i proces erekcije i pobolj\u0161avaju\u0107i njezinu kvalitetu. Va\u017eno je napomenuti da Kamagra sama po sebi ne izaziva seksualno uzbu\u0111enje; seksualna stimulacija je neophodna za pokretanje biokemijskog procesa koji Kamagra poja\u010dava.<\/p>\n<h2>Usporedba Kamagre s drugim tretmanima za erektilnu disfunkciju<\/h2>\n<p>Kamagra se \u010desto uspore\u0111uje s drugim tretmanima za ED kao \u0161to su Viagra, Levitra i Cialis. Svi ti lijekovi spadaju u kategoriju inhibitora PDE5, ali se razlikuju u pogledu po\u010detka, trajanja i potencijalnih nuspojava. Viagra i Kamagra imaju isti aktivni sastojak, sildenafil, i nude sli\u010dne rezultate, iako se Kamagra obi\u010dno prodaje po ni\u017eoj cijeni.<\/p>\n<p>Cialis, sa svojim aktivnim sastojkom tadalafilom, ima dulje djelovanje, traje do 36 sati, u usporedbi s 4-6 sati koje pru\u017eaju Kamagra i Viagra. Levitra, koja sadr\u017ei vardenafil, po trajanju je sli\u010dna Kamagri, ali mo\u017ee biti u\u010dinkovitija za neke mu\u0161karce, osobito one s dijabetesom. Ove razlike pru\u017eaju mogu\u0107nosti korisnicima, koji mogu birati na temelju osobnih potreba i medicinskog savjeta.<\/p>\n<h2>Potencijalne zdravstvene dobrobiti Kamagre<\/h2>\n<p>Osim svoje primarne uloge u lije\u010denju ED-a, Kamagra mo\u017ee ponuditi dodatne zdravstvene prednosti. Neka istra\u017eivanja sugeriraju da bi mogao pobolj\u0161ati funkciju endotela, \u0161to je klju\u010dno za zdravlje kardiovaskularnog sustava. Pospje\u0161uju\u0107i protok krvi i smanjuju\u0107i arterijski tlak, sildenafil mo\u017ee doprinijeti boljem zdravlju srca, osobito kod mu\u0161karaca s postoje\u0107im kardiovaskularnim problemima.<\/p>\n<p>Nadalje, u tijeku su <a href=\"https:\/\/ljekarnahrvatska.com\/kupiti-kamagra-online-bez-recepta\">Kamagra 100mg Tro\u0161ak<\/a> istra\u017eivanja upotrebe inhibitora PDE5 kao \u0161to je Kamagra za stanja kao \u0161to je Raynaudov fenomen i odre\u0111ene vrste zatajenja srca. Iako su te potencijalne dobrobiti obe\u0107avaju\u0107e, one su sekundarne u odnosu na odobrenu upotrebu, a svaka primjena nenavedena trebala bi se provoditi samo pod strogim medicinskim nadzorom.<\/p>\n<h2>Kamagra i pobolj\u0161anje seksualne u\u010dinkovitosti<\/h2>\n<p>Mnogi korisnici Kamagre prijavljuju pobolj\u0161anja u seksualnoj izvedbi, pripisuju\u0107i pove\u0107ano samopouzdanje i zadovoljstvo njezinim u\u010dincima. Omogu\u0107uju\u0107i trajne erekcije, Kamagra mo\u017ee pobolj\u0161ati cjelokupno seksualno iskustvo za oba partnera. Ovo pobolj\u0161anje \u010desto nadilazi fizi\u010dku izvedbu, pozitivno utje\u010du\u0107i na mentalno i emocionalno blagostanje.<\/p>\n<p>Me\u0111utim, oslanjanje na lijekove poput Kamagre za pobolj\u0161anje performansi u odsutnosti ED-a mo\u017ee dovesti do psiholo\u0161ke ovisnosti. Korisnici moraju odvagnuti dobrobiti pobolj\u0161ane seksualne izvedbe naspram potencijalnih rizika i va\u017enosti odr\u017eavanja prirodne seksualne funkcije bez lijekova.<\/p>\n<h2>Po\u010detak i trajanje u\u010dinaka Kamagre<\/h2>\n<p>U\u010dinci Kamagre obi\u010dno po\u010dinju unutar 30 do 60 minuta nakon gutanja, \u0161to je \u010dini prikladnom opcijom za spontanu seksualnu aktivnost. Ovaj brzi po\u010detak posebno je koristan za korisnike koji mo\u017eda ne \u017eele opse\u017eno planirati svoje seksualne odnose.<\/p>\n<p>Trajanje u\u010dinaka Kamagre op\u0107enito traje izme\u0111u 4 i 6 sati, pru\u017eaju\u0107i razuman prozor za seksualnu aktivnost. Me\u0111utim, korisnici trebaju biti svjesni da lijek ne dovodi do kontinuirane erekcije tijekom tog razdoblja; nego omogu\u0107uje postizanje vi\u0161estrukih erekcija uz odgovaraju\u0107u seksualnu stimulaciju.<\/p>\n<h2>Klini\u010dke studije o u\u010dinkovitosti Kamagre<\/h2>\n<p>Provedena su brojna klini\u010dka ispitivanja sildenafil citrata, aktivnog sastojka Kamagre, koja pokazuju njegovu u\u010dinkovitost u lije\u010denju ED-a. Ove studije pokazuju zna\u010dajno pove\u0107anje stope uspjeha u postizanju i odr\u017eavanju erekcije kod mu\u0161karaca s razli\u010ditim stupnjevima erektilne disfunkcije.<\/p>\n<p>Istra\u017eivanja pokazuju da je sildenafil u\u010dinkovit kod pribli\u017eno 70-80% mu\u0161karaca, \u0161to je statistika koja je dosljedna za razli\u010dite formulacije. Me\u0111utim, specifi\u010dna u\u010dinkovitost Kamagre u usporedbi s markiranim verzijama poput Viagre manje je dokumentirana, uglavnom zbog njezina statusa generi\u010dkog lijeka. Unato\u010d tome, izvje\u0161\u0107a korisnika i anegdotski dokazi sugeriraju sli\u010dnu u\u010dinkovitost.<\/p>\n<h2>Uobi\u010dajene nuspojave i sigurnosni problemi Kamagre<\/h2>\n<p>Kao i svi lijekovi, Kamagra je povezana s odre\u0111enim nuspojavama. Naj\u010de\u0161\u0107e prijavljivane uklju\u010duju glavobolje, crvenilo, probavne smetnje i za\u010depljenost nosa. Ovi su simptomi uglavnom blagi i nestaju sami od sebe. Ozbiljnije nuspojave, iako rijetke, mogu uklju\u010divati \u200b\u200bpromjene vida, gubitak sluha i prijapizam, stanje koje uklju\u010duje dugotrajne i bolne erekcije.<\/p>\n<p>Zabrinutost vezana uz sigurnost prvenstveno se vrti oko interakcija s drugim lijekovima, posebice nitratima koji se koriste za sr\u010dana oboljenja. Njihovo kombiniranje mo\u017ee dovesti do opasnog pada krvnog tlaka. Stoga bi se osobe s temeljnim zdravstvenim problemima ili one koje uzimaju druge lijekove trebale posavjetovati s pru\u017eateljima zdravstvenih usluga kako bi se osigurala sigurnost Kamagre.<\/p>\n<h2>Odgovaraju\u0107e doziranje i primjena Kamagre<\/h2>\n<p>Standardna po\u010detna doza Kamagre je 50 mg, uzeta otprilike jedan sat prije planirane seksualne aktivnosti. Ovisno o individualnom odgovoru i toleranciji, ova se doza mo\u017ee prilagoditi na maksimalno 100 mg ili smanjiti na 25 mg. Va\u017eno je ne prekora\u010diti preporu\u010denu maksimalnu dozu jer to pove\u0107ava rizik od nuspojava.<\/p>\n<p>Kamagru treba uzimati samo jednom dnevno, jer u\u010dinci mogu ostati u organizmu, a uzimanje ve\u0107e koli\u010dine od preporu\u010dene mo\u017ee dovesti do komplikacija. Korisnici bi trebali slijediti upute svog lije\u010dnika i prijaviti sve nuspojave ili nedostatak u\u010dinkovitosti kako bi sigurno prilagodili dozu.<\/p>\n<h2>Interakcije izme\u0111u Kamagre i drugih lijekova<\/h2>\n<p>Kamagra mo\u017ee stupiti u interakciju s razli\u010ditim lijekovima, \u0161to zahtijeva oprez me\u0111u korisnicima. Kao \u0161to je ranije spomenuto, nitrati predstavljaju zna\u010dajan rizik, ali drugi lijekovi, kao \u0161to su odre\u0111eni antihipertenzivi i alfa-blokatori, tako\u0111er mogu negativno utjecati na Kamagru.<\/p>\n<p>Lijekovi koji se metaboliziraju u jetri, poput nekih lijekova protiv gljivica i antibiotika, mogu utjecati na razine sildenafila u krvi, mijenjaju\u0107i njegovu u\u010dinkovitost i sigurnost. Stoga bi korisnici svom lije\u010dniku trebali dati opse\u017ean popis lijekova koje uzimaju kako bi izbjegli mogu\u0107e interakcije.<\/p>\n<h2>Primjena Kamagre u razli\u010ditim dobnim skupinama<\/h2>\n<p>Iako se Kamagra prvenstveno prodaje sredovje\u010dnim i starijim mu\u0161karcima, mogu je koristiti odrasle osobe razli\u010ditih dobnih skupina koje imaju ED. Mla\u0111i mu\u0161karci mogu do\u017eivjeti ED zbog psiholo\u0161kih \u010dimbenika, na\u010dina \u017eivota ili zdravstvenih stanja, a Kamagra mo\u017ee biti u\u010dinkovita opcija lije\u010denja i za njih.<\/p>\n<p>Me\u0111utim, starije odrasle osobe trebaju biti oprezne jer mogu imati ve\u0107 postoje\u0107e zdravstvene probleme koje bi Kamagra mogla pogor\u0161ati. Promjene u metabolizmu povezane s godinama tako\u0111er mogu utjecati na to kako tijelo obra\u0111uje lijek, zahtijevaju\u0107i pa\u017eljivo prilago\u0111avanje doze i pra\u0107enje.<\/p>\n<h2>Pravni i regulatorni status Kamagre<\/h2>\n<p>Pravni status Kamagre razlikuje se diljem svijeta, uglavnom zbog patentnih zakona i propisa vezanih uz generi\u010dke lijekove. U nekim je zemljama Kamagra legalna i dostupna u slobodnoj prodaji, dok je u drugima ograni\u010dena ili \u010dak ilegalna zbog konkurencije s markiranim lijekovima poput Viagre.<\/p>\n<p>Potro\u0161a\u010di bi trebali biti svjesni pravnog okvira u svojoj zemlji i osigurati da Kamagru kupuju od renomiranih izvora kako bi izbjegli krivotvorene proizvode, koji mogu predstavljati zna\u010dajne zdravstvene rizike zbog nepoznatih sastojaka i u\u010dinkovitosti.<\/p>\n<h2>Svjedo\u010danstva pacijenata i iskustva s Kamagrom<\/h2>\n<p>Mnogi korisnici Kamagre podijelili su pozitivna iskustva, isti\u010du\u0107i njezinu u\u010dinkovitost i pristupa\u010dnost kao klju\u010dne prednosti. Svjedo\u010danstva \u010desto spominju pobolj\u0161ano samopouzdanje i zadovoljstvo u njihovim seksualnim odnosima, nagla\u0161avaju\u0107i psiholo\u0161ke dobrobiti u\u010dinkovitog lije\u010denja ED-a.<\/p>\n<p>Ipak, nisu sva iskustva pozitivna. Neki korisnici prijavljuju nuspojave ili smatraju da Kamagra ne djeluje onako kako se o\u010dekivalo. Ova mje\u0161ovita iskustva nagla\u0161avaju va\u017enost personaliziranih medicinskih savjeta i spoznaju da u\u010dinkovitost lijekova mo\u017ee varirati me\u0111u pojedincima.<\/p>\n<h2>Budu\u0107a istra\u017eivanja i razvoj u lije\u010denju Kamagrom<\/h2>\n<p>Kako razumijevanje ED-a i njegovih tretmana napreduje, nastavljaju se stalna istra\u017eivanja sildenafila i sli\u010dnih spojeva. Budu\u0107i razvoj mo\u017ee uklju\u010divati \u200b\u200bpobolj\u0161ane formulacije koje nude dulje trajanje, smanjene nuspojave ili pobolj\u0161anu u\u010dinkovitost za odre\u0111ene skupine korisnika.<\/p>\n<p>Osim toga, istra\u017eiva\u010di istra\u017euju \u0161ire primjene inhibitora PDE5 izvan erektilne disfunkcije, potencijalno pro\u0161iruju\u0107i opseg stanja koja se mogu lije\u010diti lijekovima poput Kamagre. Ova pobolj\u0161anja obe\u0107avaju pobolj\u0161ati kvalitetu \u017eivota korisnika dok istovremeno pru\u017eaju sigurnije i u\u010dinkovitije mogu\u0107nosti lije\u010denja.<\/p>\n","protected":false},"excerpt":{"rendered":"<p>Dobrobiti i u\u010dinkovitost Kamagre Kamagra, popularan tretman za erektilnu disfunkciju, nudi razli\u010dite prednosti i razmatranja za korisnike, \u0161to zahtijeva sveobuhvatno razumijevanje njezine upotrebe, u\u010dinkovitosti i sigurnosti. Razumijevanje Kamagre i njezine upotrebe Kamagra je lijek koji se prvenstveno koristi za lije\u010denje erektilne disfunkcije (ED) kod mu\u0161karaca. \u010cesto se smatra pristupa\u010dnijom alternativom Viagri, ali slu\u017ei istoj svrsi [&hellip;]<\/p>\n","protected":false},"author":1,"featured_media":0,"parent":0,"menu_order":0,"comment_status":"closed","ping_status":"closed","template":"","meta":{"footnotes":""},"class_list":["post-20610","page","type-page","status-publish","hentry"],"_links":{"self":[{"href":"https:\/\/mahous.com\/index.php\/wp-json\/wp\/v2\/pages\/20610","targetHints":{"allow":["GET"]}}],"collection":[{"href":"https:\/\/mahous.com\/index.php\/wp-json\/wp\/v2\/pages"}],"about":[{"href":"https:\/\/mahous.com\/index.php\/wp-json\/wp\/v2\/types\/page"}],"author":[{"embeddable":true,"href":"https:\/\/mahous.com\/index.php\/wp-json\/wp\/v2\/users\/1"}],"replies":[{"embeddable":true,"href":"https:\/\/mahous.com\/index.php\/wp-json\/wp\/v2\/comments?post=20610"}],"version-history":[{"count":1,"href":"https:\/\/mahous.com\/index.php\/wp-json\/wp\/v2\/pages\/20610\/revisions"}],"predecessor-version":[{"id":20611,"href":"https:\/\/mahous.com\/index.php\/wp-json\/wp\/v2\/pages\/20610\/revisions\/20611"}],"wp:attachment":[{"href":"https:\/\/mahous.com\/index.php\/wp-json\/wp\/v2\/media?parent=20610"}],"curies":[{"name":"wp","href":"https:\/\/api.w.org\/{rel}","templated":true}]}}