{"id":20738,"date":"2026-03-24T14:32:15","date_gmt":"2026-03-24T13:32:15","guid":{"rendered":"https:\/\/mahous.com\/?page_id=20738"},"modified":"2026-03-24T14:32:15","modified_gmt":"2026-03-24T13:32:15","slug":"porozumeni-erektilni-dysfunkci-a-jejimu-psychologickemu-dopadu-2","status":"publish","type":"page","link":"https:\/\/mahous.com\/index.php\/porozumeni-erektilni-dysfunkci-a-jejimu-psychologickemu-dopadu-2\/","title":{"rendered":"Porozum\u011bn\u00ed erektiln\u00ed dysfunkci a jej\u00edmu psychologick\u00e9mu dopadu"},"content":{"rendered":"<h1>Psychologick\u00e9 aspekty erektiln\u00ed dysfunkce \u2014 se zam\u011b\u0159en\u00edm na pou\u017eit\u00ed Levitra Professional<\/h1>\n<p>Tento \u010dl\u00e1nek zkoum\u00e1 psychologick\u00e9 dimenze erektiln\u00ed dysfunkce a roli Levitra Professional p\u0159i \u0159e\u0161en\u00ed t\u011bchto probl\u00e9m\u016f.<\/p>\n<h2>Porozum\u011bn\u00ed erektiln\u00ed dysfunkci a jej\u00edmu psychologick\u00e9mu dopadu<\/h2>\n<p>Erektiln\u00ed dysfunkce (ED) je stav, kter\u00fd postihuje v\u00fdznamn\u00fd po\u010det mu\u017e\u016f na cel\u00e9m sv\u011bt\u011b, co\u017e vede k podstatn\u00fdm psychick\u00fdm pot\u00ed\u017e\u00edm. Zat\u00edmco fyzick\u00e9 p\u0159\u00ed\u010diny ED jsou dob\u0159e zdokumentov\u00e1ny, psychologick\u00e9 d\u016fsledky jsou stejn\u011b d\u016fle\u017eit\u00e9. Tento stav m\u016f\u017ee v\u00e9st k pocit\u016fm nedostate\u010dnosti, rozpak\u016fm a frustraci, kter\u00e9 probl\u00e9m \u010dasto zhor\u0161uj\u00ed. Pochopen\u00ed t\u011bchto psychologick\u00fdch slo\u017eek je z\u00e1sadn\u00ed pro rozvoj komplexn\u00edho p\u0159\u00edstupu k l\u00e9\u010db\u011b.<\/p>\n<p>Mu\u017ei trp\u00edc\u00ed ED mohou trp\u011bt sn\u00ed\u017eenou sebe\u00factou a sebed\u016fv\u011brou, co\u017e m\u00e1 dopad na kvalitu jejich \u017eivota a vztah\u016f. Stigma kolem ED m\u016f\u017ee jednotlivc\u016fm br\u00e1nit v hled\u00e1n\u00ed pomoci, co\u017e zvy\u0161uje pocity izolace a \u00fazkosti. \u0158e\u0161en\u00ed t\u011bchto psychologick\u00fdch probl\u00e9m\u016f je stejn\u011b d\u016fle\u017eit\u00e9 jako l\u00e9\u010dba fyzick\u00fdch p\u0159\u00edznak\u016f ED.<\/p>\n<h2>Role \u00fazkosti p\u0159i erektiln\u00ed dysfunkci<\/h2>\n<p>\u00dazkost je v\u00fdznamn\u00fdm psychologick\u00fdm faktorem, kter\u00fd p\u0159isp\u00edv\u00e1 k erektiln\u00ed dysfunkci. Strach ze selh\u00e1n\u00ed nebo \u0161patn\u00e9ho v\u00fdkonu m\u016f\u017ee vytvo\u0159it sebenapl\u0148uj\u00edc\u00ed se proroctv\u00ed, kde \u00fazkost vede k ED, co\u017e zase vytv\u00e1\u0159\u00ed v\u00edce \u00fazkosti. Tento cyklus m\u016f\u017ee b\u00fdt obt\u00ed\u017en\u00e9 prolomit bez odborn\u00e9ho z\u00e1sahu.<\/p>\n<p>Zejm\u00e9na \u00fazkost z v\u00fdkonu je b\u011b\u017en\u00fdm probl\u00e9mem u mu\u017e\u016f s ED. \u010casto pramen\u00ed z nerealistick\u00fdch o\u010dek\u00e1v\u00e1n\u00ed ohledn\u011b sexu\u00e1ln\u00ed v\u00fdkonnosti nebo minul\u00fdch negativn\u00edch zku\u0161enost\u00ed. Terapeutick\u00e9 p\u0159\u00edstupy, kter\u00e9 \u0159e\u0161\u00ed \u00fazkost a buduj\u00ed sebev\u011bdom\u00ed, mohou b\u00fdt n\u00e1pomocn\u00e9 p\u0159i zm\u00edr\u0148ov\u00e1n\u00ed symptom\u016f ED.<\/p>\n<h2>Jak stres p\u0159isp\u00edv\u00e1 k erektiln\u00ed dysfunkci<\/h2>\n<p>Chronick\u00fd stres je dal\u0161\u00edm psychologick\u00fdm faktorem, kter\u00fd m\u016f\u017ee v\u00e9st k erektiln\u00ed dysfunkci. Stres spou\u0161t\u00ed uvol\u0148ov\u00e1n\u00ed adrenalinu, hormonu, kter\u00fd m\u016f\u017ee zu\u017eovat krevn\u00ed c\u00e9vy, sni\u017euje pr\u016ftok krve do penisu a zt\u011b\u017euje dosa\u017een\u00ed nebo udr\u017een\u00ed erekce. Dlouhodob\u00fd stres m\u016f\u017ee tak\u00e9 v\u00e9st ke zm\u011bn\u00e1m \u017eivotn\u00edho stylu, jako je \u0161patn\u00e1 strava a nedostatek pohybu, co\u017e d\u00e1le p\u0159isp\u00edv\u00e1 k ED.<\/p>\n<p>Zvl\u00e1d\u00e1n\u00ed stresu pomoc\u00ed relaxa\u010dn\u00edch technik, cvi\u010den\u00ed a odborn\u00e9ho poradenstv\u00ed m\u016f\u017ee zlep\u0161it erektiln\u00ed funkci. Rozpozn\u00e1n\u00ed zdroj\u016f stresu a implementace strategi\u00ed k jejich zm\u00edrn\u011bn\u00ed m\u016f\u017ee pomoci p\u0159eru\u0161it spojen\u00ed mezi stresem a ED.<\/p>\n<h2>Deprese a jej\u00ed vliv na erektiln\u00ed funkci<\/h2>\n<p>Deprese je dal\u0161\u00ed du\u0161evn\u00ed stav, kter\u00fd m\u016f\u017ee v\u00fdznamn\u011b ovlivnit erektiln\u00ed funkci. P\u0159\u00edznaky deprese, v\u010detn\u011b \u00fanavy, n\u00edzk\u00e9ho sebev\u011bdom\u00ed a nez\u00e1jmu o aktivity, mohou sn\u00ed\u017eit sexu\u00e1ln\u00ed touhu a v\u00fdkon. Krom\u011b toho mohou k ED p\u0159isp\u00edvat i vedlej\u0161\u00ed \u00fa\u010dinky ur\u010dit\u00fdch antidepresiv.<\/p>\n<p>L\u00e9\u010dba deprese kombinac\u00ed l\u00e9k\u016f a terapie m\u016f\u017ee m\u00edt pozitivn\u00ed \u00fa\u010dinky jak na du\u0161evn\u00ed zdrav\u00ed, tak na erektiln\u00ed funkci. Je nezbytn\u00e9, aby poskytovatel\u00e9 zdravotn\u00ed p\u00e9\u010de p\u0159i vypracov\u00e1v\u00e1n\u00ed l\u00e9\u010debn\u00fdch pl\u00e1n\u016f zv\u00e1\u017eili souhru mezi depres\u00ed a ED.<\/p>\n<h2>Psychologick\u00e9 v\u00fdhody Levitra Professional<\/h2>\n<p>Levitra Professional je l\u00e9k, kter\u00fd m\u016f\u017ee pomoci zm\u00edrnit p\u0159\u00edznaky erektiln\u00ed dysfunkce. Krom\u011b fyzick\u00fdch v\u00fdhod m\u016f\u017ee tak\u00e9 poskytnout psychickou \u00falevu sn\u00ed\u017een\u00edm \u00fazkosti z v\u00fdkonu a zv\u00fd\u0161en\u00edm sebev\u011bdom\u00ed. V\u011bdom\u00ed, \u017ee je k dispozici spolehliv\u00e1 l\u00e9\u010dba, umo\u017e\u0148uje mu\u017e\u016fm soust\u0159edit se v\u00edce na z\u00e1\u017eitek ne\u017e na v\u00fdkon.<\/p>\n<p>Zlep\u0161en\u00edm erektiln\u00ed funkce m\u016f\u017ee <a href=\"https:\/\/pecezdravi.cz\/\">https:\/\/pecezdravi.cz\/<\/a> Levitra Professional obnovit pocit norm\u00e1lnosti a sebed\u016fv\u011bry u jednotlivc\u016f, co\u017e m\u016f\u017ee n\u00e1sledn\u011b zlep\u0161it celkov\u00e9 du\u0161evn\u00ed zdrav\u00ed a pohodu. Tato psychologick\u00e1 podpora m\u016f\u017ee b\u00fdt kl\u00ed\u010dov\u00e1 p\u0159i prolomen\u00ed cyklu \u00fazkosti a ED.<\/p>\n<h2>Porovn\u00e1n\u00ed Levitra Professional s jin\u00fdmi l\u00e9\u010dbami ED<\/h2>\n<p>Levitra Professional je jedn\u00edm z n\u011bkolika l\u00e9k\u016f dostupn\u00fdch pro l\u00e9\u010dbu erektiln\u00ed dysfunkce, spolu s dal\u0161\u00edmi, jako je Viagra a Cialis. Ka\u017ed\u00fd z t\u011bchto l\u00e9k\u016f p\u016fsob\u00ed tak, \u017ee zvy\u0161uje pr\u016ftok krve do penisu, ale li\u0161\u00ed se z hlediska doby n\u00e1stupu, trv\u00e1n\u00ed \u00fa\u010dinku a potenci\u00e1ln\u00edch vedlej\u0161\u00edch \u00fa\u010dink\u016f.<\/p>\n<p>Levitra Professional je \u010dasto chv\u00e1lena pro sv\u016fj rychl\u00fd n\u00e1stup a spolehliv\u00fd v\u00fdkon, d\u00edky \u010demu\u017e je preferovanou volbou mnoha mu\u017e\u016f. I kdy\u017e se jednotliv\u00e9 reakce mohou li\u0161it, mnoz\u00ed zji\u0161\u0165uj\u00ed, \u017ee Levitra Professional nab\u00edz\u00ed rovnov\u00e1hu \u00fa\u010dinnosti a sn\u00e1\u0161enlivosti, kter\u00e1 vyhovuje jejich pot\u0159eb\u00e1m. Pochopen\u00ed t\u011bchto rozd\u00edl\u016f m\u016f\u017ee pacient\u016fm a poskytovatel\u016fm zdravotn\u00ed p\u00e9\u010de pomoci \u010dinit informovan\u00e1 rozhodnut\u00ed o mo\u017enostech l\u00e9\u010dby.<\/p>\n<h2>Kognitivn\u011b behavior\u00e1ln\u00ed terapie a Levitra Professional<\/h2>\n<p>Kognitivn\u011b-behavior\u00e1ln\u00ed terapie (CBT) je \u00fa\u010dinn\u00e1 psychologick\u00e1 intervence p\u0159i erektiln\u00ed dysfunkci. Pom\u00e1h\u00e1 jednotlivc\u016fm identifikovat a zm\u011bnit negativn\u00ed vzorce my\u0161len\u00ed a chov\u00e1n\u00ed, kter\u00e9 p\u0159isp\u00edvaj\u00ed k jejich stavu. V kombinaci s Levitra Professional m\u016f\u017ee CBT \u0159e\u0161it fyzick\u00e9 i psychick\u00e9 aspekty ED.<\/p>\n<p>CBT m\u016f\u017ee zv\u00fd\u0161it \u00fa\u010dinnost Levitra Professional vytvo\u0159en\u00edm zdrav\u011bj\u0161\u00edch strategi\u00ed zvl\u00e1d\u00e1n\u00ed a sn\u00ed\u017een\u00edm \u00fazkosti ze sexu\u00e1ln\u00ed v\u00fdkonnosti. Tento kombinovan\u00fd p\u0159\u00edstup m\u016f\u017ee v\u00e9st k udr\u017eiteln\u011bj\u0161\u00edmu zlep\u0161en\u00ed erektiln\u00ed funkce a celkov\u00e9ho du\u0161evn\u00edho zdrav\u00ed.<\/p>\n<h2>Vliv sebe\u00facty na erektiln\u00ed dysfunkci<\/h2>\n<p>Sebev\u011bdom\u00ed hraje kl\u00ed\u010dovou roli v sexu\u00e1ln\u00edm zdrav\u00ed a n\u00edzk\u00e9 sebev\u011bdom\u00ed m\u016f\u017ee p\u0159isp\u011bt k erektiln\u00ed dysfunkci. Mu\u017ei, kte\u0159\u00ed pochybuj\u00ed o sv\u00fdch sexu\u00e1ln\u00edch schopnostech, mohou poci\u0165ovat zv\u00fd\u0161enou \u00fazkost a stres, co\u017e zhor\u0161uje p\u0159\u00edznaky ED. Naopak \u00fasp\u011b\u0161n\u00e1 l\u00e9\u010dba ED m\u016f\u017ee v\u00fdznamn\u011b zv\u00fd\u0161it sebev\u011bdom\u00ed a sebed\u016fv\u011bru.<\/p>\n<p>Levitra Professional zlep\u0161en\u00edm erektiln\u00ed funkce m\u016f\u017ee pomoci obnovit d\u016fv\u011bru ve vlastn\u00ed sexu\u00e1ln\u00ed schopnosti. Tato obnova sebev\u011bdom\u00ed m\u016f\u017ee m\u00edt hlubok\u00fd dopad na osobn\u00ed vztahy a kvalitu \u017eivota, co\u017e zd\u016fraz\u0148uje d\u016fle\u017eitost \u0159e\u0161en\u00ed psychologick\u00fdch spolu s fyzick\u00fdmi p\u0159\u00edznaky.<\/p>\n<h2>P\u0159ekonejte \u00fazkost z v\u00fdkonu s Levitra Professional<\/h2>\n<p>\u00dazkost z v\u00fdkonu je b\u011b\u017enou v\u00fdzvou pro mnoho mu\u017e\u016f s erektiln\u00ed dysfunkc\u00ed. Tlak na v\u00fdkon m\u016f\u017ee v\u00e9st k za\u010darovan\u00e9mu kruhu \u00fazkosti a ED. Levitra Professional m\u016f\u017ee hr\u00e1t kl\u00ed\u010dovou roli p\u0159i prolomen\u00ed tohoto cyklu poskytov\u00e1n\u00edm spolehliv\u00fdch v\u00fdsledk\u016f, kter\u00e9 umo\u017e\u0148uj\u00ed jednotlivc\u016fm soust\u0159edit se na dan\u00fd okam\u017eik a ne se starat o v\u00fdkon.<\/p>\n<p>Sn\u00ed\u017een\u00edm strachu z ne\u00fasp\u011bchu m\u016f\u017ee Levitra Professional pomoci mu\u017e\u016fm znovu z\u00edskat sebev\u011bdom\u00ed a u\u017e\u00edt si v\u00edce napl\u0148uj\u00edc\u00ed sexu\u00e1ln\u00ed z\u00e1\u017eitek. Toto sn\u00ed\u017een\u00ed \u00fazkosti m\u016f\u017ee v\u00e9st ke zlep\u0161en\u00ed du\u0161evn\u00edho zdrav\u00ed a pevn\u011bj\u0161\u00edm vztah\u016fm.<\/p>\n<h2>V\u00fdznam komunikace p\u0159i zvl\u00e1d\u00e1n\u00ed erektiln\u00ed dysfunkce<\/h2>\n<p>Otev\u0159en\u00e1 komunikace je z\u00e1sadn\u00ed p\u0159i zvl\u00e1d\u00e1n\u00ed erektiln\u00ed dysfunkce, a to jak s poskytovateli zdravotn\u00ed p\u00e9\u010de, tak s partnery. Diskuse o ED s partnerem m\u016f\u017ee zm\u00edrnit pocity izolace a vytvo\u0159it podp\u016frn\u00e9 prost\u0159ed\u00ed pro \u0159e\u0161en\u00ed probl\u00e9mu.<\/p>\n<p>Poskytovatel\u00e9 zdravotn\u00ed p\u00e9\u010de mohou nab\u00eddnout veden\u00ed a uji\u0161t\u011bn\u00ed, kter\u00e9 pomohou demystifikovat stav a nast\u00ednit \u00fa\u010dinn\u00e9 mo\u017enosti l\u00e9\u010dby, jako je Levitra Professional. Podporou otev\u0159en\u00e9ho dialogu mohou jednotlivci l\u00e9pe proch\u00e1zet emocion\u00e1ln\u00edmi a psychologick\u00fdmi v\u00fdzvami ED.<\/p>\n<h2>Mo\u017enosti psychologick\u00e9 podpory pro mu\u017ee pou\u017e\u00edvaj\u00edc\u00ed Levitra Professional<\/h2>\n<p>U mu\u017e\u016f u\u017e\u00edvaj\u00edc\u00edch Levitra Professional m\u016f\u017ee psychologick\u00e1 podpora zlep\u0161it v\u00fdsledky l\u00e9\u010dby. Poradensk\u00e9, terapeutick\u00e9 a podp\u016frn\u00e9 skupiny nab\u00edzej\u00ed bezpe\u010dn\u00fd prostor pro diskusi o v\u00fdzv\u00e1ch a sd\u00edlen\u00ed zku\u0161enost\u00ed. Tyto zdroje mohou pomoci \u0159e\u0161it psychologick\u00e9 aspekty ED, jako je \u00fazkost a deprese.<\/p>\n<p>Podpora od profesion\u00e1l\u016f a vrstevn\u00edk\u016f m\u016f\u017ee poskytnout cenn\u00e9 poznatky a strategie zvl\u00e1d\u00e1n\u00ed, kter\u00e9 mu\u017e\u016fm umo\u017en\u00ed efektivn\u011bji zvl\u00e1dat sv\u016fj stav. Tento komplexn\u00ed p\u0159\u00edstup m\u016f\u017ee v\u00e9st ke zlep\u0161en\u00ed du\u0161evn\u00edho zdrav\u00ed a v\u011bt\u0161\u00ed spokojenosti s l\u00e9\u010dbou.<\/p>\n<h2>Jak dynamika vztah\u016f ovliv\u0148uje erektiln\u00ed dysfunkci<\/h2>\n<p>Vztahov\u00e1 dynamika hraje v\u00fdznamnou roli v pro\u017e\u00edv\u00e1n\u00ed erektiln\u00ed dysfunkce. Konflikty, nedostatek intimity a \u0161patn\u00e1 komunikace mohou p\u0159\u00edznaky ED zhor\u0161it. Naopak siln\u00e9, podp\u016frn\u00e9 vztahy mohou pomoci tlumit psychologick\u00fd dopad tohoto stavu.<\/p>\n<p>P\u00e1rov\u00e1 terapie m\u016f\u017ee b\u00fdt p\u0159\u00ednosn\u00e1 p\u0159i \u0159e\u0161en\u00ed probl\u00e9m\u016f ve vztaz\u00edch, kter\u00e9 p\u0159isp\u00edvaj\u00ed k ED. Zlep\u0161en\u00edm komunikace a intimity m\u016f\u017ee terapie zlep\u0161it porozum\u011bn\u00ed stavu obou partner\u016f a vytvo\u0159it podp\u016frn\u00e9 prost\u0159ed\u00ed pro l\u00e9\u010dbu.<\/p>\n<h2>Zm\u011bny \u017eivotn\u00edho stylu a jejich psychologick\u00e9 \u00fa\u010dinky na ED<\/h2>\n<p>Osvojen\u00ed n\u00e1vyk\u016f zdrav\u011bj\u0161\u00edho \u017eivotn\u00edho stylu m\u016f\u017ee pozitivn\u011b ovlivnit fyzick\u00e9 i psychick\u00e9 aspekty erektiln\u00ed dysfunkce. Pravideln\u00e9 cvi\u010den\u00ed, vyv\u00e1\u017een\u00e1 strava a dostate\u010dn\u00fd sp\u00e1nek mohou zlep\u0161it celkov\u00e9 zdrav\u00ed a sn\u00ed\u017eit stres, co\u017e p\u0159isp\u00edv\u00e1 k lep\u0161\u00ed erektiln\u00ed funkci.<\/p>\n<p>Tyto zm\u011bny \u017eivotn\u00edho stylu mohou tak\u00e9 zv\u00fd\u0161it sebev\u011bdom\u00ed a sn\u00ed\u017eit \u00fazkost a vytvo\u0159it smy\u010dku pozitivn\u00ed zp\u011btn\u00e9 vazby, kter\u00e1 podporuje du\u0161evn\u00ed i sexu\u00e1ln\u00ed zdrav\u00ed. Za\u010dlen\u011bn\u00ed \u00faprav \u017eivotn\u00edho stylu do l\u00e9\u010debn\u00e9ho pl\u00e1nu jako takov\u00e9 m\u016f\u017ee zv\u00fd\u0161it \u00fa\u010dinnost l\u00e9k\u016f, jako je Levitra Professional.<\/p>\n<h2>Budoucnost psychologick\u00e9 l\u00e9\u010dby erektiln\u00ed dysfunkce<\/h2>\n<p>Budoucnost psychologick\u00e9 l\u00e9\u010dby erektiln\u00ed dysfunkce vypad\u00e1 slibn\u011b, s pokra\u010duj\u00edc\u00edm v\u00fdzkumem inovativn\u00edch terapi\u00ed a intervenc\u00ed. Pokroky v pochopen\u00ed role mozku v sexu\u00e1ln\u00ed funkci mohou v\u00e9st k c\u00edlen\u011bj\u0161\u00ed l\u00e9\u010db\u011b, kter\u00e1 \u0159e\u0161\u00ed z\u00e1kladn\u00ed p\u0159\u00ed\u010diny ED.<\/p>\n<p>Integrace psychologick\u00fdch terapi\u00ed s l\u00e9\u010debn\u00fdmi postupy, jako je Levitra Professional, se pravd\u011bpodobn\u011b stane standardn\u00ed prax\u00ed, kter\u00e1 poskytne holistick\u00fd p\u0159\u00edstup k l\u00e9\u010db\u011b ED. Jak roste pov\u011bdom\u00ed o psychologick\u00fdch rozm\u011brech ED a jejich pochopen\u00ed, mo\u017enosti l\u00e9\u010dby se budou nad\u00e1le vyv\u00edjet a nab\u00edzet nad\u011bji pro ty, kte\u0159\u00ed jsou t\u00edmto stavem posti\u017eeni.<\/p>\n<h2>Zku\u0161enosti pacient\u016f: Psychologick\u00e9 poznatky o profesion\u00e1ln\u00edm pou\u017eit\u00ed Levitry<\/h2>\n<p>Zku\u0161enosti pacient\u016f s p\u0159\u00edpravkem Levitra Professional zd\u016fraz\u0148uj\u00ed v\u00fdznamn\u00fd psychologick\u00fd p\u0159\u00ednos tohoto l\u00e9ku. Mnoho u\u017eivatel\u016f uv\u00e1d\u00ed po l\u00e9\u010db\u011b zv\u00fd\u0161enou sebed\u016fv\u011bru, sn\u00ed\u017een\u00ed \u00fazkosti a zlep\u0161en\u00ed vztah\u016f. Tato psychologick\u00e1 zlep\u0161en\u00ed \u010dasto p\u0159esahuj\u00ed lo\u017enici a zvy\u0161uj\u00ed celkovou kvalitu \u017eivota.<\/p>\n<p>Shroma\u017e\u010fov\u00e1n\u00ed a sd\u00edlen\u00ed p\u0159\u00edb\u011bh\u016f pacient\u016f m\u016f\u017ee poskytnout cenn\u00e9 poznatky o psychologick\u00e9m dopadu l\u00e9\u010dby ED, co\u017e pom\u016f\u017ee \u0159\u00eddit budouc\u00ed v\u00fdzkum a v\u00fdvoj. Pochopen\u00ed lidsk\u00fdch zku\u0161enost\u00ed s ED m\u016f\u017ee poskytnout empati\u010dt\u011bj\u0161\u00ed a \u00fa\u010dinn\u011bj\u0161\u00ed p\u0159\u00edstupy k l\u00e9\u010db\u011b.<\/p>\n","protected":false},"excerpt":{"rendered":"<p>Psychologick\u00e9 aspekty erektiln\u00ed dysfunkce \u2014 se zam\u011b\u0159en\u00edm na pou\u017eit\u00ed Levitra Professional Tento \u010dl\u00e1nek zkoum\u00e1 psychologick\u00e9 dimenze erektiln\u00ed dysfunkce a roli Levitra Professional p\u0159i \u0159e\u0161en\u00ed t\u011bchto probl\u00e9m\u016f. Porozum\u011bn\u00ed erektiln\u00ed dysfunkci a jej\u00edmu psychologick\u00e9mu dopadu Erektiln\u00ed dysfunkce (ED) je stav, kter\u00fd postihuje v\u00fdznamn\u00fd po\u010det mu\u017e\u016f na cel\u00e9m sv\u011bt\u011b, co\u017e vede k podstatn\u00fdm psychick\u00fdm pot\u00ed\u017e\u00edm. Zat\u00edmco fyzick\u00e9 p\u0159\u00ed\u010diny [&hellip;]<\/p>\n","protected":false},"author":1,"featured_media":0,"parent":0,"menu_order":0,"comment_status":"closed","ping_status":"closed","template":"","meta":{"footnotes":""},"class_list":["post-20738","page","type-page","status-publish","hentry"],"_links":{"self":[{"href":"https:\/\/mahous.com\/index.php\/wp-json\/wp\/v2\/pages\/20738","targetHints":{"allow":["GET"]}}],"collection":[{"href":"https:\/\/mahous.com\/index.php\/wp-json\/wp\/v2\/pages"}],"about":[{"href":"https:\/\/mahous.com\/index.php\/wp-json\/wp\/v2\/types\/page"}],"author":[{"embeddable":true,"href":"https:\/\/mahous.com\/index.php\/wp-json\/wp\/v2\/users\/1"}],"replies":[{"embeddable":true,"href":"https:\/\/mahous.com\/index.php\/wp-json\/wp\/v2\/comments?post=20738"}],"version-history":[{"count":1,"href":"https:\/\/mahous.com\/index.php\/wp-json\/wp\/v2\/pages\/20738\/revisions"}],"predecessor-version":[{"id":20739,"href":"https:\/\/mahous.com\/index.php\/wp-json\/wp\/v2\/pages\/20738\/revisions\/20739"}],"wp:attachment":[{"href":"https:\/\/mahous.com\/index.php\/wp-json\/wp\/v2\/media?parent=20738"}],"curies":[{"name":"wp","href":"https:\/\/api.w.org\/{rel}","templated":true}]}}