{"id":21087,"date":"2026-03-25T00:27:00","date_gmt":"2026-03-24T23:27:00","guid":{"rendered":"https:\/\/mahous.com\/?page_id=21087"},"modified":"2026-03-25T00:27:00","modified_gmt":"2026-03-24T23:27:00","slug":"pochopenie-generika-xenical-a-jeho-pouzitia","status":"publish","type":"page","link":"https:\/\/mahous.com\/index.php\/pochopenie-generika-xenical-a-jeho-pouzitia\/","title":{"rendered":"Pochopenie generika Xenical a jeho pou\u017eitia"},"content":{"rendered":"<h1>Xenical Generic: pokyny, recenzie a tipy lek\u00e1rov<\/h1>\n<p>Xenical Generic je \u0161iroko pou\u017e\u00edvan\u00fd liek na chudnutie a tento \u010dl\u00e1nok sk\u00fama jeho pou\u017eitie, \u00fa\u010dinky a praktick\u00e9 \u00favahy pre pacientov a poskytovate\u013eov zdravotnej starostlivosti.<\/p>\n<h2>Pochopenie generika Xenical a jeho pou\u017eitia<\/h2>\n<p>Xenical Generic, tie\u017e zn\u00e1my ako Orlistat, je liek prim\u00e1rne pou\u017e\u00edvan\u00fd na pomoc pri zni\u017eovan\u00ed hmotnosti u jedincov s nadv\u00e1hou alebo obezitou. Funguje ako inhib\u00edtor lip\u00e1zy, \u010do znamen\u00e1, \u017ee blokuje vstreb\u00e1vanie niektor\u00fdch tukov spotrebovan\u00fdch v strave, \u010d\u00edm zni\u017euje celkov\u00fd kalorick\u00fd pr\u00edjem. Tento liek sa zvy\u010dajne predpisuje ako s\u00fa\u010das\u0165 komplexn\u00e9ho programu riadenia hmotnosti, ktor\u00fd zah\u0155\u0148a di\u00e9tu, cvi\u010denie a zmeny spr\u00e1vania.<\/p>\n<p>Prim\u00e1rnym cie\u013eom Xenical Generic je pom\u00f4c\u0165 pacientom schudn\u00fa\u0165 a udr\u017ea\u0165 \u00fabytok hmotnosti v priebehu \u010dasu, \u010do m\u00f4\u017ee n\u00e1sledne zn\u00ed\u017ei\u0165 riziko vzniku zdravotn\u00fdch probl\u00e9mov s\u00favisiacich s hmotnos\u0165ou, ako je cukrovka 2. typu, vysok\u00fd krvn\u00fd tlak a srdcov\u00e9 choroby. Aj ke\u010f to m\u00f4\u017ee by\u0165 prospe\u0161n\u00e9, je nevyhnutn\u00e9, aby pacienti pochopili, \u017ee Xenical Generic nie je z\u00e1zra\u010dn\u00e1 pilulka; pre optim\u00e1lnu \u00fa\u010dinnos\u0165 si vy\u017eaduje odhodlanie zmeni\u0165 \u017eivotn\u00fd \u0161t\u00fdl.<\/p>\n<h2>Ako Xenical Generic p\u00f4sob\u00ed v tele<\/h2>\n<p>Xenical Generic p\u00f4sob\u00ed tak, \u017ee sa zameriava na tr\u00e1viace enz\u00fdmy, konkr\u00e9tne na lip\u00e1zy, ktor\u00e9 rozkladaj\u00fa tuky v potrave. Inhib\u00edciou t\u00fdchto enz\u00fdmov br\u00e1ni asi 30 % tuku z potravy, aby sa absorbovalo v \u010drev\u00e1ch. Tento nevstreban\u00fd tuk sa potom vylu\u010duje z tela pohybmi \u010driev. Mechanizmus je jednoduch\u00fd, ale \u00fa\u010dinn\u00fd, najm\u00e4 pre t\u00fdch, ktor\u00ed konzumuj\u00fa stravu s miernym obsahom tuku.<\/p>\n<p>Pre u\u017e\u00edvate\u013eov Xenical Generic je d\u00f4le\u017eit\u00e9 dodr\u017eiava\u0165 vyv\u00e1\u017een\u00fa stravu s n\u00edzkym obsahom kal\u00f3ri\u00ed a tukov. Konzum\u00e1cia jed\u00e1l s vysok\u00fdm obsahom tuku m\u00f4\u017ee vies\u0165 k gastrointestin\u00e1lnym ved\u013eaj\u0161\u00edm \u00fa\u010dinkom, preto\u017ee telo vyl\u00fa\u010di prebyto\u010dn\u00fd tuk stolicou. Tento proces nielen pom\u00e1ha pri chudnut\u00ed, ale podporuje aj zdrav\u0161ie stravovacie n\u00e1vyky, preto\u017ee u\u017e\u00edvatelia sa nau\u010dia efekt\u00edvnej\u0161ie riadi\u0165 pr\u00edjem tukov.<\/p>\n<h2>Pokyny na d\u00e1vkovanie pre Xenical Generic<\/h2>\n<p>Typick\u00e1 d\u00e1vka pre Xenical Generic je jedna 120 mg kapsula u\u017e\u00edvan\u00e1 trikr\u00e1t denne s ka\u017ed\u00fdm hlavn\u00fdm jedlom, ktor\u00e9 obsahuje tuk. Je d\u00f4le\u017eit\u00e9 dodr\u017eiava\u0165 predp\u00edsan\u00e9 d\u00e1vkovanie a na\u010dasovanie, aby sa maximalizovali pr\u00ednosy lieku. Pacienti maj\u00fa u\u017ei\u0165 kapsulu bezprostredne pred jedlom, po\u010das jedla alebo do jednej hodiny po jedle.<\/p>\n<p>Ak sa jedlo vynech\u00e1 alebo neobsahuje \u017eiadny tuk, d\u00e1vku Xenical Generic mo\u017eno vynecha\u0165. Pacientom sa odpor\u00fa\u010da, aby neu\u017e\u00edvali viac ako odpor\u00fa\u010dan\u00fa d\u00e1vku, preto\u017ee to nezv\u00fd\u0161i chudnutie a m\u00f4\u017ee zv\u00fd\u0161i\u0165 pravdepodobnos\u0165 ved\u013eaj\u0161\u00edch \u00fa\u010dinkov. D\u00f4sledn\u00e9 dodr\u017eiavanie pokynov na d\u00e1vkovanie je k\u013e\u00fa\u010dom k dosiahnutiu po\u017eadovan\u00fdch v\u00fdsledkov chudnutia.<\/p>\n<h2>Potenci\u00e1lne ved\u013eaj\u0161ie \u00fa\u010dinky Xenical Generic<\/h2>\n<p>Tak ako v\u0161etky lieky, aj Xenical Generic m\u00f4\u017ee sp\u00f4sobova\u0165 ved\u013eaj\u0161ie \u00fa\u010dinky, hoci sa neprejavia u ka\u017ed\u00e9ho. Naj\u010dastej\u0161ie ved\u013eaj\u0161ie \u00fa\u010dinky s\u00fa gastrointestin\u00e1lneho charakteru, vr\u00e1tane mastnej alebo mastnej stolice, zv\u00fd\u0161en\u00e1 frekvencia pohybov \u010driev a naliehav\u00e1 potreba defek\u00e1cie. Tieto \u00fa\u010dinky s\u00fa priamym v\u00fdsledkom \u00fa\u010dinku lieku na blokovanie tukov.<\/p>\n<p>V zriedkav\u00fdch pr\u00edpadoch sa u niektor\u00fdch jedincov m\u00f4\u017eu vyskytn\u00fa\u0165 z\u00e1va\u017enej\u0161ie ved\u013eaj\u0161ie \u00fa\u010dinky, ako je po\u0161kodenie pe\u010dene, obli\u010dkov\u00e9 kamene alebo alergick\u00e9 reakcie. Je nevyhnutn\u00e9, aby si pacienti boli vedom\u00ed t\u00fdchto potenci\u00e1lnych probl\u00e9mov a ak sa u nich vyskytn\u00fa nejak\u00e9 nezvy\u010dajn\u00e9 pr\u00edznaky, poradili sa so svoj\u00edm poskytovate\u013eom zdravotnej starostlivosti. Sledovanie vlastn\u00e9ho zdravia a udr\u017eiavanie otvorenej komunik\u00e1cie s lek\u00e1rom m\u00f4\u017ee pom\u00f4c\u0165 tieto rizik\u00e1 efekt\u00edvne zvl\u00e1dnu\u0165.<\/p>\n<h2>Porovnanie Xenical Generic a Branded Xenical<\/h2>\n<p>Hlavn\u00fdm rozdielom medzi Xenical Generic a jeho zna\u010dkov\u00fdm n\u00e1protivkom Xenical s\u00fa n\u00e1klady. Generick\u00e9 verzie s\u00fa zvy\u010dajne cenovo dostupnej\u0161ie, v\u010faka \u010domu s\u00fa dostupn\u00e9 pre \u0161ir\u0161\u00ed okruh pacientov. Obidve verzie obsahuj\u00fa rovnak\u00fa akt\u00edvnu zlo\u017eku, Orlistat, a funguj\u00fa rovnak\u00fdm sp\u00f4sobom na podporu chudnutia.<\/p>\n<p>U v\u00e4\u010d\u0161iny pacientov m\u00f4\u017ee v\u00fdber <a href=\"https:\/\/expresnelieky.org\/xenical-genericke-cena-bez-predpisu\">Xenical Generick\u00e9 120mg Online<\/a> medzi generick\u00fdmi a zna\u010dkov\u00fdmi verziami z\u00e1visie\u0165 od osobn\u00fdch preferenci\u00ed a finan\u010dn\u00fdch \u00favah. Je upokojuj\u00face vedie\u0165, \u017ee obe mo\u017enosti s\u00fa rovnako \u00fa\u010dinn\u00e9 a bezpe\u010dn\u00e9, ke\u010f sa pou\u017e\u00edvaj\u00fa pod\u013ea pokynov. Pacienti by sa mali poradi\u0165 so svoj\u00edm poskytovate\u013eom zdravotnej starostlivosti, aby ur\u010dili najlep\u0161iu mo\u017enos\u0165 pre ich \u0161pecifick\u00e9 potreby.<\/p>\n<h2>Recenzie a sk\u00fasenosti pacientov s Xenical Generic<\/h2>\n<p>Recenzie pacientov na Xenical Generic s\u00fa r\u00f4zne a odr\u00e1\u017eaj\u00fa r\u00f4zne sk\u00fasenosti t\u00fdch, ktor\u00ed ho pou\u017e\u00edvaj\u00fa. Mnoh\u00ed pou\u017e\u00edvatelia hl\u00e1sia v\u00fdrazn\u00fd \u00fabytok hmotnosti v kombin\u00e1cii so spr\u00e1vnou di\u00e9tou a cvi\u010debn\u00fdm re\u017eimom. Niektor\u00ed pacienti chv\u00e1lia liek za jeho schopnos\u0165 pom\u00f4c\u0165 im zavies\u0165 zdrav\u0161ie stravovacie n\u00e1vyky a zlep\u0161i\u0165 ich celkov\u00fa pohodu.<\/p>\n<p>In\u00ed v\u0161ak uv\u00e1dzaj\u00fa probl\u00e9my, ako je zvl\u00e1danie ved\u013eaj\u0161\u00edch \u00fa\u010dinkov, najm\u00e4 t\u00fdch, ktor\u00e9 s\u00favisia s gastrointestin\u00e1lnym nepohodl\u00edm. Napriek t\u00fdmto v\u00fdzvam je v\u0161eobecn\u00e1 zhoda medzi pou\u017e\u00edvate\u013emi, \u017ee v\u00fdhody Xenical Generic \u010dasto preva\u017euj\u00fa nad nev\u00fdhodami, najm\u00e4 pre t\u00fdch, ktor\u00ed s\u00fa odhodlan\u00ed vykona\u0165 potrebn\u00e9 zmeny \u017eivotn\u00e9ho \u0161t\u00fdlu.<\/p>\n<h2>Lek\u00e1rske tipy na bezpe\u010dn\u00e9 u\u017e\u00edvanie generika Xenical<\/h2>\n<p>Lek\u00e1ri odpor\u00fa\u010daj\u00fa nieko\u013eko strat\u00e9gi\u00ed na maximaliz\u00e1ciu bezpe\u010dnosti a \u00fa\u010dinnosti Xenical Generic. V prvom rade je k\u013e\u00fa\u010dov\u00e9 dodr\u017eiava\u0165 predp\u00edsan\u00e9 d\u00e1vkovanie a na\u010dasovanie jedla. Pacientom treba tie\u017e odporu\u010di\u0165, aby udr\u017eiavali vyv\u00e1\u017een\u00fa stravu s n\u00edzkym obsahom kal\u00f3ri\u00ed a tukov, aby sa zn\u00ed\u017eilo riziko gastrointestin\u00e1lnych ved\u013eaj\u0161\u00edch \u00fa\u010dinkov.<\/p>\n<p>Poskytovatelia zdravotnej starostlivosti m\u00f4\u017eu tie\u017e navrhn\u00fa\u0165 pravideln\u00e9 n\u00e1sledn\u00e9 stretnutia na monitorovanie pokroku a rie\u0161enie ak\u00fdchko\u013evek probl\u00e9mov. Okrem toho by mali by\u0165 pacienti vyzvan\u00ed, aby svojmu lek\u00e1rovi okam\u017eite hl\u00e1sili ak\u00e9ko\u013evek nezvy\u010dajn\u00e9 sympt\u00f3my alebo ved\u013eaj\u0161ie \u00fa\u010dinky. Tento proakt\u00edvny pr\u00edstup m\u00f4\u017ee pom\u00f4c\u0165 zmierni\u0165 potenci\u00e1lne rizik\u00e1 a zabezpe\u010di\u0165 najlep\u0161ie mo\u017en\u00e9 v\u00fdsledky.<\/p>\n<h2>Di\u00e9tne odpor\u00fa\u010dania po\u010das u\u017e\u00edvania Xenical Generic<\/h2>\n<p>Dobre napl\u00e1novan\u00e1 strava je nevyhnutn\u00e1 pre pacientov u\u017e\u00edvaj\u00facich Xenical Generic. Ke\u010f\u017ee liek \u00fa\u010dinkuje tak, \u017ee blokuje vstreb\u00e1vanie tukov, je d\u00f4le\u017eit\u00e9 konzumova\u0165 jedl\u00e1 s n\u00edzkym obsahom tuku, aby sa predi\u0161lo nepr\u00edjemn\u00fdm ved\u013eaj\u0161\u00edm \u00fa\u010dinkom. Pacienti by sa mali zamera\u0165 na celozrnn\u00e9 v\u00fdrobky, chud\u00e9 bielkoviny, ovocie a zeleninu.<\/p>\n<p>Okrem toho, za\u010dlenenie pravidelnej fyzickej aktivity do ka\u017edodennej rutiny m\u00f4\u017ee zv\u00fd\u0161i\u0165 \u00fa\u010dinky Xenical Generic na chudnutie. Pacientom sa odpor\u00fa\u010da, aby sa poradili s odborn\u00edkom na v\u00fd\u017eivu alebo dietol\u00f3gom, aby vytvorili pl\u00e1n stravovania na mieru, ktor\u00fd sp\u013a\u0148a ich nutri\u010dn\u00e9 \u200b\u200bpotreby a z\u00e1rove\u0148 podporuje ich ciele v oblasti chudnutia.<\/p>\n<h2>Riadenie o\u010dak\u00e1van\u00ed chudnutia pomocou Xenical Generic<\/h2>\n<p>Stanovenie realistick\u00fdch cie\u013eov chudnutia je nevyhnutn\u00e9 pre ka\u017ed\u00e9ho, kto u\u017e\u00edva Xenical Generic. Aj ke\u010f liek m\u00f4\u017ee by\u0165 \u00fa\u010dinn\u00fd, nie je to r\u00fdchle rie\u0161enie. Pacienti by sa mali sna\u017ei\u0165 o postupn\u00fa stratu hmotnosti, zvy\u010dajne 1 a\u017e 2 libry za t\u00fd\u017ede\u0148, \u010do sa pova\u017euje za bezpe\u010dn\u00e9 a udr\u017eate\u013en\u00e9.<\/p>\n<p>Je d\u00f4le\u017eit\u00e9 uzna\u0165, \u017ee \u00fabytok hmotnosti sa m\u00f4\u017ee medzi jednotlivcami l\u00ed\u0161i\u0165, preto\u017ee v\u00fdsledky m\u00f4\u017eu ovplyvni\u0165 faktory ako metabolizmus, dodr\u017eiavanie zmien \u017eivotn\u00e9ho \u0161t\u00fdlu a po\u010diato\u010dn\u00e1 telesn\u00e1 hmotnos\u0165. Pacienti by sa mali zamera\u0165 sk\u00f4r na dlhodob\u00e9 zlep\u0161ovanie zdravia ne\u017e na okam\u017eit\u00e9 v\u00fdsledky a oslavova\u0165 mal\u00e9 v\u00ed\u0165azstv\u00e1 na svojej ceste.<\/p>\n<h2>Interakcie medzi Xenical generikami a in\u00fdmi liekmi<\/h2>\n<p>Xenical Generic m\u00f4\u017ee interagova\u0165 s ur\u010dit\u00fdmi liekmi, \u010do m\u00f4\u017ee potenci\u00e1lne ovplyvni\u0165 ich \u00fa\u010dinnos\u0165 alebo zv\u00fd\u0161i\u0165 riziko ved\u013eaj\u0161\u00edch \u00fa\u010dinkov. Napr\u00edklad m\u00f4\u017ee interferova\u0165 s absorpciou vitam\u00ednov rozpustn\u00fdch v tukoch, ako s\u00fa A, D, E a K. Pacientom mo\u017eno odporu\u010di\u0165, aby u\u017eili multivitam\u00ednov\u00fd doplnok najmenej dve hodiny pred alebo po u\u017eit\u00ed Xenical Generic.<\/p>\n<p>Okrem toho t\u00ed, ktor\u00ed u\u017e\u00edvaj\u00fa lieky na stavy, ako je cukrovka, poruchy \u0161t\u00edtnej \u017e\u013eazy alebo in\u00e9 chronick\u00e9 ochorenia, by mali prediskutova\u0165 potenci\u00e1lne interakcie so svoj\u00edm poskytovate\u013eom zdravotnej starostlivosti. Na zaistenie bezpe\u010dnosti a \u00fa\u010dinnosti m\u00f4\u017eu by\u0165 potrebn\u00e9 \u00fapravy lie\u010debn\u00fdch re\u017eimov.<\/p>\n<h2>Monitorovanie pokroku a \u00faprava generick\u00e9ho d\u00e1vkovania Xenical<\/h2>\n<p>Pravideln\u00e9 sledovanie progresu chudnutia je pre pacientov u\u017e\u00edvaj\u00facich Xenical Generic k\u013e\u00fa\u010dov\u00e9. Poskytovatelia zdravotnej starostlivosti m\u00f4\u017eu odporu\u010di\u0165 pravideln\u00e9 kontroly s cie\u013eom pos\u00fadi\u0165 reakciu pacienta na liek a vykona\u0165 potrebn\u00e9 \u00fapravy d\u00e1vkovania alebo pl\u00e1nu lie\u010dby.<\/p>\n<p>Ak pacient nedosahuje po\u017eadovan\u00e9 v\u00fdsledky pri chudnut\u00ed, m\u00f4\u017ee by\u0165 potrebn\u00e9 zhodnoti\u0165, \u010di dodr\u017eiava di\u00e9tne a cvi\u010debn\u00e9 odpor\u00fa\u010dania. V niektor\u00fdch pr\u00edpadoch m\u00f4\u017eu by\u0165 potrebn\u00e9 \u00fapravy in\u00fdch liekov alebo faktorov \u017eivotn\u00e9ho \u0161t\u00fdlu na zv\u00fd\u0161enie \u00fa\u010dinnosti Xenical Generic.<\/p>\n<h2>Dlhodob\u00e9 u\u017e\u00edvanie Xenical Generic: \u010co m\u00f4\u017eete o\u010dak\u00e1va\u0165<\/h2>\n<p>Dlhodob\u00e9 u\u017e\u00edvanie Xenical Generic m\u00f4\u017ee by\u0165 \u017eivotaschopnou mo\u017enos\u0165ou pre niektor\u00fdch pacientov, najm\u00e4 t\u00fdch, ktor\u00ed zaznamenali v\u00fdrazn\u00fd \u00fabytok hmotnosti a chc\u00fa si svoje v\u00fdsledky udr\u017ea\u0165. Je v\u0161ak d\u00f4le\u017eit\u00e9 zv\u00e1\u017ei\u0165 pr\u00ednosy oproti potenci\u00e1lnym rizik\u00e1m a ved\u013eaj\u0161\u00edm \u00fa\u010dinkom.<\/p>\n<p>Pacienti, ktor\u00ed zva\u017euj\u00fa dlhodob\u00fa lie\u010dbu, by mali pravidelne konzultova\u0165 svojho poskytovate\u013ea zdravotnej starostlivosti, aby sa zabezpe\u010dilo, \u017ee liek bude na\u010falej vyhovova\u0165 ich potreb\u00e1m. Pokra\u010duj\u00faca podpora a poradenstvo m\u00f4\u017eu pom\u00f4c\u0165 pacientom udr\u017ea\u0165 si chudnutie a celkov\u00e9 zdravie.<\/p>\n<h2>Rie\u0161enie be\u017en\u00fdch ob\u00e1v o Xenical Generic<\/h2>\n<p>Be\u017en\u00e9 obavy t\u00fdkaj\u00face sa Xenical Generic sa \u010dasto to\u010dia okolo jeho ved\u013eaj\u0161\u00edch \u00fa\u010dinkov, \u00fa\u010dinnosti a bezpe\u010dnosti. Pacienti sa m\u00f4\u017eu ob\u00e1va\u0165 po\u010diato\u010dn\u00e9ho obdobia prisp\u00f4sobenia a mo\u017enosti nepr\u00edjemn\u00fdch gastrointestin\u00e1lnych \u00fa\u010dinkov. Otvoren\u00e1 komunik\u00e1cia s poskytovate\u013emi zdravotnej starostlivosti m\u00f4\u017ee pom\u00f4c\u0165 zmierni\u0165 tieto obavy poskytnut\u00edm uistenia a praktick\u00fdch tipov na zvl\u00e1danie ved\u013eaj\u0161\u00edch \u00fa\u010dinkov.<\/p>\n<p>\u010eal\u0161\u00edm probl\u00e9mom je \u00fa\u010dinnos\u0165 lieku. Pacientom treba pripomen\u00fa\u0165, \u017ee Xenical Generic je naj\u00fa\u010dinnej\u0161\u00ed v kombin\u00e1cii so zmenami \u017eivotn\u00e9ho \u0161t\u00fdlu a stanovenie realistick\u00fdch cie\u013eov m\u00f4\u017ee pom\u00f4c\u0165 zvl\u00e1dnu\u0165 o\u010dak\u00e1vania. Nepretr\u017eit\u00e1 podpora zo strany zdravotn\u00edckych t\u00edmov m\u00f4\u017ee posilni\u0165 pozit\u00edvne spr\u00e1vanie a podpori\u0165 dlhodob\u00fd \u00faspech.<\/p>\n<h2>Kde bezpe\u010dne k\u00fapi\u0165 generikum Xenical<\/h2>\n<p>Pacienti, ktor\u00ed maj\u00fa z\u00e1ujem o k\u00fapu Xenical Generic, by tak mali urobi\u0165 prostredn\u00edctvom renomovan\u00fdch lek\u00e1rn\u00ed, \u010di u\u017e online alebo osobne, aby sa zabezpe\u010dilo, \u017ee dostan\u00fa autentick\u00e9 a bezpe\u010dn\u00e9 lieky. Je d\u00f4le\u017eit\u00e9 vyhn\u00fa\u0165 sa neoveren\u00fdm zdrojom, ktor\u00e9 m\u00f4\u017eu pred\u00e1va\u0165 falo\u0161n\u00e9 alebo ne\u00fa\u010dinn\u00e9 produkty.<\/p>\n<p>Konzult\u00e1cia s poskytovate\u013eom zdravotnej starostlivosti pred zak\u00fapen\u00edm Xenical Generic m\u00f4\u017ee pacientom poskytn\u00fa\u0165 cenn\u00e9 rady o tom, kde bezpe\u010dne z\u00edska\u0165 liek. Mnoh\u00e9 lek\u00e1rne pon\u00fakaj\u00fa generick\u00e9 mo\u017enosti a niektor\u00e9 m\u00f4\u017eu dokonca poskytova\u0165 z\u013eavy alebo programy finan\u010dnej pomoci, aby boli lieky dostupnej\u0161ie.<\/p>\n<h2>Pr\u00e1vne a regula\u010dn\u00e9 aspekty Xenical Generic<\/h2>\n<p>Xenical Generic podlieha r\u00f4znym pr\u00e1vnym a regula\u010dn\u00fdm po\u017eiadavk\u00e1m na zaistenie bezpe\u010dnosti a \u00fa\u010dinnosti. V mnoh\u00fdch krajin\u00e1ch je klasifikovan\u00fd ako liek na predpis, \u010do si pred pou\u017eit\u00edm vy\u017eaduje konzult\u00e1ciu s poskytovate\u013eom zdravotnej starostlivosti.<\/p>\n<p>Regula\u010dn\u00e9 org\u00e1ny, ako je agent\u00fara pre regul\u00e1ciu liekov a zdravotn\u00edckych produktov (MHRA) v Spojenom kr\u00e1\u013eovstve, dohliadaj\u00fa na schva\u013eovanie a monitorovanie liekov, ako je Xenical Generic. Tieto agent\u00fary zais\u0165uj\u00fa, \u017ee liek sp\u013a\u0148a pr\u00edsne bezpe\u010dnostn\u00e9 a kvalitat\u00edvne normy a poskytuje istotu pacientom aj poskytovate\u013eom zdravotnej starostlivosti.<\/p>\n","protected":false},"excerpt":{"rendered":"<p>Xenical Generic: pokyny, recenzie a tipy lek\u00e1rov Xenical Generic je \u0161iroko pou\u017e\u00edvan\u00fd liek na chudnutie a tento \u010dl\u00e1nok sk\u00fama jeho pou\u017eitie, \u00fa\u010dinky a praktick\u00e9 \u00favahy pre pacientov a poskytovate\u013eov zdravotnej starostlivosti. Pochopenie generika Xenical a jeho pou\u017eitia Xenical Generic, tie\u017e zn\u00e1my ako Orlistat, je liek prim\u00e1rne pou\u017e\u00edvan\u00fd na pomoc pri zni\u017eovan\u00ed hmotnosti u jedincov s [&hellip;]<\/p>\n","protected":false},"author":1,"featured_media":0,"parent":0,"menu_order":0,"comment_status":"closed","ping_status":"closed","template":"","meta":{"footnotes":""},"class_list":["post-21087","page","type-page","status-publish","hentry"],"_links":{"self":[{"href":"https:\/\/mahous.com\/index.php\/wp-json\/wp\/v2\/pages\/21087","targetHints":{"allow":["GET"]}}],"collection":[{"href":"https:\/\/mahous.com\/index.php\/wp-json\/wp\/v2\/pages"}],"about":[{"href":"https:\/\/mahous.com\/index.php\/wp-json\/wp\/v2\/types\/page"}],"author":[{"embeddable":true,"href":"https:\/\/mahous.com\/index.php\/wp-json\/wp\/v2\/users\/1"}],"replies":[{"embeddable":true,"href":"https:\/\/mahous.com\/index.php\/wp-json\/wp\/v2\/comments?post=21087"}],"version-history":[{"count":1,"href":"https:\/\/mahous.com\/index.php\/wp-json\/wp\/v2\/pages\/21087\/revisions"}],"predecessor-version":[{"id":21088,"href":"https:\/\/mahous.com\/index.php\/wp-json\/wp\/v2\/pages\/21087\/revisions\/21088"}],"wp:attachment":[{"href":"https:\/\/mahous.com\/index.php\/wp-json\/wp\/v2\/media?parent=21087"}],"curies":[{"name":"wp","href":"https:\/\/api.w.org\/{rel}","templated":true}]}}