{"id":21092,"date":"2026-03-25T00:34:54","date_gmt":"2026-03-24T23:34:54","guid":{"rendered":"https:\/\/mahous.com\/?page_id=21092"},"modified":"2026-03-25T00:34:54","modified_gmt":"2026-03-24T23:34:54","slug":"spravne-podminky-skladovani-pro-xenical-generic","status":"publish","type":"page","link":"https:\/\/mahous.com\/index.php\/spravne-podminky-skladovani-pro-xenical-generic\/","title":{"rendered":"Spr\u00e1vn\u00e9 podm\u00ednky skladov\u00e1n\u00ed pro Xenical Generic"},"content":{"rendered":"<h1>Jak skladovat, cestovat a dopl\u0148ovat Xenical Generic<\/h1>\n<p>Spr\u00e1vn\u00e1 manipulace a spr\u00e1va Xenical Generic je nezbytn\u00e1 pro udr\u017een\u00ed jeho \u00fa\u010dinnosti a zaji\u0161t\u011bn\u00ed bezpe\u010dnosti pacienta b\u011bhem skladov\u00e1n\u00ed, cestov\u00e1n\u00ed a dopl\u0148ov\u00e1n\u00ed recept\u016f.<\/p>\n<h2>Spr\u00e1vn\u00e9 podm\u00ednky skladov\u00e1n\u00ed pro Xenical Generic<\/h2>\n<p>Aby byla zaji\u0161t\u011bna \u00fa\u010dinnost Xenical Generic, mus\u00ed b\u00fdt skladov\u00e1n za specifick\u00fdch podm\u00ednek. V ide\u00e1ln\u00edm p\u0159\u00edpad\u011b by m\u011bl b\u00fdt skladov\u00e1n na chladn\u00e9m a such\u00e9m m\u00edst\u011b mimo p\u0159\u00edm\u00e9 slune\u010dn\u00ed sv\u011btlo. Koupelna, \u010dasto vlhk\u00e1 a tepl\u00e1, nen\u00ed ide\u00e1ln\u00edm \u00falo\u017en\u00fdm m\u00edstem. M\u00edsto toho zva\u017ete specializovanou l\u00e9k\u00e1rni\u010dku nebo z\u00e1suvku v lo\u017enici, daleko od jak\u00fdchkoli zdroj\u016f tepla.<\/p>\n<p>Je tak\u00e9 d\u016fle\u017eit\u00e9 uchov\u00e1vat l\u00e9ky v p\u016fvodn\u00edm obalu. Obal je navr\u017een tak, aby chr\u00e1nil pilulky p\u0159ed faktory prost\u0159ed\u00ed, kter\u00e9 by je mohly znehodnotit. Uchov\u00e1v\u00e1n\u00ed l\u00e9ku v p\u016fvodn\u00ed lahvi\u010dce nav\u00edc zaji\u0161\u0165uje, \u017ee budete m\u00edt v\u0161echny pot\u0159ebn\u00e9 informace, jako je datum expirace a pokyny k d\u00e1vkov\u00e1n\u00ed, snadno dostupn\u00e9.<\/p>\n<h2>Teplotn\u00ed \u00favahy pro Xenical Generic<\/h2>\n<p>Chemick\u00e1 stabilita Xenical Generic m\u016f\u017ee b\u00fdt ohro\u017eena, pokud je vystaven teplot\u00e1m mimo doporu\u010den\u00fd rozsah. V\u011bt\u0161ina l\u00e9\u010div, v\u010detn\u011b Xenical, by m\u011bla b\u00fdt skladov\u00e1na p\u0159i pokojov\u00e9 teplot\u011b, typicky mezi 15 \u00b0C a 30 \u00b0C (59 \u00b0F a\u017e 86 \u00b0F). Teploty mimo tento rozsah mohou zp\u016fsobit, \u017ee l\u00e9k ztrat\u00ed svou \u00fa\u010dinnost.<\/p>\n<p>Pokud \u017eijete v oblasti n\u00e1chyln\u00e9 k extr\u00e9mn\u00edm teplot\u00e1m, zva\u017ete investici do \u00falo\u017en\u00e9ho boxu s \u0159\u00edzenou teplotou. Je t\u0159eba se vyvarovat teplotn\u00edm v\u00fdkyv\u016fm, jako jsou ty, kter\u00e9 se vyskytuj\u00ed v prost\u0159ed\u00ed bez kontroly klimatu, jako jsou podkrov\u00ed nebo gar\u00e1\u017ee, aby byla zachov\u00e1na integrita l\u00e9ku.<\/p>\n<h2>Ochrana Xenical Generic p\u0159ed vlhkost\u00ed a sv\u011btlem<\/h2>\n<p>Vlhkost m\u016f\u017ee v\u00fdznamn\u011b ovlivnit stabilitu l\u00e9k\u016f, jako je Xenical Generic. Vystaven\u00ed vysok\u00e9 vlhkosti m\u016f\u017ee v\u00e9st k degradaci \u00fa\u010dinn\u00fdch l\u00e1tek, co\u017e sni\u017euje \u00fa\u010dinnost l\u00e9ku. Abyste tomu zabr\u00e1nili, v\u017edy se ujist\u011bte, \u017ee je l\u00e1hev pevn\u011b uzav\u0159ena a skladov\u00e1na v such\u00e9m prost\u0159ed\u00ed.<\/p>\n<p>Vystaven\u00ed se sv\u011btlu, zejm\u00e9na slune\u010dn\u00edmu z\u00e1\u0159en\u00ed, m\u016f\u017ee tak\u00e9 ovlivnit kvalitu l\u00e9ku. Skladujte Xenical na tmav\u00e9m m\u00edst\u011b nebo v n\u00e1dob\u011b, kter\u00e1 je nepr\u016fhledn\u00e1 nebo odoln\u00e1 v\u016f\u010di UV z\u00e1\u0159en\u00ed. Pokud si v\u0161imnete jak\u00e9koli zm\u011bny barvy nebo struktury pilulek, pora\u010fte se p\u0159ed dal\u0161\u00edm u\u017e\u00edv\u00e1n\u00edm s l\u00e9k\u00e1rn\u00edkem.<\/p>\n<h2>Nejlep\u0161\u00ed postupy pro cestov\u00e1n\u00ed s Xenical Generic<\/h2>\n<p>P\u0159i cestov\u00e1n\u00ed s Xenical Generic je p\u0159\u00edprava kl\u00ed\u010dov\u00e1. V\u017edy si zabalte v\u00edce l\u00e9k\u016f, ne\u017e si mysl\u00edte, \u017ee budete pot\u0159ebovat, abyste zohlednili p\u0159\u00edpadn\u00e9 nep\u0159edv\u00eddan\u00e9 zpo\u017ed\u011bn\u00ed. Uschov\u00e1n\u00ed n\u011bkolika dal\u0161\u00edch pilulek v samostatn\u00e9m s\u00e1\u010dku m\u016f\u017ee b\u00fdt tak\u00e9 z\u00e1chranou, pokud se ztrat\u00ed va\u0161e hlavn\u00ed zavazadlo.<\/p>\n<p>Je vhodn\u00e9 m\u00edt u sebe kopii p\u0159edpisu nebo pozn\u00e1mku od l\u00e9ka\u0159e. Tato dokumentace m\u016f\u017ee pomoci vyhnout se jak\u00fdmkoli probl\u00e9m\u016fm s celn\u00ed nebo leti\u0161tn\u00ed bezpe\u010dnost\u00ed a tak\u00e9 pomoci p\u0159i z\u00edsk\u00e1n\u00ed n\u00e1hradn\u00edho, pokud je to nutn\u00e9, na cest\u00e1ch.<\/p>\n<h2>Balen\u00ed Xenical Generic pro leteckou dopravu<\/h2>\n<p>Leteck\u00e1 doprava m\u016f\u017ee p\u0159edstavovat specifick\u00e9 probl\u00e9my pro p\u0159epravu l\u00e9k\u016f. Xenical si v\u017edy zabalte do p\u0159\u00edru\u010dn\u00edho zavazadla, abyste se vyhnuli extr\u00e9mn\u00edm teplot\u00e1m v n\u00e1kladov\u00e9m prostoru. Bezpe\u010dnostn\u00ed p\u0159edpisy obvykle povoluj\u00ed l\u00e9ky v p\u0159\u00edru\u010dn\u00edch zavazadlech, ale je vhodn\u00e9 je deklarovat b\u011bhem bezpe\u010dnostn\u00ed kontroly.<\/p>\n<p>Pou\u017eijte organiz\u00e9r na pilulky, abyste m\u011bli <a href=\"https:\/\/lekdomu.cz\/koupit-genericky-xenical-online-bez-predpisu\">https:\/\/lekdomu.cz\/koupit-genericky-xenical-online-bez-predpisu<\/a> sv\u00e9 l\u00e9ky po ruce, a pokud to nen\u00ed nutn\u00e9, nenoste celou lahvi\u010dku. To m\u016f\u017ee u\u0161et\u0159it m\u00edsto a usnadnit spr\u00e1vu denn\u00edho d\u00e1vkov\u00e1n\u00ed na cest\u00e1ch. Ujist\u011bte se v\u0161ak, \u017ee m\u00e1te k dispozici origin\u00e1ln\u00ed obal a informace o p\u0159edpisech pro p\u0159\u00edpad, \u017ee je budete pot\u0159ebovat p\u0159edlo\u017eit.<\/p>\n<h2>Navigace v zabezpe\u010den\u00ed leti\u0161t\u011b s Xenical Generic<\/h2>\n<p>Leti\u0161tn\u00ed bezpe\u010dnost m\u016f\u017ee b\u00fdt skli\u010duj\u00edc\u00ed sou\u010d\u00e1st\u00ed cestov\u00e1n\u00ed s l\u00e9ky, jako je Xenical Generic. \u00da\u0159ad pro bezpe\u010dnost dopravy (TSA) a podobn\u00e9 org\u00e1ny v jin\u00fdch zem\u00edch obecn\u011b povoluj\u00ed l\u00e9ky, ale je nejlep\u0161\u00ed je uchov\u00e1vat v p\u016fvodn\u00edm obalu na p\u0159edpis. To pom\u00e1h\u00e1 bezpe\u010dnostn\u00edmu person\u00e1lu rychle ov\u011b\u0159it legitimitu l\u00e9ku.<\/p>\n<p>Pokud v\u00e1\u0161 l\u00e9k vy\u017eaduje chlazen\u00ed, informujte bezpe\u010dnostn\u00ed agenty a po\u017e\u00e1dejte o ru\u010dn\u00ed kontrolu, nikoli o jejich zas\u00edl\u00e1n\u00ed p\u0159es rentgenov\u00fd p\u0159\u00edstroj. V\u011bt\u0161ina leti\u0161\u0165 m\u00e1 zaveden\u00e9 protokoly, kter\u00e9 t\u011bmto \u017e\u00e1dostem vyhov\u011bj\u00ed a zaji\u0161\u0165uj\u00ed, \u017ee va\u0161e l\u00e9ky z\u016fstanou bezpe\u010dn\u00e9 a \u00fa\u010dinn\u00e9.<\/p>\n<h2>Zaji\u0161t\u011bn\u00ed generick\u00fdch dod\u00e1vek Xenical b\u011bhem cestov\u00e1n\u00ed<\/h2>\n<p>Udr\u017eov\u00e1n\u00ed dostate\u010dn\u00e9 z\u00e1soby Xenical Generic p\u0159i cestov\u00e1n\u00ed je z\u00e1sadn\u00ed. P\u0159ed cestou zkontrolujte z\u00e1soby l\u00e9k\u016f a napl\u00e1nujte si dopln\u011bn\u00ed s dostate\u010dn\u00fdm p\u0159edstihem. Pokud cestujete na del\u0161\u00ed dobu, pora\u010fte se se sv\u00fdm l\u00e9ka\u0159em o z\u00edsk\u00e1n\u00ed v\u011bt\u0161\u00ed z\u00e1soby.<\/p>\n<p>Zva\u017ete mo\u017en\u00e9 zpo\u017ed\u011bn\u00ed p\u0159i n\u00e1vratu dom\u016f nebo probl\u00e9my s hled\u00e1n\u00edm l\u00e9k\u00e1rny v c\u00edlov\u00e9 destinaci. N\u011bkter\u00e9 zem\u011b nemus\u00ed m\u00edt k dispozici stejn\u00e9 slo\u017een\u00ed nebo d\u00e1vkov\u00e1n\u00ed, co\u017e m\u016f\u017ee p\u0159eru\u0161it v\u00e1\u0161 l\u00e9\u010debn\u00fd pl\u00e1n. Proaktivn\u00ed \u0159\u00edzen\u00ed t\u011bchto faktor\u016f m\u016f\u017ee zabr\u00e1nit naru\u0161en\u00ed va\u0161eho l\u00e9\u010debn\u00e9ho re\u017eimu.<\/p>\n<h2>Jak doplnit generick\u00fd p\u0159edpis Xenical<\/h2>\n<p>Dopln\u011bn\u00ed va\u0161eho p\u0159edpisu Xenical Generic zahrnuje n\u011bkolik krok\u016f, po\u010d\u00ednaje kontaktov\u00e1n\u00edm poskytovatele zdravotn\u00ed p\u00e9\u010de nebo l\u00e9k\u00e1rn\u00edka, abyste potvrdili dostupnost n\u00e1hradn\u00edch n\u00e1pln\u00ed. Nejlep\u0161\u00ed je to \u0159e\u0161it alespo\u0148 t\u00fdden p\u0159ed vy\u010derp\u00e1n\u00edm aktu\u00e1ln\u00ed z\u00e1soby.<\/p>\n<p>Pokud se bl\u00ed\u017e\u00edte ke konci cyklu p\u0159edepisov\u00e1n\u00ed, napl\u00e1nujte si sch\u016fzku se sv\u00fdm l\u00e9ka\u0159em, abyste prodiskutovali, zda je l\u00e9k st\u00e1le vhodn\u00fd pro v\u00e1\u0161 stav. V p\u0159\u00edpad\u011b pot\u0159eby mohou vystavit nov\u00fd recept a poradit s p\u0159\u00edpadn\u00fdmi zm\u011bnami v d\u00e1vkov\u00e1n\u00ed nebo pod\u00e1v\u00e1n\u00ed.<\/p>\n<h2>Online vs. Osobn\u00ed dopl\u0148ov\u00e1n\u00ed Xenical Generic<\/h2>\n<p>Dopl\u0148ov\u00e1n\u00ed recept\u016f online je st\u00e1le popul\u00e1rn\u011bj\u0161\u00ed d\u00edky sv\u00e9mu pohodl\u00ed. Mnoho l\u00e9k\u00e1ren nab\u00edz\u00ed online slu\u017eby, kde si m\u016f\u017eete vy\u017e\u00e1dat dopln\u011bn\u00ed a bu\u010f si je vyzvednout na prodejn\u011b, nebo si je nechat doru\u010dit dom\u016f. To m\u016f\u017ee b\u00fdt u\u017eite\u010dn\u00e9 zejm\u00e9na v p\u0159\u00edpad\u011b, \u017ee m\u00e1te probl\u00e9my s mobilitou nebo m\u00e1te nabit\u00fd program.<\/p>\n<p>Osobn\u00ed dopl\u0148ov\u00e1n\u00ed v\u00e1m v\u0161ak umo\u017en\u00ed mluvit p\u0159\u00edmo s l\u00e9k\u00e1rn\u00edkem o jak\u00fdchkoli obav\u00e1ch nebo ot\u00e1zk\u00e1ch, kter\u00e9 m\u016f\u017eete m\u00edt. Tato interakce m\u016f\u017ee b\u00fdt prosp\u011b\u0161n\u00e1, pokud dojde ke zm\u011bn\u00e1m ve va\u0161em l\u00e9\u010debn\u00e9m re\u017eimu nebo pokud pot\u0159ebujete okam\u017eitou pomoc.<\/p>\n<h2>Pochopen\u00ed p\u0159edpis\u016f o p\u0159edpisech pro Xenical Generic<\/h2>\n<p>P\u0159edpisy pro Xenical Generic se mohou li\u0161it v z\u00e1vislosti na va\u0161\u00ed lokalit\u011b. Ve v\u011bt\u0161in\u011b zem\u00ed je pova\u017eov\u00e1n za l\u00e9k na p\u0159edpis kv\u016fli jeho specifick\u00fdm indikac\u00edm a potenci\u00e1ln\u00edm vedlej\u0161\u00edm \u00fa\u010dink\u016fm. Porozum\u011bn\u00ed t\u011bmto p\u0159edpis\u016fm zajist\u00ed, \u017ee budete dodr\u017eovat z\u00e1sady a vyhnete se pr\u00e1vn\u00edm probl\u00e9m\u016fm.<\/p>\n<p>Pokud pl\u00e1nujete cestovat do zahrani\u010d\u00ed, prostudujte si konkr\u00e9tn\u00ed p\u0159edpisy ve va\u0161\u00ed c\u00edlov\u00e9 zemi. N\u011bkter\u00e1 m\u00edsta mohou m\u00edt omezen\u00ed na ur\u010dit\u00e9 l\u00e9ky, vy\u017eaduj\u00edc\u00ed dal\u0161\u00ed dokumentaci nebo povolen\u00ed ke vstupu.<\/p>\n<h2>Tipy pro spr\u00e1vu generick\u00e9ho d\u00e1vkov\u00e1n\u00ed Xenical na cest\u00e1ch<\/h2>\n<p>Udr\u017eov\u00e1n\u00ed d\u00e1vky Xenical Generic p\u0159i cestov\u00e1n\u00ed vy\u017eaduje pe\u010dliv\u00e9 pl\u00e1nov\u00e1n\u00ed. Nastavte si p\u0159ipomenut\u00ed v telefonu nebo pou\u017eijte cestovn\u00ed organiz\u00e9r na pilulky, abyste m\u011bli p\u0159ehled o sv\u00e9m rozvrhu l\u00e9k\u016f. Konzistence je kl\u00ed\u010dem k zaji\u0161t\u011bn\u00ed \u00fa\u010dinnosti l\u00e9ku.<\/p>\n<p>P\u0159izp\u016fsoben\u00ed r\u016fzn\u00fdm \u010dasov\u00fdm p\u00e1sm\u016fm m\u016f\u017ee zkomplikovat v\u00e1\u0161 d\u00e1vkovac\u00ed pl\u00e1n. Pora\u010fte se se sv\u00fdm poskytovatelem zdravotn\u00ed p\u00e9\u010de, jak nejl\u00e9pe sladit d\u00e1vkov\u00e1n\u00ed s nov\u00fdm \u010dasov\u00fdm p\u00e1smem, abyste zajistili udr\u017een\u00ed terapeutick\u00fdch hladin l\u00e9ku.<\/p>\n<h2>Co d\u011blat, kdy\u017e v\u00e1m dojde Xenical Generic<\/h2>\n<p>Vy\u010derpat Xenical Generic, kdy\u017e jste mimo domov, m\u016f\u017ee b\u00fdt stresuj\u00edc\u00ed, ale existuj\u00ed kroky, kter\u00e9 m\u016f\u017eete podniknout, abyste situaci vy\u0159e\u0161ili. Nejprve se pora\u010fte se sv\u00fdm p\u0159edepisuj\u00edc\u00edm l\u00e9ka\u0159em. Mohou b\u00fdt schopni poslat recept do m\u00edstn\u00ed l\u00e9k\u00e1rny, kde m\u016f\u017eete z\u00edskat n\u00e1hradn\u00ed n\u00e1pl\u0148.<\/p>\n<p>Pokud jste v ciz\u00ed zemi, nav\u0161tivte m\u00edstn\u00edho poskytovatele zdravotn\u00ed p\u00e9\u010de nebo l\u00e9k\u00e1rn\u00edka. Mohou poradit ohledn\u011b ekvivalentn\u00edch l\u00e9k\u016f dostupn\u00fdch v m\u00edst\u011b. Pro usnadn\u011bn\u00ed tohoto procesu v\u017edy noste informace o p\u0159edpisu a pozn\u00e1mku od sv\u00e9ho l\u00e9ka\u0159e.<\/p>\n<h2>Konzultace s poskytovateli zdravotn\u00ed p\u00e9\u010de ohledn\u011b Xenical Generic<\/h2>\n<p>P\u0159i pou\u017e\u00edv\u00e1n\u00ed Xenical Generic jsou nezbytn\u00e9 pravideln\u00e9 konzultace s poskytovateli zdravotn\u00ed p\u00e9\u010de. Tito odborn\u00edci mohou vyhodnotit \u00fa\u010dinnost l\u00e9k\u016f a prov\u00e9st nezbytn\u00e9 \u00fapravy va\u0161eho l\u00e9\u010debn\u00e9ho pl\u00e1nu. \u010cast\u00e9 sledov\u00e1n\u00ed pom\u00e1h\u00e1 p\u0159i zvl\u00e1d\u00e1n\u00ed jak\u00fdchkoli ne\u017e\u00e1douc\u00edch \u00fa\u010dink\u016f nebo interakc\u00ed s jin\u00fdmi l\u00e9ky.<\/p>\n<p>B\u011bhem konzultac\u00ed bu\u010fte otev\u0159eni ohledn\u011b jak\u00fdchkoli obav nebo zm\u011bn va\u0161eho zdravotn\u00edho stavu. Tato transparentnost umo\u017e\u0148uje va\u0161emu poskytovateli zdravotn\u00ed p\u00e9\u010de nab\u00eddnout nejlep\u0161\u00ed mo\u017enou radu a podporu a zajistit, \u017ee va\u0161e l\u00e9\u010dba z\u016fstane na spr\u00e1vn\u00e9 cest\u011b.<\/p>\n<h2>Pr\u00e1vn\u00ed aspekty pro mezin\u00e1rodn\u00ed cestov\u00e1n\u00ed s Xenical Generic<\/h2>\n<p>P\u0159i mezin\u00e1rodn\u00edm cestov\u00e1n\u00ed s Xenical Generic je d\u016fle\u017eit\u00e9 porozum\u011bt pr\u00e1vn\u00edm d\u016fsledk\u016fm. N\u011bkter\u00e9 zem\u011b maj\u00ed p\u0159\u00edsn\u00e9 p\u0159edpisy t\u00fdkaj\u00edc\u00ed se dovozu l\u00e9\u010div. Prozkoumejte a p\u0159ipravte ve\u0161kerou pot\u0159ebnou dokumentaci, v\u010detn\u011b pozn\u00e1mky od l\u00e9ka\u0159e a kopie p\u0159edpisu, abyste zajistili soulad s m\u00edstn\u00edmi z\u00e1kony.<\/p>\n<p>Nedodr\u017een\u00ed t\u011bchto p\u0159edpis\u016f m\u016f\u017ee m\u00edt za n\u00e1sledek pokuty, zabaven\u00ed l\u00e9k\u016f nebo dokonce pr\u00e1vn\u00ed kroky. Obra\u0165te se na velvyslanectv\u00ed nebo konzul\u00e1t va\u0161\u00ed c\u00edlov\u00e9 zem\u011b pro konkr\u00e9tn\u00ed pokyny k uveden\u00ed l\u00e9k\u016f na p\u0159edpis do jejich jurisdikce.<\/p>\n<h2>Skladov\u00e1n\u00ed Xenical Generic v extr\u00e9mn\u00edch pov\u011btrnostn\u00edch podm\u00ednk\u00e1ch<\/h2>\n<p>Skladov\u00e1n\u00ed Xenical Generic v extr\u00e9mn\u00edch pov\u011btrnostn\u00edch podm\u00ednk\u00e1ch vy\u017eaduje zv\u00fd\u0161enou opatrnost. V hork\u00e9m klimatu neponech\u00e1vejte l\u00e9k ve vozidlech nebo na jin\u00fdch m\u00edstech, kde mohou teploty stoupat. Pro udr\u017een\u00ed stabiln\u00edho prost\u0159ed\u00ed zva\u017ete pou\u017eit\u00ed izolovan\u00fdch s\u00e1\u010dk\u016f nebo chladi\u010d\u016f.<\/p>\n<p>V chladn\u00fdch podm\u00ednk\u00e1ch nevystavujte l\u00e9k teplot\u00e1m pod bodem mrazu. Izolovan\u00e9 n\u00e1doby mohou chr\u00e1nit l\u00e9ky p\u0159ed \u017eivly a zajistit, \u017ee z\u016fstanou \u00fa\u010dinn\u00e9 bez ohledu na vn\u011bj\u0161\u00ed pov\u011btrnostn\u00ed podm\u00ednky. V\u017edy sledujte podm\u00ednky uchov\u00e1v\u00e1n\u00ed a podle pot\u0159eby prove\u010fte \u00fapravy, abyste ochr\u00e1nili sv\u016fj l\u00e9k.<\/p>\n","protected":false},"excerpt":{"rendered":"<p>Jak skladovat, cestovat a dopl\u0148ovat Xenical Generic Spr\u00e1vn\u00e1 manipulace a spr\u00e1va Xenical Generic je nezbytn\u00e1 pro udr\u017een\u00ed jeho \u00fa\u010dinnosti a zaji\u0161t\u011bn\u00ed bezpe\u010dnosti pacienta b\u011bhem skladov\u00e1n\u00ed, cestov\u00e1n\u00ed a dopl\u0148ov\u00e1n\u00ed recept\u016f. Spr\u00e1vn\u00e9 podm\u00ednky skladov\u00e1n\u00ed pro Xenical Generic Aby byla zaji\u0161t\u011bna \u00fa\u010dinnost Xenical Generic, mus\u00ed b\u00fdt skladov\u00e1n za specifick\u00fdch podm\u00ednek. V ide\u00e1ln\u00edm p\u0159\u00edpad\u011b by m\u011bl b\u00fdt skladov\u00e1n na [&hellip;]<\/p>\n","protected":false},"author":1,"featured_media":0,"parent":0,"menu_order":0,"comment_status":"closed","ping_status":"closed","template":"","meta":{"footnotes":""},"class_list":["post-21092","page","type-page","status-publish","hentry"],"_links":{"self":[{"href":"https:\/\/mahous.com\/index.php\/wp-json\/wp\/v2\/pages\/21092","targetHints":{"allow":["GET"]}}],"collection":[{"href":"https:\/\/mahous.com\/index.php\/wp-json\/wp\/v2\/pages"}],"about":[{"href":"https:\/\/mahous.com\/index.php\/wp-json\/wp\/v2\/types\/page"}],"author":[{"embeddable":true,"href":"https:\/\/mahous.com\/index.php\/wp-json\/wp\/v2\/users\/1"}],"replies":[{"embeddable":true,"href":"https:\/\/mahous.com\/index.php\/wp-json\/wp\/v2\/comments?post=21092"}],"version-history":[{"count":1,"href":"https:\/\/mahous.com\/index.php\/wp-json\/wp\/v2\/pages\/21092\/revisions"}],"predecessor-version":[{"id":21093,"href":"https:\/\/mahous.com\/index.php\/wp-json\/wp\/v2\/pages\/21092\/revisions\/21093"}],"wp:attachment":[{"href":"https:\/\/mahous.com\/index.php\/wp-json\/wp\/v2\/media?parent=21092"}],"curies":[{"name":"wp","href":"https:\/\/api.w.org\/{rel}","templated":true}]}}