{"id":21170,"date":"2026-03-25T02:52:58","date_gmt":"2026-03-25T01:52:58","guid":{"rendered":"https:\/\/mahous.com\/?page_id=21170"},"modified":"2026-03-25T02:52:58","modified_gmt":"2026-03-25T01:52:58","slug":"a-prozac-es-altalanos-valtozatainak-megertese","status":"publish","type":"page","link":"https:\/\/mahous.com\/index.php\/a-prozac-es-altalanos-valtozatainak-megertese\/","title":{"rendered":"A Prozac \u00e9s \u00e1ltal\u00e1nos v\u00e1ltozatainak meg\u00e9rt\u00e9se"},"content":{"rendered":"<h1>Prozac Generic veseprobl\u00e9m\u00e1kkal: \u00fatmutat\u00e1s<\/h1>\n<p>Ez a cikk a Prozac, annak \u00e1ltal\u00e1nos form\u00e1i \u00e9s a vese eg\u00e9szs\u00e9ge k\u00f6z\u00f6tti k\u00f6lcs\u00f6nhat\u00e1st vizsg\u00e1lja, \u00fatmutat\u00e1st ny\u00fajtva vesek\u00e1rosod\u00e1sban szenved\u0151 betegek sz\u00e1m\u00e1ra.<\/p>\n<h2>A Prozac \u00e9s \u00e1ltal\u00e1nos v\u00e1ltozatainak meg\u00e9rt\u00e9se<\/h2>\n<p>A Prozac, \u00e1ltal\u00e1nos nev\u00e9n fluoxetin, egy sz\u00e9les k\u00f6rben fel\u00edrt szelekt\u00edv szerotonin-\u00fajrafelv\u00e9tel-g\u00e1tl\u00f3 (SSRI), amelyet depresszi\u00f3, szorong\u00e1s \u00e9s m\u00e1s ment\u00e1lis betegs\u00e9gek kezel\u00e9s\u00e9re haszn\u00e1lnak. \u00dagy m\u0171k\u00f6dik, hogy n\u00f6veli a szerotonin szintj\u00e9t az agyban, ami jav\u00edthatja a hangulatot \u00e9s cs\u00f6kkentheti a depresszi\u00f3 t\u00fcneteit. Az 1980-as \u00e9vek v\u00e9g\u00e9n t\u00f6rt\u00e9nt bevezet\u00e9se \u00f3ta a Prozac a pszichi\u00e1triai kezel\u00e9sek egyik f\u0151 elem\u00e9v\u00e9 v\u00e1lt hat\u00e9konys\u00e1g\u00e1nak \u00e9s viszonylag kezelhet\u0151 mell\u00e9khat\u00e1sprofilj\u00e1nak k\u00f6sz\u00f6nhet\u0151en.<\/p>\n<p>A fluoxetin generikus form\u00e1ban val\u00f3 el\u00e9rhet\u0151s\u00e9ge sz\u00e9lesebb lakoss\u00e1g sz\u00e1m\u00e1ra tette el\u00e9rhet\u0151v\u00e9 ezt a gy\u00f3gyszert. A generikumok jellemz\u0151en megfizethet\u0151bbek, mint a m\u00e1rkanev\u0171 gy\u00f3gyszerek, mik\u00f6zben meg\u0151rzik ugyanazokat a ter\u00e1pi\u00e1s el\u0151ny\u00f6ket. Azonban ezeknek a gy\u00f3gyszereknek a biohasznosul\u00e1sa \u00e9s metabolizmusa egy\u00e9nenk\u00e9nt kiss\u00e9 elt\u00e9rhet, ami k\u00fcl\u00f6n\u00f6sen fontos az olyan betegekn\u00e9l, akikn\u00e9l alapbetegs\u00e9gben, p\u00e9ld\u00e1ul vesebetegs\u00e9gben szenvednek.<\/p>\n<h2>Hogyan befoly\u00e1solj\u00e1k a veseprobl\u00e9m\u00e1k a gy\u00f3gyszeres anyagcser\u00e9t<\/h2>\n<p>A ves\u00e9k d\u00f6nt\u0151 szerepet j\u00e1tszanak a salakanyagok \u00e9s a felesleges anyagok kisz\u0171r\u00e9s\u00e9ben a v\u00e9rb\u0151l, bele\u00e9rtve a gy\u00f3gyszereket is. Ha a vesem\u0171k\u00f6d\u00e9s s\u00e9r\u00fcl, a szervezet gy\u00f3gyszerfeldolgoz\u00f3 \u00e9s -elt\u00e1vol\u00edt\u00f3 k\u00e9pess\u00e9ge jelent\u0151sen romolhat, ami felhalmoz\u00f3d\u00e1shoz \u00e9s potenci\u00e1lis toxicit\u00e1shoz vezethet. Ez k\u00fcl\u00f6n\u00f6sen fontos az olyan gy\u00f3gyszerek eset\u00e9ben, mint a fluoxetin, amelyek els\u0151sorban a m\u00e1jban metaboliz\u00e1l\u00f3dnak, de a ves\u00e9n kereszt\u00fcl is kiv\u00e1laszt\u00f3dnak.<\/p>\n<p>Vesek\u00e1rosod\u00e1s eset\u00e9n a fluoxetin farmakokinetik\u00e1ja megv\u00e1ltozhat, ami befoly\u00e1solja mind a hat\u00e9konys\u00e1g\u00e1t, mind a biztons\u00e1goss\u00e1g\u00e1t. Veseprobl\u00e9m\u00e1kkal k\u00fczd\u0151 betegekn\u00e9l a gy\u00f3gyszer elh\u00faz\u00f3d\u00f3 hat\u00e1sa \u00e9s a mell\u00e9khat\u00e1sok fokozott kock\u00e1zata tapasztalhat\u00f3 a szervezetb\u0151l val\u00f3 cs\u00f6kkent ki\u00fcr\u00fcl\u00e9s miatt. Ezen dinamik\u00e1k meg\u00e9rt\u00e9se elengedhetetlen az eg\u00e9szs\u00e9g\u00fcgyi szolg\u00e1ltat\u00f3k sz\u00e1m\u00e1ra, amikor a Prozac-ot vagy generikus gy\u00f3gyszereit \u00edrj\u00e1k fel veseprobl\u00e9m\u00e1kkal k\u00fczd\u0151 betegeknek.<\/p>\n<h2>A Prozac lehets\u00e9ges kock\u00e1zatai veseprobl\u00e9m\u00e1kkal k\u00fczd\u0151 betegek sz\u00e1m\u00e1ra<\/h2>\n<p>K\u00e1rosodott vesem\u0171k\u00f6d\u00e9s\u0171 betegek eset\u00e9ben a Prozac alkalmaz\u00e1sa sz\u00e1mos kock\u00e1zattal j\u00e1rhat. A legfigyelemrem\u00e9lt\u00f3bb aggodalomra ad okot a gy\u00f3gyszerek felhalmoz\u00f3d\u00e1s\u00e1nak \u00e9s az ebb\u0151l ered\u0151 toxicit\u00e1snak a lehet\u0151s\u00e9ge, amely s\u00falyosb\u00edthatja az SSRI-kkel gyakran \u00f6sszef\u00fcgg\u0151 mell\u00e9khat\u00e1sokat, p\u00e9ld\u00e1ul h\u00e1nyingert, sz\u00e9d\u00fcl\u00e9st \u00e9s \u00e1lmatlans\u00e1got. S\u00falyos esetekben ez a felhalmoz\u00f3d\u00e1s szerotonin szindr\u00f3m\u00e1hoz vezethet, egy potenci\u00e1lisan \u00e9letvesz\u00e9lyes \u00e1llapothoz, amelyet t\u00falzott szerotonerg aktivit\u00e1s jellemez az agyban.<\/p>\n<p>Ezenk\u00edv\u00fcl a vesebetegs\u00e9gben szenved\u0151 betegek gyakran t\u00f6bb gy\u00f3gyszert is szednek, ami n\u00f6veli a gy\u00f3gyszerk\u00f6lcs\u00f6nhat\u00e1sok kock\u00e1zat\u00e1t. A fluoxetin k\u00f6lcs\u00f6nhat\u00e1sba l\u00e9phet m\u00e1s, a m\u00e1jban metaboliz\u00e1l\u00f3d\u00f3 vagy a ves\u00e9n kereszt\u00fcl kiv\u00e1laszt\u00f3d\u00f3 gy\u00f3gyszerekkel, ami k\u00e1ros hat\u00e1sokhoz vezethet. Ez\u00e9rt ezeknek a k\u00f6lcs\u00f6nhat\u00e1soknak a gondos m\u00e9rlegel\u00e9se \u00e9s kezel\u00e9se kulcsfontoss\u00e1g\u00fa a depresszi\u00f3s, vesek\u00e1rosod\u00e1sban szenved\u0151 betegek kezel\u00e9sekor.<\/p>\n<h2>A Prozac adagj\u00e1nak be\u00e1ll\u00edt\u00e1sa vesek\u00e1rosod\u00e1sban szenved\u0151 betegek sz\u00e1m\u00e1ra<\/h2>\n<p>A Prozac adagj\u00e1nak m\u00f3dos\u00edt\u00e1sa veseprobl\u00e9m\u00e1kkal k\u00fczd\u0151 betegek sz\u00e1m\u00e1ra kritikus l\u00e9p\u00e9s a biztons\u00e1guk \u00e9s a ter\u00e1pi\u00e1s v\u00e1laszuk biztos\u00edt\u00e1s\u00e1ban. Az eg\u00e9szs\u00e9g\u00fcgyi szolg\u00e1ltat\u00f3k \u00e1ltal\u00e1ban alacsonyabb adaggal kezdik, hogy minimaliz\u00e1lj\u00e1k a mell\u00e9khat\u00e1sok kock\u00e1zat\u00e1t, \u00e9s fokozatosan m\u00f3dos\u00edtj\u00e1k a beteg reakci\u00f3ja \u00e9s toleranci\u00e1ja alapj\u00e1n. Ez a megk\u00f6zel\u00edt\u00e9s seg\u00edt elker\u00fclni a gy\u00f3gyszerek felhalmoz\u00f3d\u00e1s\u00e1nak buktat\u00f3it, mik\u00f6zben biztos\u00edtja a sz\u00fcks\u00e9ges ter\u00e1pi\u00e1s el\u0151ny\u00f6ket.<\/p>\n<p>A vesefunkci\u00f3 folyamatos ellen\u0151rz\u00e9se \u00e9s rendszeres \u00e9rt\u00e9kel\u00e9se elengedhetetlen az adagol\u00e1s m\u00f3dos\u00edt\u00e1sakor. Ez a folyamatos \u00e9rt\u00e9kel\u00e9s lehet\u0151v\u00e9 teszi az eg\u00e9szs\u00e9g\u00fcgyi szolg\u00e1ltat\u00f3k sz\u00e1m\u00e1ra, hogy a kezel\u00e9si tervet a beteg aktu\u00e1lis vese\u00e1llapot\u00e1hoz igaz\u00edts\u00e1k, biztos\u00edtva, hogy a gy\u00f3gyszer hat\u00e9kony maradjon a biztons\u00e1g vesz\u00e9lyeztet\u00e9se n\u00e9lk\u00fcl.<\/p>\n<h2>A vesem\u0171k\u00f6d\u00e9s monitoroz\u00e1sa Prozac alkalmaz\u00e1sa k\u00f6zben<\/h2>\n<p>A vesefunkci\u00f3 rendszeres monitoroz\u00e1sa l\u00e9tfontoss\u00e1g\u00fa a Prozac-ot szed\u0151 betegek sz\u00e1m\u00e1ra, k\u00fcl\u00f6n\u00f6sen a vesebetegs\u00e9gben szenved\u0151k sz\u00e1m\u00e1ra. Ez jellemz\u0151en v\u00e9rvizsg\u00e1latokat foglal mag\u00e1ban a kreatininszint, a glomerul\u00e1ris filtr\u00e1ci\u00f3s r\u00e1ta (GFR) \u00e9s a vese eg\u00e9szs\u00e9g\u00e9re utal\u00f3 egy\u00e9b markerek m\u00e9r\u00e9s\u00e9re. Ezek a tesztek seg\u00edtenek annak felm\u00e9r\u00e9s\u00e9ben, hogy a ves\u00e9k mennyire sz\u0171rik meg a v\u00e9rt \u00e9s v\u00e1lasztj\u00e1k ki a gy\u00f3gyszereket.<\/p>\n<p>A monitoroz\u00e1s nemcsak a <a href=\"https:\/\/gyogyszerfutar.org\/prozac-generikus-veny-nelkul\">https:\/\/gyogyszerfutar.org\/prozac-generikus-veny-nelkul<\/a> gy\u00f3gyszeradagok be\u00e1ll\u00edt\u00e1s\u00e1ban seg\u00edt, hanem a vesem\u0171k\u00f6d\u00e9s roml\u00e1s\u00e1nak korai felismer\u00e9s\u00e9ben is. A korai beavatkoz\u00e1s megel\u0151zheti a tov\u00e1bbi vesek\u00e1rosod\u00e1st \u00e9s cs\u00f6kkentheti a gy\u00f3gyszertoxicit\u00e1s kock\u00e1zat\u00e1t. A betegeknek szorosan egy\u00fctt kell m\u0171k\u00f6dni\u00fck eg\u00e9szs\u00e9g\u00fcgyi szolg\u00e1ltat\u00f3ikkal annak biztos\u00edt\u00e1sa \u00e9rdek\u00e9ben, hogy vesem\u0171k\u00f6d\u00e9s\u00fcket rendszeresen ellen\u0151rizz\u00e9k, k\u00fcl\u00f6n\u00f6sen a Prozac-ter\u00e1pia megkezd\u00e9sekor vagy m\u00f3dos\u00edt\u00e1sakor.<\/p>\n<h2>A Prozac alternat\u00edv\u00e1i veseprobl\u00e9m\u00e1kkal k\u00fczd\u0151k sz\u00e1m\u00e1ra<\/h2>\n<p>Jelent\u0151s veseprobl\u00e9m\u00e1kkal k\u00fczd\u0151 betegek eset\u00e9ben a Prozac alternat\u00edv\u00e1ja is m\u00e9rlegelhet\u0151. Alkalmasabbak lehetnek m\u00e1s antidepressz\u00e1nsok, amelyek metabolikus \u00fatvonala elt\u00e9r\u0151 vagy alacsonyabb a ves\u00e9n kereszt\u00fcli kiv\u00e1laszt\u00f3d\u00e1sa. Bizonyos esetekben el\u0151nyben r\u00e9szes\u00edthet\u0151k az olyan gy\u00f3gyszerek, mint a szertralin vagy az eszcitalopram, amelyek kev\u00e9sb\u00e9 f\u00fcggnek a vese clearance-\u00e9t\u0151l.<\/p>\n<p>Ezenk\u00edv\u00fcl a nem gy\u00f3gyszeres kezel\u00e9sek, p\u00e9ld\u00e1ul a kognit\u00edv viselked\u00e9ster\u00e1pia (CBT) hat\u00e9konyak lehetnek a depresszi\u00f3 \u00e9s a szorong\u00e1s kezel\u00e9s\u00e9ben, alternat\u00edv\u00e1t k\u00edn\u00e1lva azok sz\u00e1m\u00e1ra, akik esetleg rosszul toler\u00e1lj\u00e1k az SSRI-ket. Az \u00e1tfog\u00f3 kezel\u00e9si terv gyakran mag\u00e1ban foglalja a gy\u00f3gyszeres kezel\u00e9s \u00e9s a ter\u00e1pia kombin\u00e1ci\u00f3j\u00e1t, amely az egy\u00e9n speci\u00e1lis eg\u00e9szs\u00e9g\u00fcgyi sz\u00fcks\u00e9gleteihez \u00e9s k\u00f6r\u00fclm\u00e9nyeihez igazodik.<\/p>\n<h2>Konzult\u00e1ci\u00f3 eg\u00e9szs\u00e9g\u00fcgyi szolg\u00e1ltat\u00f3kkal a Prozacr\u00f3l \u00e9s a Kidney Healthr\u0151l<\/h2>\n<p>Az eg\u00e9szs\u00e9g\u00fcgyi szolg\u00e1ltat\u00f3kkal val\u00f3 konzult\u00e1ci\u00f3 kulcsfontoss\u00e1g\u00fa a veseprobl\u00e9m\u00e1kkal k\u00fczd\u0151 betegek sz\u00e1m\u00e1ra, figyelembe v\u00e9ve a Prozac-ot. Az alapos anamn\u00e9zis \u00e9s a jelenlegi vesefunkci\u00f3 felm\u00e9r\u00e9se seg\u00edt meghat\u00e1rozni a fluoxetin fel\u00edr\u00e1s\u00e1nak megfelel\u0151s\u00e9g\u00e9t. Az eg\u00e9szs\u00e9g\u00fcgyi szolg\u00e1ltat\u00f3k \u00e9rt\u00e9kes betekint\u00e9st ny\u00fajthatnak a lehets\u00e9ges kock\u00e1zatokba \u00e9s az alternat\u00edv kezel\u00e9sekbe, biztos\u00edtva a t\u00e1j\u00e9kozott d\u00f6nt\u00e9shozatalt.<\/p>\n<p>A betegeket arra kell \u00f6szt\u00f6n\u00f6zni, hogy vitass\u00e1k meg eg\u00e9szs\u00e9g\u00fck minden aspektus\u00e1t, bele\u00e9rtve az \u00e1ltaluk szedett, v\u00e9ny n\u00e9lk\u00fcl kaphat\u00f3 gy\u00f3gyszereket vagy \u00e9trend-kieg\u00e9sz\u00edt\u0151ket is, mivel ezek szint\u00e9n befoly\u00e1solhatj\u00e1k a vesem\u0171k\u00f6d\u00e9st, \u00e9s k\u00f6lcs\u00f6nhat\u00e1sba l\u00e9phetnek a fel\u00edrt gy\u00f3gyszerekkel. Az eg\u00e9szs\u00e9g\u00fcgyi szakemberekkel folytatott ny\u00edlt kommunik\u00e1ci\u00f3 kulcsfontoss\u00e1g\u00fa a depresszi\u00f3 hat\u00e9kony kezel\u00e9s\u00e9ben, mik\u00f6zben meg\u00f3vja a vese eg\u00e9szs\u00e9g\u00e9t.<\/p>\n<h2>A mell\u00e9khat\u00e1sok t\u00fcneteinek felismer\u00e9se<\/h2>\n<p>A mell\u00e9khat\u00e1sok korai felismer\u00e9se l\u00e9tfontoss\u00e1g\u00fa a Prozac-ot szed\u0151 betegek sz\u00e1m\u00e1ra, k\u00fcl\u00f6n\u00f6sen a vesebetegs\u00e9gben szenved\u0151k sz\u00e1m\u00e1ra. Az olyan t\u00fcnetek, mint a fokozott nyugtalans\u00e1g, zavarts\u00e1g, remeg\u00e9s vagy gyomor-b\u00e9lrendszeri zavarok t\u00falzott gy\u00f3gyszerszintre vagy interakci\u00f3kra utalhatnak. Ezeknek a t\u00fcneteknek azonnali eg\u00e9szs\u00e9g\u00fcgyi szolg\u00e1ltat\u00f3hoz kell fordulniuk.<\/p>\n<p>A betegeket \u00e9s a gondoz\u00f3kat fel kell tan\u00edtani a szerotonin szindr\u00f3ma t\u00fcneteire, amelyek k\u00f6z\u00e9 tartozik az izgatotts\u00e1g, hallucin\u00e1ci\u00f3k, szapora sz\u00edvver\u00e9s \u00e9s v\u00e9rnyom\u00e1sv\u00e1ltoz\u00e1sok. A korai felismer\u00e9s \u00e9s beavatkoz\u00e1s megel\u0151zheti a s\u00falyos sz\u00f6v\u0151dm\u00e9nyeket, \u00e9s biztos\u00edtja, hogy a kezel\u00e9s biztons\u00e1gos \u00e9s hat\u00e9kony maradjon.<\/p>\n<h2>A rendszeres orvosi ellen\u0151rz\u00e9s fontoss\u00e1ga<\/h2>\n<p>A Prozac-ot szed\u0151 veseprobl\u00e9m\u00e1kkal k\u00fczd\u0151 betegek rendszeres orvosi ellen\u0151rz\u00e9se elengedhetetlen. Ezek a l\u00e1togat\u00e1sok lehet\u0151s\u00e9get adnak a gy\u00f3gyszer hat\u00e9konys\u00e1g\u00e1nak felm\u00e9r\u00e9s\u00e9re, a vesem\u0171k\u00f6d\u00e9s monitoroz\u00e1s\u00e1ra \u00e9s a kezel\u00e9si terv sz\u00fcks\u00e9ges m\u00f3dos\u00edt\u00e1s\u00e1ra. A rutinellen\u0151rz\u00e9sek lehet\u0151v\u00e9 teszik a lehets\u00e9ges sz\u00f6v\u0151dm\u00e9nyek vagy mell\u00e9khat\u00e1sok korai felismer\u00e9s\u00e9t is.<\/p>\n<p>Az ilyen proakt\u00edv kezel\u00e9s seg\u00edt fenntartani a k\u00e9nyes egyens\u00falyt a depresszi\u00f3 kezel\u00e9se \u00e9s a vese eg\u00e9szs\u00e9g\u00e9nek meg\u0151rz\u00e9se k\u00f6z\u00f6tt. A betegeknek be kell tartaniuk a tervezett id\u0151pontokat, \u00e9s k\u00f6vetni\u00fck kell eg\u00e9szs\u00e9g\u00fcgyi szolg\u00e1ltat\u00f3juk aj\u00e1nl\u00e1sait \u00e1ltal\u00e1nos eg\u00e9szs\u00e9gi \u00e1llapotuk optimaliz\u00e1l\u00e1sa \u00e9rdek\u00e9ben.<\/p>\n<h2>\u00c9letm\u00f3d-m\u00f3dos\u00edt\u00e1sok a vese eg\u00e9szs\u00e9g\u00e9nek t\u00e1mogat\u00e1s\u00e1ra<\/h2>\n<p>Az orvosi kezel\u00e9s mellett az \u00e9letm\u00f3d-m\u00f3dos\u00edt\u00e1sok jelent\u0151s szerepet j\u00e1tszhatnak a vese eg\u00e9szs\u00e9g\u00e9nek t\u00e1mogat\u00e1s\u00e1ban a Prozac-kezel\u00e9s alatt. Az \u00e9trend megv\u00e1ltoztat\u00e1sa, mint p\u00e9ld\u00e1ul a n\u00e1trium- \u00e9s feh\u00e9rjebevitel cs\u00f6kkent\u00e9se, enyh\u00edtheti a ves\u00e9ket \u00e9r\u0151 stresszt. A hidrat\u00e1lts\u00e1g fenntart\u00e1sa \u00e9s a nefrotoxikus anyagok, p\u00e9ld\u00e1ul a nem szteroid gyullad\u00e1scs\u00f6kkent\u0151k (NSAID) elker\u00fcl\u00e9se szint\u00e9n el\u0151ny\u00f6s lehet.<\/p>\n<p>A rendszeres fizikai aktivit\u00e1s, az eg\u00e9szs\u00e9ges tests\u00faly meg\u0151rz\u00e9se, valamint a v\u00e9rnyom\u00e1s \u00e9s a v\u00e9rcukorszint szab\u00e1lyoz\u00e1sa kulcsfontoss\u00e1g\u00fa a vese \u00e1ltal\u00e1nos eg\u00e9szs\u00e9ge szempontj\u00e1b\u00f3l. Ezen \u00e9letm\u00f3dbeli v\u00e1ltoztat\u00e1sok integr\u00e1l\u00e1s\u00e1val a betegek jav\u00edthatj\u00e1k vesem\u0171k\u00f6d\u00e9s\u00fcket \u00e9s jav\u00edthatj\u00e1k az antidepressz\u00e1ns kezel\u00e9sre adott v\u00e1laszukat.<\/p>\n<h2>A depresszi\u00f3 kezel\u00e9se egyidej\u0171leg fenn\u00e1ll\u00f3 vesebetegs\u00e9gekkel<\/h2>\n<p>Az egyidej\u0171leg fenn\u00e1ll\u00f3 vesebetegs\u00e9gben szenved\u0151 betegek depresszi\u00f3j\u00e1nak kezel\u00e9se sokoldal\u00fa megk\u00f6zel\u00edt\u00e9st ig\u00e9nyel. Gyakran mag\u00e1ban foglalja az egy\u00e9n eg\u00e9szs\u00e9gi \u00e1llapot\u00e1hoz igaz\u00edtott farmakol\u00f3giai \u00e9s nem gy\u00f3gyszeres beavatkoz\u00e1sok kombin\u00e1ci\u00f3j\u00e1t. A pszichi\u00e1terek, nefrol\u00f3gusok \u00e9s az alapell\u00e1t\u00e1st ny\u00fajt\u00f3 szolg\u00e1ltat\u00f3k k\u00f6z\u00f6tti egy\u00fcttm\u0171k\u00f6d\u00e9s elengedhetetlen egy \u00e1tfog\u00f3 kezel\u00e9si strat\u00e9gia kidolgoz\u00e1s\u00e1hoz.<\/p>\n<p>A betegeket \u00f6szt\u00f6n\u00f6zni kell, hogy vegyenek r\u00e9szt ter\u00e1pi\u00e1s \u00e9s t\u00e1mogat\u00f3 csoportokban, amelyek tov\u00e1bbi megk\u00fczd\u00e9si mechanizmusokat \u00e9s \u00e9rzelmi t\u00e1mogat\u00e1st ny\u00fajthatnak. Ez a holisztikus megk\u00f6zel\u00edt\u00e9s biztos\u00edtja, hogy mind a ment\u00e1lis, mind a fizikai eg\u00e9szs\u00e9g\u00fcgyi sz\u00fcks\u00e9gletek kiel\u00e9g\u00edt\u00e9sre ker\u00fcljenek, ami jobb eg\u00e9szs\u00e9g\u00fcgyi eredm\u00e9nyekhez \u00e9s jobb \u00e9letmin\u0151s\u00e9ghez vezet.<\/p>\n<h2>Esettanulm\u00e1nyok: Veseprobl\u00e9m\u00e1kkal k\u00fczd\u0151 betegek tapasztalatai a Prozac-on<\/h2>\n<p>Az esettanulm\u00e1nyok \u00e9rt\u00e9kes betekint\u00e9st ny\u00fajtanak a Prozac-ot szed\u0151 veseprobl\u00e9m\u00e1kkal k\u00fczd\u0151 betegek tapasztalataiba. P\u00e9ld\u00e1ul egy k\u00f6zepesen s\u00falyos vesek\u00e1rosod\u00e1sban szenved\u0151 beteg sikeresen kezelte a depresszi\u00f3t cs\u00f6kkentett d\u00f3zis\u00fa fluoxetinnel, rendszeres monitoroz\u00e1ssal \u00e9s \u00e9letm\u00f3d-m\u00f3dos\u00edt\u00e1ssal kombin\u00e1lva. Ez az eset r\u00e1vil\u00e1g\u00edt a szem\u00e9lyre szabott kezel\u00e9si tervek fontoss\u00e1g\u00e1ra.<\/p>\n<p>Egy m\u00e1sik eset olyan beteget \u00e9rintett, aki a polipharmacia miatt nemk\u00edv\u00e1natos interakci\u00f3kat tapasztalt. A gondos gy\u00f3gyszerkezel\u00e9s \u00e9s az interdiszciplin\u00e1ris egy\u00fcttm\u0171k\u00f6d\u00e9s r\u00e9v\u00e9n a p\u00e1ciens stabil ment\u00e1lis eg\u00e9szs\u00e9gi \u00e1llapotot tudott el\u00e9rni a vesefunkci\u00f3 vesz\u00e9lyeztet\u00e9se n\u00e9lk\u00fcl. Ezek a t\u00f6rt\u00e9netek r\u00e1vil\u00e1g\u00edtanak a szem\u00e9lyre szabott megk\u00f6zel\u00edt\u00e9sek \u00e9s az \u00e9ber monitoroz\u00e1s sz\u00fcks\u00e9gess\u00e9g\u00e9re a hasonl\u00f3 betegpopul\u00e1ci\u00f3kban.<\/p>\n<h2>Leg\u00fajabb kutat\u00e1sok az antidepressz\u00e1nsokr\u00f3l \u00e9s a vese eg\u00e9szs\u00e9g\u00e9r\u0151l<\/h2>\n<p>A leg\u00fajabb kutat\u00e1sok tov\u00e1bbra is az antidepressz\u00e1nsok \u00e9s a vese eg\u00e9szs\u00e9g\u00e9nek kapcsolat\u00e1t vizsg\u00e1lj\u00e1k. Tanulm\u00e1nyok vizsg\u00e1lj\u00e1k az SSRI-k hossz\u00fa t\u00e1v\u00fa hat\u00e1sait a vesem\u0171k\u00f6d\u00e9sre \u00e9s a k\u00fcl\u00f6nb\u00f6z\u0151 metabolikus profillal rendelkez\u0151 \u00fajabb antidepressz\u00e1nsok lehets\u00e9ges el\u0151nyeit. A kutat\u00f3k olyan genetikai t\u00e9nyez\u0151ket is vizsg\u00e1lnak, amelyek befoly\u00e1solhatj\u00e1k az ezekre a gy\u00f3gyszerekre adott egy\u00e9ni reakci\u00f3kat.<\/p>\n<p>Az ilyen kutat\u00e1sok c\u00e9lja, hogy jav\u00edts\u00e1k a vesebetegs\u00e9gben szenved\u0151 betegek antidepressz\u00e1nsok fel\u00edr\u00e1s\u00e1nak klinikai gyakorlat\u00e1nak meg\u00e9rt\u00e9s\u00e9t \u00e9s ir\u00e1ny\u00edt\u00e1s\u00e1t. Amint \u00faj eredm\u00e9nyek sz\u00fcletnek, lehet\u0151s\u00e9g\u00fck ny\u00edlik a kezel\u00e9si protokollok finom\u00edt\u00e1s\u00e1ra, valamint a betegek biztons\u00e1g\u00e1nak \u00e9s az ell\u00e1t\u00e1s hat\u00e9konys\u00e1g\u00e1nak fokoz\u00e1s\u00e1ra.<\/p>\n<h2>T\u00e1mogat\u00e1si forr\u00e1sok vesebetegs\u00e9gben szenved\u0151 betegek sz\u00e1m\u00e1ra<\/h2>\n<p>A t\u00e1mogat\u00e1si forr\u00e1sok felbecs\u00fclhetetlen \u00e9rt\u00e9k\u0171ek a depresszi\u00f3 kezel\u00e9s\u00e9re vesebetegs\u00e9gben szenved\u0151 betegek sz\u00e1m\u00e1ra. Az olyan szervezetek, mint a National Kidney Foundation oktat\u00e1si anyagokat, t\u00e1mogat\u00f3 csoportokat \u00e9s \u00e9rdekk\u00e9pviseleti szolg\u00e1ltat\u00e1sokat k\u00edn\u00e1lnak. Ezek az er\u0151forr\u00e1sok k\u00e9pess\u00e9 tehetik a betegeket az\u00e1ltal, hogy t\u00e1j\u00e9koztat\u00e1st ny\u00fajtanak, \u00e9s \u00f6sszekapcsolj\u00e1k \u0151ket m\u00e1sokkal, akik hasonl\u00f3 kih\u00edv\u00e1sokkal n\u00e9znek szembe.<\/p>\n<p>Az online k\u00f6z\u00f6ss\u00e9gek \u00e9s f\u00f3rumok platformot is k\u00edn\u00e1lnak a tapasztalatok \u00e9s tan\u00e1csok megoszt\u00e1s\u00e1ra. A betegeket arra \u00f6szt\u00f6nzik, hogy haszn\u00e1lj\u00e1k fel ezeket az er\u0151forr\u00e1sokat egy t\u00e1mogat\u00f3 h\u00e1l\u00f3zat ki\u00e9p\u00edt\u00e9s\u00e9re, amely kulcsfontoss\u00e1g\u00fa lehet a kr\u00f3nikus vesebetegs\u00e9g kezel\u00e9s\u00e9nek bonyolults\u00e1gaiban a ment\u00e1lis eg\u00e9szs\u00e9g\u00fcgyi probl\u00e9m\u00e1k mellett.<\/p>\n<h2>J\u00f6v\u0151beli ir\u00e1nyok a depresszi\u00f3 \u00e9s a vesebetegs\u00e9g kezel\u00e9s\u00e9ben<\/h2>\n<p>A vesebetegs\u00e9gben szenved\u0151 betegek depresszi\u00f3 kezel\u00e9s\u00e9nek j\u00f6v\u0151je a szem\u00e9lyre szabott orvosl\u00e1sban \u00e9s az integr\u00e1lt ell\u00e1t\u00e1si megk\u00f6zel\u00edt\u00e9sekben rejlik. A farmakogenomika fejl\u0151d\u00e9se az egy\u00e9ni genetikai profilok alapj\u00e1n szem\u00e9lyre szabottabb gy\u00f3gyszerv\u00e1laszt\u00e1shoz vezethet, ami potenci\u00e1lisan cs\u00f6kkenti a mell\u00e9khat\u00e1sok kock\u00e1zat\u00e1t \u00e9s jav\u00edtja a kezel\u00e9si eredm\u00e9nyeket.<\/p>\n<p>Ezen t\u00falmen\u0151en a nem gy\u00f3gyszeres ter\u00e1pi\u00e1k \u2013 p\u00e9ld\u00e1ul a digit\u00e1lis ment\u00e1lis eg\u00e9szs\u00e9g\u00fcgyi beavatkoz\u00e1sok \u00e9s a t\u00e1vorvosl\u00e1s \u2013 folyamatos fejleszt\u00e9sei az ell\u00e1t\u00e1shoz val\u00f3 hozz\u00e1f\u00e9r\u00e9s jav\u00edt\u00e1s\u00e1t \u00e9s a kezel\u00e9si tervek betart\u00e1s\u00e1t \u00edg\u00e9rik. A kutat\u00e1s el\u0151rehaladt\u00e1val ezek az \u00faj\u00edt\u00e1sok lehet\u0151s\u00e9get adnak arra, hogy \u00e1talak\u00edts\u00e1k a depresszi\u00f3ban \u00e9s vesebetegs\u00e9gben szenved\u0151 betegek ell\u00e1t\u00e1s\u00e1nak k\u00f6rnyezet\u00e9t.<\/p>\n","protected":false},"excerpt":{"rendered":"<p>Prozac Generic veseprobl\u00e9m\u00e1kkal: \u00fatmutat\u00e1s Ez a cikk a Prozac, annak \u00e1ltal\u00e1nos form\u00e1i \u00e9s a vese eg\u00e9szs\u00e9ge k\u00f6z\u00f6tti k\u00f6lcs\u00f6nhat\u00e1st vizsg\u00e1lja, \u00fatmutat\u00e1st ny\u00fajtva vesek\u00e1rosod\u00e1sban szenved\u0151 betegek sz\u00e1m\u00e1ra. A Prozac \u00e9s \u00e1ltal\u00e1nos v\u00e1ltozatainak meg\u00e9rt\u00e9se A Prozac, \u00e1ltal\u00e1nos nev\u00e9n fluoxetin, egy sz\u00e9les k\u00f6rben fel\u00edrt szelekt\u00edv szerotonin-\u00fajrafelv\u00e9tel-g\u00e1tl\u00f3 (SSRI), amelyet depresszi\u00f3, szorong\u00e1s \u00e9s m\u00e1s ment\u00e1lis betegs\u00e9gek kezel\u00e9s\u00e9re haszn\u00e1lnak. \u00dagy m\u0171k\u00f6dik, hogy [&hellip;]<\/p>\n","protected":false},"author":1,"featured_media":0,"parent":0,"menu_order":0,"comment_status":"closed","ping_status":"closed","template":"","meta":{"footnotes":""},"class_list":["post-21170","page","type-page","status-publish","hentry"],"_links":{"self":[{"href":"https:\/\/mahous.com\/index.php\/wp-json\/wp\/v2\/pages\/21170","targetHints":{"allow":["GET"]}}],"collection":[{"href":"https:\/\/mahous.com\/index.php\/wp-json\/wp\/v2\/pages"}],"about":[{"href":"https:\/\/mahous.com\/index.php\/wp-json\/wp\/v2\/types\/page"}],"author":[{"embeddable":true,"href":"https:\/\/mahous.com\/index.php\/wp-json\/wp\/v2\/users\/1"}],"replies":[{"embeddable":true,"href":"https:\/\/mahous.com\/index.php\/wp-json\/wp\/v2\/comments?post=21170"}],"version-history":[{"count":1,"href":"https:\/\/mahous.com\/index.php\/wp-json\/wp\/v2\/pages\/21170\/revisions"}],"predecessor-version":[{"id":21171,"href":"https:\/\/mahous.com\/index.php\/wp-json\/wp\/v2\/pages\/21170\/revisions\/21171"}],"wp:attachment":[{"href":"https:\/\/mahous.com\/index.php\/wp-json\/wp\/v2\/media?parent=21170"}],"curies":[{"name":"wp","href":"https:\/\/api.w.org\/{rel}","templated":true}]}}