{"id":21175,"date":"2026-03-25T03:10:23","date_gmt":"2026-03-25T02:10:23","guid":{"rendered":"https:\/\/mahous.com\/?page_id=21175"},"modified":"2026-03-25T03:10:23","modified_gmt":"2026-03-25T02:10:23","slug":"zrozumienie-aralen-generic-przeglad","status":"publish","type":"page","link":"https:\/\/mahous.com\/index.php\/zrozumienie-aralen-generic-przeglad\/","title":{"rendered":"Zrozumienie Aralen Generic: przegl\u0105d"},"content":{"rendered":"<h1>Mity i fakty na temat Aralen Generic<\/h1>\n<p>Aralen Generic, powszechnie stosowany lek, jest otoczony licznymi mitami i b\u0142\u0119dnymi przekonaniami, kt\u00f3re cz\u0119sto przy\u0107miewaj\u0105 jego udowodnione fakty i zastosowania.<\/p>\n<h2>Zrozumienie Aralen Generic: przegl\u0105d<\/h2>\n<p>Aralen Generic to lek stosowany g\u0142\u00f3wnie w zapobieganiu i leczeniu malarii. Jest to ta\u0144sza alternatywa dla markowego leku Aralen, znanego r\u00f3wnie\u017c pod nazw\u0105 fosforan chlorochiny. Malaria, zagra\u017caj\u0105ca \u017cyciu choroba wywo\u0142ywana przez paso\u017cyty przenoszone przez uk\u0105szenia zaka\u017conych komar\u00f3w, pozostaje powa\u017cnym problemem zdrowotnym w wielu cz\u0119\u015bciach \u015bwiata. Aralen Generic odgrywa kluczow\u0105 rol\u0119 w zwalczaniu tej choroby, zw\u0142aszcza w regionach, gdzie malaria jest chorob\u0105 endemiczn\u0105.<\/p>\n<p>Opr\u00f3cz w\u0142a\u015bciwo\u015bci przeciwmalarycznych lek Aralen Generic jest czasami przepisywany w leczeniu innych schorze\u0144, w tym niekt\u00f3rych chor\u00f3b autoimmunologicznych. Jako lek generyczny oferuje te same korzy\u015bci terapeutyczne co wersja markowa, ale po ni\u017cszej cenie, dzi\u0119ki czemu jest dost\u0119pny dla szerszej populacji. Zrozumienie jego zastosowa\u0144 i ogranicze\u0144 jest niezb\u0119dne zar\u00f3wno dla \u015bwiadczeniodawc\u00f3w, jak i pacjent\u00f3w.<\/p>\n<h2>Historia i rozw\u00f3j Aralen Generic<\/h2>\n<p>Rozw\u00f3j Aralen Generic si\u0119ga odkrycia chlorochiny w po\u0142owie XX wieku. Pierwotnie pochodz\u0105ca z chininy, alkaloidu wyst\u0119puj\u0105cego w korze drzewa chinowego, chlorochina stanowi\u0142a znacz\u0105cy post\u0119p w walce z malari\u0105. Markowa wersja Aralen zosta\u0142a wprowadzona w latach czterdziestych XX wieku i szybko sta\u0142a si\u0119 podstaw\u0105 leczenia malarii ze wzgl\u0119du na jej skuteczno\u015b\u0107 i stosunkowo niski profil skutk\u00f3w ubocznych.<\/p>\n<p>Po wyga\u015bni\u0119ciu ochrony patentowej dost\u0119pne sta\u0142y si\u0119 generyczne wersje chlorochiny, takie jak Aralen Generic, co umo\u017cliwi\u0142o szersze zastosowanie. Dost\u0119pno\u015b\u0107 postaci generycznej odegra\u0142a kluczow\u0105 rol\u0119 w globalnych inicjatywach zdrowotnych maj\u0105cych na celu kontrolowanie i zwalczanie malarii, szczeg\u00f3lnie w obszarach o niskich zasobach, gdzie bud\u017cety na opiek\u0119 zdrowotn\u0105 s\u0105 napi\u0119te.<\/p>\n<h2>Powszechne mity na temat Aralen Generic<\/h2>\n<p>Pomimo d\u0142ugiej historii stosowania Aralen Generic cz\u0119sto jest przedmiotem r\u00f3\u017cnych mit\u00f3w i nieporozumie\u0144. Jednym z powszechnych mit\u00f3w jest to, \u017ce leki generyczne s\u0105 z natury mniej skuteczne ni\u017c ich markowe odpowiedniki. To b\u0142\u0119dne przekonanie mo\u017ce prowadzi\u0107 do waha\u0144 lub odmowy stosowania lek\u00f3w generycznych, pomimo dowod\u00f3w wskazuj\u0105cych, \u017ce leki generyczne musz\u0105 spe\u0142nia\u0107 te same rygorystyczne standardy regulacyjne, co leki markowe.<\/p>\n<p>Innym rozpowszechnionym mitem jest to, \u017ce Aralen Generic jest lekarstwem na ka\u017cdy rodzaj gor\u0105czki lub objaw\u00f3w grypopodobnych. To nieporozumienie mo\u017ce prowadzi\u0107 do niew\u0142a\u015bciwego stosowania i potencjalnie szkodliwych praktyk samoleczenia. Nale\u017cy podkre\u015bli\u0107, \u017ce lek Aralen Generic zosta\u0142 opracowany specjalnie przeciwko malarii i powinien by\u0107 stosowany wy\u0142\u0105cznie zgodnie z zaleceniami pracownika s\u0142u\u017cby zdrowia w zatwierdzonych wskazaniach.<\/p>\n<h2>Obalamy b\u0142\u0119dne przekonania na temat Aralen Generic<\/h2>\n<p>Aby rozwia\u0107 te b\u0142\u0119dne przekonania, nale\u017cy wyja\u015bni\u0107, \u017ce leki generyczne, w tym Aralen Generic, zawieraj\u0105 te same sk\u0142adniki aktywne i musz\u0105 wykazywa\u0107 bior\u00f3wnowa\u017cno\u015b\u0107 w stosunku do swoich markowych odpowiednik\u00f3w. Oznacza to, \u017ce s\u0105 tak samo bezpieczne i skuteczne, je\u015bli s\u0105 stosowane zgodnie z zaleceniami.<\/p>\n<p>Co wi\u0119cej, chocia\u017c Aralen Generic mo\u017ce by\u0107 skutecznym lekiem przeciwmalarycznym, nie jest skuteczny przeciwko wszystkim szczepom malarii ani nie jest odpowiedni dla wszystkich pacjent\u00f3w. Przed zaleceniem tego leku pracownicy s\u0142u\u017cby zdrowia musz\u0105 dok\u0142adnie oceni\u0107 szczeg\u00f3ln\u0105 sytuacj\u0119 ka\u017cdego pacjenta. Edukowanie pacjent\u00f3w w zakresie tych niuans\u00f3w jest kluczem do rozwiewania mit\u00f3w i promowania bezpiecznych praktyk lekowych.<\/p>\n<h2>Sprawdzone fakty na temat Aralen Generic<\/h2>\n<p>Aralen Generic jest poparty szeroko zakrojonymi badaniami i pr\u00f3bami klinicznymi, kt\u00f3re potwierdzaj\u0105 jego skuteczno\u015b\u0107 w leczeniu malarii. Dzia\u0142a poprzez zak\u0142\u00f3canie wzrostu paso\u017cyt\u00f3w w czerwonych krwinkach, zatrzymuj\u0105c w ten spos\u00f3b post\u0119p choroby. Ten mechanizm dzia\u0142ania zosta\u0142 dobrze udokumentowany i nadal stanowi podstaw\u0119 jego stosowania w regionach endemicznych malarii.<\/p>\n<p>Ponadto profil bezpiecze\u0144stwa leku Aralen <a href=\"https:\/\/aptekakomfort.com\/aralen-generyczny-cena-online-bez-recepty\">https:\/\/aptekakomfort.com\/aralen-generyczny-cena-online-bez-recepty<\/a> Generic zosta\u0142 ustalony na przestrzeni dziesi\u0119cioleci stosowania. Chocia\u017c mog\u0105 wyst\u0105pi\u0107 dzia\u0142ania niepo\u017c\u0105dane, s\u0105 one na og\u00f3\u0142 mo\u017cliwe do opanowania i przewa\u017caj\u0105 korzy\u015bci wynikaj\u0105ce z zapobiegania i kontrolowania malarii. Nale\u017cy poinformowa\u0107 pacjent\u00f3w o potencjalnych skutkach ubocznych i zaleci\u0107 zwr\u00f3cenie si\u0119 o pomoc lekarsk\u0105 w przypadku wyst\u0105pienia jakichkolwiek dzia\u0142a\u0144 niepo\u017c\u0105danych.<\/p>\n<h2>Aralen Generic: zastosowania i zastosowania<\/h2>\n<p>Opr\u00f3cz swojej podstawowej roli w leczeniu malarii, Aralen Generic jest czasami stosowany poza wskazaniami rejestracyjnymi w leczeniu chor\u00f3b autoimmunologicznych, takich jak reumatoidalne zapalenie staw\u00f3w i tocze\u0144. Jego w\u0142a\u015bciwo\u015bci przeciwzapalne mog\u0105 pom\u00f3c z\u0142agodzi\u0107 objawy w tych schorzeniach, chocia\u017c istotne jest, aby pacjenci byli pod \u015bcis\u0142\u0105 obserwacj\u0105 przez pracownik\u00f3w s\u0142u\u017cby zdrowia.<\/p>\n<p>Wszechstronno\u015b\u0107 leku Aralen Generic obejmuje jego zastosowanie w okre\u015blonych schorzeniach dermatologicznych oraz jako narz\u0119dzie badawcze do badania r\u00f3\u017cnych infekcji paso\u017cytniczych. Jednak w celu zapewnienia bezpiecze\u0144stwa i skuteczno\u015bci jego stosowanie poza leczeniem malarii powinien zawsze kierowa\u0107 lekarz.<\/p>\n<h2>Skutki uboczne i bezpiecze\u0144stwo leku Aralen Generic<\/h2>\n<p>Jak ka\u017cdy lek, Aralen Generic wi\u0105\u017ce si\u0119 z szeregiem potencjalnych skutk\u00f3w ubocznych. Cz\u0119sto zg\u0142aszane dzia\u0142ania niepo\u017c\u0105dane obejmuj\u0105 zaburzenia \u017co\u0142\u0105dkowo-jelitowe, b\u00f3le i zawroty g\u0142owy. Objawy te s\u0105 zazwyczaj \u0142agodne i ust\u0119puj\u0105 po dalszym stosowaniu lub dostosowaniu dawkowania.<\/p>\n<p>W rzadkich przypadkach mog\u0105 wyst\u0105pi\u0107 powa\u017cniejsze dzia\u0142ania niepo\u017c\u0105dane, takie jak uszkodzenie siatk\u00f3wki lub problemy z sercem, szczeg\u00f3lnie w przypadku d\u0142ugotrwa\u0142ego stosowania. Pacjenci przyjmuj\u0105cy lek Aralen Generic powinni regularnie poddawa\u0107 si\u0119 badaniom okulistycznym i zwraca\u0107 uwag\u0119 na wszelkie zmiany w widzeniu. Te \u015brodki ostro\u017cno\u015bci pomagaj\u0105 ograniczy\u0107 ryzyko i zapewni\u0107 ci\u0105g\u0142e bezpiecze\u0144stwo leku.<\/p>\n<h2>Aralen Generic vs. Nazwa marki: r\u00f3\u017cnice i podobie\u0144stwa<\/h2>\n<p>Podstawowa r\u00f3\u017cnica mi\u0119dzy Aralenem Generic a jego markowym odpowiednikiem polega na cenie. Leki generyczne s\u0105 zazwyczaj ta\u0144sze ze wzgl\u0119du na mniejsze wydatki na marketing i rozw\u00f3j. Ta zaleta finansowa czyni je atrakcyjn\u0105 opcj\u0105 zar\u00f3wno dla system\u00f3w opieki zdrowotnej, jak i pacjent\u00f3w.<\/p>\n<p>Pod wzgl\u0119dem skuteczno\u015bci i bezpiecze\u0144stwa nie ma mi\u0119dzy nimi znacz\u0105cej r\u00f3\u017cnicy. Obie formy musz\u0105 spe\u0142nia\u0107 rygorystyczne standardy jako\u015bci okre\u015blone przez organy regulacyjne, zapewniaj\u0105c, \u017ce zapewniaj\u0105 te same korzy\u015bci terapeutyczne. Pacjenci mog\u0105 mie\u0107 pewno\u015b\u0107 co do skuteczno\u015bci lek\u00f3w generycznych, takich jak Aralen Generic, je\u015bli s\u0105 w\u0142a\u015bciwie stosowane.<\/p>\n<h2>Rola leku Aralen Generic w leczeniu malarii<\/h2>\n<p>Aralen Generic pozostaje kamieniem w\u0119gielnym w leczeniu malarii, szczeg\u00f3lnie w regionach, w kt\u00f3rych choroba ta jest powszechna. Jego zdolno\u015b\u0107 do atakowania paso\u017cyta malarii w czerwonych krwinkach skutecznie zak\u0142\u00f3ca cykl infekcji, zmniejszaj\u0105c objawy i zapobiegaj\u0105c powik\u0142aniom. Ma to kluczowe znaczenie na obszarach o ograniczonym dost\u0119pie do plac\u00f3wek opieki zdrowotnej, gdzie terminowe leczenie mo\u017ce zadecydowa\u0107 o \u017cyciu lub \u015bmierci.<\/p>\n<p>Pomimo pojawienia si\u0119 lekoopornych szczep\u00f3w malarii, Aralen Generic w dalszym ci\u0105gu pozostaje cennym narz\u0119dziem w \u015bwiatowych wysi\u0142kach na rzecz zwalczania tej choroby. Trwaj\u0105ce badania i rozw\u00f3j maj\u0105 na celu zwi\u0119kszenie jego skuteczno\u015bci i rozwi\u0105zanie problem\u00f3w zwi\u0105zanych z oporno\u015bci\u0105, zapewniaj\u0105c jego ci\u0105g\u0142e znaczenie w protoko\u0142ach leczenia malarii.<\/p>\n<h2>Aralen generyczny na choroby autoimmunologiczne: mity i fakty<\/h2>\n<p>Chocia\u017c Aralen Generic nie jest lekiem pierwszego rzutu w przypadku chor\u00f3b autoimmunologicznych, mo\u017ce by\u0107 skuteczn\u0105 terapi\u0105 wspomagaj\u0105c\u0105 w przypadku takich schorze\u0144, jak tocze\u0144 i reumatoidalne zapalenie staw\u00f3w. Jego w\u0142a\u015bciwo\u015bci przeciwzapalne mog\u0105 pom\u00f3c w opanowaniu objaw\u00f3w i poprawie jako\u015bci \u017cycia pacjent\u00f3w z tymi chorobami przewlek\u0142ymi.<\/p>\n<p>Jednak mity dotycz\u0105ce jego stosowania w chorobach autoimmunologicznych cz\u0119sto prowadz\u0105 do nierealistycznych oczekiwa\u0144 lub niew\u0142a\u015bciwego stosowania. Nale\u017cy poinformowa\u0107 pacjent\u00f3w, \u017ce chocia\u017c lek Aralen Generic mo\u017ce pom\u00f3c w leczeniu objaw\u00f3w, nie stanowi lekarstwa na te zaburzenia. Nadz\u00f3r medyczny jest niezb\u0119dny do optymalizacji wynik\u00f3w leczenia i zminimalizowania ryzyka.<\/p>\n<h2>Opinie ekspert\u00f3w na temat skuteczno\u015bci leku generycznego Aralen<\/h2>\n<p>Pracownicy s\u0142u\u017cby zdrowia i badacze zasadniczo zgadzaj\u0105 si\u0119 co do skuteczno\u015bci leku Aralen Generic w leczeniu malarii. Jego d\u0142ugotrwa\u0142e stosowanie i szeroko zakrojone badania stanowi\u0105 solidn\u0105 podstaw\u0119 do jego dalszego stosowania w terapii przeciwmalarycznej. Eksperci dostrzegaj\u0105 r\u00f3wnie\u017c jego potencjalne korzy\u015bci w leczeniu niekt\u00f3rych chor\u00f3b autoimmunologicznych, aczkolwiek przy uwa\u017cnym monitorowaniu.<\/p>\n<p>Trwaj\u0105ce badania maj\u0105 na celu zbadanie nowych zastosowa\u0144 i udoskonalenie istniej\u0105cych protoko\u0142\u00f3w leczenia, zapewniaj\u0105c, \u017ce Aralen Generic pozostanie realn\u0105 opcj\u0105 w zmieniaj\u0105cym si\u0119 krajobrazie leczenia. Konsensus ekspert\u00f3w popiera jego stosowanie w ramach ustalonych wytycznych, podkre\u015blaj\u0105c jego znaczenie zar\u00f3wno w obecnym, jak i przysz\u0142ym kontek\u015bcie opieki zdrowotnej.<\/p>\n<h2>Aralen Generic w kontek\u015bcie wsp\u00f3\u0142czesnej medycyny<\/h2>\n<p>W kontek\u015bcie wsp\u00f3\u0142czesnej medycyny Aralen Generic jest przyk\u0142adem r\u00f3wnowagi pomi\u0119dzy op\u0142acalno\u015bci\u0105 leczenia a skuteczno\u015bci\u0105 terapeutyczn\u0105. Jej rola zar\u00f3wno w zapobieganiu malarii, jak i jej leczeniu podkre\u015bla jej znaczenie w globalnych strategiach zdrowotnych, szczeg\u00f3lnie w obszarach o ograniczonych zasobach.<\/p>\n<p>Poniewa\u017c systemy opieki zdrowotnej stoj\u0105 w obliczu rosn\u0105cej presji zapewnienia skutecznego leczenia przy jednoczesnym zarz\u0105dzaniu kosztami, praktyczne rozwi\u0105zanie stanowi\u0105 leki generyczne, takie jak Aralen Generic. Ich przyst\u0119pno\u015b\u0107 cenowa i ustalone profile bezpiecze\u0144stwa czyni\u0105 je integralnym elementem zr\u00f3wnowa\u017conego \u015bwiadczenia opieki zdrowotnej.<\/p>\n<h2>Do\u015bwiadczenia pacjent\u00f3w: historie i referencje<\/h2>\n<p>Referencje pacjent\u00f3w cz\u0119sto podkre\u015blaj\u0105 pozytywny wp\u0142yw leku Aralen Generic na ich wyniki zdrowotne, szczeg\u00f3lnie w regionach endemicznych malarii. Wielu pacjent\u00f3w zg\u0142asza znaczn\u0105 redukcj\u0119 objaw\u00f3w i szybki powr\u00f3t do zdrowia po zastosowaniu leku zgodnie z zaleceniami.<\/p>\n<p>Jednak\u017ce niekt\u00f3rzy pacjenci do\u015bwiadczaj\u0105 wyzwa\u0144, takich jak skutki uboczne lub trudno\u015bci w dost\u0119pie do leku. Historie te podkre\u015blaj\u0105 znaczenie edukacji pacjent\u00f3w i wsparcia w zapewnieniu bezpiecznego i skutecznego stosowania leku Aralen Generic. Dzielenie si\u0119 do\u015bwiadczeniami mo\u017ce r\u00f3wnie\u017c pom\u00f3c w lepszym zrozumieniu roli leku w r\u00f3\u017cnych warunkach leczenia.<\/p>\n<h2>Jak rozpozna\u0107 autentyczne leki generyczne Aralen<\/h2>\n<p>Zapewnienie autentyczno\u015bci leku Aralen Generic ma kluczowe znaczenie dla jego skuteczno\u015bci i bezpiecze\u0144stwa. Pacjenci i pracownicy s\u0142u\u017cby zdrowia powinni zachowa\u0107 czujno\u015b\u0107 podczas sprawdzania \u017ar\u00f3d\u0142a i jako\u015bci leku. Wi\u0105\u017ce si\u0119 to z zakupem w renomowanych aptekach i sprawdzeniem prawid\u0142owego oznakowania, w tym danych producenta i dat wa\u017cno\u015bci.<\/p>\n<p>Podrabiane leki stanowi\u0105 powa\u017cne ryzyko dla bezpiecze\u0144stwa pacjent\u00f3w, a wysi\u0142ki maj\u0105ce na celu zwalczanie tego problemu obejmuj\u0105 zaostrzenie przepis\u00f3w i popraw\u0119 przejrzysto\u015bci \u0142a\u0144cucha dostaw. Nale\u017cy zaleci\u0107 pacjentom, aby w przypadku jakichkolwiek w\u0105tpliwo\u015bci co do autentyczno\u015bci stosowanego przez nich leku skonsultowali si\u0119 z pracownikami s\u0142u\u017cby zdrowia, co umo\u017cliwi im skuteczne leczenie.<\/p>\n<h2>Przysz\u0142e perspektywy wykorzystania i bada\u0144 lek\u00f3w generycznych Aralen<\/h2>\n<p>Przysz\u0142o\u015b\u0107 Aralen Generic le\u017cy w ci\u0105g\u0142ych badaniach maj\u0105cych na celu zwi\u0119kszenie jego skuteczno\u015bci i poszerzenie jego zastosowa\u0144. Naukowcy badaj\u0105 nowe formu\u0142y i kombinacje, aby pokona\u0107 oporno\u015b\u0107 i poprawi\u0107 wyniki pacjent\u00f3w. Wysi\u0142ki te maj\u0105 kluczowe znaczenie dla utrzymania znaczenia leku Aralen Generic w obliczu zmieniaj\u0105cych si\u0119 wyzwa\u0144 medycznych.<\/p>\n<p>Co wi\u0119cej, globalne skupienie si\u0119 na zwalczaniu malarii i ulepszaniu metod leczenia chor\u00f3b autoimmunologicznych stwarza dla firmy Aralen Generic szans\u0119 na odegranie kluczowej roli. Ci\u0105g\u0142e inwestycje w badania i rozw\u00f3j sprawi\u0105, \u017ce lek ten pozostanie cennym narz\u0119dziem w walce z chorobami, z korzy\u015bci\u0105 dla milion\u00f3w ludzi na ca\u0142ym \u015bwiecie.<\/p>\n","protected":false},"excerpt":{"rendered":"<p>Mity i fakty na temat Aralen Generic Aralen Generic, powszechnie stosowany lek, jest otoczony licznymi mitami i b\u0142\u0119dnymi przekonaniami, kt\u00f3re cz\u0119sto przy\u0107miewaj\u0105 jego udowodnione fakty i zastosowania. Zrozumienie Aralen Generic: przegl\u0105d Aralen Generic to lek stosowany g\u0142\u00f3wnie w zapobieganiu i leczeniu malarii. Jest to ta\u0144sza alternatywa dla markowego leku Aralen, znanego r\u00f3wnie\u017c pod nazw\u0105 fosforan [&hellip;]<\/p>\n","protected":false},"author":1,"featured_media":0,"parent":0,"menu_order":0,"comment_status":"closed","ping_status":"closed","template":"","meta":{"footnotes":""},"class_list":["post-21175","page","type-page","status-publish","hentry"],"_links":{"self":[{"href":"https:\/\/mahous.com\/index.php\/wp-json\/wp\/v2\/pages\/21175","targetHints":{"allow":["GET"]}}],"collection":[{"href":"https:\/\/mahous.com\/index.php\/wp-json\/wp\/v2\/pages"}],"about":[{"href":"https:\/\/mahous.com\/index.php\/wp-json\/wp\/v2\/types\/page"}],"author":[{"embeddable":true,"href":"https:\/\/mahous.com\/index.php\/wp-json\/wp\/v2\/users\/1"}],"replies":[{"embeddable":true,"href":"https:\/\/mahous.com\/index.php\/wp-json\/wp\/v2\/comments?post=21175"}],"version-history":[{"count":1,"href":"https:\/\/mahous.com\/index.php\/wp-json\/wp\/v2\/pages\/21175\/revisions"}],"predecessor-version":[{"id":21176,"href":"https:\/\/mahous.com\/index.php\/wp-json\/wp\/v2\/pages\/21175\/revisions\/21176"}],"wp:attachment":[{"href":"https:\/\/mahous.com\/index.php\/wp-json\/wp\/v2\/media?parent=21175"}],"curies":[{"name":"wp","href":"https:\/\/api.w.org\/{rel}","templated":true}]}}