{"id":21177,"date":"2026-03-25T03:12:01","date_gmt":"2026-03-25T02:12:01","guid":{"rendered":"https:\/\/mahous.com\/?page_id=21177"},"modified":"2026-03-25T03:12:01","modified_gmt":"2026-03-25T02:12:01","slug":"xenical-genericin-ja-sen-kayton-ymmartaminen","status":"publish","type":"page","link":"https:\/\/mahous.com\/index.php\/xenical-genericin-ja-sen-kayton-ymmartaminen\/","title":{"rendered":"Xenical Genericin ja sen k\u00e4yt\u00f6n ymm\u00e4rt\u00e4minen"},"content":{"rendered":"<h1>Xenical Generic: ohjeet, arvostelut ja l\u00e4\u00e4k\u00e4rin vinkit<\/h1>\n<p>Tutustu Xenical Genericin l\u00e4pikotaisin, mukaan lukien sen k\u00e4ytt\u00f6tarkoitukset, tehokkuus, sivuvaikutukset ja ohjeet optimaalisten tulosten saavuttamiseksi.<\/p>\n<h2>Xenical Genericin ja sen k\u00e4yt\u00f6n ymm\u00e4rt\u00e4minen<\/h2>\n<p>Xenical Generic on farmaseuttinen l\u00e4\u00e4ke, joka on suunniteltu auttamaan painonpudotuksessa henkil\u00f6ill\u00e4, jotka ovat ylipainoisia tai lihavia. Sit\u00e4 m\u00e4\u00e4r\u00e4t\u00e4\u00e4n yleens\u00e4 osana kattavaa painonhallintasuunnitelmaa, joka sis\u00e4lt\u00e4\u00e4 v\u00e4h\u00e4kalorisen ruokavalion ja lis\u00e4\u00e4ntyneen fyysisen aktiivisuuden. L\u00e4\u00e4ke sopii erityisesti aikuisille, joiden painoindeksi (BMI) on 30 tai enemm\u00e4n, tai niille, joiden BMI on 27 tai enemm\u00e4n ja joilla on muita riskitekij\u00f6it\u00e4, kuten diabetes tai verenpainetauti.<\/p>\n<p>Xenical Genericin ensisijainen tavoite on auttaa painonpudotuksessa, mik\u00e4 v\u00e4hent\u00e4\u00e4 liikalihavuuteen liittyvi\u00e4 terveysriskej\u00e4, kuten syd\u00e4nsairauksia, tyypin 2 diabetesta ja tiettyj\u00e4 sy\u00f6pi\u00e4. Auttamalla potilaita saavuttamaan terveellisemm\u00e4n painon, se voi my\u00f6s parantaa liikkuvuutta ja yleist\u00e4 el\u00e4m\u00e4nlaatua.<\/p>\n<h2>Kuinka Xenical Generic toimii kehossa<\/h2>\n<p>Xenical Generic toimii lipaasinest\u00e4j\u00e4n\u00e4. Se toimii est\u00e4m\u00e4ll\u00e4 ravinnon rasvojen imeytymist\u00e4 suolistossa. Ruoan yhteydess\u00e4 otettuna se kiinnittyy ruoansulatuskanavan entsyymeihin ja est\u00e4\u00e4 niit\u00e4 hajottamasta noin 30 % kulutetusta rasvasta. Seurauksena on, ett\u00e4 n\u00e4m\u00e4 rasvat erittyv\u00e4t kehosta varastoitumisen sijaan.<\/p>\n<p>T\u00e4m\u00e4 mekanismi tekee Xenical Genericist\u00e4 tehokkaan v\u00e4hent\u00e4m\u00e4\u00e4n rasvan kalorien saantia, mik\u00e4 voi ajan my\u00f6t\u00e4 edist\u00e4\u00e4 painonpudotusta. On t\u00e4rke\u00e4\u00e4 huomata, ett\u00e4 l\u00e4\u00e4ke ei tukahduta ruokahalua tai vaikuta muihin aineenvaihduntaprosesseihin. Sen tehokkuus riippuu merkitt\u00e4v\u00e4sti siit\u00e4, kuinka k\u00e4ytt\u00e4j\u00e4 noudattaa ruokavaliomuutoksia ja lis\u00e4\u00e4 fyysist\u00e4 aktiivisuutta.<\/p>\n<h2>Xenical Genericin annostusohjeet<\/h2>\n<p>Xenical Genericin vakioannos on yksi 120 mg:n kapseli jokaisen rasvaa sis\u00e4lt\u00e4v\u00e4n p\u00e4\u00e4aterian yhteydess\u00e4 enint\u00e4\u00e4n kolme kertaa p\u00e4iv\u00e4ss\u00e4. On eritt\u00e4in t\u00e4rke\u00e4\u00e4 ottaa kapseli aterian aikana tai tunnin kuluessa ruokailusta. Annoksen v\u00e4liin j\u00e4tt\u00e4minen on suositeltavaa, jos ateria j\u00e4\u00e4 v\u00e4liin tai se ei sis\u00e4ll\u00e4 rasvaa, koska l\u00e4\u00e4kkeest\u00e4 ei todenn\u00e4k\u00f6isesti ole hy\u00f6ty\u00e4 t\u00e4llaisissa tapauksissa.<\/p>\n<p>Potilaita kehotetaan yll\u00e4pit\u00e4m\u00e4\u00e4n ravitsemuksellisesti tasapainoista, v\u00e4h\u00e4kalorista ruokavaliota, joka saa noin 30 % kaloreista rasvasta. P\u00e4ivitt\u00e4isen rasvan, hiilihydraattien ja proteiinin saannin jakaminen tasaisesti kolmelle p\u00e4\u00e4aterialle auttaa maksimoimaan l\u00e4\u00e4kkeen tehokkuuden. Kysy aina terveydenhuollon tarjoajalta henkil\u00f6kohtaisia \u200b\u200bannosohjeita.<\/p>\n<h2>Mit\u00e4 odottaa, kun otat Xenical Generic -valmistetta<\/h2>\n<p>Kun Xenical Generic -hoitoa aloitetaan, k\u00e4ytt\u00e4j\u00e4t voivat huomata muutoksia suolistotottumuksissaan, kuten tihentynytt\u00e4 ulostetta tai pehme\u00e4mp\u00e4\u00e4 ulostetta. T\u00e4m\u00e4 on normaali reaktio, kun keho tottuu l\u00e4\u00e4kkeeseen. Ajan my\u00f6t\u00e4 n\u00e4m\u00e4 sivuvaikutukset voivat v\u00e4henty\u00e4, kun ruokailutottumukset paranevat ja keho tottuu l\u00e4\u00e4kkeeseen.<\/p>\n<p>Painonpudotus on tyypillisesti asteittaista, ja k\u00e4ytt\u00e4j\u00e4t kokevat usein painon laskua kahden ensimm\u00e4isen viikon aikana. Jatkuva k\u00e4ytt\u00f6 yhdess\u00e4 el\u00e4m\u00e4ntapamuutosten kanssa voi johtaa jatkuvaan painonpudotukseen useiden kuukausien ajan. Yksitt\u00e4iset tulokset voivat kuitenkin vaihdella m\u00e4\u00e4r\u00e4ttyjen ruokavalio- ja liikuntasuositusten noudattamisen mukaan.<\/p>\n<h2>Xenical Genericin mahdolliset sivuvaikutukset<\/h2>\n<p>Kuten mik\u00e4 tahansa l\u00e4\u00e4ke, Xenical Generic voi aiheuttaa haittavaikutuksia, vaikka kaikki eiv\u00e4t niit\u00e4 kokekaan. Yleisesti raportoituja sivuvaikutuksia ovat ruoansulatuskanavan ongelmat, kuten \u00f6ljyiset ulosteet, ilmavaivat ja ulosteen kiireellisyys. N\u00e4m\u00e4 vaikutukset ovat yleens\u00e4 lievi\u00e4 ja johtuvat imeytym\u00e4tt\u00f6m\u00e4n rasvan erittymisest\u00e4.<\/p>\n<p>Harvinaisissa tapauksissa k\u00e4ytt\u00e4j\u00e4t voivat kokea <a href=\"https:\/\/turvaapteekki.com\/tilaus-xenical-generic-verkossa-ilman-reseptia\">Xenical Generic 120mg Hinta<\/a> vakavampia reaktioita, kuten maksavaurioita, jotka vaativat v\u00e4lit\u00f6nt\u00e4 l\u00e4\u00e4k\u00e4rinhoitoa. Maksaongelmien merkkej\u00e4 ovat ihon tai silmien kellastuminen, tumma virtsa tai jatkuva pahoinvointi. On t\u00e4rke\u00e4\u00e4 ilmoittaa ep\u00e4tavallisista oireista v\u00e4litt\u00f6m\u00e4sti terveydenhuollon tarjoajalle.<\/p>\n<h2>Xenical Generic -tuotemerkkivaihtoehtojen vertailu<\/h2>\n<p>Xenical Generic on biologisesti samanarvoinen tuotemerkkil\u00e4\u00e4kkeen Xenicalin (Orlistat) kanssa, mik\u00e4 tarkoittaa, ett\u00e4 se sis\u00e4lt\u00e4\u00e4 saman vaikuttavan aineen ja toimii samalla tavalla elimist\u00f6ss\u00e4. Ensisijainen ero on hinnassa, ja yleinen versio on tyypillisesti edullisempi, joten se on monien k\u00e4ytt\u00e4jien suosikki.<\/p>\n<p>Molemmat versiot vaativat reseptin, ja niihin sovelletaan samoja turvallisuutta ja tehokkuutta koskevia standardeja. K\u00e4ytt\u00e4jien tulee neuvotella terveydenhuollon tarjoajansa kanssa selvitt\u00e4\u00e4kseen, sopiiko geneerinen tai tuotenimivaihtoehto parhaiten heid\u00e4n tarpeisiinsa ottaen huomioon tekij\u00e4t, kuten vakuutusturva ja henkil\u00f6kohtainen vastaus l\u00e4\u00e4kkeeseen.<\/p>\n<h2>K\u00e4ytt\u00e4jien arviot ja kokemukset Xenical Genericist\u00e4<\/h2>\n<p>Monet Xenical Genericin k\u00e4ytt\u00e4j\u00e4t ovat raportoineet my\u00f6nteisist\u00e4 kokemuksista, erityisesti painonpudotuksen ja parantuneiden terveysmerkkien osalta. Arvostelut korostavat usein l\u00e4\u00e4kkeiden yhdist\u00e4misen t\u00e4rkeytt\u00e4 el\u00e4m\u00e4ntapojen muutoksiin optimaalisten tulosten saavuttamiseksi. K\u00e4ytt\u00e4j\u00e4t huomaavat yleens\u00e4 lis\u00e4\u00e4ntyneen motivaation noudattaa terveellist\u00e4 ruokavaliota l\u00e4\u00e4kkeen n\u00e4kyvien vaikutusten vuoksi.<\/p>\n<p>Kokemukset voivat kuitenkin vaihdella, ja jotkut k\u00e4ytt\u00e4j\u00e4t ovat raportoineet tyytym\u00e4tt\u00f6myydest\u00e4 ruoansulatuskanavan sivuvaikutuksista tai merkitt\u00e4v\u00e4n painonpudotuksen puutteesta. N\u00e4m\u00e4 katsaukset korostavat realististen odotusten ja l\u00e4heisen yhteydenpidon merkityst\u00e4 terveydenhuollon tarjoajien kanssa, jotta hoitosuunnitelmat voidaan r\u00e4\u00e4t\u00e4l\u00f6id\u00e4 tehokkaasti.<\/p>\n<h2>L\u00e4\u00e4k\u00e4rin vinkkej\u00e4 Xenicalin yleisen tehokkuuden maksimoimiseen<\/h2>\n<p>Terveydenhuollon ammattilaiset korostavat Xenical Genericin integroimisen merkityst\u00e4 laajempaan painonhallintastrategiaan. T\u00e4m\u00e4 sis\u00e4lt\u00e4\u00e4 realististen painonpudotustavoitteiden asettamisen ja kest\u00e4vien el\u00e4m\u00e4ntapamuutosten hyv\u00e4ksymisen. L\u00e4\u00e4k\u00e4rit suosittelevat usein s\u00e4\u00e4nn\u00f6llisi\u00e4 seurantak\u00e4yntej\u00e4 edistymisen seuraamiseksi ja hoidon s\u00e4\u00e4t\u00e4miseksi tarpeen mukaan.<\/p>\n<p>Lis\u00e4ksi nesteytyksen yll\u00e4pit\u00e4minen ja hedelmi\u00e4, vihanneksia ja t\u00e4ysjyv\u00e4viljaa sis\u00e4lt\u00e4v\u00e4n ruokavalion nauttiminen voi auttaa hallitsemaan mahdollisia sivuvaikutuksia ja tukemaan yleist\u00e4 terveytt\u00e4. Potilaita rohkaistaan \u200b\u200bottamaan yhteytt\u00e4 terveydenhuollon tarjoajaan, jos he kohtaavat haasteita tai heill\u00e4 on kysytt\u00e4v\u00e4\u00e4 hoitosuunnitelmastaan.<\/p>\n<h2>Ravitsemussuositukset Xenical Generic -hoidon aikana<\/h2>\n<p>Xenical Genericin tehokkuuden parantamiseksi suositellaan tasapainoista ruokavaliota, jossa on v\u00e4h\u00e4n tyydyttyneit\u00e4 rasvoja ja runsaasti v\u00e4h\u00e4rasvaisia \u200b\u200bproteiineja, t\u00e4ysjyv\u00e4tuotteita ja vihanneksia. T\u00e4m\u00e4 l\u00e4hestymistapa ei vain auta painonpudotuksessa, vaan auttaa my\u00f6s hallitsemaan mahdollisia sivuvaikutuksia, kuten ruoansulatuskanavan ep\u00e4mukavuutta.<\/p>\n<p>On my\u00f6s suositeltavaa ottaa monivitamiinilis\u00e4, joka sis\u00e4lt\u00e4\u00e4 rasvaliukoisia vitamiineja, kuten A-, D-, E- ja K-vitamiineja, koska l\u00e4\u00e4ke voi v\u00e4hent\u00e4\u00e4 niiden imeytymist\u00e4. Lis\u00e4aineen ottaminen v\u00e4hint\u00e4\u00e4n kaksi tuntia ennen tai j\u00e4lkeen l\u00e4\u00e4kityksen voi auttaa yll\u00e4pit\u00e4m\u00e4\u00e4n riitt\u00e4v\u00e4\u00e4 vitamiinitasoa.<\/p>\n<h2>Edistymisen seuranta: Milloin ottaa yhteytt\u00e4 l\u00e4\u00e4k\u00e4riin<\/h2>\n<p>Painon, ruokailutottumusten ja fyysisen aktiivisuuden s\u00e4\u00e4nn\u00f6llinen seuranta on ratkaisevan t\u00e4rke\u00e4\u00e4 Xenical Genericin tehokkuuden arvioimiseksi. Potilaiden tulee pit\u00e4\u00e4 p\u00e4iv\u00e4kirjaa seuratakseen edistymist\u00e4\u00e4n ja tunnistaakseen parannuskohteita.<\/p>\n<p>L\u00e4\u00e4k\u00e4rin konsultointi on v\u00e4ltt\u00e4m\u00e4t\u00f6nt\u00e4, jos painonpudotus on v\u00e4h\u00e4ist\u00e4 tai ei ollenkaan 12 viikon j\u00e4lkeen tai jos sivuvaikutuksista tulee kiusallisia tai vakavia. Terveydenhuollon tarjoaja voi auttaa arvioimaan hoitosuunnitelmaa ja tekem\u00e4\u00e4n tarvittavat muutokset haluttujen tulosten saavuttamiseksi.<\/p>\n<h2>Xenicalin yleisi\u00e4 ja painonhallinnan menestystarinoita<\/h2>\n<p>Useat henkil\u00f6t ovat saavuttaneet merkitt\u00e4v\u00e4n painonpudotuksen Xenical Genericin avulla, ja he ovat usein raportoineet parantuneesta itsetunnosta ja terveydest\u00e4. Menestystarinat koskevat tyypillisesti henkil\u00f6it\u00e4, jotka ovat omaksuneet el\u00e4m\u00e4ntapamuutoksia l\u00e4\u00e4kityksen rinnalla, mik\u00e4 on johtanut kest\u00e4v\u00e4\u00e4n painonpudotukseen ja parantuneeseen el\u00e4m\u00e4nlaatuun.<\/p>\n<p>N\u00e4iden menestystarinoiden jakaminen voi motivoida muita Xenical Generici\u00e4 harkitsevia ja korostaa l\u00e4\u00e4kkeen potentiaalia osana kattavaa painonhallintastrategiaa. Ne my\u00f6s havainnollistavat sinnikkyyden ja el\u00e4m\u00e4ntapojen muutoksiin sitoutumisen merkityst\u00e4.<\/p>\n<h2>Yleisten ongelmien hallinta Xenical Genericill\u00e4<\/h2>\n<p>Yleisi\u00e4 Xenical Genericin k\u00e4ytt\u00e4jien kohtaamia ongelmia ovat sivuvaikutusten hallinta ja motivaation yll\u00e4pit\u00e4minen. Sivuvaikutusten lievent\u00e4miseksi k\u00e4ytt\u00e4ji\u00e4 kehotetaan noudattamaan tiukasti ruokavaliosuosituksia ja v\u00e4ltt\u00e4m\u00e4\u00e4n runsasrasvaisia \u200b\u200baterioita, jotka voivat pahentaa maha-suolikanavan oireita.<\/p>\n<p>Motivaation yll\u00e4pit\u00e4minen voi olla haastavaa, mutta saavutettavissa olevien tavoitteiden asettaminen ja edistymisen seuraaminen voivat auttaa. Terveydenhuollon tarjoajien, yst\u00e4vien ja perheen tuella on my\u00f6s ratkaiseva rooli painonhallintasuunnitelman noudattamisessa.<\/p>\n<h2>Turvallisuusn\u00e4k\u00f6kohdat Xenical Genericin pitk\u00e4aikaisessa k\u00e4yt\u00f6ss\u00e4<\/h2>\n<p>Xenical Genericin pitk\u00e4aikaista k\u00e4ytt\u00f6\u00e4 pidet\u00e4\u00e4n turvallisena useimmille henkil\u00f6ille, kun sit\u00e4 k\u00e4ytet\u00e4\u00e4n ohjeiden mukaisesti ja l\u00e4\u00e4k\u00e4rin valvonnassa. Vitamiinien ja maksan toiminnan jatkuvaa seurantaa suositellaan kuitenkin mahdollisten komplikaatioiden est\u00e4miseksi.<\/p>\n<p>Potilaiden ei tule k\u00e4ytt\u00e4\u00e4 Xenical Generic -valmistetta terveellisten el\u00e4m\u00e4ntapojen korvikkeena. Se on tarkoitettu ruokavalion ja liikunnan lis\u00e4n\u00e4, ja pitk\u00e4n aikav\u00e4lin menestys riippuu merkitt\u00e4v\u00e4sti n\u00e4iden muutosten jatkuvasta noudattamisesta.<\/p>\n<h2>Mist\u00e4 ostaa Xenical Generic -tuotetta turvallisesti<\/h2>\n<p>Xenical Generic -valmistetta voi ostaa lisensoiduista apteekeista voimassa olevalla reseptill\u00e4. On t\u00e4rke\u00e4\u00e4 v\u00e4ltt\u00e4\u00e4 l\u00e4\u00e4kkeiden ostamista vahvistamattomista verkkol\u00e4hteist\u00e4, jotka voivat tarjota v\u00e4\u00e4rennettyj\u00e4 tuotteita, jotka voivat olla tehottomia tai haitallisia.<\/p>\n<p>Terveydenhuollon tarjoajan konsultaatio voi antaa opastusta hyv\u00e4maineisille apteekeille ja varmistaa, ett\u00e4 hankitut l\u00e4\u00e4kkeet ovat aitoja ja turvallisia k\u00e4ytt\u00e4\u00e4. Lis\u00e4ksi jotkin vakuutussuunnitelmat voivat kattaa geneerisen version kustannukset, mik\u00e4 v\u00e4hent\u00e4\u00e4 kustannuksia entisest\u00e4\u00e4n.<\/p>\n<h2>Usein kysytyt kysymykset Xenicalin yleisest\u00e4 k\u00e4yt\u00f6st\u00e4 ja eduista<\/h2>\n<p>Monilla potentiaalisilla k\u00e4ytt\u00e4jill\u00e4 on kysymyksi\u00e4 Xenical Genericist\u00e4 sen tehokkuudesta ja sivuvaikutuksista kustannuksiin ja saatavuuteen. Yleisiin kysymyksiin vastaaminen voi auttaa ihmisi\u00e4 tekem\u00e4\u00e4n perusteltuja p\u00e4\u00e4t\u00f6ksi\u00e4 painonhallintavaihtoehdoistaan.<\/p>\n<p>Usein kysyttyj\u00e4 kysymyksi\u00e4 ovat: Kuinka pian tuloksia voidaan odottaa? Onko ruokavaliorajoituksia? Onko se turvallista pitk\u00e4aikaiseen k\u00e4ytt\u00f6\u00f6n? Selkeiden ja t\u00e4sm\u00e4llisten vastausten antaminen n\u00e4ihin kysymyksiin voi lievitt\u00e4\u00e4 huolenaiheita ja kannustaa noudattamaan m\u00e4\u00e4r\u00e4ttyj\u00e4 hoitosuunnitelmia.<\/p>\n","protected":false},"excerpt":{"rendered":"<p>Xenical Generic: ohjeet, arvostelut ja l\u00e4\u00e4k\u00e4rin vinkit Tutustu Xenical Genericin l\u00e4pikotaisin, mukaan lukien sen k\u00e4ytt\u00f6tarkoitukset, tehokkuus, sivuvaikutukset ja ohjeet optimaalisten tulosten saavuttamiseksi. Xenical Genericin ja sen k\u00e4yt\u00f6n ymm\u00e4rt\u00e4minen Xenical Generic on farmaseuttinen l\u00e4\u00e4ke, joka on suunniteltu auttamaan painonpudotuksessa henkil\u00f6ill\u00e4, jotka ovat ylipainoisia tai lihavia. Sit\u00e4 m\u00e4\u00e4r\u00e4t\u00e4\u00e4n yleens\u00e4 osana kattavaa painonhallintasuunnitelmaa, joka sis\u00e4lt\u00e4\u00e4 v\u00e4h\u00e4kalorisen ruokavalion ja [&hellip;]<\/p>\n","protected":false},"author":1,"featured_media":0,"parent":0,"menu_order":0,"comment_status":"closed","ping_status":"closed","template":"","meta":{"footnotes":""},"class_list":["post-21177","page","type-page","status-publish","hentry"],"_links":{"self":[{"href":"https:\/\/mahous.com\/index.php\/wp-json\/wp\/v2\/pages\/21177","targetHints":{"allow":["GET"]}}],"collection":[{"href":"https:\/\/mahous.com\/index.php\/wp-json\/wp\/v2\/pages"}],"about":[{"href":"https:\/\/mahous.com\/index.php\/wp-json\/wp\/v2\/types\/page"}],"author":[{"embeddable":true,"href":"https:\/\/mahous.com\/index.php\/wp-json\/wp\/v2\/users\/1"}],"replies":[{"embeddable":true,"href":"https:\/\/mahous.com\/index.php\/wp-json\/wp\/v2\/comments?post=21177"}],"version-history":[{"count":1,"href":"https:\/\/mahous.com\/index.php\/wp-json\/wp\/v2\/pages\/21177\/revisions"}],"predecessor-version":[{"id":21178,"href":"https:\/\/mahous.com\/index.php\/wp-json\/wp\/v2\/pages\/21177\/revisions\/21178"}],"wp:attachment":[{"href":"https:\/\/mahous.com\/index.php\/wp-json\/wp\/v2\/media?parent=21177"}],"curies":[{"name":"wp","href":"https:\/\/api.w.org\/{rel}","templated":true}]}}