{"id":21179,"date":"2026-03-25T03:14:56","date_gmt":"2026-03-25T02:14:56","guid":{"rendered":"https:\/\/mahous.com\/?page_id=21179"},"modified":"2026-03-25T03:14:56","modified_gmt":"2026-03-25T02:14:56","slug":"kaj-je-rapamycin-in-kako-deluje","status":"publish","type":"page","link":"https:\/\/mahous.com\/index.php\/kaj-je-rapamycin-in-kako-deluje\/","title":{"rendered":"Kaj je Rapamycin in kako deluje?"},"content":{"rendered":"<h1>Pogosta vpra\u0161anja o rapamicinu: 10 najpogostej\u0161ih vpra\u0161anj z odgovori<\/h1>\n<p>Ta obse\u017ena pogosta vpra\u0161anja raziskujejo klju\u010dne vidike rapamicina, pokrivajo njegove funkcije, uporabo in teko\u010de raziskave, ki obdajajo to fascinantno spojino.<\/p>\n<h2>Kaj je Rapamycin in kako deluje?<\/h2>\n<p>Rapamicin, znan tudi kot sirolimus, je makrolidna spojina, ki so jo prvotno odkrili v prsti Velikono\u010dnega otoka. Prvi\u010d so ga izolirali iz bakterije Streptomyces hygroscopicus. Rapamicin deluje predvsem kot zaviralec mehani\u010dne tar\u010de rapamicina (mTOR), beljakovine, ki ima klju\u010dno vlogo pri uravnavanju celi\u010dne rasti, proliferacije, gibljivosti in pre\u017eivetja. Z zaviranjem mTOR lahko rapamicin u\u010dinkovito modulira celi\u010dne procese, ki so klju\u010dni za imunski odziv in napredovanje celi\u010dnega cikla.<\/p>\n<p>Mehanizem delovanja rapamicina vklju\u010duje vezavo na znotrajceli\u010dno beljakovino, imenovano FKBP-12, ki tvori kompleks, ki zavira kompleks mTOR 1 (mTORC1). Ta inhibicija vodi do zmanj\u0161anja sinteze beljakovin in celi\u010dne proliferacije. Zaradi tega edinstvenega mehanizma je rapamicin klju\u010dno orodje tako pri imunosupresivni terapiji kot tudi kot potencialno sredstvo pri zdravljenju raka, kjer je zna\u010dilnost nenadzorovana rast celic.<\/p>\n<h2>Katere so glavne uporabe zdravila Rapamycin??<\/h2>\n<p>Rapamicin se v medicini pogosto uporablja predvsem kot imunosupresiv. Zaradi njegove zmo\u017enosti zaviranja imunskega sistema je \u0161e posebej uporaben pri prepre\u010devanju zavrnitve organov pri bolnikih, ki jim presadijo ledvice. Z zaviranjem mTOR rapamicin zmanj\u0161a aktivnost celic T in B celic, ki so klju\u010dne komponente imunskega odziva, ki lahko napadejo presajeni organ.<\/p>\n<p>Poleg presaditve se rapamicin raziskuje tudi zaradi njegovega potenciala pri zdravljenju nekaterih vrst raka. Njegov zaviralni u\u010dinek na mTOR lahko pomaga upo\u010dasniti proliferacijo rakavih celic, zaradi \u010desar je kandidat za terapije, ki ciljajo na tumorje, ki ka\u017eejo hiperaktivno signalizacijo mTOR. Poleg tega potekajo raziskave, ki raziskujejo njegove mo\u017ene vloge pri zdravljenju avtoimunskih bolezni in nekaterih genetskih motenj.<\/p>\n<h2>Kako se daje zdravilo Rapamycin?<\/h2>\n<p>Rapamicin se obi\u010dajno daje peroralno v obliki tablet ali peroralne raztopine. Peroralna pot je prednostna zaradi enostavnega dajanja in u\u010dinkovite absorpcije v prebavilih. Odmerjanje in pogostnost dajanja sta prilagojena potrebam posameznika, zlasti kadar se uporablja za imunosupresijo pri bolnikih s presaditvijo, kjer je treba koncentracijo zdravila v krvi skrbno spremljati.<\/p>\n<p>V nekaterih posebnih klini\u010dnih okoljih pride v po\u0161tev intravensko dajanje, \u010deprav je to manj pogosto. Na\u010din dajanja je odvisen od stanja, ki ga zdravimo, bolnikovega splo\u0161nega zdravstvenega stanja in prisotnosti drugih zdravstvenih stanj, ki bi lahko vplivale na absorpcijo ali presnovo zdravila.<\/p>\n<h2>Kak\u0161ni so mo\u017eni ne\u017eeleni u\u010dinki zdravila Rapamycin??<\/h2>\n<p>\u010ceprav je rapamicin u\u010dinkovito terapevtsko sredstvo, ima vrsto mo\u017enih stranskih u\u010dinkov. Ne\u017eeleni u\u010dinki, o katerih pogosto poro\u010dajo, vklju\u010dujejo razjede v ustih, drisko, glavobol in bole\u010dine v sklepih. Nekateri bolniki imajo lahko tudi povi\u0161an holesterol in trigliceride v krvi, kar zahteva redno spremljanje in morebitne prilagoditve prehrane.<\/p>\n<p>Resnej\u0161i ne\u017eeleni u\u010dinki vklju\u010dujejo pove\u010dano dovzetnost <a href=\"https:\/\/hitnadostava.si\/kupiti-rapamicin-na-spletu-brez-recepta\">Kupiti Sirolimus<\/a> za oku\u017ebe zaradi njegovega imunosupresivnega delovanja. Bolniki, ki jemljejo zdravilo Rapamycin, morajo biti pozorni na znake oku\u017ebe in o njih nemudoma obvestiti svojega zdravstvenega delavca. Dolgotrajna uporaba lahko povzro\u010di po\u0161kodbe ledvic, toksi\u010dnost plju\u010d in pove\u010dano tveganje za razvoj nekaterih vrst raka, kar poudarja pomen skrbnega zdravni\u0161kega nadzora med zdravljenjem.<\/p>\n<h2>Ali se lahko Rapamycin uporablja za prepre\u010devanje staranja?<\/h2>\n<p>Potencial rapamicina proti staranju je podro\u010dje, ki je zelo zanimivo in \u0161e poteka. \u0160tudije na \u017eivalskih modelih so pokazale, da lahko rapamicin podalj\u0161a \u017eivljenjsko dobo mi\u0161i, kar ka\u017ee, da lahko zaviranje mTOR igra vlogo pri odlo\u017eitvi pojava s starostjo povezanih bolezni. Te ugotovitve so spro\u017eile radovednost glede mo\u017enosti uporabe rapamicina kot terapije proti staranju pri ljudeh.<\/p>\n<p>Vendar je prevod teh ugotovitev v uporabo pri ljudeh zapleten in ne brez izzivov. Ne\u017eelene u\u010dinke, povezane z dolgotrajnim zaviranjem mTOR, je treba skrbno preu\u010diti in potrebnih je ve\u010d raziskav, da bi v celoti razumeli posledice uporabe rapamicina kot sredstva za spodbujanje dolgo\u017eivosti. Trenutno ni odobrene indikacije za rapamicin v terapiji proti staranju pri ljudeh.<\/p>\n<h2>Kak\u0161no je priporo\u010deno odmerjanje zdravila Rapamycin?<\/h2>\n<p>Odmerjanje zdravila Rapamycin se razlikuje glede na stanje, ki ga zdravimo. Za imunosupresijo pri bolnikih s presajeno ledvico je za\u010detni odmerek obi\u010dajno vi\u0161ji in nato prilagojen na podlagi terapevtskega spremljanja zdravila, da se ohranijo u\u010dinkovite koncentracije v krvi. Ciljna koncentracija v krvi se lahko spreminja, vendar si zdravniki prizadevajo dose\u010di ravnovesje med u\u010dinkovitostjo in zmanj\u0161anjem stranskih u\u010dinkov.<\/p>\n<p>V okviru klini\u010dnih presku\u0161anj, ki raziskujejo njegov potencial v onkologiji ali proti staranju, se lahko odmerki bistveno razlikujejo. Kakr\u0161na koli nenamenska ali poskusna uporaba se sme izvajati le v okviru klini\u010dnega presku\u0161anja pod strogim zdravni\u0161kim nadzorom. Za bolnike je klju\u010dnega pomena, da upo\u0161tevajo priporo\u010dila svojega zdravstvenega delavca glede odmerjanja in ne prilagajajo odmerka brez strokovnega navodila.<\/p>\n<h2>Kako rapamicin medsebojno deluje z drugimi zdravili?<\/h2>\n<p>Rapamicin presnavlja encim citokrom P450 3A4, kar pomeni, da lahko deluje s \u0161tevilnimi drugimi zdravili, ki vplivajo na aktivnost tega encima. Na primer, zdravila, ki zavirajo CYP3A4, kot so nekatera protiglivi\u010dna zdravila in antibiotiki, lahko zvi\u0161ajo raven rapamicina v krvi, kar lahko povzro\u010di toksi\u010dnost.<\/p>\n<p>Nasprotno pa lahko zdravila, ki inducirajo CYP3A4, kot so nekateri antikonvulzivi, zmanj\u0161ajo u\u010dinkovitost rapamicina z zni\u017eanjem njegove koncentracije v krvnem obtoku. Bolniki morajo vedno obvestiti svojega zdravstvenega delavca o vseh zdravilih, ki jih jemljejo, da bi se izognili \u0161kodljivim interakcijam. Redno spremljanje in morebitna prilagoditev odmerka rapamicina bo morda potrebno, \u010de ga jemljete so\u010dasno z drugimi zdravili.<\/p>\n<h2>Ali obstajajo prehranske omejitve med jemanjem zdravila Rapamycin??<\/h2>\n<p>Med zdravljenjem z zdravilom Rapamycin se je priporo\u010dljivo izogibati grenivki in grenivkinemu soku. Grenivka lahko zavira encim CYP3A4, kar povzro\u010di pove\u010dane koncentracije rapamicina v krvnem obtoku in ve\u010dje tveganje za ne\u017eelene u\u010dinke. Bolniki se morajo zavedati tudi mo\u017enega vpliva drugih \u017eivil in dodatkov, ki lahko vplivajo na presnovo zdravil.<\/p>\n<p>Ohranjanje uravnote\u017eene prehrane je pomembno, zlasti glede na mo\u017ene ne\u017eelene u\u010dinke povi\u0161ane ravni holesterola in trigliceridov. Bolnikom lahko koristijo prilagoditve prehrane za uravnavanje ravni lipidov, priporo\u010dljivo pa je tudi redno posvetovanje z zdravstvenim delavcem ali dietetikom, da se zagotovi optimalen prehranski vnos med zdravljenjem z rapamicinom.<\/p>\n<h2>Kak\u0161na je zgodovina in odkritje rapamicina?<\/h2>\n<p>Rapamicin so prvi\u010d odkrili leta 1972 v vzorcu zemlje, zbranem na Velikono\u010dnem otoku, znanem tudi kot Rapa Nui. Kompleks je dobil ime po otoku, kar odra\u017ea njegov geografski izvor. Rapamycin, ki so ga sprva raziskovali zaradi njegovih protiglivi\u010dnih lastnosti, je bil pozneje spoznan potencial Rapamicina kot imunosupresiva, kar je pripeljalo do njegovega razvoja kot zdravila za prepre\u010devanje zavrnitve presajenih organov.<\/p>\n<p>Z leti je odkritje \u0161ir\u0161ih biolo\u0161kih u\u010dinkov Rapamicina, zlasti njegove vloge pri zaviranju mTOR, odprlo nove poti za raziskave raka, staranja in drugih podro\u010dij. Potovanje rapamicina od spojine, pridobljene iz zemlje, do mo\u010dnega terapevtskega sredstva ponazarja potencial naravnih izdelkov pri odkrivanju in razvoju zdravil.<\/p>\n<h2>Ali je Rapamycin varen za dolgotrajno uporabo??<\/h2>\n<p>Dolgotrajna uporaba zdravila Rapamycin zahteva natan\u010dno oceno koristi in tveganj. Medtem ko se u\u010dinkovito uporablja pri dolgotrajni imunosupresivni terapiji bolnikov s presaditvijo, je za morebitne resne stranske u\u010dinke potrebno stalno spremljanje. Dolgotrajna uporaba lahko pove\u010da tveganje za oku\u017ebe, nekatere vrste raka in druge zdravstvene te\u017eave.<\/p>\n<p>Raziskave njegove dolgoro\u010dne varnosti, zlasti zunaj konteksta presaditve, potekajo. Bolniki na dolgotrajnem zdravljenju z rapamicinom morajo imeti redne preglede, da spremljajo ne\u017eelene u\u010dinke in ustrezno prilagodijo svoj na\u010drt zdravljenja. Nove raziskave lahko dodatno pojasnijo njegov dolgoro\u010dni varnostni profil, zlasti pri nastajajo\u010dih uporabah, kot je proti staranju.<\/p>\n<h2>Kako rapamicin vpliva na imunski sistem?<\/h2>\n<p>Primarni u\u010dinek rapamicina na imunski sistem je njegova sposobnost, da ga zavira, zato se uporablja za prepre\u010devanje zavrnitve organov pri bolnikih s presaditvijo. Z zaviranjem mTOR rapamicin zavira proliferacijo celic T in B, ki so bistvenega pomena za adaptivni imunski odziv. To zatiranje pomaga zmanj\u0161ati verjetnost, da bi imunski sistem napadel presajeni organ.<\/p>\n<p>Vendar pa ta imunosupresija tudi pomeni, da so bolniki bolj dovzetni za oku\u017ebe in potencialno oportunisti\u010dne bolezni. Stopnja imunske supresije se lahko razlikuje glede na odmerjanje in dejavnike posameznega bolnika, skrbno spremljanje pa je bistvenega pomena za ravnote\u017eje med terapevtskimi koristmi in tveganjem za \u0161kodljive u\u010dinke, povezane z imunskim sistemom.<\/p>\n<h2>Kak\u0161ne raziskave o rapamicinu trenutno potekajo?<\/h2>\n<p>Rapamicin je \u0161e vedno predmet obse\u017enih raziskav zaradi njegovih raznolikih biolo\u0161kih u\u010dinkov. Sedanje \u0161tudije raziskujejo njegov potencial pri podalj\u0161evanju \u017eivljenjske dobe in bla\u017eenju bolezni, povezanih s staranjem, glede na njegovo vlogo pri zaviranju mTOR. \u0160tudije na \u017eivalih so pokazale obetavne rezultate, vendar je potrebnih ve\u010d raziskav, da bi ugotovili njegovo u\u010dinkovitost in varnost pri ljudeh.<\/p>\n<p>Obstaja tudi veliko zanimanje za raziskovanje vloge Rapamicina pri zdravljenju raka. Z usmerjanjem na pot mTOR raziskovalci upajo, da bodo razvili u\u010dinkovito zdravljenje raka, za katerega je zna\u010dilna neregulirana rast celic. Poleg tega potekajo raziskave za raziskovanje njegove uporabe pri nevrodegenerativnih boleznih, boleznih srca in o\u017eilja ter presnovnih motnjah, kar odra\u017ea njegov \u0161irok potencial na razli\u010dnih terapevtskih podro\u010djih.<\/p>\n","protected":false},"excerpt":{"rendered":"<p>Pogosta vpra\u0161anja o rapamicinu: 10 najpogostej\u0161ih vpra\u0161anj z odgovori Ta obse\u017ena pogosta vpra\u0161anja raziskujejo klju\u010dne vidike rapamicina, pokrivajo njegove funkcije, uporabo in teko\u010de raziskave, ki obdajajo to fascinantno spojino. Kaj je Rapamycin in kako deluje? Rapamicin, znan tudi kot sirolimus, je makrolidna spojina, ki so jo prvotno odkrili v prsti Velikono\u010dnega otoka. Prvi\u010d so ga [&hellip;]<\/p>\n","protected":false},"author":1,"featured_media":0,"parent":0,"menu_order":0,"comment_status":"closed","ping_status":"closed","template":"","meta":{"footnotes":""},"class_list":["post-21179","page","type-page","status-publish","hentry"],"_links":{"self":[{"href":"https:\/\/mahous.com\/index.php\/wp-json\/wp\/v2\/pages\/21179","targetHints":{"allow":["GET"]}}],"collection":[{"href":"https:\/\/mahous.com\/index.php\/wp-json\/wp\/v2\/pages"}],"about":[{"href":"https:\/\/mahous.com\/index.php\/wp-json\/wp\/v2\/types\/page"}],"author":[{"embeddable":true,"href":"https:\/\/mahous.com\/index.php\/wp-json\/wp\/v2\/users\/1"}],"replies":[{"embeddable":true,"href":"https:\/\/mahous.com\/index.php\/wp-json\/wp\/v2\/comments?post=21179"}],"version-history":[{"count":1,"href":"https:\/\/mahous.com\/index.php\/wp-json\/wp\/v2\/pages\/21179\/revisions"}],"predecessor-version":[{"id":21180,"href":"https:\/\/mahous.com\/index.php\/wp-json\/wp\/v2\/pages\/21179\/revisions\/21180"}],"wp:attachment":[{"href":"https:\/\/mahous.com\/index.php\/wp-json\/wp\/v2\/media?parent=21179"}],"curies":[{"name":"wp","href":"https:\/\/api.w.org\/{rel}","templated":true}]}}