{"id":21191,"date":"2026-03-25T03:45:15","date_gmt":"2026-03-25T02:45:15","guid":{"rendered":"https:\/\/mahous.com\/?page_id=21191"},"modified":"2026-03-25T03:45:15","modified_gmt":"2026-03-25T02:45:15","slug":"razumijevanje-tadalista-super-active-i-njegove-upotrebe","status":"publish","type":"page","link":"https:\/\/mahous.com\/index.php\/razumijevanje-tadalista-super-active-i-njegove-upotrebe\/","title":{"rendered":"Razumijevanje Tadalista Super Active i njegove upotrebe"},"content":{"rendered":"<h1>Mo\u017eete li uzimati Tadalista Super Active s alkoholom, hranom ili kavom?<\/h1>\n<p>Istra\u017eivanje interakcija i najboljih praksi za kombiniranje Tadalista Super Active s alkoholom, hranom i kavom kako bi se osigurala sigurnost i u\u010dinkovitost.<\/p>\n<h2>Razumijevanje Tadalista Super Active i njegove upotrebe<\/h2>\n<p>Tadalista Super Active je lijek koji se prvenstveno koristi za lije\u010denje erektilne disfunkcije (ED) kod mu\u0161karaca. Djeluje tako \u0161to pove\u0107ava dotok krvi u penis, \u010dime se olak\u0161ava erekcija kada je mu\u0161karac seksualno stimuliran. Aktivni sastojak u Tadalista Super Active je tadalafil, koji se tako\u0111er nalazi u drugim poznatim lijekovima za ED. Tadalista Super Active neki \u010desto preferiraju zbog svoje jedinstvene formulacije koja uklju\u010duje meku gel kapsulu, \u0161to omogu\u0107uje br\u017eu apsorpciju i po\u010detak djelovanja.<\/p>\n<p>Osim svoje primarne upotrebe za ED, Tadalista Super Active ponekad se koristi za lije\u010denje simptoma benigne hiperplazije prostate (BHP), stanja karakteriziranog pove\u0107anom prostatom. Opu\u0161taju\u0107i mi\u0161i\u0107e prostate i mjehura, mo\u017ee pomo\u0107i u ubla\u017eavanju pote\u0161ko\u0107a povezanih s mokrenjem koje \u010desto imaju mu\u0161karci s BPH. Kao i sa svakim drugim lijekom, razumijevanje interakcije Tadalista Super Active s drugim tvarima klju\u010dno je za maksimiziranje njegovih koristi uz smanjenje rizika.<\/p>\n<h2>Utjecaj alkohola na Tadalista Super Active<\/h2>\n<p>Alkohol mo\u017ee zna\u010dajno utjecati na u\u010dinak Tadalista Super Active, i to ne uvijek na bolje. Iako umjerena konzumacija alkohola ne mora predstavljati ozbiljan rizik, prekomjerno pijenje mo\u017ee pogor\u0161ati nuspojave Tadalista Super Active. Alkohol je depresiv koji mo\u017ee poni\u0161titi u\u010dinke tadalafila, \u0161to dovodi do manje u\u010dinkovitih ishoda lije\u010denja. \u0160tovi\u0161e, mo\u017ee pove\u0107ati vjerojatnost pojave vrtoglavice, glavobolje i sni\u017eenog krvnog tlaka, \u0161to su uobi\u010dajene nuspojave i alkohola i tadalafila.<\/p>\n<p>Nadalje, alkohol mo\u017ee oslabiti sposobnost rasu\u0111ivanja i smanjiti seksualnu izvedbu, \u0161to poni\u0161tava svrhu uzimanja Tadalista Super Active. Klju\u010dno je da pojedinci budu svjesni svog unosa alkohola kada koriste ovaj lijek kako bi se izbjeglo smanjenje njegove u\u010dinkovitosti i sprije\u010dili mogu\u0107i \u0161tetni u\u010dinci.<\/p>\n<h2>Interakcije s hranom s Tadalista Super Active<\/h2>\n<p>Kada je rije\u010d o hrani, Tadalista Super Active nudi odre\u0111enu fleksibilnost. Za razliku od odre\u0111enih lijekova koji se moraju uzimati na prazan \u017eeludac, Tadalista Super Active se mo\u017ee uzimati sa ili bez hrane. Me\u0111utim, bitno je voditi ra\u010duna o odre\u0111enim vrstama obroka koji mogu odgoditi u\u010dinkovitost lijeka. Posebno masni obroci mogu usporiti apsorpciju tadalafila, \u0161to dovodi do odgo\u0111enog po\u010detka djelovanja.<\/p>\n<p>Za one koji tra\u017ee brze rezultate, moglo bi biti korisno izbjegavati te\u0161ke ili masne obroke neposredno prije uzimanja Tadalista Super Active. Umjesto toga, odabir lak\u0161eg obroka mo\u017ee pomo\u0107i da lijek djeluje \u0161to je br\u017ee mogu\u0107e. Razumijevanje interakcije razli\u010ditih namirnica s Tadalista Super Active mo\u017ee pomo\u0107i korisnicima da planiraju unos za optimalne rezultate.<\/p>\n<h2>Kava i Tadalista Super Active: \u0160to trebate znati<\/h2>\n<p>Kava, sastavni dio dnevne rutine mnogih ljudi, sadr\u017ei kofein, poznati stimulans koji mo\u017ee imati razli\u010dite u\u010dinke na tijelo. U kombinaciji s Tadalista Super Active, kofein ne utje\u010de izravno na u\u010dinkovitost lijeka. Me\u0111utim, va\u017eno je uzeti u obzir utjecaj kofeina na kardiovaskularni sustav. Kofein mo\u017ee pove\u0107ati otkucaje srca i krvni tlak, \u0161to u kombinaciji s vazodilatacijskim u\u010dincima tadalafila mo\u017ee uzrokovati nelagodu kod nekih korisnika.<\/p>\n<p>Op\u0107enito je sigurno konzumirati kavu dok uzimate Tadalista Super Active, ali umjerenost je klju\u010dna. Pretjerana konzumacija kofeina mo\u017ee dovesti do nervoze i tjeskobe, koji ne pogoduju seksualnoj aktivnosti. Obra\u0107anje pozornosti na to kako va\u0161e tijelo reagira na kofein i prilago\u0111avanje unosa u skladu s tim mo\u017ee pomo\u0107i u odr\u017eavanju u\u010dinkovitosti Tadalista Super Active.<\/p>\n<h2>Kombinacija Tadalista Super Active s alkoholom: rizici i mjere opreza<\/h2>\n<p>Kombinacija Tadalista Super Active s alkoholom zahtijeva <a href=\"https:\/\/ljekarnahrvatska.com\/kupiti-tadalista-super-active-online-bez-recepta\">https:\/\/ljekarnahrvatska.com\/kupiti-tadalista-super-active-online-bez-recepta<\/a> pa\u017eljivo razmatranje mogu\u0107ih rizika. Alkohol, osobito u velikim koli\u010dinama, mo\u017ee pove\u0107ati vjerojatnost pojave nuspojava tadalafila. Te nuspojave mogu uklju\u010divati \u200b\u200bvrtoglavicu, glavobolju i pad krvnog tlaka, a sve se to mo\u017ee poja\u010dati konzumiranjem alkohola.<\/p>\n<p>Kako bi se ti rizici sveli na najmanju mogu\u0107u mjeru, preporu\u010dljivo je ograni\u010diti unos alkohola kada planirate koristiti Tadalista Super Active. Pridr\u017eavanje jednog ili dva pi\u0107a mo\u017ee pomo\u0107i u izbjegavanju negativnih interakcija, ali individualne razine tolerancije mogu varirati. Voditi ra\u010duna o odgovoru vlastitog tijela na alkohol i prilagoditi konzumaciju u skladu s tim klju\u010dno je za one koji uzimaju ovaj lijek.<\/p>\n<h2>Kako obroci utje\u010du na tadalista super aktivnu apsorpciju<\/h2>\n<p>Na apsorpciju Tadalista Super Activea mo\u017ee utjecati vrijeme i sastav obroka. Kao \u0161to je ranije spomenuto, obroci s visokim udjelom masti mogu odgoditi apsorpciju lijeka, \u0161to dovodi do sporijeg po\u010detka. To je zato \u0161to masna hrana mo\u017ee usporiti probavni proces, uzrokuju\u0107i da lijeku treba vi\u0161e vremena da u\u0111e u krvotok.<\/p>\n<p>Za one koji tra\u017ee pravodobnu u\u010dinkovitost, moglo bi biti korisno pojesti obrok s manje masti prije uzimanja Tadalista Super Active. To mo\u017ee pomo\u0107i osigurati da se lijek br\u017ee apsorbira, omogu\u0107uju\u0107i korisnicima da postignu \u017eeljene rezultate na vrijeme. Razumijevanje odnosa izme\u0111u unosa hrane i apsorpcije lijeka mo\u017ee pomo\u0107i u optimiziranju u\u010dinkovitosti Tadalista Super Active.<\/p>\n<h2>Uloga kofeina pri uzimanju Tadalista Super Active<\/h2>\n<p>Kofein, koji se nalazi u kavi i drugim pi\u0107ima, djeluje kao stimulans koji mo\u017ee utjecati na kardiovaskularni sustav. Kada koristite Tadalista Super Active, koji je dizajniran za pobolj\u0161anje protoka krvi, dodavanje kofeina u mje\u0161avinu mo\u017ee dovesti do ubrzanog otkucaja srca i povi\u0161enog krvnog tlaka. Iako su ti u\u010dinci op\u0107enito blagi, mogu biti izra\u017eeniji kod osoba osjetljivih na kofein.<\/p>\n<p>Umjerenost je klju\u010dna pri konzumiranju kofeina s Tadalista Super Active. Obra\u0107anje pozornosti na reakciju tijela na kofein i prilago\u0111avanje konzumacije u skladu s tim mo\u017ee sprije\u010diti nelagodu i osigurati da lijek djeluje kako treba. Uravnote\u017eenje unosa kofeina primjenom Tadalista Super Active omogu\u0107uje nastavak u\u017eivanja u kavi bez ugro\u017eavanja u\u010dinkovitosti lijeka.<\/p>\n<h2>Sigurne prakse za konzumiranje alkohola uz Tadalista Super Active<\/h2>\n<p>Kada razmatrate kombinaciju alkohola i Tadalista Super Active, umjerenost i svjesnost su klju\u010dni. Dok mala koli\u010dina alkohola mo\u017eda ne predstavlja zna\u010dajan rizik, prekomjerna konzumacija mo\u017ee dovesti do poja\u010danih nuspojava i smanjene u\u010dinkovitosti lijeka. Pra\u0107enje unosa alkohola i razumijevanje razina osobne tolerancije mogu pomo\u0107i u upravljanju ovim rizicima.<\/p>\n<p>Oni koji koriste Tadalista Super Active trebali bi nastojati piti odgovorno i paziti na konzumaciju alkohola. Pridr\u017eavanje manjih koli\u010dina alkohola mo\u017ee pomo\u0107i u sprje\u010davanju \u0161tetnih interakcija, omogu\u0107uju\u0107i lijeku da djeluje u\u010dinkovito. Biti svjestan potencijalnih rizika i poduzimanje koraka za njihovo ubla\u017eavanje klju\u010dno je za svakoga tko kombinira alkohol i Tadalista Super Active.<\/p>\n<h2>Dijetetske preporuke pri kori\u0161tenju Tadalista Super Active<\/h2>\n<p>Kada koristite Tadalista Super Active, odre\u0111ene dijetetske prakse mogu pomo\u0107i u optimizaciji njegove u\u010dinkovitosti. Kao \u0161to je prethodno spomenuto, izbjegavanje obroka s visokim udjelom masti mo\u017ee dovesti do br\u017ee apsorpcije i po\u010detka djelovanja. Lak\u0161i obroci koji su uravnote\u017eeni u hranjivim tvarima mogu podr\u017eati \u017eeljene rezultate lijeka.<\/p>\n<p>Osim sastava obroka, va\u017ean je i tajming. Uzimanje Tadalista Super Active na prazan \u017eeludac ili uz lagani obrok mo\u017ee pobolj\u0161ati apsorpciju i u\u010dinak lijeka. Razumijevanje na\u010dina na koji prehrana utje\u010de na u\u010dinkovitost lijeka omogu\u0107uje bolje upravljanje njegovom upotrebom i maksimiziranje koristi.<\/p>\n<h2>Mogu\u0107e nuspojave mije\u0161anja Tadalista Super Active s alkoholom<\/h2>\n<p>Mije\u0161anje Tadalista Super Active s alkoholom mo\u017ee dovesti do nekoliko potencijalnih nuspojava. Jedan od naj\u010de\u0161\u0107ih je pad krvnog tlaka, koji mo\u017ee uzrokovati vrtoglavicu i o\u0161amu\u0107enost. Osim toga, mogu\u0107e su glavobolje i mu\u010dnine, osobito ako se prekomjerno konzumira alkohol.<\/p>\n<p>Va\u017eno je biti svjestan ovih mogu\u0107ih nuspojava i poduzeti korake za njihovo ubla\u017eavanje. Ograni\u010davanje unosa alkohola i pra\u0107enje kako tijelo reagira mo\u017ee pomo\u0107i u upravljanju ovim rizicima. Razumijevanje mogu\u0107ih nuspojava ove kombinacije omogu\u0107uje korisnicima dono\u0161enje informiranih odluka o njihovoj konzumaciji alkohola dok koriste Tadalista Super Active.<\/p>\n<h2>Stru\u010dna mi\u0161ljenja o konzumaciji kave s Tadalistom Super Active<\/h2>\n<p>Stru\u010dnjaci se uglavnom sla\u017eu da je umjerena konzumacija kave sigurna tijekom kori\u0161tenja Tadalista Super Active. Iako kofein mo\u017ee imati neke kardiovaskularne u\u010dinke, oni su obi\u010dno blagi i podno\u0161ljivi za ve\u0107inu pojedinaca. Svijest o osobnoj osjetljivosti na kofein je va\u017ena, jer neki mogu do\u017eivjeti poja\u010dane nuspojave.<\/p>\n<p>Za one koji su zabrinuti zbog mogu\u0107ih interakcija, savjetovanje sa zdravstvenim radnikom mo\u017ee pru\u017eiti personalizirani savjet. Razumijevanjem interakcije kofeina s Tadalista Super Active, korisnici mogu u\u017eivati \u200b\u200bu svojoj kavi bez ugro\u017eavanja u\u010dinkovitosti lijeka. Stru\u010dno vodstvo mo\u017ee pomo\u0107i osigurati da pojedinci donesu sigurne i informirane odluke o svom unosu kofeina.<\/p>\n<h2>Upravljanje unosom hrane i pi\u0107a za optimalnu u\u010dinkovitost Tadalista Super Active<\/h2>\n<p>Upravljanje unosom hrane i pi\u0107a klju\u010dno je za optimizaciju u\u010dinkovitosti Tadalista Super Active. Voditi ra\u010duna o sastavu obroka, posebno u smislu sadr\u017eaja masti, mo\u017ee pomo\u0107i da se lijek u\u010dinkovito apsorbira. Sli\u010dno tome, umjereni unos alkohola i kofeina mo\u017ee sprije\u010diti potencijalne negativne interakcije.<\/p>\n<p>Planiranje obroka i pi\u0107a oko vremena uzimanja Tadalista Super Active mo\u017ee pobolj\u0161ati njegovu u\u010dinkovitost. Razumijevanjem na\u010dina na koji razli\u010dita hrana i pi\u0107e stupaju u interakciju s lijekom, korisnici mogu donositi informirane izbore koji podr\u017eavaju njihovo zdravlje i ciljeve lije\u010denja. U\u010dinkovito upravljanje unosom dovodi do boljih rezultata i maksimizira dobrobiti Tadalista Super Active.<\/p>\n<h2>Sa\u017eetak najboljih postupaka za upotrebu Tadalista Super Active<\/h2>\n<p>Ukratko, u\u010dinkovito kori\u0161tenje Tadalista Super Active uklju\u010duje razumijevanje njegovih interakcija s alkoholom, hranom i kavom. Umjerenost u konzumiranju alkohola klju\u010dna je za izbjegavanje pogor\u0161anja nuspojava, dok vo\u0111enje ra\u010duna o sastavu obroka mo\u017ee pobolj\u0161ati apsorpciju. Kava, kada se konzumira u umjerenim koli\u010dinama, op\u0107enito ne predstavlja zna\u010dajne probleme, ali pojedina\u010dni odgovori mogu varirati.<\/p>\n<p>Pridr\u017eavaju\u0107i se ovih najboljih praksi, korisnici mogu optimizirati u\u010dinke Tadalista Super Active i minimizirati potencijalne rizike. Obrazovanje o tome kako razli\u010dite tvari stupaju u interakciju s lijekom osigurava sigurnu i u\u010dinkovitu upotrebu, omogu\u0107uju\u0107i pojedincima da postignu \u017eeljene rezultate uz odr\u017eavanje op\u0107e dobrobiti.<\/p>\n","protected":false},"excerpt":{"rendered":"<p>Mo\u017eete li uzimati Tadalista Super Active s alkoholom, hranom ili kavom? Istra\u017eivanje interakcija i najboljih praksi za kombiniranje Tadalista Super Active s alkoholom, hranom i kavom kako bi se osigurala sigurnost i u\u010dinkovitost. Razumijevanje Tadalista Super Active i njegove upotrebe Tadalista Super Active je lijek koji se prvenstveno koristi za lije\u010denje erektilne disfunkcije (ED) kod [&hellip;]<\/p>\n","protected":false},"author":1,"featured_media":0,"parent":0,"menu_order":0,"comment_status":"closed","ping_status":"closed","template":"","meta":{"footnotes":""},"class_list":["post-21191","page","type-page","status-publish","hentry"],"_links":{"self":[{"href":"https:\/\/mahous.com\/index.php\/wp-json\/wp\/v2\/pages\/21191","targetHints":{"allow":["GET"]}}],"collection":[{"href":"https:\/\/mahous.com\/index.php\/wp-json\/wp\/v2\/pages"}],"about":[{"href":"https:\/\/mahous.com\/index.php\/wp-json\/wp\/v2\/types\/page"}],"author":[{"embeddable":true,"href":"https:\/\/mahous.com\/index.php\/wp-json\/wp\/v2\/users\/1"}],"replies":[{"embeddable":true,"href":"https:\/\/mahous.com\/index.php\/wp-json\/wp\/v2\/comments?post=21191"}],"version-history":[{"count":1,"href":"https:\/\/mahous.com\/index.php\/wp-json\/wp\/v2\/pages\/21191\/revisions"}],"predecessor-version":[{"id":21192,"href":"https:\/\/mahous.com\/index.php\/wp-json\/wp\/v2\/pages\/21191\/revisions\/21192"}],"wp:attachment":[{"href":"https:\/\/mahous.com\/index.php\/wp-json\/wp\/v2\/media?parent=21191"}],"curies":[{"name":"wp","href":"https:\/\/api.w.org\/{rel}","templated":true}]}}