{"id":21193,"date":"2026-03-25T03:45:51","date_gmt":"2026-03-25T02:45:51","guid":{"rendered":"https:\/\/mahous.com\/?page_id=21193"},"modified":"2026-03-25T03:45:51","modified_gmt":"2026-03-25T02:45:51","slug":"pochopeni-xarelto-generic-a-jeho-pouziti","status":"publish","type":"page","link":"https:\/\/mahous.com\/index.php\/pochopeni-xarelto-generic-a-jeho-pouziti\/","title":{"rendered":"Pochopen\u00ed Xarelto Generic a jeho pou\u017eit\u00ed"},"content":{"rendered":"<h1>Rizika krv\u00e1cen\u00ed a bezpe\u010dnostn\u00ed rady pro Xarelto Generic<\/h1>\n<p>Pochopen\u00ed d\u016fsledk\u016f pou\u017e\u00edv\u00e1n\u00ed Xarelto Generic je z\u00e1sadn\u00ed pro \u0159\u00edzen\u00ed rizik krv\u00e1cen\u00ed a zaji\u0161t\u011bn\u00ed bezpe\u010dn\u00e9 antikoagula\u010dn\u00ed l\u00e9\u010dby.<\/p>\n<h2>Pochopen\u00ed Xarelto Generic a jeho pou\u017eit\u00ed<\/h2>\n<p>Xarelto Generic, \u0161iroce pou\u017e\u00edvan\u00fd antikoagulant, se p\u0159edepisuje k prevenci krevn\u00edch sra\u017eenin u pacient\u016f, kte\u0159\u00ed jsou ohro\u017eeni stavy, jako je hlubok\u00e1 \u017eiln\u00ed tromb\u00f3za (DVT) a plicn\u00ed embolie (PE). Krom\u011b toho hraje v\u00fdznamnou roli v prevenci mrtvice u jedinc\u016f s fibrilac\u00ed s\u00edn\u00ed, kter\u00e1 nen\u00ed zp\u016fsobena probl\u00e9my se srde\u010dn\u00ed chlopn\u00ed. Jeho p\u0159ijet\u00ed v modern\u00ed medic\u00edn\u011b je z velk\u00e9 \u010d\u00e1sti zp\u016fsobeno jeho pohodl\u00edm jako peror\u00e1ln\u00ed l\u00e9k, co\u017e eliminuje pot\u0159ebu \u010dast\u00fdch injekc\u00ed spojen\u00fdch s jin\u00fdmi antikoagulancii.<\/p>\n<p>L\u00e9k funguje tak, \u017ee inhibuje specifick\u00e9 proteiny v krvi, kter\u00e9 jsou nezbytn\u00e9 pro sr\u00e1\u017een\u00ed krve. Tento mechanismus jej \u010din\u00ed zvl\u00e1\u0161t\u011b \u00fa\u010dinn\u00fdm p\u0159i sni\u017eov\u00e1n\u00ed pravd\u011bpodobnosti ne\u017e\u00e1douc\u00edch p\u0159\u00edhod sr\u00e1\u017een\u00ed krve, kter\u00e9 mohou b\u00fdt \u017eivot ohro\u017euj\u00edc\u00ed. L\u00e9ka\u0159i p\u0159edepisuj\u00ed Xarelto Generic nejen k l\u00e9\u010db\u011b, ale tak\u00e9 jako profylaktick\u00e9 opat\u0159en\u00ed u pacient\u016f podstupuj\u00edc\u00edch operace kolenn\u00edho nebo ky\u010deln\u00edho kloubu, kde je zv\u00fd\u0161en\u00e9 riziko tvorby sra\u017eenin.<\/p>\n<h2>Jak Xarelto Generic p\u016fsob\u00ed v t\u011ble<\/h2>\n<p>Xarelto Generic p\u016fsob\u00ed tak, \u017ee p\u0159\u00edmo inhibuje faktor Xa, enzym kritick\u00fd v kask\u00e1d\u011b koagulace krve. Blokov\u00e1n\u00edm tohoto enzymu zabra\u0148uje p\u0159em\u011bn\u011b protrombinu na trombin, co\u017e je kl\u00ed\u010dov\u00fd krok p\u0159i tvorb\u011b krevn\u00edch sra\u017eenin. Toto c\u00edlen\u00e9 p\u016fsoben\u00ed pom\u00e1h\u00e1 udr\u017eovat k\u0159ehkou rovnov\u00e1hu mezi prevenc\u00ed \u0161kodliv\u00fdch sra\u017eenin a umo\u017en\u011bn\u00edm norm\u00e1ln\u00edho pr\u016ftoku krve.<\/p>\n<p>Na rozd\u00edl od n\u011bkter\u00fdch star\u0161\u00edch antikoagulanci\u00ed nevy\u017eaduje Xarelto Generic pravideln\u00e9 monitorov\u00e1n\u00ed krevn\u00edch hladin, co\u017e je v\u00fdznamnou v\u00fdhodou v komplianci pacient\u016f. Jeho p\u0159edv\u00eddateln\u00fd farmakokinetick\u00fd profil umo\u017e\u0148uje fixn\u00ed d\u00e1vkovac\u00ed re\u017eim, co\u017e poskytuje p\u0159\u00edm\u00fd p\u0159\u00edstup pro poskytovatele zdravotn\u00ed p\u00e9\u010de i pro pacienty.<\/p>\n<h2>B\u011b\u017en\u00e1 rizika krv\u00e1cen\u00ed spojen\u00e1 s Xarelto Generic<\/h2>\n<p>Jedn\u00edm z hlavn\u00edch probl\u00e9m\u016f u Xarelto Generic je zv\u00fd\u0161en\u00e9 riziko krv\u00e1cen\u00ed, co\u017e je vedlej\u0161\u00ed \u00fa\u010dinek spole\u010dn\u00fd pro v\u0161echna antikoagulancia. Krv\u00e1cen\u00ed se m\u016f\u017ee objevit v r\u016fzn\u00fdch \u010d\u00e1stech t\u011bla, v\u010detn\u011b gastrointestin\u00e1ln\u00edho traktu, mozku a na chirurgick\u00fdch m\u00edstech. Pacienti mohou poci\u0165ovat men\u0161\u00ed p\u0159\u00edznaky, jako jsou mod\u0159iny nebo z\u00e1va\u017en\u011bj\u0161\u00ed projevy, jako je gastrointestin\u00e1ln\u00ed krv\u00e1cen\u00ed.<\/p>\n<p>Riziko krv\u00e1cen\u00ed u p\u0159\u00edpravku Xarelto je z\u00e1visl\u00e9 na d\u00e1vce a m\u016f\u017ee b\u00fdt zhor\u0161eno jin\u00fdmi faktory, jako je v\u011bk a soub\u011b\u017en\u00e1 l\u00e9\u010dba. Pochopen\u00ed t\u011bchto rizik je z\u00e1sadn\u00ed pro pacienty i poskytovatele zdravotn\u00ed p\u00e9\u010de, aby bylo zaji\u0161t\u011bno, \u017ee p\u0159\u00ednosy u\u017e\u00edv\u00e1n\u00ed l\u00e9k\u016f p\u0159ev\u00e1\u017e\u00ed potenci\u00e1ln\u00ed nebezpe\u010d\u00ed.<\/p>\n<h2>Identifikace p\u0159\u00edznak\u016f nadm\u011brn\u00e9ho krv\u00e1cen\u00ed<\/h2>\n<p>V\u010dasn\u00e9 rozpozn\u00e1n\u00ed zn\u00e1mek nadm\u011brn\u00e9ho krv\u00e1cen\u00ed m\u016f\u017ee v\u00fdznamn\u011b sn\u00ed\u017eit komplikace. P\u0159\u00edznaky mohou zahrnovat prodlou\u017een\u00e9 krv\u00e1cen\u00ed z \u0159ezn\u00fdch ran, zv\u00fd\u0161en\u00fd menstrua\u010dn\u00ed tok, krv\u00e1cen\u00ed z nosu a krev v mo\u010di nebo stolici. Pacienti si tak\u00e9 mohou v\u0161imnout nevysv\u011btliteln\u00fdch mod\u0159in nebo petechi\u00ed, co\u017e jsou mal\u00e9 \u010derven\u00e9 skvrny na k\u016f\u017ei.<\/p>\n<p>Z\u00e1va\u017en\u011bj\u0161\u00ed p\u0159\u00edznaky zahrnuj\u00ed n\u00e1hl\u00e9 siln\u00e9 bolesti hlavy, z\u00e1vrat\u011b nebo slabost, kter\u00e9 mohou nazna\u010dovat vnit\u0159n\u00ed krv\u00e1cen\u00ed, zejm\u00e9na v mozku. V takov\u00fdch p\u0159\u00edpadech je z\u00e1sadn\u00ed okam\u017eit\u00e1 l\u00e9ka\u0159sk\u00e1 pomoc, aby se zabr\u00e1nilo v\u00e1\u017en\u00fdm n\u00e1sledk\u016fm.<\/p>\n<h2>Faktory zvy\u0161uj\u00edc\u00ed rizika krv\u00e1cen\u00ed u Xarelto Generic<\/h2>\n<p>N\u011bkolik faktor\u016f m\u016f\u017ee zes\u00edlit rizika krv\u00e1cen\u00ed spojen\u00e1 s Xarelto Generic. Pat\u0159\u00ed mezi n\u011b pokro\u010dil\u00fd v\u011bk, dysfunkce ledvin nebo jater a anamn\u00e9za poruch krv\u00e1cen\u00ed. Vy\u0161\u0161\u00ed riziko maj\u00ed tak\u00e9 pacienti s nekontrolovanou hypertenz\u00ed nebo ti, kte\u0159\u00ed podstupuj\u00ed invazivn\u00ed z\u00e1kroky.<\/p>\n<p>Krom\u011b toho faktory \u017eivotn\u00edho stylu, <a href=\"https:\/\/domaci-lekarna.com\/genericky-xarelto-naklady-online-bez-predpisu\">https:\/\/domaci-lekarna.com\/genericky-xarelto-naklady-online-bez-predpisu<\/a> jako je konzumace alkoholu a ur\u010dit\u00e9 dietn\u00ed volby, mohou ovlivnit riziko krv\u00e1cen\u00ed. Pacienti by m\u011bli se sv\u00fdmi poskytovateli zdravotn\u00ed p\u00e9\u010de prodiskutovat svou kompletn\u00ed anamn\u00e9zu, aby jim mohl vhodn\u011b p\u0159izp\u016fsobit pl\u00e1n l\u00e9\u010dby.<\/p>\n<h2>\u0158\u00edzen\u00ed rizik krv\u00e1cen\u00ed: Preventivn\u00ed opat\u0159en\u00ed<\/h2>\n<p>Ke zm\u00edrn\u011bn\u00ed rizika krv\u00e1cen\u00ed by pacienti m\u011bli p\u0159\u00edsn\u011b dodr\u017eovat p\u0159edepsan\u00e9 d\u00e1vkov\u00e1n\u00ed a pravideln\u011b doch\u00e1zet na kontroly u sv\u00e9ho poskytovatele zdravotn\u00ed p\u00e9\u010de. Vyh\u00fdb\u00e1n\u00ed se \u010dinnostem, kter\u00e9 mohou v\u00e9st ke zran\u011bn\u00ed, a opatrnosti s ostr\u00fdmi p\u0159edm\u011bty m\u016f\u017ee pomoci minimalizovat pravd\u011bpodobnost krv\u00e1cen\u00ed.<\/p>\n<p>Je tak\u00e9 vhodn\u00e9 m\u00edt u sebe l\u00e9ka\u0159sk\u00fd pr\u016fkaz indikuj\u00edc\u00ed pou\u017eit\u00ed Xarelto Generic. Tyto informace mohou b\u00fdt \u017eivotn\u011b d\u016fle\u017eit\u00e9 v nouzov\u00fdch situac\u00edch a zajist\u00ed, \u017ee zdravotn\u00edci budou informov\u00e1ni o stavu antikoagulace pacienta.<\/p>\n<h2>Bezpe\u010dnostn\u00ed pokyny pro u\u017e\u00edv\u00e1n\u00ed Xarelto Generic<\/h2>\n<p>Pacienti by m\u011bli dodr\u017eovat p\u0159edepsan\u00e9 d\u00e1vkovac\u00ed sch\u00e9ma a u\u017e\u00edvat l\u00e9ky ka\u017ed\u00fd den ve stejnou dobu, aby se udr\u017eely konzistentn\u00ed hladiny v krvi. Vynech\u00e1n\u00ed d\u00e1vek m\u016f\u017ee zv\u00fd\u0161it riziko tvorby sra\u017eenin, zat\u00edmco zdvojn\u00e1soben\u00ed, aby se nahradila vynechan\u00e1 d\u00e1vka, m\u016f\u017ee zv\u00fd\u0161it riziko krv\u00e1cen\u00ed.<\/p>\n<p>P\u0159ed zah\u00e1jen\u00edm jak\u00e9koli nov\u00e9 medikace, v\u010detn\u011b voln\u011b prodejn\u00fdch l\u00e9k\u016f a dopl\u0148k\u016f, by se pacienti m\u011bli poradit se sv\u00fdm poskytovatelem zdravotn\u00ed p\u00e9\u010de, aby se vyhnuli potenci\u00e1ln\u00edm interakc\u00edm, kter\u00e9 by mohly ovlivnit \u00fa\u010dinnost Xarelto Generic nebo zv\u00fd\u0161it riziko krv\u00e1cen\u00ed.<\/p>\n<h2>Interakce s jin\u00fdmi l\u00e9ky a jejich \u00fa\u010dinky<\/h2>\n<p>Xarelto Generic m\u016f\u017ee interagovat s r\u016fzn\u00fdmi l\u00e9ky, v\u010detn\u011b n\u011bkter\u00fdch antimykotik, antibiotik a nesteroidn\u00edch protiz\u00e1n\u011btliv\u00fdch l\u00e9k\u016f (NSAID), co\u017e potenci\u00e1ln\u011b zvy\u0161uje riziko krv\u00e1cen\u00ed. Je d\u016fle\u017eit\u00e9, aby pacienti poskytli sv\u00e9mu poskytovateli zdravotn\u00ed p\u00e9\u010de \u00fapln\u00fd seznam v\u0161ech l\u00e9k\u016f, kter\u00e9 u\u017e\u00edvaj\u00ed.<\/p>\n<p>V n\u011bkter\u00fdch p\u0159\u00edpadech mohou l\u00e9ky, kter\u00e9 ovliv\u0148uj\u00ed jatern\u00ed enzymy, zm\u011bnit metabolismus Xarelto Generic, a to bu\u010f zv\u00fd\u0161en\u00edm nebo sn\u00ed\u017een\u00edm jeho antikoagula\u010dn\u00edch \u00fa\u010dink\u016f. Pe\u010dliv\u00e1 p\u00e9\u010de a pravideln\u00e9 konzultace se zdravotn\u00edky mohou pomoci zm\u00edrnit tato rizika.<\/p>\n<h2>Dietn\u00ed \u00favahy p\u0159i u\u017e\u00edv\u00e1n\u00ed Xarelto Generic<\/h2>\n<p>Zat\u00edmco Xarelto Generic nem\u00e1 specifick\u00e1 dietn\u00ed omezen\u00ed jako n\u011bkter\u00e1 jin\u00e1 antikoagulancia, pro podporu celkov\u00e9ho zdrav\u00ed se doporu\u010duje udr\u017eovat vyv\u00e1\u017eenou stravu. Pacienti by se m\u011bli vyvarovat nadm\u011brn\u00e9 konzumace alkoholu, proto\u017ee m\u016f\u017ee zv\u00fd\u0161it riziko krv\u00e1cen\u00ed a ovlivnit funkci jater.<\/p>\n<p>D\u016fsledn\u00e9 stravovac\u00ed n\u00e1vyky mohou tak\u00e9 pomoci udr\u017eet stabiln\u00ed hladiny l\u00e9ku v krevn\u00edm \u0159e\u010di\u0161ti, co\u017e podporuje \u00fa\u010dinnost l\u00e9ku. Pacienti by m\u011bli se sv\u00fdm poskytovatelem zdravotn\u00ed p\u00e9\u010de projednat jak\u00e9koli v\u00fdznamn\u00e9 dietn\u00ed zm\u011bny, aby byla zaji\u0161t\u011bna bezpe\u010dnost a \u00fa\u010dinnost l\u00e9\u010dby.<\/p>\n<h2>Monitorov\u00e1n\u00ed a pravideln\u00e9 kontroly pro u\u017eivatele Xarelto<\/h2>\n<p>P\u0159esto\u017ee u Xarelto Generic nen\u00ed vy\u017eadov\u00e1no rutinn\u00ed monitorov\u00e1n\u00ed krve, pravideln\u00e9 kontroly jsou nezbytn\u00e9 pro posouzen\u00ed celkov\u00e9ho zdravotn\u00edho stavu a \u00fa\u010dinnosti l\u00e9ku. Tyto n\u00e1v\u0161t\u011bvy poskytuj\u00ed p\u0159\u00edle\u017eitost prodiskutovat jak\u00e9koli vedlej\u0161\u00ed \u00fa\u010dinky, nov\u00e9 p\u0159\u00edznaky nebo obavy s poskytovatelem zdravotn\u00ed p\u00e9\u010de.<\/p>\n<p>B\u011bhem t\u011bchto sch\u016fzek mohou poskytovatel\u00e9 zdravotn\u00ed p\u00e9\u010de p\u0159ezkoumat pacientovy funkce ledvin a jater, proto\u017ee tyto org\u00e1ny hraj\u00ed kl\u00ed\u010dovou roli v metabolizaci l\u00e9ku. Zaji\u0161t\u011bn\u00ed jejich spr\u00e1vn\u00e9 funkce je z\u00e1sadn\u00ed pro bezpe\u010dn\u00e9 pou\u017e\u00edv\u00e1n\u00ed Xarelto Generic.<\/p>\n<h2>Co d\u011blat v p\u0159\u00edpad\u011b ne\u017e\u00e1douc\u00ed reakce<\/h2>\n<p>Pokud se u pacienta objev\u00ed ne\u017e\u00e1douc\u00ed reakce na Xarelto Generic, jako je z\u00e1va\u017en\u00e9 krv\u00e1cen\u00ed nebo alergick\u00e1 reakce, m\u011bl by okam\u017eit\u011b vyhledat l\u00e9ka\u0159skou pomoc. V\u010dasn\u00fd z\u00e1sah m\u016f\u017ee p\u0159edej\u00edt komplikac\u00edm a zajistit vhodn\u00e9 zvl\u00e1dnut\u00ed reakce.<\/p>\n<p>V jin\u00fdch ne\u017e nal\u00e9hav\u00fdch situac\u00edch by pacienti m\u011bli hl\u00e1sit jak\u00e9koli ne\u017e\u00e1douc\u00ed \u00fa\u010dinky sv\u00e9mu poskytovateli zdravotn\u00ed p\u00e9\u010de, aby v p\u0159\u00edpad\u011b pot\u0159eby upravil sv\u016fj l\u00e9\u010debn\u00fd pl\u00e1n. Dokumentace t\u011bchto reakc\u00ed m\u016f\u017ee pomoci poskytovatel\u016fm zdravotn\u00ed p\u00e9\u010de \u010dinit informovan\u00e1 rozhodnut\u00ed o pokra\u010dov\u00e1n\u00ed nebo \u00faprav\u011b antikoagula\u010dn\u00ed l\u00e9\u010dby.<\/p>\n<h2>Nouzov\u00e9 protokoly pro t\u011b\u017ek\u00e9 krv\u00e1cen\u00ed<\/h2>\n<p>V p\u0159\u00edpad\u011b z\u00e1va\u017en\u00e9ho krv\u00e1cen\u00ed by pacienti nebo jejich o\u0161et\u0159ovatel\u00e9 m\u011bli okam\u017eit\u011b kontaktovat z\u00e1chrannou slu\u017ebu. P\u0159i \u010dek\u00e1n\u00ed na pomoc m\u016f\u017ee tlak na jak\u00e9koli viditeln\u00e9 m\u00edsto krv\u00e1cen\u00ed pomoci kontrolovat ztr\u00e1tu krve. Je d\u016fle\u017eit\u00e9 informovat pohotovostn\u00ed person\u00e1l o pou\u017eit\u00ed p\u0159\u00edpravku Xarelto Generic, aby mohl v\u00e9st vhodn\u00e1 rozhodnut\u00ed o l\u00e9\u010db\u011b.<\/p>\n<p>Zdravotnick\u00e1 za\u0159\u00edzen\u00ed jsou vybavena pro zvl\u00e1dnut\u00ed t\u011bchto situac\u00ed, p\u0159i\u010dem\u017e \u010dasto pou\u017e\u00edvaj\u00ed strategie, jako jsou krevn\u00ed transfuze nebo pod\u00e1v\u00e1n\u00ed reverzn\u00edch \u010dinidel k potla\u010den\u00ed \u00fa\u010dink\u016f Xarelto Generic, a\u010dkoli posledn\u011b uveden\u00e9 je specifi\u010dt\u011bj\u0161\u00ed pro ur\u010dit\u00e1 antikoagulancia.<\/p>\n<h2>Alternativy k Xarelto Generic pro sn\u00ed\u017een\u00ed rizika krv\u00e1cen\u00ed<\/h2>\n<p>U pacient\u016f, kte\u0159\u00ed poci\u0165uj\u00ed v\u00fdznamn\u00e9 riziko krv\u00e1cen\u00ed p\u0159i u\u017e\u00edv\u00e1n\u00ed Xarelto Generic, lze zv\u00e1\u017eit alternativy, jako jsou jin\u00e1 p\u0159\u00edm\u00e1 peror\u00e1ln\u00ed antikoagulancia (DOAC) nebo tradi\u010dn\u00ed mo\u017enosti, jako je warfarin. Ka\u017ed\u00e1 alternativa m\u00e1 sv\u016fj vlastn\u00ed profil rizik a p\u0159\u00ednos\u016f, kter\u00fd by m\u011bl zhodnotit poskytovatel zdravotn\u00ed p\u00e9\u010de.<\/p>\n<p>V n\u011bkter\u00fdch p\u0159\u00edpadech mohou b\u00fdt doporu\u010deny nefarmakologick\u00e9 p\u0159\u00edstupy, jako je \u00faprava \u017eivotn\u00edho stylu nebo chirurgick\u00e9 z\u00e1kroky pro zvl\u00e1dnut\u00ed rizika sr\u00e1\u017een\u00ed krve bez pou\u017eit\u00ed antikoagulanci\u00ed.<\/p>\n<h2>Konzultace s poskytovateli zdravotn\u00ed p\u00e9\u010de za \u00fa\u010delem personalizovan\u00e9ho poradenstv\u00ed<\/h2>\n<p>Vzhledem k tomu, \u017ee se rizika a p\u0159\u00ednosy Xarelto Generic mohou mezi jednotlivci zna\u010dn\u011b li\u0161it, konzultace s poskytovatelem zdravotn\u00ed p\u00e9\u010de je z\u00e1sadn\u00ed pro personalizovan\u00e9 poradenstv\u00ed. Pacienti by m\u011bli otev\u0159en\u011b diskutovat o sv\u00e9 anamn\u00e9ze, sou\u010dasn\u00fdch l\u00e9c\u00edch a faktorech \u017eivotn\u00edho stylu, aby vytvo\u0159ili l\u00e9\u010debn\u00fd pl\u00e1n na m\u00edru.<\/p>\n<p>Pravideln\u00e9 konzultace mohou pomoci upravit l\u00e9\u010dbu podle pot\u0159eby, zajistit optim\u00e1ln\u00ed v\u00fdsledky p\u0159i minimalizaci rizik. Tento p\u0159\u00edstup zalo\u017een\u00fd na spolupr\u00e1ci umo\u017e\u0148uje pacient\u016fm \u010dinit informovan\u00e1 rozhodnut\u00ed o sv\u00e9m zdrav\u00ed.<\/p>\n<h2>Budouc\u00ed v\u00fdvoj v antikoagula\u010dn\u00ed terapii<\/h2>\n<p>Oblast antikoagula\u010dn\u00ed terapie se neust\u00e1le vyv\u00edj\u00ed a prob\u00edh\u00e1 v\u00fdzkum zam\u011b\u0159en\u00fd na v\u00fdvoj bezpe\u010dn\u011bj\u0161\u00ed a \u00fa\u010dinn\u011bj\u0161\u00ed l\u00e9\u010dby. Na obzoru jsou inovace, jako jsou c\u00edlen\u00e9 terapie a nov\u00e9 syst\u00e9my pod\u00e1v\u00e1n\u00ed l\u00e9k\u016f, kter\u00e9 slibuj\u00ed zlep\u0161en\u00ed v\u00fdsledk\u016f u pacient\u016f.<\/p>\n<p>Jak se prohlubuje porozum\u011bn\u00ed mechanism\u016fm sr\u00e1\u017een\u00ed krve, budouc\u00ed antikoagula\u010dn\u00ed terapie mohou nab\u00eddnout lep\u0161\u00ed bezpe\u010dnostn\u00ed profily, sn\u00ed\u017eit riziko krv\u00e1cen\u00ed p\u0159i zachov\u00e1n\u00ed \u00fa\u010dinnosti. Z\u016fstat informov\u00e1n o t\u011bchto pokrokech m\u016f\u017ee pomoci pacient\u016fm a poskytovatel\u016fm zdravotn\u00ed p\u00e9\u010de \u010dinit v nadch\u00e1zej\u00edc\u00edch letech lep\u0161\u00ed rozhodnut\u00ed o l\u00e9\u010db\u011b.<\/p>\n","protected":false},"excerpt":{"rendered":"<p>Rizika krv\u00e1cen\u00ed a bezpe\u010dnostn\u00ed rady pro Xarelto Generic Pochopen\u00ed d\u016fsledk\u016f pou\u017e\u00edv\u00e1n\u00ed Xarelto Generic je z\u00e1sadn\u00ed pro \u0159\u00edzen\u00ed rizik krv\u00e1cen\u00ed a zaji\u0161t\u011bn\u00ed bezpe\u010dn\u00e9 antikoagula\u010dn\u00ed l\u00e9\u010dby. Pochopen\u00ed Xarelto Generic a jeho pou\u017eit\u00ed Xarelto Generic, \u0161iroce pou\u017e\u00edvan\u00fd antikoagulant, se p\u0159edepisuje k prevenci krevn\u00edch sra\u017eenin u pacient\u016f, kte\u0159\u00ed jsou ohro\u017eeni stavy, jako je hlubok\u00e1 \u017eiln\u00ed tromb\u00f3za (DVT) a plicn\u00ed [&hellip;]<\/p>\n","protected":false},"author":1,"featured_media":0,"parent":0,"menu_order":0,"comment_status":"closed","ping_status":"closed","template":"","meta":{"footnotes":""},"class_list":["post-21193","page","type-page","status-publish","hentry"],"_links":{"self":[{"href":"https:\/\/mahous.com\/index.php\/wp-json\/wp\/v2\/pages\/21193","targetHints":{"allow":["GET"]}}],"collection":[{"href":"https:\/\/mahous.com\/index.php\/wp-json\/wp\/v2\/pages"}],"about":[{"href":"https:\/\/mahous.com\/index.php\/wp-json\/wp\/v2\/types\/page"}],"author":[{"embeddable":true,"href":"https:\/\/mahous.com\/index.php\/wp-json\/wp\/v2\/users\/1"}],"replies":[{"embeddable":true,"href":"https:\/\/mahous.com\/index.php\/wp-json\/wp\/v2\/comments?post=21193"}],"version-history":[{"count":1,"href":"https:\/\/mahous.com\/index.php\/wp-json\/wp\/v2\/pages\/21193\/revisions"}],"predecessor-version":[{"id":21194,"href":"https:\/\/mahous.com\/index.php\/wp-json\/wp\/v2\/pages\/21193\/revisions\/21194"}],"wp:attachment":[{"href":"https:\/\/mahous.com\/index.php\/wp-json\/wp\/v2\/media?parent=21193"}],"curies":[{"name":"wp","href":"https:\/\/api.w.org\/{rel}","templated":true}]}}