{"id":21213,"date":"2026-03-25T04:13:20","date_gmt":"2026-03-25T03:13:20","guid":{"rendered":"https:\/\/mahous.com\/?page_id=21213"},"modified":"2026-03-25T04:13:20","modified_gmt":"2026-03-25T03:13:20","slug":"levitra-generici-moistmine-ulevaade-3","status":"publish","type":"page","link":"https:\/\/mahous.com\/index.php\/levitra-generici-moistmine-ulevaade-3\/","title":{"rendered":"Levitra Generic&rsquo;i m\u00f5istmine: \u00fclevaade"},"content":{"rendered":"<h1>Levitra geneerilised ravimid ja SSRI-d: kas saate seda kasutada?<\/h1>\n<p>V\u00f5imalike eeliste, riskide ja kaalutluste uurimine Levitra Genericu kasutamisest koos SSRI-dega erektsioonih\u00e4irete ja depressiooni raviks.<\/p>\n<h2>Levitra Generic&rsquo;i m\u00f5istmine: \u00fclevaade<\/h2>\n<p>Levitra Generic, teaduslikult tuntud kui vardenafiil, on ravim, mida kasutatakse peamiselt erektsioonih\u00e4irete (ED) raviks. See kuulub ravimite klassi, mida nimetatakse 5. t\u00fc\u00fcpi fosfodiesteraasi (PDE5) inhibiitoriteks, mis suurendavad verevoolu peenisesse, h\u00f5lbustades seega erektsiooni koos seksuaalse stimulatsiooniga. Levitra Generic, mida peetakse sageli ED-i raviks usaldusv\u00e4\u00e4rseks v\u00f5imaluseks, pakub alternatiivi teistele tuntud ravimitele, nagu Viagra ja Cialis.<\/p>\n<p>Levitra Genericu toime algab suhteliselt kiiresti, tavaliselt 30\u201360 minuti jooksul ja selle toime v\u00f5ib kesta mitu tundi. See muudab selle mugavaks valikuks paljudele kasutajatele, kes otsivad oma seksuaaltegevuses spontaansust. Nagu k\u00f5igi ravimite puhul, peab Levitra Genericu kasutamist juhinduma tervishoiut\u00f6\u00f6taja, et tagada selle sobivus inimese tervislikule seisundile ega avaldaks negatiivset koostoimet teiste ravimitega, mida nad v\u00f5ivad v\u00f5tta.<\/p>\n<h2>Mis on SSRI-d ja kuidas need toimivad?<\/h2>\n<p>Selektiivsed serotoniini tagasihaarde inhibiitorid (SSRI-d) on ravimite klass, mida tavaliselt m\u00e4\u00e4ratakse depressiooni ja \u00e4revush\u00e4irete raviks. SSRI-d toimivad, suurendades serotoniini taset ajus, mis on meeleolu reguleerimisega seotud neurotransmitter. Takistades serotoniini tagasihaaret neuronitesse, suurendavad SSRI-d serotoniini k\u00e4ttesaadavust s\u00fcnaptilises ruumis, parandades seel\u00e4bi meeleolu ja leevendades depressiooni s\u00fcmptomeid.<\/p>\n<p>SSRI-sid peetakse \u00fcldiselt t\u00f5husateks ja neil on soodne ohutusprofiil, mist\u00f5ttu on need sageli depressiooni esmavaliku ravimid. Kuid nagu iga ravim, v\u00f5ivad need kaasneda k\u00f5rvaltoimetega, sealhulgas iiveldus, unetus ja eriti seksuaalfunktsiooni h\u00e4ired. Seksuaalsed k\u00f5rvaltoimed v\u00f5ivad ilmneda libiido languse, ejakulatsiooni hilinemise v\u00f5i anorgasmiana, mis v\u00f5ib olla eriti murettekitav patsientidele, kes juba tegelevad vaimse tervise probleemidega.<\/p>\n<h2>Levitra geneeriliste ravimite ja SSRI-de vahelised koostoimed<\/h2>\n<p>Kaaludes Levitra Genericu kasutamist koos SSRI-dega, on v\u00f5imalike koostoimete m\u00f5istmine \u00fclioluline. M\u00f5lemad ravimid m\u00f5jutavad neurotransmitterite radasid ja neil on s\u00fcsteemne toime, mis t\u00e4hendab, et nende samaaegne kasutamine v\u00f5ib viia ootamatute tulemusteni. Kuigi nende ravimite kooskasutamisel ei ole absoluutset vastun\u00e4idustust, on v\u00f5imalikud koostoimed peamiselt seotud nende m\u00f5juga serotoniinile ja verer\u00f5hule.<\/p>\n<p>SSRI-d v\u00f5ivad p\u00f5hjustada seksuaalseid k\u00f5rvaltoimeid, millele Levitra Generic v\u00f5ib vastu seista, pakkudes seel\u00e4bi potentsiaalset terapeutilist s\u00fcnergiat. Nende ravimite kombineerimine n\u00f5uab aga hoolikat j\u00e4lgimist, et v\u00e4ltida k\u00f5rvaltoimeid, nagu serotoniinis\u00fcndroom, t\u00f5sine seisund, mida p\u00f5hjustab \u00fclem\u00e4\u00e4rane serotoniinisisaldus. Tervishoiut\u00f6\u00f6tajatega konsulteerimine tagab, et igasugust suhtlust juhitakse n\u00f5uetekohaselt.<\/p>\n<h2>Levitra geneeriliste ja SSRI-de kombineerimise v\u00f5imalikud eelised<\/h2>\n<p>Levitra Genericu kombinatsioon SSRI-dega v\u00f5ib tuua m\u00e4rkimisv\u00e4\u00e4rset kasu inimestele, kellel on nii erektsioonih\u00e4ired kui ka depressioon. Paljude jaoks v\u00f5ib depressiooniga seotud seksuaalne d\u00fcsfunktsioon v\u00f5imendada suhte stressi ja emotsionaalset stressi, mist\u00f5ttu on t\u00f5hus ravistrateegia \u00fclioluline. Levitra Genericut kasutades v\u00f5ivad patsiendid leida leevendust SSRI-de p\u00f5hjustatud seksuaalsetest k\u00f5rvaltoimetest, parandades seel\u00e4bi nende elukvaliteeti.<\/p>\n<p>Lisaks v\u00f5ib nende k\u00f5rvaltoimete k\u00e4sitlemine suurendada antidepressantravi j\u00e4rgimist, tagades, et patsiendid ei katkesta oma ravimeid seksuaalse d\u00fcsfunktsiooni t\u00f5ttu tekkinud pettumuse t\u00f5ttu. See kombineeritud l\u00e4henemisviis v\u00f5ib viia paremate \u00fcldiste ravitulemusteni nii depressiooni kui ka seksuaaltervise puhul, soodustades terviklikumat l\u00e4henemist patsiendihooldusele.<\/p>\n<h2>Levitra Genericu kasutamise riskid ja k\u00f5rvalm\u00f5jud koos SSRI-dega<\/h2>\n<p>Kuigi Levitra Genericu kombineerimisel <a href=\"https:\/\/tervisapteek.com\/levitra-generic-hind-ilma-retseptita\">Levitra Generic Ilma Retseptita<\/a> SSRI-dega on potentsiaalseid eeliseid, tuleb arvestada ka riskide ja k\u00f5rvaltoimetega. Levitra Genericu sagedased k\u00f5rvaltoimed on peavalu, \u00f5hetus ja ninakinnisus. Kui neid kasutatakse koos SSRI-dega, v\u00f5ivad need k\u00f5rvaltoimed s\u00fcveneda v\u00f5i p\u00f5hjustada t\u00e4iendavaid t\u00fcsistusi, nagu pearinglus v\u00f5i minestamine verer\u00f5hu muutustest.<\/p>\n<p>Teine oluline risk on serotoniini s\u00fcndroomi v\u00f5imalus, potentsiaalselt eluohtlik seisund, mis v\u00f5ib tekkida siis, kui serotoniini tase t\u00f5useb liiga k\u00f5rgeks. S\u00fcmptomiteks on segasus, agitatsioon, kiire pulss ja k\u00f5rge verer\u00f5hk. Seet\u00f5ttu peavad patsiendid olema nende ravimite samaaegsel kasutamisel arsti j\u00e4relevalve all, et kiiresti k\u00f5rvaldada v\u00f5imalikud k\u00f5rvaltoimed.<\/p>\n<h2>Levitra geneerilise ja SSRI kombinatsiooni kliinilised uuringud<\/h2>\n<p>Levitra geneeriliste ja SSRI-de kombineeritud kasutamise uurimine j\u00e4tkub ning kliinilised uuringud uurivad nende t\u00f5husust ja ohutust. M\u00f5ned uuringud n\u00e4itavad, et Levitra Generic v\u00f5ib leevendada SSRI-de seksuaalseid k\u00f5rvalm\u00f5jusid, parandades seel\u00e4bi patsientide rahulolu ja antidepressantravi j\u00e4rgimist. Kuid t\u00f5endid ei ole veel l\u00f5plikud, kuna uuringu \u00fclesehituse ja patsientide populatsiooni erinevused m\u00f5jutavad tulemusi.<\/p>\n<p>Selle kombineeritud ravi standardsete juhiste kehtestamiseks on vaja t\u00e4iendavaid uuringuid. Juhuslikud kontrollitud uuringud suurema valimi ja mitmekesise demograafilise esindatusega on \u00fcliolulised, et m\u00f5ista nende ravimite samaaegse kasutamisega seotud eeliseid ja riske.<\/p>\n<h2>Kuidas Levitra Genericut ohutult kasutada koos SSRI-dega<\/h2>\n<p>Neile, kes kaaluvad Levitra Genericu kasutamist koos SSRI-dega, peaks ohutus olema esmat\u00e4htis. Oluline on konsulteerida tervishoiuteenuse osutajaga, kes saab kohandada raviplaani vastavalt inimese terviseprofiilile. See h\u00f5lmab haigusloo, praeguste ravimite ja v\u00f5imalike vastun\u00e4idustuste p\u00f5hjalikku l\u00e4bivaatamist.<\/p>\n<p>Regulaarne j\u00e4lgimine on samuti kriitiline, kuna see v\u00f5imaldab vajadusel annust v\u00f5i ravimeid kohandada. Patsiente tuleb julgustada teavitama viivitamatult k\u00f5igist ebatavalistest s\u00fcmptomitest v\u00f5i k\u00f5rvaltoimetest. Etten\u00e4htud annuste ja ajastuse j\u00e4rgimine on nende ravimite kooskasutamise riskide minimeerimise ja terapeutilise kasu maksimeerimise v\u00f5ti.<\/p>\n<h2>Arsti n\u00f5uanded Levitra geneeriliste ja SSRI-de kombineerimise kohta<\/h2>\n<p>Arstid soovitavad Levitra Genericu kombineerimisel SSRI-dega tavaliselt olla ettevaatlik. Patsientide \u00fcksikasjalikel hinnangutel p\u00f5hinevad individuaalsed raviplaanid v\u00f5ivad aidata v\u00f5imalikke riske maandada. Arstid v\u00f5ivad alustada Levitra Genericu v\u00e4iksemate annustega ja j\u00e4lgida hoolikalt patsiendi ravivastust enne vajalike muudatuste tegemist.<\/p>\n<p>Lisaks julgustatakse avatud suhtlemist patsiendi ja arsti vahel, et k\u00e4sitleda muresid ja ootusi. V\u00f5imalike k\u00f5rvaltoimete m\u00f5istmine ja selge tegevuskava v\u00f5ib anda patsientidele v\u00f5imaluse oma ravi ennetavalt ja t\u00f5husalt juhtida.<\/p>\n<h2>Erektsioonih\u00e4irete alternatiivsed ravimeetodid SSRI-dega<\/h2>\n<p>Patsientidele, kes ei pruugi Levitra Genericut taluda v\u00f5i kui see on vastun\u00e4idustatud, on saadaval alternatiivsed ravimeetodid. Nende hulka kuuluvad teised PDE5 inhibiitorid, nagu sildenafiil (Viagra) v\u00f5i tadalafiil (Cialis), mis v\u00f5ivad pakkuda erinevat efektiivsust ja k\u00f5rvaltoimete profiile. T\u00f5husad v\u00f5ivad olla ka mittefarmakoloogilised v\u00f5imalused, nagu elustiili muutmine, ps\u00fchhoteraapia ja vaakum-erektsiooniseadmed.<\/p>\n<p>Lisaks v\u00f5ib m\u00f5nel patsiendil olla kasulik \u00fcleminek antidepressandile, mille seksuaalsete k\u00f5rvaltoimete esinemissagedus on v\u00e4iksem, nagu bupropioon. Nende alternatiivide uurimine koos tervishoiuteenuse osutajaga v\u00f5ib aidata v\u00e4lja selgitada iga patsiendi jaoks sobivaima ravistrateegia.<\/p>\n<h2>SSRI-de m\u00f5ju seksuaaltervisele<\/h2>\n<p>SSRI-d, kuigi t\u00f5husad depressiooni ohjamisel, v\u00f5ivad avaldada s\u00fcgavat m\u00f5ju seksuaaltervisele. Seksuaalne d\u00fcsfunktsioon on \u00fcks k\u00f5ige sagedamini teatatud k\u00f5rvaltoimeid, mis m\u00f5jutab kuni 70% SSRI-sid kasutavatest patsientidest. See v\u00f5ib v\u00e4ljenduda libiido languse, erutuse v\u00e4henemise v\u00f5i orgasmi saavutamise raskusena, mis v\u00f5ib oluliselt m\u00f5jutada elukvaliteeti ja suhtega rahulolu.<\/p>\n<p>Nende k\u00f5rvalm\u00f5judega tegelemine n\u00f5uab delikaatset tasakaalu vaimse tervise juhtimise ja seksuaalse heaolu s\u00e4ilitamise vahel. Kasutades selliseid ravimeid nagu Levitra Generic v\u00f5i kaaludes alternatiivseid ravimeetodeid, saavad patsiendid ja tervishoiuteenuse osutajad teha koost\u00f6\u00f6d, et leevendada neid m\u00f5jusid ning toetada \u00fcldist tervist ja \u00f5nne.<\/p>\n<h2>Patsiendi kogemused: Levitra geneerilised ravimid ja SSRI-d<\/h2>\n<p>Patsientide kogemused Levitra Genericu ja SSRI-de kombinatsiooniga on v\u00e4ga erinevad. M\u00f5ned teatavad seksuaalfunktsiooni m\u00e4rkimisv\u00e4\u00e4rsest paranemisest, mis parandab nende j\u00e4rgimist antidepressantide raviskeemist ja \u00fcldist elukvaliteeti. Teised aga v\u00f5ivad kogeda k\u00f5rvaltoimeid v\u00f5i leida kombinatsiooni oodatust v\u00e4hem t\u00f5husaks.<\/p>\n<p>Kogemuste jagamine v\u00f5ib olla patsientidele kasulik, pakkudes \u00fclevaadet v\u00f5imalikest tulemustest ja edendades kogukonnatunnet. On oluline, et patsiendid r\u00e4\u00e4giksid oma tervishoiuteenuse osutajatega avatult oma kogemustest, et kohandada oma raviplaane t\u00f5husalt.<\/p>\n<h2>Annustamiskaalutlused Levitra Genericu koos SSRI-dega<\/h2>\n<p>Levitra Genericu sobiva annuse m\u00e4\u00e4ramine, kui seda kasutatakse koos SSRI-dega, on oluline soovitud tulemuste saavutamiseks, minimeerides samal ajal k\u00f5rvaltoimeid. V\u00e4ikseima efektiivse annusega alustamine on levinud strateegia, mis v\u00f5imaldab patsiendi reaktsioonist ja taluvusest l\u00e4htuvalt j\u00e4rk-j\u00e4rgult kohandada.<\/p>\n<p>Regulaarsed konsultatsioonid ja j\u00e4relkontrollid tervishoiuteenuse osutajatega tagavad, et annustamistasemed j\u00e4\u00e4vad sobivaks ja ohutuks. Patsiente tuleb teavitada etten\u00e4htud annustest kinnipidamise t\u00e4htsusest ja riskidest, mis on seotud raviskeemi ise kohandamisega.<\/p>\n<h2>Selle kombinatsiooni levinumate k\u00f5rvalm\u00f5jude juhtimine<\/h2>\n<p>Levitra Genericu ja SSRI-de kombinatsiooni k\u00f5rvaltoimete juhtimine h\u00f5lmab ennetavat l\u00e4henemist. Patsiendid peaksid olema teadlikud sagedastest k\u00f5rvaltoimetest, nagu peavalud, pearinglus v\u00f5i iiveldus, ning neil peavad olema strateegiad nende k\u00f5rvaldamiseks. H\u00fcdratsiooni s\u00e4ilitamine, alkoholi v\u00e4ltimine ja tasakaalustatud toitumine v\u00f5ivad aidata m\u00f5nda neist probleemidest leevendada.<\/p>\n<p>Tervishoiuteenuse osutajad v\u00f5ivad soovitada ka nende ravimite tarbimise ajastamist, et minimeerida k\u00f5rvaltoimeid, n\u00e4iteks v\u00f5tta neid erinevatel kellaaegadel. Tehes tihedat koost\u00f6\u00f6d oma tervishoiumeeskonnaga, saavad patsiendid t\u00f5husalt hallata k\u00f5rvaltoimeid ja parandada oma ravikogemust.<\/p>\n<h2>Tulevased uuringud Levitra geneeriliste ja SSRI-de koostoime kohta<\/h2>\n<p>Tulevased uuringud Levitra Genericu ja SSRI-de koostoime kohta on olulised, et s\u00fcvendada meie arusaamist nende koosm\u00f5just. Uuringud, mis keskenduvad pikaajalistele tulemustele, erinevatele patsientide populatsioonidele ja nende koostoime aluseks olevatele mehhanismidele, annavad v\u00e4\u00e4rtuslikku teavet.<\/p>\n<p>Oma rolli v\u00f5ivad m\u00e4ngida ka edusammud farmakogenoomikas, pakkudes individuaalseid ravimeetodeid, mis p\u00f5hinevad geneetilistel profiilidel. Teadust\u00f6\u00f6 edenedes loodetakse, et uued leiud viivad t\u00e4iustatud juhiste ja raviprotokollide v\u00e4ljat\u00f6\u00f6tamiseni, mis on l\u00f5ppkokkuv\u00f5ttes kasulik nii erektsioonih\u00e4irete kui ka depressiooniga patsientidele.<\/p>\n","protected":false},"excerpt":{"rendered":"<p>Levitra geneerilised ravimid ja SSRI-d: kas saate seda kasutada? V\u00f5imalike eeliste, riskide ja kaalutluste uurimine Levitra Genericu kasutamisest koos SSRI-dega erektsioonih\u00e4irete ja depressiooni raviks. Levitra Generic&rsquo;i m\u00f5istmine: \u00fclevaade Levitra Generic, teaduslikult tuntud kui vardenafiil, on ravim, mida kasutatakse peamiselt erektsioonih\u00e4irete (ED) raviks. See kuulub ravimite klassi, mida nimetatakse 5. t\u00fc\u00fcpi fosfodiesteraasi (PDE5) inhibiitoriteks, mis suurendavad [&hellip;]<\/p>\n","protected":false},"author":1,"featured_media":0,"parent":0,"menu_order":0,"comment_status":"closed","ping_status":"closed","template":"","meta":{"footnotes":""},"class_list":["post-21213","page","type-page","status-publish","hentry"],"_links":{"self":[{"href":"https:\/\/mahous.com\/index.php\/wp-json\/wp\/v2\/pages\/21213","targetHints":{"allow":["GET"]}}],"collection":[{"href":"https:\/\/mahous.com\/index.php\/wp-json\/wp\/v2\/pages"}],"about":[{"href":"https:\/\/mahous.com\/index.php\/wp-json\/wp\/v2\/types\/page"}],"author":[{"embeddable":true,"href":"https:\/\/mahous.com\/index.php\/wp-json\/wp\/v2\/users\/1"}],"replies":[{"embeddable":true,"href":"https:\/\/mahous.com\/index.php\/wp-json\/wp\/v2\/comments?post=21213"}],"version-history":[{"count":1,"href":"https:\/\/mahous.com\/index.php\/wp-json\/wp\/v2\/pages\/21213\/revisions"}],"predecessor-version":[{"id":21214,"href":"https:\/\/mahous.com\/index.php\/wp-json\/wp\/v2\/pages\/21213\/revisions\/21214"}],"wp:attachment":[{"href":"https:\/\/mahous.com\/index.php\/wp-json\/wp\/v2\/media?parent=21213"}],"curies":[{"name":"wp","href":"https:\/\/api.w.org\/{rel}","templated":true}]}}